{"id":108,"date":"2022-01-03T22:08:01","date_gmt":"2022-01-03T22:08:01","guid":{"rendered":"http:\/\/wien-cz-sk.at\/?page_id=108"},"modified":"2022-04-07T09:24:02","modified_gmt":"2022-04-07T09:24:02","slug":"ekumenicka-bohosluzba-v-katedrale-svateho-stepana-ve-vidni","status":"publish","type":"page","link":"http:\/\/wien-cz-sk.at\/de\/ekumenicka-bohosluzba-v-katedrale-svateho-stepana-ve-vidni","title":{"rendered":"\u00d6kumenischer Gottesdienst im Stephansdom"},"content":{"rendered":"<p>[et_pb_section fb_built=&#8220;1&#8243; _builder_version=&#8220;4.9.3&#8243; _module_preset=&#8220;default&#8220; background_image=&#8220;http:\/\/wien-cz-sk.at\/wp-content\/uploads\/2022\/01\/background.png&#8220; custom_padding=&#8220;||0px|||&#8220;][et_pb_row _builder_version=&#8220;4.9.3&#8243; _module_preset=&#8220;default&#8220; custom_padding=&#8220;0px|||||&#8220;][et_pb_column type=&#8220;4_4&#8243; _builder_version=&#8220;4.9.3&#8243; _module_preset=&#8220;default&#8220;][et_pb_text _builder_version=&#8220;4.9.3&#8243; _module_preset=&#8220;default&#8220; background_layout=&#8220;dark&#8220;]<\/p>\n<h1 style=\"text-align: center;\"><strong>\u00d6KUMENISCHER GOTTESDIENST IM WIENER STEPHANSDOM<\/strong><\/h1>\n<p>[\/et_pb_text][\/et_pb_column][\/et_pb_row][et_pb_row _builder_version=&#8220;4.9.3&#8243; _module_preset=&#8220;default&#8220;][et_pb_column type=&#8220;4_4&#8243; _builder_version=&#8220;4.9.3&#8243; _module_preset=&#8220;default&#8220;][et_pb_text _builder_version=&#8220;4.9.3&#8243; _module_preset=&#8220;default&#8220; background_layout=&#8220;dark&#8220;]<\/p>\n<h3 style=\"text-align: center;\"><strong>10. M\u00e4rz 2022<\/strong><\/h3>\n<p>[\/et_pb_text][\/et_pb_column][\/et_pb_row][\/et_pb_section][et_pb_section fb_built=&#8220;1&#8243; _builder_version=&#8220;4.9.3&#8243; _module_preset=&#8220;default&#8220; custom_padding=&#8220;25px|||||&#8220;][et_pb_row _builder_version=&#8220;4.9.3&#8243; _module_preset=&#8220;default&#8220; custom_padding=&#8220;0px|||||&#8220;][et_pb_column type=&#8220;4_4&#8243; _builder_version=&#8220;4.9.3&#8243; _module_preset=&#8220;default&#8220;][et_pb_text _builder_version=&#8220;4.9.3&#8243; _module_preset=&#8220;default&#8220;]<\/p>\n<h3 style=\"text-align: center;\"><strong>Ehrenschutz<\/strong><\/h3>\n<h5 style=\"text-align: center;\">Dr. Michael Ludwig, B\u00fcrgermeister und Landeshauptmann der Stadt Wien<\/h5>\n<p>[\/et_pb_text][\/et_pb_column][\/et_pb_row][et_pb_row column_structure=&#8220;1_3,2_3&#8243; _builder_version=&#8220;4.9.3&#8243; _module_preset=&#8220;default&#8220; width=&#8220;78.9%&#8220; min_height=&#8220;1435px&#8220; custom_margin=&#8220;-24px|auto||auto||&#8220;][et_pb_column type=&#8220;1_3&#8243; _builder_version=&#8220;4.9.3&#8243; _module_preset=&#8220;default&#8220;][et_pb_text _builder_version=&#8220;4.9.3&#8243; _module_preset=&#8220;default&#8220;]<\/p>\n<h3 id=\"wnd_TextBlock_483074_inner_0\" class=\"wnd-align-right\" data-wnd_is_separable=\"1\" data-wnd_separable_index=\"0\" data-wnd_separable_id=\"wnd_TextBlock_483074\"><strong>ORT<\/strong><\/h3>\n<div class=\"wnd-align-right\">Stephansdom<\/div>\n<div class=\"wnd-align-right\">Stephansplatz 3<\/div>\n<div class=\"wnd-align-right\">1010 Wien<\/div>\n<h3 id=\"wnd_TextBlock_483074_inner_2\" class=\"wnd-align-right\" data-wnd_is_separable=\"1\" data-wnd_separable_index=\"2\" data-wnd_separable_id=\"wnd_TextBlock_483074\"><span class=\"wnd-font-size-70\"><strong>DATUM<\/strong><\/span><\/h3>\n<p id=\"wnd_TextBlock_483074_inner_3\" class=\"wnd-align-right\" data-wnd_is_separable=\"1\" data-wnd_separable_index=\"3\" data-wnd_separable_id=\"wnd_TextBlock_483074\">10. 3. 2022<\/p>\n<h3 id=\"wnd_TextBlock_483074_inner_4\" class=\"wnd-align-right\" data-wnd_is_separable=\"1\" data-wnd_separable_index=\"4\" data-wnd_separable_id=\"wnd_TextBlock_483074\"><strong>BEGINN GOTTESDIENST<\/strong><\/h3>\n<p id=\"wnd_TextBlock_483074_inner_5\" class=\"wnd-align-right\" data-wnd_is_separable=\"1\" data-wnd_separable_index=\"5\" data-wnd_separable_id=\"wnd_TextBlock_483074\">10:00<\/p>\n<h3 id=\"wnd_TextBlock_483074_inner_6\" class=\"wnd-align-right\" data-wnd_is_separable=\"1\" data-wnd_separable_index=\"6\" data-wnd_separable_id=\"wnd_TextBlock_483074\"><span class=\"wnd-font-size-70\"><strong>DOM GE\u00d6FFNET<\/strong><\/span><\/h3>\n<p id=\"wnd_TextBlock_483074_inner_7\" class=\"wnd-align-right\" data-wnd_is_separable=\"1\" data-wnd_separable_index=\"7\" data-wnd_separable_id=\"wnd_TextBlock_483074\">8:40<\/p>\n<h3 class=\"wnd-align-right\" data-wnd_is_separable=\"1\" data-wnd_separable_index=\"11\" data-wnd_separable_id=\"wnd_TextBlock_483074\"><strong>PARTNER<\/strong><\/h3>\n<p><strong><img decoding=\"async\" loading=\"lazy\" class=\"wp-image-13 alignnone size-medium\" src=\"http:\/\/wien-cz-sk.at\/wp-content\/uploads\/2022\/01\/cropped-logo_150let_nove2022-300x137.png\" alt=\"\" width=\"241\" height=\"110\" srcset=\"https:\/\/wien-cz-sk.at\/wp-content\/uploads\/2022\/01\/cropped-logo_150let_nove2022-300x137.png 300w, https:\/\/wien-cz-sk.at\/wp-content\/uploads\/2022\/01\/cropped-logo_150let_nove2022-517x235.png 517w, https:\/\/wien-cz-sk.at\/wp-content\/uploads\/2022\/01\/cropped-logo_150let_nove2022.png 671w\" sizes=\"(max-width: 241px) 100vw, 241px\" \/><\/strong>[\/et_pb_text][et_pb_button button_url=&#8220;http:\/\/wien-cz-sk.at\/kontakt&#8220; button_text=&#8220;M\u00e1m z\u00e1jem&#8220; button_alignment=&#8220;left&#8220; _builder_version=&#8220;4.9.3&#8243; _module_preset=&#8220;default&#8220;][\/et_pb_button][et_pb_text _builder_version=&#8220;4.9.3&#8243; _module_preset=&#8220;default&#8220; custom_margin=&#8220;||17px|||&#8220;]<\/p>\n<h3><strong>LIEDER<\/strong><\/h3>\n<p>[\/et_pb_text][et_pb_audio audio=&#8220;http:\/\/wien-cz-sk.at\/wp-content\/uploads\/2022\/02\/Laudate-omnes-gentes.mp3&#8243; title=&#8220;Laudate omnes gentes&#8220; _builder_version=&#8220;4.9.3&#8243; _module_preset=&#8220;default&#8220;][\/et_pb_audio][et_pb_audio audio=&#8220;http:\/\/wien-cz-sk.at\/wp-content\/uploads\/2022\/02\/Ubi-caritas.mp3&#8243; title=&#8220;Ubi caritas&#8220; _builder_version=&#8220;4.9.3&#8243; _module_preset=&#8220;default&#8220;][\/et_pb_audio][et_pb_text _builder_version=&#8220;4.9.3&#8243; _module_preset=&#8220;default&#8220;]<\/p>\n<h3><strong>WIR BEREITEN UNS VOR:<\/strong><\/h3>\n<p>[\/et_pb_text][et_pb_video src=&#8220;https:\/\/youtu.be\/hpE2kE59FsY&#8220; _builder_version=&#8220;4.9.3&#8243; _module_preset=&#8220;default&#8220;][\/et_pb_video][et_pb_video src=&#8220;https:\/\/youtu.be\/6FmwR7i89I4&#8243; _builder_version=&#8220;4.9.3&#8243; _module_preset=&#8220;default&#8220;][\/et_pb_video][\/et_pb_column][et_pb_column type=&#8220;2_3&#8243; _builder_version=&#8220;4.9.3&#8243; _module_preset=&#8220;default&#8220;][et_pb_video src=&#8220;https:\/\/youtu.be\/sbgI0tXpxks&#8220; _builder_version=&#8220;4.9.3&#8243; _module_preset=&#8220;default&#8220; title_text=&#8220;R57_2950&#8243; image_src=&#8220;https:\/\/wien-cz-sk.at\/wp-content\/uploads\/2022\/03\/R57_2950-scaled.jpg&#8220; hover_enabled=&#8220;0&#8243; sticky_enabled=&#8220;0&#8243;][\/et_pb_video][et_pb_text _builder_version=&#8220;4.9.3&#8243; _module_preset=&#8220;default&#8220; custom_margin=&#8220;-4px|||||&#8220;]<\/p>\n<p><strong>INFORMATIONEN<\/strong><\/p>\n<p><strong>Stephansdom voller junger Menschen in einem dreisprachigen Gottesdienst<\/strong><\/p>\n<p>Die Wiener Tschechen und Slowaken er\u00f6ffneten ihr Jubil\u00e4umsjahr 2022 mit einem Gottesdienst im Wiener Stephansdom. Mehr als 700 G\u00e4ste nahmen an dem Gottesdienst teil <strong>.<\/strong>.<\/p>\n<p>Am Donnerstag den 10. M\u00e4rz um 10 Uhr l\u00e4uteten die Glocken vom Stephansdom einen feierlichen \u00f6kumenischen Gottesdienst ein: Die Wiener TschechInnen und SlowakInnen sind zusammengekommen, um auf besinnliche Art ihr Jubil\u00e4umsjahr zu er\u00f6ffnen. Um 10 Uhr wurde es still und der Einzug war beeindruckend: Durch ein Spalier von Kindern in Trachten zwischen voll besetzten Kirchenb\u00e4nken schritten zun\u00e4chst Fahnentr\u00e4ger mit gestickten historischen Fahnen, bevor f\u00fcnf Geistliche den Altarraum betraten. Das Schulorchester und der Schulchor setzten ein und erreichten die volle Kirche bis zu den letzten Pl\u00e4tzen. Generalvikar Krasa begr\u00fc\u00dfte im Namen von Kardinal Sch\u00f6nborn die versammelte Gemeinde mit einer Ansprache auf Tschechisch, verwies auf seine famili\u00e4ren Wurzeln in der damaligen Tschechoslowakei und dr\u00fcckte seine Freude aus, dass die Wiener Tschechen und Slowaken im Stephansdom zusammenkommen. W\u00e4hrend Laudato sii gesungen wurde, brachten die Kinder Blumen zum Altar, die fortan als gelbbunter Blumenstrau\u00df vor dem Ambo strahlten. Sch\u00fclerinnen und Sch\u00fcler der Komensky-Schulen lasen Zitate von Johann Amos Comenius vor. Die auf Tschechisch, Slowakisch und Deutsch vorgetragenen Gedanken des \u201eLehrers der Menschheit\u201c und des Namensgebers der tschechischen Schulen in Wien sind, wie wir geh\u00f6rt haben, ungebrochen aktuell. Die Schulen waren auch optisch mit einem gro\u00dfen Plakat vertreten, das vom Weiten an ein fr\u00f6hliches Mandala erinnerte, in Wirklichkeit aus unz\u00e4hligen Zeichnungen und Malereien der Sch\u00fclerInnen bestand. Der Psalm und die Lesung wurden dreisprachig von Religionslehrerinnen vorgelesen, mit jeweils einer kr\u00e4ftigen Antwort der versammelten Gemeinde in Form eines Taiz\u00e9-Liedes. Bei der Predigt, die viele als ein Gespr\u00e4ch wahrgenommen haben, setzten Pfarrerin Anna Kampl und Generalvikar Krasa abwechselnd \u00fcberdimensionale bunte Brillen auf und tauschten sich aus, was sie wohl sehen. Es war immer nur eine verk\u00fcrzte, einseitige Sicht, und sie erg\u00e4nzten einander in ihren Wahrnehmungen, um schlie\u00dflich \u00fcbereinzukommen, dass sie nicht gotische Pfeiler und maskenbedeckte Gesichter, sondern Menschen mit all ihren Hoffnungen, Sorgen und N\u00f6ten vor sich sehen. Ein getragener musikalischer Schlusspunkt war ein Auszug aus der Truversk\u00e1-Messe des tschechischen Kirchenkomponisten Petr Eben, gesungen vom Chor Lum\u00edr. Die F\u00fcrbitten wurden von Sch\u00fclerInnen auf Tschechisch, Deutsch und Slowakisch vorgetragen, gefolgt vom Vaterunser auf Tschechisch von Pater V\u00e1clav Sl\u00e1dek, tschechischem Seelsorger in Wien. Die \u00f6kumenische Botschaft verk\u00fcndeten Weihbischof Franz Scharl und Superintendent Matthias Geist. Der Obmann des Schulvereins Komensk\u00fd Karl Hanzl dankte zun\u00e4chst auf Tschechisch, dann auf Deutsch, in beiden Sprachen mit tief bewegter Stimme, und \u00fcberreichte Dankurkunden. Die verdienteste erhielt Erwin Boff, der als erzbisch\u00f6flicher Zeremoni\u00e4r \u201euns, einen Haufen Laien\u201c, wie Karl Hanzl es ausdr\u00fcckte, sicher und unauff\u00e4llig in die richtigen Bahnen lenkte. Nur selten wird im Stephansdom so oft applaudiert, wie es bei dem dreisprachigen \u00f6kumenischen Gottesdienst der Wiener Tschechen und Slowaken der Fall war. Der Applaus kam vom Herzen.<\/p>\n<p><span style=\"text-decoration: underline;\"><strong><a href=\"http:\/\/wien-cz-sk.at\/wp-content\/uploads\/2022\/02\/Program-s-pisnemi.pdf\" rel=\"attachment wp-att-475\">Programm mit Liedern und Noten zum Herunterladen HIER<\/a>\u00a0<\/strong><\/span><\/p>\n<p>[\/et_pb_text][\/et_pb_column][\/et_pb_row][et_pb_row _builder_version=&#8220;4.9.3&#8243; _module_preset=&#8220;default&#8220; min_height=&#8220;54px&#8220;][et_pb_column type=&#8220;4_4&#8243; _builder_version=&#8220;4.9.3&#8243; _module_preset=&#8220;default&#8220;][et_pb_text _builder_version=&#8220;4.9.3&#8243; _module_preset=&#8220;default&#8220; min_height=&#8220;14px&#8220;]<\/p>\n<h3><strong>FOTOGALERIE<\/strong><\/h3>\n<p>[\/et_pb_text][\/et_pb_column][\/et_pb_row][et_pb_row _builder_version=&#8220;4.9.3&#8243; _module_preset=&#8220;default&#8220;][et_pb_column type=&#8220;4_4&#8243; _builder_version=&#8220;4.9.3&#8243; _module_preset=&#8220;default&#8220;][et_pb_gallery gallery_ids=&#8220;579,580,581,582,583,584,585,586,587,588,589,590,591,592,593,594,595,596,597,598,599,600,601,602,603,604,605,606,607,608,609,610,611,612,613,614,615,616,617,618,619,620,621,622,623,624,625,626,627,628,629,630,631,632,633,634,635,636,637,638,639,640,641,642,643,644,645,646,647,648,649,650&#8243; posts_number=&#8220;8&#8243; show_title_and_caption=&#8220;off&#8220; _builder_version=&#8220;4.9.3&#8243; _module_preset=&#8220;default&#8220;][\/et_pb_gallery][\/et_pb_column][\/et_pb_row][\/et_pb_section]<\/p>","protected":false},"excerpt":{"rendered":"<p>[et_pb_section fb_built=&#8220;1&#8243; _builder_version=&#8220;4.9.3&#8243; _module_preset=&#8220;default&#8220; background_image=&#8220;http:\/\/wien-cz-sk.at\/wp-content\/uploads\/2022\/01\/background.png&#8220; custom_padding=&#8220;||0px|||&#8220;][et_pb_row _builder_version=&#8220;4.9.3&#8243; _module_preset=&#8220;default&#8220; custom_padding=&#8220;0px|||||&#8220;][et_pb_column type=&#8220;4_4&#8243; _builder_version=&#8220;4.9.3&#8243; _module_preset=&#8220;default&#8220;][et_pb_text _builder_version=&#8220;4.9.3&#8243; _module_preset=&#8220;default&#8220; background_layout=&#8220;dark&#8220;] EKUMENICK\u00c1 BOHOSLU\u017dBA V KATEDR\u00c1LE SV. \u0160T\u011aP\u00c1NA VE V\u00cdDNI [\/et_pb_text][\/et_pb_column][\/et_pb_row][et_pb_row _builder_version=&#8220;4.9.3&#8243; _module_preset=&#8220;default&#8220;][et_pb_column type=&#8220;4_4&#8243; _builder_version=&#8220;4.9.3&#8243; _module_preset=&#8220;default&#8220;][et_pb_text _builder_version=&#8220;4.9.3&#8243; [&hellip;]<\/p>","protected":false},"author":1,"featured_media":0,"parent":0,"menu_order":0,"comment_status":"closed","ping_status":"closed","template":"","meta":{"_et_pb_use_builder":"on","_et_pb_old_content":"","_et_gb_content_width":"","om_disable_all_campaigns":false,"_mi_skip_tracking":false},"aioseo_notices":[],"_links":{"self":[{"href":"http:\/\/wien-cz-sk.at\/de\/wp-json\/wp\/v2\/pages\/108"}],"collection":[{"href":"http:\/\/wien-cz-sk.at\/de\/wp-json\/wp\/v2\/pages"}],"about":[{"href":"http:\/\/wien-cz-sk.at\/de\/wp-json\/wp\/v2\/types\/page"}],"author":[{"embeddable":true,"href":"http:\/\/wien-cz-sk.at\/de\/wp-json\/wp\/v2\/users\/1"}],"replies":[{"embeddable":true,"href":"http:\/\/wien-cz-sk.at\/de\/wp-json\/wp\/v2\/comments?post=108"}],"version-history":[{"count":22,"href":"http:\/\/wien-cz-sk.at\/de\/wp-json\/wp\/v2\/pages\/108\/revisions"}],"predecessor-version":[{"id":746,"href":"http:\/\/wien-cz-sk.at\/de\/wp-json\/wp\/v2\/pages\/108\/revisions\/746"}],"wp:attachment":[{"href":"http:\/\/wien-cz-sk.at\/de\/wp-json\/wp\/v2\/media?parent=108"}],"curies":[{"name":"wp","href":"https:\/\/api.w.org\/{rel}","templated":true}]}}