{"id":25,"date":"2022-01-01T19:51:54","date_gmt":"2022-01-01T19:51:54","guid":{"rendered":"http:\/\/wien-cz-sk.at\/?page_id=25"},"modified":"2022-12-29T21:33:09","modified_gmt":"2022-12-29T21:33:09","slug":"videa_foto","status":"publish","type":"page","link":"http:\/\/wien-cz-sk.at\/de\/videa_foto","title":{"rendered":"MEDIA"},"content":{"rendered":"<p>[et_pb_section fb_built=&#8220;1&#8243; _builder_version=&#8220;4.9.3&#8243; _module_preset=&#8220;default&#8220; background_image=&#8220;http:\/\/wien-cz-sk.at\/wp-content\/uploads\/2022\/01\/background.png&#8220;][et_pb_row _builder_version=&#8220;4.9.3&#8243; _module_preset=&#8220;default&#8220;][et_pb_column type=&#8220;4_4&#8243; _builder_version=&#8220;4.9.3&#8243; _module_preset=&#8220;default&#8220;][et_pb_text _builder_version=&#8220;4.9.3&#8243; _module_preset=&#8220;default&#8220; background_layout=&#8220;dark&#8220;]<\/p>\n<h1 style=\"text-align: center;\"><strong>GALERIE<\/strong><\/h1>\n<p>[\/et_pb_text][\/et_pb_column][\/et_pb_row][\/et_pb_section][et_pb_section fb_built=&#8220;1&#8243; _builder_version=&#8220;4.9.3&#8243; _module_preset=&#8220;default&#8220;][et_pb_row column_structure=&#8220;1_4,1_4,1_4,1_4&#8243; _builder_version=&#8220;4.9.3&#8243; _module_preset=&#8220;default&#8220; custom_margin=&#8220;-19px|auto||auto||&#8220; custom_padding=&#8220;4px|||||&#8220;][et_pb_column type=&#8220;1_4&#8243; _builder_version=&#8220;4.9.3&#8243; _module_preset=&#8220;default&#8220;][\/et_pb_column][et_pb_column type=&#8220;1_4&#8243; _builder_version=&#8220;4.9.3&#8243; _module_preset=&#8220;default&#8220;][et_pb_image src=&#8220;https:\/\/wien-cz-sk.at\/wp-content\/uploads\/2022\/06\/743C4289-FA28-4D02-B401-BB126B7FF195.jpeg&#8220; title_text=&#8220;743C4289-FA28-4D02-B401-BB126B7FF195&#8243; url=&#8220;https:\/\/wien-cz-sk.at\/vystava-wenzel-a-jeho-noviny&#8220; _builder_version=&#8220;4.9.3&#8243; _module_preset=&#8220;default&#8220; box_shadow_style=&#8220;preset4&#8243; box_shadow_horizontal=&#8220;8px&#8220; box_shadow_vertical=&#8220;8px&#8220;][\/et_pb_image][\/et_pb_column][et_pb_column type=&#8220;1_4&#8243; _builder_version=&#8220;4.9.3&#8243; _module_preset=&#8220;default&#8220;][et_pb_image src=&#8220;https:\/\/wien-cz-sk.at\/wp-content\/uploads\/2022\/06\/IMG_1111-scaled.jpg&#8220; title_text=&#8220;IMG_1111&#8243; url=&#8220;https:\/\/wien-cz-sk.at\/spolecne-vystoupeni-v-praterbuhne&#8220; _builder_version=&#8220;4.9.3&#8243; _module_preset=&#8220;default&#8220; box_shadow_style=&#8220;preset4&#8243; box_shadow_horizontal=&#8220;8px&#8220; box_shadow_vertical=&#8220;8px&#8220;][\/et_pb_image][\/et_pb_column][et_pb_column type=&#8220;1_4&#8243; _builder_version=&#8220;4.9.3&#8243; _module_preset=&#8220;default&#8220;][et_pb_image src=&#8220;https:\/\/wien-cz-sk.at\/wp-content\/uploads\/2022\/05\/R57_5206.jpg&#8220; title_text=&#8220;R57_5206&#8243; url=&#8220;https:\/\/wien-cz-sk.at\/slavnostni-obed-na-videnske-radnici-2&#8243; _builder_version=&#8220;4.9.3&#8243; _module_preset=&#8220;default&#8220; box_shadow_style=&#8220;preset4&#8243; box_shadow_horizontal=&#8220;8px&#8220; box_shadow_vertical=&#8220;8px&#8220;][\/et_pb_image][\/et_pb_column][\/et_pb_row][et_pb_row column_structure=&#8220;1_4,1_4,1_4,1_4&#8243; _builder_version=&#8220;4.9.3&#8243; _module_preset=&#8220;default&#8220; min_height=&#8220;111.4px&#8220; custom_margin=&#8220;-26px|auto||auto||&#8220; custom_padding=&#8220;16px||2px|||&#8220;][et_pb_column type=&#8220;1_4&#8243; _builder_version=&#8220;4.9.3&#8243; _module_preset=&#8220;default&#8220;][\/et_pb_column][et_pb_column type=&#8220;1_4&#8243; _builder_version=&#8220;4.9.3&#8243; _module_preset=&#8220;default&#8220;][et_pb_text _builder_version=&#8220;4.9.3&#8243; _module_preset=&#8220;default&#8220;]<strong>V\u00fdstava Wenzel a jeho noviny<\/strong><\/p>\n<p><strong>20.06.2022<\/strong>[\/et_pb_text][\/et_pb_column][et_pb_column type=&#8220;1_4&#8243; _builder_version=&#8220;4.9.3&#8243; _module_preset=&#8220;default&#8220;][et_pb_text _builder_version=&#8220;4.9.3&#8243; _module_preset=&#8220;default&#8220;]<strong>Spole\u010dn\u00e9 vystoupen\u00ed od \u0161kolky a\u017e k maturit\u011b Praterb\u00fchne<\/strong><\/p>\n<p><strong>14.06.2022<\/strong>[\/et_pb_text][\/et_pb_column][et_pb_column type=&#8220;1_4&#8243; _builder_version=&#8220;4.9.3&#8243; _module_preset=&#8220;default&#8220;][et_pb_text _builder_version=&#8220;4.9.3&#8243; _module_preset=&#8220;default&#8220;]<strong>Feierliches Mittagessen im Wiener Rathaus<\/strong><\/p>\n<p><strong>23.05.2022<\/strong>[\/et_pb_text][\/et_pb_column][\/et_pb_row][et_pb_row column_structure=&#8220;1_4,1_4,1_4,1_4&#8243; _builder_version=&#8220;4.9.3&#8243; _module_preset=&#8220;default&#8220; custom_margin=&#8220;-19px|auto||auto||&#8220; custom_padding=&#8220;4px|||||&#8220;][et_pb_column type=&#8220;1_4&#8243; _builder_version=&#8220;4.9.3&#8243; _module_preset=&#8220;default&#8220;][et_pb_image src=&#8220;https:\/\/wien-cz-sk.at\/wp-content\/uploads\/2022\/04\/DSC_5181-scaled.jpg&#8220; title_text=&#8220;DSC_5181&#8243; url=&#8220;https:\/\/wien-cz-sk.at\/ekumenicka-bohosluzba-v-katedrale-svateho-vita-v-praze&#8220; _builder_version=&#8220;4.9.3&#8243; _module_preset=&#8220;default&#8220; box_shadow_style=&#8220;preset4&#8243; box_shadow_horizontal=&#8220;8px&#8220; box_shadow_vertical=&#8220;8px&#8220;][\/et_pb_image][\/et_pb_column][et_pb_column type=&#8220;1_4&#8243; _builder_version=&#8220;4.9.3&#8243; _module_preset=&#8220;default&#8220;][et_pb_image src=&#8220;https:\/\/wien-cz-sk.at\/wp-content\/uploads\/2022\/03\/R57_3013-scaled.jpg&#8220; title_text=&#8220;R57_3013&#8243; url=&#8220;https:\/\/wien-cz-sk.at\/ekumenicka-bohosluzba-v-katedrale-svateho-stepana-ve-vidni&#8220; _builder_version=&#8220;4.9.3&#8243; _module_preset=&#8220;default&#8220; box_shadow_style=&#8220;preset4&#8243; box_shadow_horizontal=&#8220;8px&#8220; box_shadow_vertical=&#8220;8px&#8220;][\/et_pb_image][\/et_pb_column][et_pb_column type=&#8220;1_4&#8243; _builder_version=&#8220;4.9.3&#8243; _module_preset=&#8220;default&#8220;][et_pb_image src=&#8220;https:\/\/wien-cz-sk.at\/wp-content\/uploads\/2022\/02\/20220224_123333-scaled.jpg&#8220; title_text=&#8220;20220224_123333&#8243; url=&#8220;https:\/\/wien-cz-sk.at\/final-four-mevza&#8220; _builder_version=&#8220;4.9.3&#8243; _module_preset=&#8220;default&#8220; box_shadow_style=&#8220;preset4&#8243; box_shadow_horizontal=&#8220;8px&#8220; box_shadow_vertical=&#8220;8px&#8220;][\/et_pb_image][\/et_pb_column][et_pb_column type=&#8220;1_4&#8243; _builder_version=&#8220;4.9.3&#8243; _module_preset=&#8220;default&#8220;][et_pb_image src=&#8220;http:\/\/wien-cz-sk.at\/wp-content\/uploads\/2022\/01\/DSC_0001-scaled.jpg&#8220; title_text=&#8220;DSC_0001&#8243; url=&#8220;http:\/\/wien-cz-sk.at\/slavnostni-zahajeni&#8220; _builder_version=&#8220;4.9.3&#8243; _module_preset=&#8220;default&#8220; box_shadow_style=&#8220;preset4&#8243; box_shadow_horizontal=&#8220;8px&#8220; box_shadow_vertical=&#8220;8px&#8220;][\/et_pb_image][\/et_pb_column][\/et_pb_row][et_pb_row column_structure=&#8220;1_4,1_4,1_4,1_4&#8243; _builder_version=&#8220;4.9.3&#8243; _module_preset=&#8220;default&#8220; min_height=&#8220;111.4px&#8220; custom_margin=&#8220;-26px|auto||auto||&#8220; custom_padding=&#8220;16px||2px|||&#8220;][et_pb_column type=&#8220;1_4&#8243; _builder_version=&#8220;4.9.3&#8243; _module_preset=&#8220;default&#8220;][et_pb_text _builder_version=&#8220;4.9.3&#8243; _module_preset=&#8220;default&#8220;]<strong>Ekumenick\u00e1 bohoslu\u017eba v katedr\u00e1le svat\u00e9ho V\u00edta v Praze<\/strong><\/p>\n<p><strong>27.04.2022<\/strong>[\/et_pb_text][\/et_pb_column][et_pb_column type=&#8220;1_4&#8243; _builder_version=&#8220;4.9.3&#8243; _module_preset=&#8220;default&#8220;][et_pb_text _builder_version=&#8220;4.9.3&#8243; _module_preset=&#8220;default&#8220;]<strong>\u00d6kumenischer Gottesdienst im Stephansdom<\/strong><\/p>\n<p><strong>10.03.2022<\/strong>[\/et_pb_text][\/et_pb_column][et_pb_column type=&#8220;1_4&#8243; _builder_version=&#8220;4.9.3&#8243; _module_preset=&#8220;default&#8220;][et_pb_text _builder_version=&#8220;4.9.3&#8243; _module_preset=&#8220;default&#8220;]<strong>Fin\u00e1lov\u00e1 \u010dty\u0159ka st\u0159edoevropsk\u00e9 volejbalov\u00e9 ligy<\/strong><\/p>\n<p><strong>24.02.2022<\/strong>[\/et_pb_text][\/et_pb_column][et_pb_column type=&#8220;1_4&#8243; _builder_version=&#8220;4.9.3&#8243; _module_preset=&#8220;default&#8220;][et_pb_text _builder_version=&#8220;4.9.3&#8243; _module_preset=&#8220;default&#8220;]<strong>Feierliche Er\u00f6ffnung des Jubil\u00e4umsjahres der Wiener Tschechen und Slowaken<\/strong><\/p>\n<p><strong>26.01.2022<\/strong>[\/et_pb_text][\/et_pb_column][\/et_pb_row][et_pb_row _builder_version=&#8220;4.9.3&#8243; _module_preset=&#8220;default&#8220;][et_pb_column type=&#8220;4_4&#8243; _builder_version=&#8220;4.9.3&#8243; _module_preset=&#8220;default&#8220;][et_pb_text _builder_version=&#8220;4.9.3&#8243; _module_preset=&#8220;default&#8220;]<\/p>\n<h3><strong>VIDEOS<\/strong><\/h3>\n<p>[\/et_pb_text][\/et_pb_column][\/et_pb_row][et_pb_row column_structure=&#8220;1_4,1_4,1_4,1_4&#8243; _builder_version=&#8220;4.9.3&#8243; _module_preset=&#8220;default&#8220;][et_pb_column type=&#8220;1_4&#8243; _builder_version=&#8220;4.9.3&#8243; _module_preset=&#8220;default&#8220;][et_pb_video src=&#8220;https:\/\/www.youtube.com\/watch?v=p0rBN2fHGxc&#8220; image_src=&#8220;https:\/\/wien-cz-sk.at\/wp-content\/uploads\/2022\/12\/Komensky-74-scaled.jpg&#8220; _builder_version=&#8220;4.9.3&#8243; _module_preset=&#8220;default&#8220;][\/et_pb_video][\/et_pb_column][et_pb_column type=&#8220;1_4&#8243; _builder_version=&#8220;4.9.3&#8243; _module_preset=&#8220;default&#8220;][\/et_pb_column][et_pb_column type=&#8220;1_4&#8243; _builder_version=&#8220;4.9.3&#8243; _module_preset=&#8220;default&#8220;][\/et_pb_column][et_pb_column type=&#8220;1_4&#8243; _builder_version=&#8220;4.9.3&#8243; _module_preset=&#8220;default&#8220;][\/et_pb_column][\/et_pb_row][et_pb_row column_structure=&#8220;1_4,1_4,1_4,1_4&#8243; _builder_version=&#8220;4.9.3&#8243; _module_preset=&#8220;default&#8220; min_height=&#8220;187.2px&#8220;][et_pb_column type=&#8220;1_4&#8243; _builder_version=&#8220;4.9.3&#8243; _module_preset=&#8220;default&#8220;][et_pb_text _builder_version=&#8220;4.9.3&#8243; _module_preset=&#8220;default&#8220;]<strong>Feierliche Abschlussveranstaltung und \u00dcberreichung der Medaillen f\u00fcr Verdienste<\/strong><\/p>\n<p><strong>08.11.2022<\/strong>[\/et_pb_text][\/et_pb_column][et_pb_column type=&#8220;1_4&#8243; _builder_version=&#8220;4.9.3&#8243; _module_preset=&#8220;default&#8220;][\/et_pb_column][et_pb_column type=&#8220;1_4&#8243; _builder_version=&#8220;4.9.3&#8243; _module_preset=&#8220;default&#8220;][\/et_pb_column][et_pb_column type=&#8220;1_4&#8243; _builder_version=&#8220;4.9.3&#8243; _module_preset=&#8220;default&#8220;][\/et_pb_column][\/et_pb_row][et_pb_row column_structure=&#8220;1_4,1_4,1_4,1_4&#8243; _builder_version=&#8220;4.9.3&#8243; _module_preset=&#8220;default&#8220;][et_pb_column type=&#8220;1_4&#8243; _builder_version=&#8220;4.9.3&#8243; _module_preset=&#8220;default&#8220;][et_pb_video src=&#8220;https:\/\/www.youtube.com\/watch?v=3QaOdt7zfPw&amp;feature=youtu.be&#8220; image_src=&#8220;https:\/\/wien-cz-sk.at\/wp-content\/uploads\/2022\/09\/E8C02D7A-F3BB-47B7-91AF-6CA5AAFFA9CD-scaled.jpeg&#8220; _builder_version=&#8220;4.9.3&#8243; _module_preset=&#8220;default&#8220; hover_enabled=&#8220;0&#8243; title_text=&#8220;E8C02D7A-F3BB-47B7-91AF-6CA5AAFFA9CD&#8220; sticky_enabled=&#8220;0&#8243;][\/et_pb_video][\/et_pb_column][et_pb_column type=&#8220;1_4&#8243; _builder_version=&#8220;4.9.3&#8243; _module_preset=&#8220;default&#8220;][et_pb_video src=&#8220;https:\/\/www.youtube.com\/watch?v=3QaOdt7zfPw&amp;feature=youtu.be&#8220; image_src=&#8220;https:\/\/wien-cz-sk.at\/wp-content\/uploads\/2022\/06\/743C4289-FA28-4D02-B401-BB126B7FF195.jpeg&#8220; _builder_version=&#8220;4.9.3&#8243; _module_preset=&#8220;default&#8220;][\/et_pb_video][\/et_pb_column][et_pb_column type=&#8220;1_4&#8243; _builder_version=&#8220;4.9.3&#8243; _module_preset=&#8220;default&#8220;][et_pb_video src=&#8220;https:\/\/www.youtube.com\/watch?v=zOb_CfCWCEw&#8220; image_src=&#8220;https:\/\/wien-cz-sk.at\/wp-content\/uploads\/2022\/06\/IMG_1111-scaled.jpg&#8220; _builder_version=&#8220;4.9.3&#8243; _module_preset=&#8220;default&#8220;][\/et_pb_video][\/et_pb_column][et_pb_column type=&#8220;1_4&#8243; _builder_version=&#8220;4.9.3&#8243; _module_preset=&#8220;default&#8220;][et_pb_video src=&#8220;https:\/\/www.youtube.com\/watch?v=dVRXl5VyQGg&#8220; image_src=&#8220;https:\/\/wien-cz-sk.at\/wp-content\/uploads\/2022\/05\/R57_5206.jpg&#8220; _builder_version=&#8220;4.9.3&#8243; _module_preset=&#8220;default&#8220;][\/et_pb_video][\/et_pb_column][\/et_pb_row][et_pb_row column_structure=&#8220;1_4,1_4,1_4,1_4&#8243; _builder_version=&#8220;4.9.3&#8243; _module_preset=&#8220;default&#8220; min_height=&#8220;187.2px&#8220;][et_pb_column type=&#8220;1_4&#8243; _builder_version=&#8220;4.9.3&#8243; _module_preset=&#8220;default&#8220;][et_pb_text _builder_version=&#8220;4.9.3&#8243; _module_preset=&#8220;default&#8220;]<strong>Feier im Schweizerhaus<\/strong><\/p>\n<p><strong>26.09.2022<\/strong>[\/et_pb_text][\/et_pb_column][et_pb_column type=&#8220;1_4&#8243; _builder_version=&#8220;4.9.3&#8243; _module_preset=&#8220;default&#8220;][et_pb_text _builder_version=&#8220;4.9.3&#8243; _module_preset=&#8220;default&#8220;]<strong>V\u00fdstava Wenzel a jeho noviny<\/strong><\/p>\n<p><strong>20.06.2022<\/strong>[\/et_pb_text][\/et_pb_column][et_pb_column type=&#8220;1_4&#8243; _builder_version=&#8220;4.9.3&#8243; _module_preset=&#8220;default&#8220;][et_pb_text _builder_version=&#8220;4.9.3&#8243; _module_preset=&#8220;default&#8220;]<strong>Spole\u010dn\u00e9 vystoupen\u00ed od \u0161kolky a\u017e k maturit\u011b Parterb\u00fchne<\/strong><\/p>\n<p><strong>14.06.2022<\/strong>[\/et_pb_text][\/et_pb_column][et_pb_column type=&#8220;1_4&#8243; _builder_version=&#8220;4.9.3&#8243; _module_preset=&#8220;default&#8220;][et_pb_text _builder_version=&#8220;4.9.3&#8243; _module_preset=&#8220;default&#8220;]<strong>Feierliches Mittagessen im Wiener Rathaus<\/strong><\/p>\n<p><strong>23.05.2022<\/strong>[\/et_pb_text][\/et_pb_column][\/et_pb_row][et_pb_row column_structure=&#8220;1_4,1_4,1_4,1_4&#8243; _builder_version=&#8220;4.9.3&#8243; _module_preset=&#8220;default&#8220;][et_pb_column type=&#8220;1_4&#8243; _builder_version=&#8220;4.9.3&#8243; _module_preset=&#8220;default&#8220;][et_pb_video src=&#8220;https:\/\/www.youtube.com\/watch?v=TF42iIqjjpI&#8220; image_src=&#8220;https:\/\/wien-cz-sk.at\/wp-content\/uploads\/2022\/04\/30355_85c833649b88dd3a258eaba62491b301_big.jpg&#8220; _builder_version=&#8220;4.9.3&#8243; _module_preset=&#8220;default&#8220;][\/et_pb_video][\/et_pb_column][et_pb_column type=&#8220;1_4&#8243; _builder_version=&#8220;4.9.3&#8243; _module_preset=&#8220;default&#8220;][et_pb_video src=&#8220;https:\/\/youtu.be\/sbgI0tXpxks&#8220; image_src=&#8220;https:\/\/wien-cz-sk.at\/wp-content\/uploads\/2022\/03\/R57_2950-scaled.jpg&#8220; _builder_version=&#8220;4.9.3&#8243; _module_preset=&#8220;default&#8220;][\/et_pb_video][\/et_pb_column][et_pb_column type=&#8220;1_4&#8243; _builder_version=&#8220;4.9.3&#8243; _module_preset=&#8220;default&#8220;][et_pb_video src=&#8220;https:\/\/www.youtube.com\/watch?v=O7s0LLFYIfg&#8220; image_src=&#8220;http:\/\/wien-cz-sk.at\/wp-content\/uploads\/2022\/02\/20220224_123333-scaled.jpg&#8220; _builder_version=&#8220;4.9.3&#8243; _module_preset=&#8220;default&#8220;][\/et_pb_video][\/et_pb_column][et_pb_column type=&#8220;1_4&#8243; _builder_version=&#8220;4.9.3&#8243; _module_preset=&#8220;default&#8220;][et_pb_video src=&#8220;https:\/\/www.youtube.com\/watch?v=X6N-tEyvgBU&#8220; image_src=&#8220;http:\/\/wien-cz-sk.at\/wp-content\/uploads\/2022\/02\/projekt_audio.png&#8220; _builder_version=&#8220;4.9.3&#8243; _module_preset=&#8220;default&#8220;][\/et_pb_video][\/et_pb_column][\/et_pb_row][et_pb_row column_structure=&#8220;1_4,1_4,1_4,1_4&#8243; _builder_version=&#8220;4.9.3&#8243; _module_preset=&#8220;default&#8220; min_height=&#8220;187.2px&#8220;][et_pb_column type=&#8220;1_4&#8243; _builder_version=&#8220;4.9.3&#8243; _module_preset=&#8220;default&#8220;][et_pb_text _builder_version=&#8220;4.9.3&#8243; _module_preset=&#8220;default&#8220;]N\u00e1v\u0161t\u011bva Sen\u00e1tu Parlamentu \u010cR, Praha<\/p>\n<p>26.04.2022[\/et_pb_text][\/et_pb_column][et_pb_column type=&#8220;1_4&#8243; _builder_version=&#8220;4.9.3&#8243; _module_preset=&#8220;default&#8220;][et_pb_text _builder_version=&#8220;4.9.3&#8243; _module_preset=&#8220;default&#8220;]Ekumenick\u00e1 bohoslu\u017eba v katedr\u00e1le svat\u00e9ho \u0160t\u011bp\u00e1na ve V\u00eddni<\/p>\n<p>10.03.2022[\/et_pb_text][\/et_pb_column][et_pb_column type=&#8220;1_4&#8243; _builder_version=&#8220;4.9.3&#8243; _module_preset=&#8220;default&#8220;][et_pb_text _builder_version=&#8220;4.9.3&#8243; _module_preset=&#8220;default&#8220;]MEVZA FINAL FOUR<\/p>\n<p>24.02.2022[\/et_pb_text][\/et_pb_column][et_pb_column type=&#8220;1_4&#8243; _builder_version=&#8220;4.9.3&#8243; _module_preset=&#8220;default&#8220;][et_pb_text _builder_version=&#8220;4.9.3&#8243; _module_preset=&#8220;default&#8220;]INTERVIEW | Dr. Karl Brousek o projektu digitalizace audiovizu\u00e1ln\u00ed historie<\/p>\n<p>23.02.2022[\/et_pb_text][\/et_pb_column][\/et_pb_row][et_pb_row column_structure=&#8220;1_4,1_4,1_4,1_4&#8243; _builder_version=&#8220;4.9.3&#8243; _module_preset=&#8220;default&#8220; custom_margin=&#8220;-18px|auto||auto||&#8220; custom_padding=&#8220;1px|||||&#8220;][et_pb_column type=&#8220;1_4&#8243; _builder_version=&#8220;4.9.3&#8243; _module_preset=&#8220;default&#8220;][et_pb_video src=&#8220;https:\/\/www.youtube.com\/watch?v=AvgQD1FOd3Y&#8220; image_src=&#8220;http:\/\/wien-cz-sk.at\/wp-content\/uploads\/2022\/02\/magazin_1.jpg&#8220; _builder_version=&#8220;4.9.3&#8243; _module_preset=&#8220;default&#8220;][\/et_pb_video][\/et_pb_column][et_pb_column type=&#8220;1_4&#8243; _builder_version=&#8220;4.9.3&#8243; _module_preset=&#8220;default&#8220;][et_pb_video src=&#8220;https:\/\/youtu.be\/dV2M0Ot0CEc&#8220; image_src=&#8220;http:\/\/wien-cz-sk.at\/wp-content\/uploads\/2022\/02\/20220126_171423-scaled.jpg&#8220; _builder_version=&#8220;4.9.3&#8243; _module_preset=&#8220;default&#8220;][\/et_pb_video][\/et_pb_column][et_pb_column type=&#8220;1_4&#8243; _builder_version=&#8220;4.9.3&#8243; _module_preset=&#8220;default&#8220;][et_pb_video src=&#8220;https:\/\/www.youtube.com\/watch?v=XaKFkZ4-PrA&amp;t&#8220; image_src=&#8220;https:\/\/wien-cz-sk.at\/wp-content\/uploads\/2022\/03\/20220304_134525.jpg&#8220; _builder_version=&#8220;4.9.3&#8243; _module_preset=&#8220;default&#8220;][\/et_pb_video][\/et_pb_column][et_pb_column type=&#8220;1_4&#8243; _builder_version=&#8220;4.9.3&#8243; _module_preset=&#8220;default&#8220;][et_pb_video src=&#8220;https:\/\/www.youtube.com\/watch?v=lKgBTbppZTA&#8220; image_src=&#8220;http:\/\/wien-cz-sk.at\/wp-content\/uploads\/2022\/01\/JJJ2.png&#8220; _builder_version=&#8220;4.9.3&#8243; _module_preset=&#8220;default&#8220;][\/et_pb_video][\/et_pb_column][\/et_pb_row][et_pb_row column_structure=&#8220;1_4,1_4,1_4,1_4&#8243; _builder_version=&#8220;4.9.3&#8243; _module_preset=&#8220;default&#8220; min_height=&#8220;130.4px&#8220; custom_margin=&#8220;-26px|auto||auto||&#8220; custom_padding=&#8220;16px||2px|||&#8220;][et_pb_column type=&#8220;1_4&#8243; _builder_version=&#8220;4.9.3&#8243; _module_preset=&#8220;default&#8220;][et_pb_text _builder_version=&#8220;4.9.3&#8243; _module_preset=&#8220;default&#8220;]KOMENSK\u00dd DNES | Magaz\u00edn<\/p>\n<p>07.02.2022[\/et_pb_text][\/et_pb_column][et_pb_column type=&#8220;1_4&#8243; _builder_version=&#8220;4.9.3&#8243; _module_preset=&#8220;default&#8220;][et_pb_text _builder_version=&#8220;4.9.3&#8243; _module_preset=&#8220;default&#8220;]Slavnostn\u00ed zah\u00e1jen\u00ed Roku v\u00edde\u0148sk\u00fdch \u010cech\u016f a Slov\u00e1k\u016f<\/p>\n<p>26.01.2022[\/et_pb_text][\/et_pb_column][et_pb_column type=&#8220;1_4&#8243; _builder_version=&#8220;4.9.3&#8243; _module_preset=&#8220;default&#8220;][et_pb_text _builder_version=&#8220;4.9.3&#8243; _module_preset=&#8220;default&#8220;]\u0160koln\u00ed hymna | \u0160kolsk\u00fd spolek Komensk\u00fd<\/p>\n<p>26.01.2022[\/et_pb_text][\/et_pb_column][et_pb_column type=&#8220;1_4&#8243; _builder_version=&#8220;4.9.3&#8243; _module_preset=&#8220;default&#8220;][et_pb_text _builder_version=&#8220;4.9.3&#8243; _module_preset=&#8220;default&#8220;]PROMO | Rok v\u00edde\u0148sk\u00fdch \u010cech\u016f a Slov\u00e1k\u016f 2022<\/p>\n<p>26.01.2022[\/et_pb_text][\/et_pb_column][\/et_pb_row][\/et_pb_section]<\/p>","protected":false},"excerpt":{"rendered":"<p>[et_pb_section fb_built=&#8220;1&#8243; _builder_version=&#8220;4.9.3&#8243; _module_preset=&#8220;default&#8220; background_image=&#8220;http:\/\/wien-cz-sk.at\/wp-content\/uploads\/2022\/01\/background.png&#8220;][et_pb_row _builder_version=&#8220;4.9.3&#8243; _module_preset=&#8220;default&#8220;][et_pb_column type=&#8220;4_4&#8243; _builder_version=&#8220;4.9.3&#8243; _module_preset=&#8220;default&#8220;][et_pb_text _builder_version=&#8220;4.9.3&#8243; _module_preset=&#8220;default&#8220; background_layout=&#8220;dark&#8220;] GALERIE [\/et_pb_text][\/et_pb_column][\/et_pb_row][\/et_pb_section][et_pb_section fb_built=&#8220;1&#8243; _builder_version=&#8220;4.9.3&#8243; _module_preset=&#8220;default&#8220;][et_pb_row column_structure=&#8220;1_4,1_4,1_4,1_4&#8243; _builder_version=&#8220;4.9.3&#8243; _module_preset=&#8220;default&#8220; custom_margin=&#8220;-19px|auto||auto||&#8220; custom_padding=&#8220;4px|||||&#8220;][et_pb_column type=&#8220;1_4&#8243; _builder_version=&#8220;4.9.3&#8243; _module_preset=&#8220;default&#8220;][\/et_pb_column][et_pb_column type=&#8220;1_4&#8243; _builder_version=&#8220;4.9.3&#8243; _module_preset=&#8220;default&#8220;][et_pb_image src=&#8220;https:\/\/wien-cz-sk.at\/wp-content\/uploads\/2022\/06\/743C4289-FA28-4D02-B401-BB126B7FF195.jpeg&#8220; [&hellip;]<\/p>","protected":false},"author":1,"featured_media":0,"parent":0,"menu_order":0,"comment_status":"closed","ping_status":"closed","template":"","meta":{"_et_pb_use_builder":"on","_et_pb_old_content":"","_et_gb_content_width":"","om_disable_all_campaigns":false,"_mi_skip_tracking":false},"aioseo_notices":[],"_links":{"self":[{"href":"http:\/\/wien-cz-sk.at\/de\/wp-json\/wp\/v2\/pages\/25"}],"collection":[{"href":"http:\/\/wien-cz-sk.at\/de\/wp-json\/wp\/v2\/pages"}],"about":[{"href":"http:\/\/wien-cz-sk.at\/de\/wp-json\/wp\/v2\/types\/page"}],"author":[{"embeddable":true,"href":"http:\/\/wien-cz-sk.at\/de\/wp-json\/wp\/v2\/users\/1"}],"replies":[{"embeddable":true,"href":"http:\/\/wien-cz-sk.at\/de\/wp-json\/wp\/v2\/comments?post=25"}],"version-history":[{"count":50,"href":"http:\/\/wien-cz-sk.at\/de\/wp-json\/wp\/v2\/pages\/25\/revisions"}],"predecessor-version":[{"id":1210,"href":"http:\/\/wien-cz-sk.at\/de\/wp-json\/wp\/v2\/pages\/25\/revisions\/1210"}],"wp:attachment":[{"href":"http:\/\/wien-cz-sk.at\/de\/wp-json\/wp\/v2\/media?parent=25"}],"curies":[{"name":"wp","href":"https:\/\/api.w.org\/{rel}","templated":true}]}}