{"id":389,"date":"2022-01-31T11:52:35","date_gmt":"2022-01-31T11:52:35","guid":{"rendered":"http:\/\/wien-cz-sk.at\/?page_id=389"},"modified":"2022-02-03T11:23:26","modified_gmt":"2022-02-03T11:23:26","slug":"slavnostni-zahajeni","status":"publish","type":"page","link":"http:\/\/wien-cz-sk.at\/de\/slavnostni-zahajeni","title":{"rendered":"Slavnostn\u00ed zah\u00e1jen\u00ed"},"content":{"rendered":"<p>[et_pb_section fb_built=&#8220;1&#8243; _builder_version=&#8220;4.9.3&#8243; _module_preset=&#8220;default&#8220; background_image=&#8220;http:\/\/wien-cz-sk.at\/wp-content\/uploads\/2022\/01\/background.png&#8220; custom_padding=&#8220;||0px|||&#8220;][et_pb_row _builder_version=&#8220;4.9.3&#8243; _module_preset=&#8220;default&#8220; custom_padding=&#8220;0px|||||&#8220;][et_pb_column type=&#8220;4_4&#8243; _builder_version=&#8220;4.9.3&#8243; _module_preset=&#8220;default&#8220;][et_pb_text _builder_version=&#8220;4.9.3&#8243; _module_preset=&#8220;default&#8220; background_layout=&#8220;dark&#8220;]<\/p>\n<h1 style=\"text-align: center;\"><strong>FEIERLICHE ER\u00d6FFNUNG DES JUBIL\u00c4UMSJAHRES<\/strong><\/h1>\n<p>[\/et_pb_text][\/et_pb_column][\/et_pb_row][et_pb_row _builder_version=&#8220;4.9.3&#8243; _module_preset=&#8220;default&#8220;][et_pb_column type=&#8220;4_4&#8243; _builder_version=&#8220;4.9.3&#8243; _module_preset=&#8220;default&#8220;][et_pb_text _builder_version=&#8220;4.9.3&#8243; _module_preset=&#8220;default&#8220; background_layout=&#8220;dark&#8220;]<\/p>\n<h3 style=\"text-align: center;\"><strong>26. J\u00e4nner 2022\u00a0<\/strong><\/h3>\n<p>[\/et_pb_text][\/et_pb_column][\/et_pb_row][\/et_pb_section][et_pb_section fb_built=&#8220;1&#8243; _builder_version=&#8220;4.9.3&#8243; _module_preset=&#8220;default&#8220; custom_padding=&#8220;25px|||||&#8220;][et_pb_row _builder_version=&#8220;4.9.3&#8243; _module_preset=&#8220;default&#8220; custom_padding=&#8220;0px|||||&#8220;][et_pb_column type=&#8220;4_4&#8243; _builder_version=&#8220;4.9.3&#8243; _module_preset=&#8220;default&#8220;][et_pb_text _builder_version=&#8220;4.9.3&#8243; _module_preset=&#8220;default&#8220;]<\/p>\n<h3 style=\"text-align: center;\"><strong>Ehrenschutz<\/strong><\/h3>\n<h5 style=\"text-align: center;\">Dr. Michael Ludwig, B\u00fcrgermeister und Landeshauptmann der Stadt Wien<\/h5>\n<p>[\/et_pb_text][\/et_pb_column][\/et_pb_row][et_pb_row column_structure=&#8220;1_3,2_3&#8243; _builder_version=&#8220;4.9.3&#8243; _module_preset=&#8220;default&#8220; width=&#8220;78.9%&#8220; custom_margin=&#8220;-24px|auto||auto||&#8220;][et_pb_column type=&#8220;1_3&#8243; _builder_version=&#8220;4.9.3&#8243; _module_preset=&#8220;default&#8220;][et_pb_text _builder_version=&#8220;4.9.3&#8243; _module_preset=&#8220;default&#8220;]<\/p>\n<h3 id=\"wnd_TextBlock_483074_inner_0\" class=\"wnd-align-right\" data-wnd_is_separable=\"1\" data-wnd_separable_index=\"0\" data-wnd_separable_id=\"wnd_TextBlock_483074\"><strong>ORT<\/strong><\/h3>\n<div class=\"wnd-align-right\">Gro\u00dfer Seminarraum<\/div>\n<div class=\"wnd-align-right\">Sebastianplatz 3<\/div>\n<div class=\"wnd-align-right\">1030 Wien<\/div>\n<h3 id=\"wnd_TextBlock_483074_inner_2\" class=\"wnd-align-right\" data-wnd_is_separable=\"1\" data-wnd_separable_index=\"2\" data-wnd_separable_id=\"wnd_TextBlock_483074\"><span class=\"wnd-font-size-70\"><strong>DATUM<\/strong><\/span><\/h3>\n<p id=\"wnd_TextBlock_483074_inner_3\" class=\"wnd-align-right\" data-wnd_is_separable=\"1\" data-wnd_separable_index=\"3\" data-wnd_separable_id=\"wnd_TextBlock_483074\">26. 01. 2022<\/p>\n<h3 id=\"wnd_TextBlock_483074_inner_4\" class=\"wnd-align-right\" data-wnd_is_separable=\"1\" data-wnd_separable_index=\"4\" data-wnd_separable_id=\"wnd_TextBlock_483074\"><strong>BEGINN\u00a0<\/strong><\/h3>\n<p id=\"wnd_TextBlock_483074_inner_5\" class=\"wnd-align-right\" data-wnd_is_separable=\"1\" data-wnd_separable_index=\"5\" data-wnd_separable_id=\"wnd_TextBlock_483074\">17:00 Uhr<\/p>\n<h3 class=\"wnd-align-right\" data-wnd_is_separable=\"1\" data-wnd_separable_index=\"11\" data-wnd_separable_id=\"wnd_TextBlock_483074\"><strong>REDNERLISTE<\/strong><\/h3>\n<p>Ing. Karel Hanzl<\/p>\n<p>Mag. Paul Rodt<\/p>\n<p>Dipl.-Ing. Vladim\u00edr Mlyn\u00e1r<\/p>\n<p>Jarom\u00edr \u0160l\u00e1pota<\/p>\n<p>Dr. Jakub Nov\u00e1k<\/p>\n<p>Martin Pangr\u00e1c<\/p>\n<h3 class=\"wnd-align-right\" data-wnd_is_separable=\"1\" data-wnd_separable_index=\"11\" data-wnd_separable_id=\"wnd_TextBlock_483074\"><strong>PARTNER<\/strong><\/h3>\n<p><strong><img decoding=\"async\" loading=\"lazy\" class=\"wp-image-13 alignnone size-medium\" src=\"http:\/\/wien-cz-sk.at\/wp-content\/uploads\/2022\/01\/cropped-logo_150let_nove2022-300x137.png\" alt=\"\" width=\"241\" height=\"110\" srcset=\"https:\/\/wien-cz-sk.at\/wp-content\/uploads\/2022\/01\/cropped-logo_150let_nove2022-300x137.png 300w, https:\/\/wien-cz-sk.at\/wp-content\/uploads\/2022\/01\/cropped-logo_150let_nove2022-517x235.png 517w, https:\/\/wien-cz-sk.at\/wp-content\/uploads\/2022\/01\/cropped-logo_150let_nove2022.png 671w\" sizes=\"(max-width: 241px) 100vw, 241px\" \/><\/strong><\/p>\n<p>[\/et_pb_text][\/et_pb_column][et_pb_column type=&#8220;2_3&#8243; _builder_version=&#8220;4.9.3&#8243; _module_preset=&#8220;default&#8220;][et_pb_video src=&#8220;https:\/\/youtu.be\/dV2M0Ot0CEc&#8220; image_src=&#8220;http:\/\/wien-cz-sk.at\/wp-content\/uploads\/2022\/02\/20220126_171423-scaled.jpg&#8220; use_icon_font_size=&#8220;on&#8220; icon_font_size=&#8220;47px&#8220; _builder_version=&#8220;4.9.3&#8243; _module_preset=&#8220;default&#8220;][\/et_pb_video][et_pb_text _builder_version=&#8220;4.9.3&#8243; _module_preset=&#8220;default&#8220; custom_margin=&#8220;-4px|||||&#8220; hover_enabled=&#8220;0&#8243; sticky_enabled=&#8220;0&#8243;]<\/p>\n<h3>Das Jubil\u00e4umsjahr der Wiener Tschechen und Slowaken ist er\u00f6ffnet<\/h3>\n<p>Am Mittwoch den 26. 1. gab es zwei feierliche Anl\u00e4sse: Auf den Tag genau vor 150 Jahren wurde der Schulverein Komensk\u00fd gegr\u00fcndet, gleichzeitig fand die offizielle Er\u00f6ffnung des Jubil\u00e4umsjahres der Wiener Tschechen und Slowaken statt.<\/p>\n<p>VertreterInnen von Vereinen, Schulen, Medien, der tschechischen und der slowakischen Botschaft fanden in der Komensk\u00fd-Schule am Sebastianplatz zusammen; das ist insofern kein Zufall, als der Schulverein Komensk\u00fd f\u00fcr das Jubil\u00e4umsjahr seine Infrastruktur zur Verf\u00fcgung stellt. Im Verlauf des Jubil\u00e4umsjahres werden Sport- und Schulveranstaltungen, religi\u00f6se, kulturelle und gesellschaftliche Ereignisse stattfinden. Das R\u00fcckgrat des Jubil\u00e4umsjahres bilden sieben Schwerpunktveranstaltungen, an denen mehrere hundert Wiener TschechInnen und SlowakInnen teilnehmen werden. Wie Ing. Karl Hanzl, Obmann des Schulvereines Komensk\u00fd und Vorsitzender des Volksgruppenbeirates betonte, bietet das Jahr 2022 eine einmalige Gelegenheit, die Wiener Tschechen und Slowaken als eine mitgliedsstarke und vielf\u00e4ltige Community zu pr\u00e4sentieren, die hochkar\u00e4tige Veranstaltungen an bedeutenden Orten durchf\u00fchren kann.<\/p>\n<p>Vereine und Veranstalter k\u00f6nnen sich an das Organisationsteam im Schulverein Komensk\u00fd wenden und ihre Veranstaltung f\u00fcrs Jubil\u00e4umsjahr anmelden (in diesen Minuten wurde die Gartenfeier am Ende des Schuljahres hinzugef\u00fcgt). Wichtigste Voraussetzung ist, dass die Veranstaltung die tschechische bzw slowakische Gemeinschaft sichtbar macht und nach M\u00f6glichkeit zur \u00f6sterreichischen \u00d6ffentlichkeit hin kommuniziert. Die verantwortlichen Vereine k\u00f6nnen auf Hilfe mit der \u00d6ffentlichkeitsarbeit sowie mit Anti-Corona-Ma\u00dfnahmen z\u00e4hlen, die Medienpartner werden laufend \u00fcber die Veranstaltungen und Projekte berichten.<\/p>\n<p>Die einzige Veranstaltung, die nicht in Wien stattfinden wird, ist der \u00f6kumenische Gottesdienst im Prager St. Veits-Dom am 27. April. F\u00fcr Sch\u00fclerInnen und LehrerInnen der Komensk\u00fd-Schulen sowie f\u00fcr erwachsene Begleitpersonen f\u00fcr Kindergarten- und Volksschulkinder ist die Reise kostenlos, ansonsten betr\u00e4gt der Organisationsbeitrag 125 Euro pro Person und die Platzanzahl ist begrenzt.<\/p>\n<p>T\u00e4glich kommen neue Informationen dazu und sind auf www.wien-cz-sk.at in drei Sprachen zu finden. Nicht unerw\u00e4hnt soll die M\u00f6glichkeit f\u00fcr Firmen bleiben, sich bei allen Veranstaltungen und in der Medienbegleitung zu pr\u00e4sentieren; \u00fcber das Sponsorenpaket informiert das Organisationsteam unter wien-cz-sk.at.<\/p>\n<p>Die gr\u00f6\u00dfte mediale Beachtung wird den Schwerpunktveranstaltungen geschenkt. Tschechische und slowakische Vereine k\u00f6nnen sich gut \u00f6ffentlich pr\u00e4sentieren; es w\u00e4re begr\u00fc\u00dfenswert, wenn die wichtigsten Veranstaltungen von Fahnentr\u00e4gerInnen begleitet werden k\u00f6nnten. Unterst\u00fctzung mit Organisation und technischen Angelegenheiten wird angeboten; Vereine mit Fahnentr\u00e4gerInnen sollen sich bitte unter wien-cz-sk.at\/kontakt melden.<\/p>\n<p>F\u00fcr InteressentInnen, die als Publikum teilnehmen wollen, ist eine Anmeldung vorab erforderlich, da bei den Schwerpunktaktionen die Platzanzahl begrenzt ist. Wenn Sie etwa am Gottesdienst in Wien oder in Prag teilnehmen m\u00f6chten, schreiben Sie uns bitte unter wien-cz-sk.at\/kontakt.<\/p>\n<p>Die Veranstaltungsliste des Jubil\u00e4umsjahres wird laufend um hochwertige Ereignisse erweitert, die von Vereinen bzw. Veranstaltern dem Organisationsteam mitgeteilt werden. Der laufend aktualisierte Veranstaltungskalender ist unter www.wien-cz-sk.at zu finden.<\/p>\n<p>[\/et_pb_text][\/et_pb_column][\/et_pb_row][et_pb_row _builder_version=&#8220;4.9.3&#8243; _module_preset=&#8220;default&#8220;][et_pb_column type=&#8220;4_4&#8243; _builder_version=&#8220;4.9.3&#8243; _module_preset=&#8220;default&#8220;][et_pb_gallery gallery_ids=&#8220;385,384,413,412&#8243; _builder_version=&#8220;4.9.3&#8243; _module_preset=&#8220;default&#8220; title_text_color=&#8220;RGBA(0,0,0,0)&#8220; custom_padding=&#8220;||0px|||&#8220;][\/et_pb_gallery][\/et_pb_column][\/et_pb_row][\/et_pb_section]<\/p>","protected":false},"excerpt":{"rendered":"<p>[et_pb_section fb_built=&#8220;1&#8243; _builder_version=&#8220;4.9.3&#8243; _module_preset=&#8220;default&#8220; background_image=&#8220;http:\/\/wien-cz-sk.at\/wp-content\/uploads\/2022\/01\/background.png&#8220; custom_padding=&#8220;||0px|||&#8220;][et_pb_row _builder_version=&#8220;4.9.3&#8243; _module_preset=&#8220;default&#8220; custom_padding=&#8220;0px|||||&#8220;][et_pb_column type=&#8220;4_4&#8243; _builder_version=&#8220;4.9.3&#8243; _module_preset=&#8220;default&#8220;][et_pb_text _builder_version=&#8220;4.9.3&#8243; _module_preset=&#8220;default&#8220; background_layout=&#8220;dark&#8220;] SLAVNOSTN\u00cd ZAH\u00c1JEN\u00cd ROKU V\u00cdDE\u0147SK\u00ddCH \u010cECH\u016e A SLOV\u00c1K\u016e [\/et_pb_text][\/et_pb_column][\/et_pb_row][et_pb_row _builder_version=&#8220;4.9.3&#8243; _module_preset=&#8220;default&#8220;][et_pb_column type=&#8220;4_4&#8243; _builder_version=&#8220;4.9.3&#8243; _module_preset=&#8220;default&#8220;][et_pb_text _builder_version=&#8220;4.9.3&#8243; _module_preset=&#8220;default&#8220; [&hellip;]<\/p>","protected":false},"author":1,"featured_media":0,"parent":0,"menu_order":0,"comment_status":"closed","ping_status":"closed","template":"","meta":{"_et_pb_use_builder":"on","_et_pb_old_content":"","_et_gb_content_width":"","om_disable_all_campaigns":false,"_mi_skip_tracking":false},"aioseo_notices":[],"_links":{"self":[{"href":"http:\/\/wien-cz-sk.at\/de\/wp-json\/wp\/v2\/pages\/389"}],"collection":[{"href":"http:\/\/wien-cz-sk.at\/de\/wp-json\/wp\/v2\/pages"}],"about":[{"href":"http:\/\/wien-cz-sk.at\/de\/wp-json\/wp\/v2\/types\/page"}],"author":[{"embeddable":true,"href":"http:\/\/wien-cz-sk.at\/de\/wp-json\/wp\/v2\/users\/1"}],"replies":[{"embeddable":true,"href":"http:\/\/wien-cz-sk.at\/de\/wp-json\/wp\/v2\/comments?post=389"}],"version-history":[{"count":11,"href":"http:\/\/wien-cz-sk.at\/de\/wp-json\/wp\/v2\/pages\/389\/revisions"}],"predecessor-version":[{"id":458,"href":"http:\/\/wien-cz-sk.at\/de\/wp-json\/wp\/v2\/pages\/389\/revisions\/458"}],"wp:attachment":[{"href":"http:\/\/wien-cz-sk.at\/de\/wp-json\/wp\/v2\/media?parent=389"}],"curies":[{"name":"wp","href":"https:\/\/api.w.org\/{rel}","templated":true}]}}