{"id":1006,"date":"2022-08-28T15:06:17","date_gmt":"2022-08-28T15:06:17","guid":{"rendered":"https:\/\/wien-cz-sk.at\/?page_id=1006"},"modified":"2022-09-27T21:10:24","modified_gmt":"2022-09-27T21:10:24","slug":"vidensti-cesi-a-slovaci-2022","status":"publish","type":"page","link":"https:\/\/wien-cz-sk.at\/de\/vidensti-cesi-a-slovaci-2022","title":{"rendered":"V\u00edde\u0148\u0161t\u00ed \u010ce\u0161i a Slov\u00e1ci 2022 !"},"content":{"rendered":"<p>[et_pb_section fb_built=&#8220;1&#8243; _builder_version=&#8220;4.9.3&#8243; _module_preset=&#8220;default&#8220; background_image=&#8220;http:\/\/wien-cz-sk.at\/wp-content\/uploads\/2022\/01\/background.png&#8220; custom_padding=&#8220;||0px|||&#8220;][et_pb_row _builder_version=&#8220;4.9.3&#8243; _module_preset=&#8220;default&#8220; custom_padding=&#8220;0px|||||&#8220;][et_pb_column type=&#8220;4_4&#8243; _builder_version=&#8220;4.9.3&#8243; _module_preset=&#8220;default&#8220;][et_pb_text _builder_version=&#8220;4.9.3&#8243; _module_preset=&#8220;default&#8220; background_layout=&#8220;dark&#8220;]<\/p>\n<h1 style=\"text-align: center;\"><strong>WIENER TSCHECHEN UND SLOWAKEN 2022!<\/strong><strong><\/strong><\/h1>\n<p>[\/et_pb_text][\/et_pb_column][\/et_pb_row][et_pb_row _builder_version=&#8220;4.9.3&#8243; _module_preset=&#8220;default&#8220;][et_pb_column type=&#8220;4_4&#8243; _builder_version=&#8220;4.9.3&#8243; _module_preset=&#8220;default&#8220;][et_pb_text _builder_version=&#8220;4.9.3&#8243; _module_preset=&#8220;default&#8220; background_layout=&#8220;dark&#8220;]<\/p>\n<h3 style=\"text-align: center;\"><strong>7.-9. Oktober 2022\u00a0<\/strong><\/h3>\n<p>[\/et_pb_text][\/et_pb_column][\/et_pb_row][\/et_pb_section][et_pb_section fb_built=&#8220;1&#8243; _builder_version=&#8220;4.9.3&#8243; _module_preset=&#8220;default&#8220; custom_padding=&#8220;25px|||||&#8220;][et_pb_row _builder_version=&#8220;4.9.3&#8243; _module_preset=&#8220;default&#8220; custom_padding=&#8220;0px|||||&#8220;][et_pb_column type=&#8220;4_4&#8243; _builder_version=&#8220;4.9.3&#8243; _module_preset=&#8220;default&#8220;][et_pb_text _builder_version=&#8220;4.9.3&#8243; _module_preset=&#8220;default&#8220;]<\/p>\n<h3 style=\"text-align: center;\"><strong>Veranstalter<\/strong><\/h3>\n<h5 style=\"text-align: center;\">Kulturklub der Tschechen und Slowaken in \u00d6sterreich<\/h5>\n<h5 style=\"text-align: center;\"><strong><\/strong><span>Schulverein Komensk\u00fd<\/span><\/h5>\n<p>[\/et_pb_text][\/et_pb_column][\/et_pb_row][et_pb_row column_structure=&#8220;1_3,2_3&#8243; _builder_version=&#8220;4.9.3&#8243; _module_preset=&#8220;default&#8220; width=&#8220;78.9%&#8220; custom_margin=&#8220;-24px|auto||auto||&#8220;][et_pb_column type=&#8220;1_3&#8243; _builder_version=&#8220;4.9.3&#8243; _module_preset=&#8220;default&#8220;][et_pb_text _builder_version=&#8220;4.9.3&#8243; _module_preset=&#8220;default&#8220; hover_enabled=&#8220;0&#8243; sticky_enabled=&#8220;0&#8243;]<\/p>\n<h3 class=\"wnd-align-right\" id=\"wnd_TextBlock_483074_inner_0\" data-wnd_is_separable=\"1\" data-wnd_separable_index=\"0\" data-wnd_separable_id=\"wnd_TextBlock_483074\"><strong>ORT<\/strong><\/h3>\n<div class=\"wnd-align-right\"><span>Volkskundemuseum <\/span><\/div>\n<div class=\"wnd-align-right\"><span>Laudongasse 15-19<\/span><\/div>\n<div class=\"wnd-align-right\"><span>1080 Wien<\/span><\/div>\n<h3 class=\"wnd-align-right\" id=\"wnd_TextBlock_483074_inner_2\" data-wnd_is_separable=\"1\" data-wnd_separable_index=\"2\" data-wnd_separable_id=\"wnd_TextBlock_483074\"><span class=\"wnd-font-size-70\"><strong>DATUM<\/strong><\/span><\/h3>\n<p class=\"wnd-align-right\" id=\"wnd_TextBlock_483074_inner_3\" data-wnd_is_separable=\"1\" data-wnd_separable_index=\"3\" data-wnd_separable_id=\"wnd_TextBlock_483074\">7.- 9. 10. 2022<\/p>\n<h3 class=\"wnd-align-right\" id=\"wnd_TextBlock_483074_inner_4\" data-wnd_is_separable=\"1\" data-wnd_separable_index=\"4\" data-wnd_separable_id=\"wnd_TextBlock_483074\"><span><strong>FEIERLICHE ER\u00d6FFNUNG<\/strong><\/span><\/h3>\n<p class=\"wnd-align-right\" id=\"wnd_TextBlock_483074_inner_5\" data-wnd_is_separable=\"1\" data-wnd_separable_index=\"5\" data-wnd_separable_id=\"wnd_TextBlock_483074\">7. 10. 2022 um 17:00<\/p>\n<h3 class=\"wnd-align-right\" data-wnd_is_separable=\"1\" data-wnd_separable_index=\"11\" data-wnd_separable_id=\"wnd_TextBlock_483074\"><strong>PARTNER<\/strong><\/h3>\n<p><strong><\/strong><\/p>\n<p><strong><img decoding=\"async\" loading=\"lazy\" src=\"http:\/\/wien-cz-sk.at\/wp-content\/uploads\/2022\/01\/cropped-logo_150let_nove2022-300x137.png\" width=\"241\" height=\"110\" alt=\"\" class=\"wp-image-13 alignnone size-medium\" srcset=\"https:\/\/wien-cz-sk.at\/wp-content\/uploads\/2022\/01\/cropped-logo_150let_nove2022-300x137.png 300w, https:\/\/wien-cz-sk.at\/wp-content\/uploads\/2022\/01\/cropped-logo_150let_nove2022-517x235.png 517w, https:\/\/wien-cz-sk.at\/wp-content\/uploads\/2022\/01\/cropped-logo_150let_nove2022.png 671w\" sizes=\"(max-width: 241px) 100vw, 241px\" \/><\/strong><\/p>\n<p>[\/et_pb_text][et_pb_button button_url=&#8220;http:\/\/wien-cz-sk.at\/kontakt&#8220; button_text=&#8220;M\u00e1m z\u00e1jem&#8220; button_alignment=&#8220;left&#8220; _builder_version=&#8220;4.9.3&#8243; _module_preset=&#8220;default&#8220;][\/et_pb_button][\/et_pb_column][et_pb_column type=&#8220;2_3&#8243; _builder_version=&#8220;4.9.3&#8243; _module_preset=&#8220;default&#8220;][et_pb_image src=&#8220;https:\/\/wien-cz-sk.at\/wp-content\/uploads\/2022\/09\/inzeratVide.png&#8220; title_text=&#8220;inzeratVide&#8220; src_tablet=&#8220;&#8220; src_phone=&#8220;&#8220; src_last_edited=&#8220;on|phone&#8220; _builder_version=&#8220;4.9.3&#8243; _module_preset=&#8220;default&#8220; custom_margin=&#8220;-5px|||||&#8220; custom_padding=&#8220;8px|||||&#8220;][\/et_pb_image][et_pb_text _builder_version=&#8220;4.9.3&#8243; _module_preset=&#8220;default&#8220; custom_margin=&#8220;-4px|||||&#8220;]<\/p>\n<h3><strong>INFORMATIONEN<\/strong><\/h3>\n<p><strong>Das Volkskundemuseum im Palais Sch\u00f6nborn widmet ein Wochenende den Wiener Tschechen und Slowaken<\/strong><\/p>\n<p>Vom Freitag den 7. bis Sonntag den 9. Oktober findet im Volkskundemuseum in der Laudongasse ein Festival der tschechischen und slowakischen Kultur in Wien unter dem Titel \"Wiener Tschechen und Slowaken 2022!\" statt.<\/p>\n<p>Das Wiener Volkskundemuseum befindet sich im barocken Palais Sch\u00f6nborn in der Laudongasse. Genau dorthin l\u00e4dt der Kulturklub der Tschechen und Slowaken in \u00d6sterreich in Zusammenarbeit mit dem Volkskundemuseum und mit Unterst\u00fctzung des Schulvereins Komensk\u00fd am Freitag, Samstag und Sonntag, 7. bis 9. Oktober, zu einem Fest des tschechischen und slowakischen Kultur- und Gesellschaftslebens in Wien ein.<\/p>\n<p>Das vielf\u00e4ltige, auf Deutsch gehaltene Programm ist f\u00fcr Interessierte und auch f\u00fcr Menschen gedacht, die in Wien leben und Tschechisch bzw. Slowakisch sprechen. Bei der Er\u00f6ffnungsfeier am Freitag, dem 7. Oktober, singen die Kinder der Komensk\u00fd-Singschule, nach den Er\u00f6ffnungsreden wird das Komensk\u00fd Orchester spielen, das auch in der Coronazeit professionelle Konzerte im Wiener Stephansdom und im Senat der Tschechischen Republik in Prag gab. Im Anschluss wird die Ausstellung \"\u00dcber das zeitgen\u00f6ssische Leben und Wirken der Vereine der Wiener Tschechen\" vom Kulturklub er\u00f6ffnet. Das Abendprogramm ab 19.30 Uhr ist Nachtasyl gewidmet: Ein Interview mit Ji\u0159\u00ed Chmel beleuchtet die Verbindung zwischen der tschechoslowakischen Dissidentenkultur und dem Nachtasyl in Wien, anschlie\u00dfend wird der Dokumentarfilm \"Nachtasyl - die Heimat der Heimatlosen\" von Josef Haslinger gezeigt.<\/p>\n<p>Samstag 8. Oktober beginnt um 10.30 Uhr mit einem Workshop der b\u00f6hmischen und m\u00e4hrischen K\u00fcche. Um 11.00 Uhr folgt eine F\u00fchrung durch das Museum in slowakischer Sprache und um 12.00 Uhr spielt die Folkloregruppe \"Muzika u Dunaja\". Am Nachmittag um 14:30 Uhr spielt die Tamburizza-Gruppe Adria. Um 16 Uhr ist Zeit f\u00fcr ein Musical - Vlasteneck\u00e1 omladina zeigt Ausschnitte aus dem Musical Rebels.<\/p>\n<p>Der Sonntagvormittag ist der Universit\u00e4t Wien gewidmet. Um 10.15 Uhr berichtet Prof. Gero Fischer \u00fcber das Zweisprachigkeitsprojekt im Weinviertel und reflektiert den Erfolg des Projekts. Prof. Gertraude Zand besch\u00e4ftigt sich seit langem mit Bo\u017eena N\u011bmcov\u00e1 und wird unseren Blick auf diese au\u00dfergew\u00f6hnliche Schriftstellerin und Frau wom\u00f6glich erweitern oder zurechtr\u00fccken. Aus translationswissenschaftlicher Sicht erfahren wir, wie man in verschiedenen Sprachen gendert.<\/p>\n<p>Um 11 Uhr stellt Mat\u011bj Steiner die slowakischen Nationalinstrumente Fujara und die Hirtenfl\u00f6te vor. Um 12 Uhr gibt es eine F\u00fchrung durch das Museum in tschechischer Sprache und um 14 Uhr beschreibt die evangelische Pfarrerin Anna Kampl ihre Reise vom Riesengebirge nach Simmering. Um 15 Uhr gibt es eine F\u00fchrung zu den tschechischen und m\u00e4hrischen Spuren in deutscher Sprache und zum Abschluss einen tschechischen Film f\u00fcr Kinder in deutscher Sprache.<\/p>\n<p>Veranstaltungsort: Volkskundemuseum, Laudongasse 15-19, 1080 Wien<\/p>\n<p>Eintritt kostenlos, freiwillige Spenden willkommen.<\/p>\n<p>Die Veranstaltung steht unter der Schirmherrschaft des tschechischen und des slowakischen Botschafters und findet im Rahmen des Jubil\u00e4umsjahres der Tschechen und Slowaken Wiens 2022 unter der Schirmherrschaft des Wiener B\u00fcrgermeisters Michael Ludwig statt.<\/p>\n<p>Organisation: Kulturklub der Tschechen und Slowaken in \u00d6sterreich<\/p>\n<p>Kooperation: Schulverein Komensk\u00fd in Wien<\/p>\n<p>BKA, \u010cR. F\u00fcr BesucherInnen der Veranstaltung ist der Eintritt ins Museum <strong>kostenlos.<\/strong><\/p>\n<h3><strong>PROGRAMM<\/strong><\/h3>\n<p>7. - 9. OKTOBER<\/p>\n<p>Fr. 7., Sa 8., So 9. 10. 2022 Wiener Tschechen und Slowaken 2022! \nAusstellung, Tanz, Musik, Workshops, Film, Vortrag und Gespr\u00e4ch<\/p>\n<p><strong>Freitag 7.10. <\/strong><\/p>\n<p>17:00 Feierliche Er\u00f6ffnung<\/p>\n<p>Auftritt Singschule der Volksschule Komensk\u00fd<\/p>\n<p>Konzertvorf\u00fchrung des Schulorchesters Komensk\u00fd<\/p>\n<p>18:20 - 18.45 Er\u00f6ffnung der Ausstellung \"\u00dcber das heutige Leben und Wirken der Vereine der Wiener Tschechen\"<\/p>\n<p>19:30 Tschechischer Underground im Wiener Exil \u2013 Geschichte des Nachtasyls. Gespr\u00e4ch mit Ji\u0159\u00ed Chmel mit Ausschnitten aus dem Film \u201eNachtasyl \u2013 Die Heimat der Heimatlosen\u201c von Josef Haslinger<\/p>\n<p><strong>Samstag 8.10. <\/strong><\/p>\n<p>10.30 \u2013 11.00 Workshop: Tschechische und m\u00e4hrische K\u00fcche<\/p>\n<p>11.00 F\u00fchrung durch das Museum auf Slowakisch<\/p>\n<p>12.00 - 12:45 Folkloregruppe \"Muzika U Dunaja\"<\/p>\n<p>14.30 Tamburizza-Gruppe Adria<\/p>\n<p>16.00 Vlasteneck\u00e1 omladina - Ausz\u00fcge aus dem Musical Rebellen<\/p>\n<p><strong>Sonntag 9.10.<\/strong><\/p>\n<p>10.00 Universit\u00e4t Wien<\/p>\n<p>Prof. Gero Fischer - \u00dcber das Zweisprachigkeitsprojekt im Weinviertel, Prof. Gertraude Zand - Das Wien von Bo\u017eena N\u011bmcov\u00e1 und ihrer Babi\u010dka<\/p>\n<p>Jana Klier - Gendern in verschiedenen Sprachen und Translation als Studium<\/p>\n<p>11.00 - 11.45 Workshop mit Mat\u011bj Steiner \u00fcber slowakische Volksmusikinstrumente Fujara und Hirtenfl\u00f6te<\/p>\n<p>12.00 Kurzf\u00fchrung durchs Museum auf Tschechisch<\/p>\n<p>14:00 Evangelische Pfarrerin Anna Kampl - Vom Riesengebirge nach Wien, das Leben der evangelischen Gemeinde in Simmering<\/p>\n<p>15.00 - 15.45 F\u00fchrung durch das Museum auf b\u00f6hmischen und m\u00e4hrischen Spuren, in Deutsch<\/p>\n<p>16.00 Tschechischer Kinderfilm mit deutschen Untertiteln<\/p>\n<p>[\/et_pb_text][\/et_pb_column][\/et_pb_row][et_pb_row _builder_version=&#8220;4.9.3&#8243; _module_preset=&#8220;default&#8220;][et_pb_column type=&#8220;4_4&#8243; _builder_version=&#8220;4.9.3&#8243; _module_preset=&#8220;default&#8220;][et_pb_text _builder_version=&#8220;4.9.3&#8243; _module_preset=&#8220;default&#8220;]<\/p>\n<h3><strong>FOTOGALERIE<\/strong><\/h3>\n<p>[\/et_pb_text][\/et_pb_column][\/et_pb_row][\/et_pb_section]<\/p>","protected":false},"excerpt":{"rendered":"<p>[et_pb_section fb_built=&#8220;1&#8243; _builder_version=&#8220;4.9.3&#8243; _module_preset=&#8220;default&#8220; background_image=&#8220;http:\/\/wien-cz-sk.at\/wp-content\/uploads\/2022\/01\/background.png&#8220; custom_padding=&#8220;||0px|||&#8220;][et_pb_row _builder_version=&#8220;4.9.3&#8243; _module_preset=&#8220;default&#8220; custom_padding=&#8220;0px|||||&#8220;][et_pb_column type=&#8220;4_4&#8243; _builder_version=&#8220;4.9.3&#8243; _module_preset=&#8220;default&#8220;][et_pb_text _builder_version=&#8220;4.9.3&#8243; _module_preset=&#8220;default&#8220; background_layout=&#8220;dark&#8220;] V\u00cdDE\u0147\u0160T\u00cd \u010cE\u0160I A SLOV\u00c1CI 2022! [\/et_pb_text][\/et_pb_column][\/et_pb_row][et_pb_row _builder_version=&#8220;4.9.3&#8243; _module_preset=&#8220;default&#8220;][et_pb_column type=&#8220;4_4&#8243; _builder_version=&#8220;4.9.3&#8243; _module_preset=&#8220;default&#8220;][et_pb_text _builder_version=&#8220;4.9.3&#8243; _module_preset=&#8220;default&#8220; background_layout=&#8220;dark&#8220;] 7.-9. [&hellip;]<\/p>","protected":false},"author":1,"featured_media":0,"parent":0,"menu_order":0,"comment_status":"closed","ping_status":"closed","template":"","meta":{"_et_pb_use_builder":"on","_et_pb_old_content":"","_et_gb_content_width":"","om_disable_all_campaigns":false,"_mi_skip_tracking":false},"aioseo_notices":[],"_links":{"self":[{"href":"https:\/\/wien-cz-sk.at\/de\/wp-json\/wp\/v2\/pages\/1006"}],"collection":[{"href":"https:\/\/wien-cz-sk.at\/de\/wp-json\/wp\/v2\/pages"}],"about":[{"href":"https:\/\/wien-cz-sk.at\/de\/wp-json\/wp\/v2\/types\/page"}],"author":[{"embeddable":true,"href":"https:\/\/wien-cz-sk.at\/de\/wp-json\/wp\/v2\/users\/1"}],"replies":[{"embeddable":true,"href":"https:\/\/wien-cz-sk.at\/de\/wp-json\/wp\/v2\/comments?post=1006"}],"version-history":[{"count":8,"href":"https:\/\/wien-cz-sk.at\/de\/wp-json\/wp\/v2\/pages\/1006\/revisions"}],"predecessor-version":[{"id":1099,"href":"https:\/\/wien-cz-sk.at\/de\/wp-json\/wp\/v2\/pages\/1006\/revisions\/1099"}],"wp:attachment":[{"href":"https:\/\/wien-cz-sk.at\/de\/wp-json\/wp\/v2\/media?parent=1006"}],"curies":[{"name":"wp","href":"https:\/\/api.w.org\/{rel}","templated":true}]}}