{"id":1082,"date":"2022-09-27T14:40:33","date_gmt":"2022-09-27T14:40:33","guid":{"rendered":"https:\/\/wien-cz-sk.at\/?page_id=1082"},"modified":"2022-10-05T10:28:14","modified_gmt":"2022-10-05T10:28:14","slug":"oslava-ve-schweizerhausu-2","status":"publish","type":"page","link":"https:\/\/wien-cz-sk.at\/de\/oslava-ve-schweizerhausu-2","title":{"rendered":"Feier im Schweizerhaus"},"content":{"rendered":"<p>[et_pb_section fb_built=&#8220;1&#8243; _builder_version=&#8220;4.9.3&#8243; _module_preset=&#8220;default&#8220; background_image=&#8220;http:\/\/wien-cz-sk.at\/wp-content\/uploads\/2022\/01\/background.png&#8220; custom_padding=&#8220;||0px|||&#8220;][et_pb_row _builder_version=&#8220;4.9.3&#8243; _module_preset=&#8220;default&#8220; custom_padding=&#8220;0px|||||&#8220;][et_pb_column type=&#8220;4_4&#8243; _builder_version=&#8220;4.9.3&#8243; _module_preset=&#8220;default&#8220;][et_pb_text _builder_version=&#8220;4.9.3&#8243; _module_preset=&#8220;default&#8220; background_layout=&#8220;dark&#8220;]<\/p>\n<h1 style=\"text-align: center;\"><strong>FEIER IM SCHWEIZERHAUS<\/strong><\/h1>\n<p>[\/et_pb_text][\/et_pb_column][\/et_pb_row][et_pb_row _builder_version=&#8220;4.9.3&#8243; _module_preset=&#8220;default&#8220;][et_pb_column type=&#8220;4_4&#8243; _builder_version=&#8220;4.9.3&#8243; _module_preset=&#8220;default&#8220;][et_pb_text _builder_version=&#8220;4.9.3&#8243; _module_preset=&#8220;default&#8220; background_layout=&#8220;dark&#8220;]<\/p>\n<h3 style=\"text-align: center;\"><strong>26. September 2022\u00a0<\/strong><\/h3>\n<p>[\/et_pb_text][\/et_pb_column][\/et_pb_row][\/et_pb_section][et_pb_section fb_built=&#8220;1&#8243; _builder_version=&#8220;4.9.3&#8243; _module_preset=&#8220;default&#8220; custom_padding=&#8220;25px|||||&#8220;][et_pb_row _builder_version=&#8220;4.9.3&#8243; _module_preset=&#8220;default&#8220; custom_padding=&#8220;0px|||||&#8220;][et_pb_column type=&#8220;4_4&#8243; _builder_version=&#8220;4.9.3&#8243; _module_preset=&#8220;default&#8220;][et_pb_text _builder_version=&#8220;4.9.3&#8243; _module_preset=&#8220;default&#8220;]<\/p>\n<h3 style=\"text-align: center;\"><strong>Veranstalter<\/strong><\/h3>\n<h5 style=\"text-align: center;\">Schulverein Komensk\u00fd<\/h5>\n<p>[\/et_pb_text][\/et_pb_column][\/et_pb_row][et_pb_row column_structure=&#8220;1_3,2_3&#8243; _builder_version=&#8220;4.9.3&#8243; _module_preset=&#8220;default&#8220; width=&#8220;78.9%&#8220; custom_margin=&#8220;-24px|auto||auto||&#8220;][et_pb_column type=&#8220;1_3&#8243; _builder_version=&#8220;4.9.3&#8243; _module_preset=&#8220;default&#8220;][et_pb_text _builder_version=&#8220;4.9.3&#8243; _module_preset=&#8220;default&#8220;]<\/p>\n<h3 id=\"wnd_TextBlock_483074_inner_0\" class=\"wnd-align-right\" data-wnd_is_separable=\"1\" data-wnd_separable_index=\"0\" data-wnd_separable_id=\"wnd_TextBlock_483074\"><strong>ORT<\/strong><\/h3>\n<div class=\"wnd-align-right\">Schweizerhaus, Prater 121<\/div>\n<div class=\"wnd-align-right\">1020 Wien<\/div>\n<div class=\"wnd-align-right\"><\/div>\n<h3 id=\"wnd_TextBlock_483074_inner_2\" class=\"wnd-align-right\" data-wnd_is_separable=\"1\" data-wnd_separable_index=\"2\" data-wnd_separable_id=\"wnd_TextBlock_483074\"><span class=\"wnd-font-size-70\"><strong>DATUM<\/strong><\/span><\/h3>\n<p id=\"wnd_TextBlock_483074_inner_3\" class=\"wnd-align-right\" data-wnd_is_separable=\"1\" data-wnd_separable_index=\"3\" data-wnd_separable_id=\"wnd_TextBlock_483074\">26. 09. 2022<\/p>\n<h3 id=\"wnd_TextBlock_483074_inner_4\" class=\"wnd-align-right\" data-wnd_is_separable=\"1\" data-wnd_separable_index=\"4\" data-wnd_separable_id=\"wnd_TextBlock_483074\"><strong>BEGINN\u00a0<\/strong><\/h3>\n<p id=\"wnd_TextBlock_483074_inner_5\" class=\"wnd-align-right\" data-wnd_is_separable=\"1\" data-wnd_separable_index=\"5\" data-wnd_separable_id=\"wnd_TextBlock_483074\">11:30<\/p>\n<h3 class=\"wnd-align-right\" data-wnd_is_separable=\"1\" data-wnd_separable_index=\"11\" data-wnd_separable_id=\"wnd_TextBlock_483074\"><strong>PARTNER<\/strong><\/h3>\n<p><strong><img decoding=\"async\" loading=\"lazy\" class=\"wp-image-13 alignnone size-medium\" src=\"http:\/\/wien-cz-sk.at\/wp-content\/uploads\/2022\/01\/cropped-logo_150let_nove2022-300x137.png\" alt=\"\" width=\"241\" height=\"110\" srcset=\"https:\/\/wien-cz-sk.at\/wp-content\/uploads\/2022\/01\/cropped-logo_150let_nove2022-300x137.png 300w, https:\/\/wien-cz-sk.at\/wp-content\/uploads\/2022\/01\/cropped-logo_150let_nove2022-517x235.png 517w, https:\/\/wien-cz-sk.at\/wp-content\/uploads\/2022\/01\/cropped-logo_150let_nove2022.png 671w\" sizes=\"(max-width: 241px) 100vw, 241px\" \/><\/strong>[\/et_pb_text][\/et_pb_column][et_pb_column type=&#8220;2_3&#8243; _builder_version=&#8220;4.9.3&#8243; _module_preset=&#8220;default&#8220;][et_pb_video src=&#8220;https:\/\/www.youtube.com\/watch?v=2EzJTxjlMxg&#8220; image_src=&#8220;https:\/\/wien-cz-sk.at\/wp-content\/uploads\/2022\/09\/9CFFB749-CEA9-4F45-8F4A-A839697F909C-scaled.jpeg&#8220; _builder_version=&#8220;4.9.3&#8243; _module_preset=&#8220;default&#8220;][\/et_pb_video][\/et_pb_column][\/et_pb_row][et_pb_row _builder_version=&#8220;4.9.3&#8243; _module_preset=&#8220;default&#8220;][et_pb_column type=&#8220;4_4&#8243; _builder_version=&#8220;4.9.3&#8243; _module_preset=&#8220;default&#8220;][et_pb_text _builder_version=&#8220;4.9.3&#8243; _module_preset=&#8220;default&#8220; hover_enabled=&#8220;0&#8243; sticky_enabled=&#8220;0&#8243;]<\/p>\n<h3>Men\u0161iny jsou pro n\u00e1s mostem<\/h3>\n<p><strong>Alexander Van der Bellen nav\u0161t\u00edvil oslavu Jubilejn\u00edho roku \u010cech\u016f a Slov\u00e1k\u016f<\/strong><\/p>\n<p>&nbsp;<\/p>\n<p>Na oslavu jubilea \u0160kolsk\u00e9ho spolku Komensk\u00fd, kter\u00fd byl ve V\u00eddni zalo\u017een u\u017e v roce 1872, dorazil velmi vz\u00e1cn\u00fd host. Rakousk\u00fd spolkov\u00fd prezident si na\u0161el \u010das a 26. z\u00e1\u0159\u00ed p\u0159i\u0161el pozdravit z\u00e1stupce \u010desk\u00e9 a slovensk\u00e9 men\u0161iny, kte\u0159\u00ed spole\u010dn\u011b slavili v\u00fdro\u010d\u00ed zalo\u017een\u00ed \u010desk\u00e9 \u0161koly ve V\u00eddni v jin\u00e9 zaslou\u017eil\u00e9 v\u00edde\u0148sk\u00e9 instituci \u2013 v hostinci Schweizerhaus ve v\u00edde\u0148sk\u00e9m Pr\u00e1tru.<\/p>\n<p>&nbsp;<\/p>\n<p>\u201eS\u00e1m bych r\u00e1d chodil do takov\u00e9to \u0161koly,\u201c \u0159ekl s pohledem a \u00fasm\u011bvem sm\u011brem ke \u0161koln\u00edmu orchestru Komensk\u00fd rakousk\u00fd spolkov\u00fd prezident Alexander Van der Bellen, kdy\u017e p\u0159eb\u00edral slovo od starosty \u0161kolsk\u00e9ho spolku Komensk\u00fd Karla Hanzla. A sm\u011brem k publiku pokra\u010doval: \u201eB\u011bhem t\u011bchto 150 let nav\u0161t\u011bvovalo \u0161koly spolku Komensk\u00fd od \u0161kolky a\u017e po maturitu i n\u011bkolik n\u00e1m dob\u0159e zn\u00e1m\u00fdch osobnost\u00ed. Absolvoval zde i Karel Schwarzenberg, kter\u00e9ho osobn\u011b dob\u0159e zn\u00e1m, matka V\u00e1clava Havla nebo nap\u0159\u00edklad Ferdinand Lacina, podle m\u00e9ho n\u00e1zoru jeden z nejlep\u0161\u00edch rakousk\u00fdch ministr\u016f financ\u00ed v d\u011bjin\u00e1ch.\u201c<\/p>\n<p>\u201eDnes je \u0161koln\u00ed nab\u00eddka v\u00fduky modern\u011bj\u0161\u00ed a \u017eiv\u011bj\u0161\u00ed ne\u017e kdy d\u0159\u00edv. Je hezk\u00e9, \u017ee se tady dnes potk\u00e1vaj\u00ed z\u00e1stupci v\u0161ech \u0161est rakousk\u00fdch autochtonn\u00edch men\u0161in, aby toto velk\u00e9 jubileum oslavili spole\u010dn\u011b. S\u00e1m jsem nepo\u010d\u00edtal s t\u00edm, \u017ee p\u0159ijde tolik lid\u00ed, jsem velmi p\u0159\u00edjemn\u011b p\u0159ekvapen,\u201c komentoval \u00fa\u010dast osmi set host\u016f spolkov\u00fd prezident. Z toho bylo ale na p\u011bt set d\u011bt\u00ed z mate\u0159sk\u00e9 a z\u00e1kladn\u00ed \u0161koly a gymn\u00e1zia Komensk\u00fd. \u201eV\u0161ech \u0161est autochtonn\u00edch n\u00e1rodnostn\u00edch skupin je svou kulturou a specifickou \u0159e\u010d\u00ed d\u016fle\u017eitou sou\u010d\u00e1st\u00ed rakousk\u00e9 identity,\u201c zd\u016fraznil prezident Van der Bellen.<\/p>\n<p>\u201eNejsp\u00ed\u0161 v\u00edte, \u017ee se c\u00edt\u00edm b\u00fdt Tyrolanem,\u201c pokra\u010doval prezident. \u201eVid\u00edm to tak, \u017ee men\u0161iny jsou mostem mezi n\u00e1mi a na\u0161imi jednotliv\u00fdmi sousedy. Kdy\u017e m\u00e1m p\u0159ed o\u010dima d\u011bjiny Tyrolska, a p\u0159edev\u0161\u00edm Ji\u017en\u00edho Tyrolska, jsou pro m\u011b men\u0161iny a n\u00e1rodnostn\u00ed skupiny ne n\u011bjak\u00fdm form\u00e1ln\u00edm a politick\u00fdm pojmem, ale p\u0159\u00edmo srde\u010dn\u00ed z\u00e1le\u017eitost\u00ed. Na v\u0161ech bilingv\u00e1ln\u00edch \u0161kol\u00e1ch se dom\u00e1c\u00ed d\u011bti a d\u011bti rodi\u010d\u016f ze sousedn\u00edch zem\u00ed potk\u00e1vaj\u00ed, vyr\u016fstaj\u00ed spolu, respektive vedle sebe a u\u010d\u00ed se od sebe navz\u00e1jem. A p\u0159esn\u011b tak to m\u00e1 b\u00fdt.\u201c<\/p>\n<p>\u201eP\u0159ed n\u011bkolika m\u00e1lo dny jsem m\u011bl mo\u017enost v centr\u00e1le OSN v New Yorku vystoupit s projevem na t\u00e9ma ochrany n\u00e1rodnostn\u00edch men\u0161in. Co se t\u00fd\u010de zachov\u00e1n\u00ed pr\u00e1va n\u00e1rodnostn\u00edch men\u0161in je samoz\u0159ejm\u011b to \u00fapln\u011b nejd\u016fle\u017eit\u011bj\u0161\u00ed pr\u00e1vo na zachov\u00e1n\u00ed jazyka. Na podporu mate\u0159sk\u00e9ho jazyka. Moje sestra byla je\u0161t\u011b vychov\u00e1na trojjazy\u010dn\u011b \u2013 j\u00e1 u\u017e jen dvojjazy\u010dn\u011b: spisovnou n\u011bm\u010dinou a n\u00e1\u0159e\u010d\u00edm z kauerntalsk\u00e9ho \u00fadol\u00ed. Kdo mi nev\u011b\u0159\u00ed, \u017ee je to skoro samostatn\u00e1 \u0159e\u010d, a\u0165 se tam jede pod\u00edvat a m\u016f\u017ee mi \u0159\u00edct, kolik toho rozum\u011bl,\u201c vtipkoval spolkov\u00fd prezident. A zakon\u010dil svou \u0159e\u010d srde\u010dnou gratulac\u00ed \u0161kolsk\u00e9mu spolku Komensk\u00fd ke stopades\u00e1tilet\u00e9mu jubileu.<\/p>\n<p>&nbsp;<\/p>\n<p><strong>Ot\u00e1zka financov\u00e1n\u00ed \u0161kolsk\u00e9ho spolku<\/strong><\/p>\n<p>Po Alexandru Van der Bellenovi a jeho uji\u0161t\u011bn\u00ed o tom, \u017ee pr\u00e1vo na z\u00e1kladn\u00ed vzd\u011bl\u00e1n\u00ed ve vlastn\u00edm men\u0161inov\u00e9m jazyce je zaneseno v rakousk\u00e9 st\u00e1tn\u00ed smlouv\u011b, vystoupil je\u0161t\u011b Martin Ivancsics jako mluv\u010d\u00ed konference p\u0159edsed\u016f poradn\u00edch sbor\u016f pro men\u0161iny p\u0159i rakousk\u00e9m spolkov\u00e9m kancl\u00e9\u0159stv\u00ed a z\u00e1rove\u0148 z\u00e1stupce burgenlandsk\u00fdch Chorvat\u016f. Ivancsics p\u0159ipomn\u011bl ve sv\u00e9m projevu ambici prosadit zm\u011bnu financov\u00e1n\u00ed \u0161kol Komensk\u00fd. \u201eMoje d\u011bti nemus\u00ed jako Chorvati platit v Rakousku za mo\u017enost absolvovat \u0161koln\u00ed doch\u00e1zku v mate\u0159sk\u00e9m jazyce, ale \u010desk\u00e9 d\u011bti mus\u00ed. Nep\u0159estaneme, dokud n\u00e1m nebude d\u00e1no za pravdu,\u201c \u0159ekl d\u016frazn\u00fdm t\u00f3nem mluv\u010d\u00ed konference p\u0159edsed\u016f poradn\u00edch sbor\u016f Martin Ivancsics.<\/p>\n<p>\u201eJe to na\u0161e \u0161ance na obohacen\u00ed, a pr\u00e1v\u011b \u0161kolsk\u00fd spolek Komensk\u00fd se sv\u00fdmi n\u011bkolika tis\u00edci absolventy, kte\u0159\u00ed se stali d\u016fle\u017eitou sou\u010d\u00e1st\u00ed na\u0161\u00ed spole\u010dnosti, jsou toho p\u0159\u00edkladem. Za v\u0161echny jmenujme t\u0159eba Peko Baxanta, kter\u00fd pro\u0161el vzd\u011bl\u00e1v\u00e1n\u00edm na \u0161kole Komensk\u00fd a nyn\u00ed je aktivn\u00ed v nejvy\u0161\u0161\u00ed rakousk\u00e9 politice, p\u0159itom do Rakouska se svou rodinou utekl,\u201c \u0159ekl prezident v\u00edde\u0148sk\u00e9ho zemsk\u00e9ho sn\u011bmu Ernst Woller a dal\u0161\u00ed \u010destn\u00fd host p\u0159i sv\u00e9m projevu.<\/p>\n<p>\u201eJsem r\u00e1d, \u017ee jedna z m\u00fdch prvn\u00edch akc\u00ed tady v Rakousku se kon\u00e1 na \u201eneofici\u00e1ln\u00edm\u201c velvyslanectv\u00ed \u010cesk\u00e9 republiky v hostinci Schweizerhaus,\u201c rozesm\u00e1l p\u0159\u00edtomn\u00e9 velvyslanec \u010cR v Rakousku Ji\u0159\u00ed \u0160itler. \u201eD\u011bkuji panu spolkov\u00e9mu prezidentovi za jeho osobn\u00ed projev a za zm\u00ednku d\u016fle\u017eitosti men\u0161in na p\u016fd\u011b OSN,\u201c zm\u00ednil je\u0161t\u011b velvyslanec \u0160itler. Na slavnostn\u00ed ob\u011bd do v\u00edde\u0148sk\u00e9ho Pr\u00e1tru p\u0159ijel i n\u00e1m\u011bstek hejtmana Jihomoravsk\u00e9ho kraje Ji\u0159\u00ed Nantl a p\u0159ipomn\u011bl, \u017ee Jihomoravsk\u00fd kraj je hrd\u00fd na to, \u017ee m\u016f\u017ee b\u00fdt partnerem \u0161kolsk\u00e9ho spolku Komensk\u00fd.<\/p>\n<p>&nbsp;<\/p>\n<p><strong>Pod\u011bkov\u00e1n\u00ed rodi\u010d\u016fm<\/strong><\/p>\n<p>\u201eM\u00e1me za sebou 150 let ustavi\u010dn\u00e9ho sh\u00e1n\u011bn\u00ed pen\u011bz na jedn\u00e9 stran\u011b a neust\u00e1l\u00e9ho p\u0159esv\u011bd\u010dov\u00e1n\u00ed rodi\u010d\u016f, aby sv\u00e9 d\u011bti pos\u00edlali k n\u00e1m. \u0160kola v\u017edy \u010delila obrovsk\u00e9 konkurenci ve velkom\u011bst\u011b, a proto se musela sna\u017eit b\u00fdt lep\u0161\u00ed ne\u017e srovnateln\u00e9 \u0161koly ve V\u00eddni. P\u0159ed 30 lety jsme nevid\u011bli jin\u00e9 \u0159e\u0161en\u00ed, museli jsme zav\u00e9st \u0161koln\u00e9. P\u0159es tuto dal\u0161\u00ed p\u0159ek\u00e1\u017eku se n\u00e1m poda\u0159ilo postavit \u0161koly na nov\u00fd z\u00e1klad. Velk\u00e9 pod\u011bkov\u00e1n\u00ed pat\u0159\u00ed rodi\u010d\u016fm za d\u016fv\u011bru, kterou n\u00e1m projevili a projevuj\u00ed,\u201c vyp\u00edchl ve sv\u00e9m projevu roli rodi\u010d\u016f starosta \u0161kolsk\u00e9ho spolku Komensk\u00fd Karel Hanzl. Na\u010de\u017e n\u00e1sledoval dlouh\u00fd potlesk.<\/p>\n<p>\u201eJubilejn\u00ed rok v\u00edde\u0148sk\u00fdch \u010cech\u016f a Slov\u00e1k\u016f m\u016f\u017eeme oslavit jen d\u00edky skv\u011bl\u00e9 spolupr\u00e1ci \u010detn\u00fdch \u010desk\u00fdch a slovensk\u00fdch spolk\u016f ve V\u00eddni. \u0160kolsk\u00fd spolek je a z\u016fst\u00e1v\u00e1 motorem n\u00e1rodnostn\u00edch skupin ve V\u00eddni a p\u0159ich\u00e1z\u00ed s v\u00fdznamn\u00fdmi impulzy t\u00e9m\u011b\u0159 ve v\u0161ech oblastech. V sou\u010dasn\u00e9 dob\u011b intenzivn\u011b pracujeme na slu\u010dov\u00e1n\u00ed archiv\u016f a t\u00edm zachra\u0148ujeme mnoho historick\u00e9ho materi\u00e1lu a v\u011bdomost\u00ed,\u201c dodal Hanzl.<\/p>\n<p>S velk\u00fdm ohlasem se v r\u00e1mci oslavy setkalo zejm\u00e9na vystoupen\u00ed a p\u0159\u00edtomnost rakousk\u00e9ho spolkov\u00e9ho prezidenta Alexandra Van der Bellena, kter\u00fd se ochotn\u011b fotil s d\u011btmi ze \u0161koly Komensk\u00fd i z\u00e1stupci men\u0161inov\u00fdch spolk\u016f. Zvl\u00e1\u0161\u0165 hezk\u00fd byl moment, kdy\u017e prezident nadzvedl a vzal do n\u00e1ru\u010de jedno ze \u0161koln\u00edch d\u011bt\u00ed, aby bylo na spole\u010dn\u00e9 fotce po\u0159\u00e1dn\u011b vid\u011bt. Legend\u00e1rn\u00ed pohostinstv\u00ed Schweizerhaus ve v\u00edde\u0148sk\u00e9m Pr\u00e1tru, pat\u0159\u00edc\u00ed rodin\u011b Kola\u0159\u00edk\u016f \u010desk\u00e9ho p\u016fvodu, spolu se \u0160kolsk\u00fdm spolkem Komensk\u00fd pozvalo v\u0161echny hosty na slavnostn\u00ed ob\u011bd, jeho\u017e sou\u010d\u00e1st\u00ed bylo i proslul\u00e9 vep\u0159ov\u00e9 koleno.<\/p>\n<p>&nbsp;<\/p>\n<p>Tereza Chaloupkov\u00e1<\/p>\n<p>\u010dl\u00e1nek vznikl pro V\u00edde\u0148sk\u00e9 svobodn\u00e9 listy a byl publikov\u00e1n v \u010d\u00edsle 39\/40<\/p>\n<p>[\/et_pb_text][\/et_pb_column][\/et_pb_row][et_pb_row _builder_version=&#8220;4.9.3&#8243; _module_preset=&#8220;default&#8220; custom_padding=&#8220;||0px|||&#8220;][et_pb_column type=&#8220;4_4&#8243; _builder_version=&#8220;4.9.3&#8243; _module_preset=&#8220;default&#8220;][et_pb_text _builder_version=&#8220;4.9.3&#8243; _module_preset=&#8220;default&#8220;]<\/p>\n<h3><strong>FOTOGALERIE<\/strong><\/h3>\n<p>[\/et_pb_text][\/et_pb_column][\/et_pb_row][et_pb_row _builder_version=&#8220;4.9.3&#8243; _module_preset=&#8220;default&#8220;][et_pb_column type=&#8220;4_4&#8243; _builder_version=&#8220;4.9.3&#8243; _module_preset=&#8220;default&#8220;][et_pb_gallery gallery_ids=&#8220;1085,1086,1087,1088,1089,1090,1091,1092,1093,1094&#8243; show_title_and_caption=&#8220;off&#8220; _builder_version=&#8220;4.9.3&#8243; _module_preset=&#8220;default&#8220;][\/et_pb_gallery][\/et_pb_column][\/et_pb_row][\/et_pb_section]<\/p>","protected":false},"excerpt":{"rendered":"<p>[et_pb_section fb_built=&#8220;1&#8243; _builder_version=&#8220;4.9.3&#8243; _module_preset=&#8220;default&#8220; background_image=&#8220;http:\/\/wien-cz-sk.at\/wp-content\/uploads\/2022\/01\/background.png&#8220; custom_padding=&#8220;||0px|||&#8220;][et_pb_row _builder_version=&#8220;4.9.3&#8243; _module_preset=&#8220;default&#8220; custom_padding=&#8220;0px|||||&#8220;][et_pb_column type=&#8220;4_4&#8243; _builder_version=&#8220;4.9.3&#8243; _module_preset=&#8220;default&#8220;][et_pb_text _builder_version=&#8220;4.9.3&#8243; _module_preset=&#8220;default&#8220; background_layout=&#8220;dark&#8220;] OSLAVA VE SCHWEIZERHAUSU [\/et_pb_text][\/et_pb_column][\/et_pb_row][et_pb_row _builder_version=&#8220;4.9.3&#8243; _module_preset=&#8220;default&#8220;][et_pb_column type=&#8220;4_4&#8243; _builder_version=&#8220;4.9.3&#8243; _module_preset=&#8220;default&#8220;][et_pb_text _builder_version=&#8220;4.9.3&#8243; _module_preset=&#8220;default&#8220; background_layout=&#8220;dark&#8220;] 26. z\u00e1\u0159\u00ed 2022\u00a0 [&hellip;]<\/p>","protected":false},"author":1,"featured_media":0,"parent":0,"menu_order":0,"comment_status":"closed","ping_status":"closed","template":"","meta":{"_et_pb_use_builder":"on","_et_pb_old_content":"","_et_gb_content_width":"","om_disable_all_campaigns":false,"_mi_skip_tracking":false},"aioseo_notices":[],"_links":{"self":[{"href":"https:\/\/wien-cz-sk.at\/de\/wp-json\/wp\/v2\/pages\/1082"}],"collection":[{"href":"https:\/\/wien-cz-sk.at\/de\/wp-json\/wp\/v2\/pages"}],"about":[{"href":"https:\/\/wien-cz-sk.at\/de\/wp-json\/wp\/v2\/types\/page"}],"author":[{"embeddable":true,"href":"https:\/\/wien-cz-sk.at\/de\/wp-json\/wp\/v2\/users\/1"}],"replies":[{"embeddable":true,"href":"https:\/\/wien-cz-sk.at\/de\/wp-json\/wp\/v2\/comments?post=1082"}],"version-history":[{"count":9,"href":"https:\/\/wien-cz-sk.at\/de\/wp-json\/wp\/v2\/pages\/1082\/revisions"}],"predecessor-version":[{"id":1124,"href":"https:\/\/wien-cz-sk.at\/de\/wp-json\/wp\/v2\/pages\/1082\/revisions\/1124"}],"wp:attachment":[{"href":"https:\/\/wien-cz-sk.at\/de\/wp-json\/wp\/v2\/media?parent=1082"}],"curies":[{"name":"wp","href":"https:\/\/api.w.org\/{rel}","templated":true}]}}