{"id":110,"date":"2022-01-03T22:08:41","date_gmt":"2022-01-03T22:08:41","guid":{"rendered":"http:\/\/wien-cz-sk.at\/?page_id=110"},"modified":"2022-05-03T06:48:34","modified_gmt":"2022-05-03T06:48:34","slug":"ekumenicka-bohosluzba-v-katedrale-svateho-vita-v-praze","status":"publish","type":"page","link":"https:\/\/wien-cz-sk.at\/de\/ekumenicka-bohosluzba-v-katedrale-svateho-vita-v-praze","title":{"rendered":"Ekumenick\u00e1 bohoslu\u017eba v katedr\u00e1le svat\u00e9ho V\u00edta v Praze"},"content":{"rendered":"<p>[et_pb_section fb_built=&#8220;1&#8243; _builder_version=&#8220;4.9.3&#8243; _module_preset=&#8220;default&#8220; background_image=&#8220;http:\/\/wien-cz-sk.at\/wp-content\/uploads\/2022\/01\/background.png&#8220; custom_padding=&#8220;||0px|||&#8220;][et_pb_row _builder_version=&#8220;4.9.3&#8243; _module_preset=&#8220;default&#8220; custom_padding=&#8220;0px|||||&#8220;][et_pb_column type=&#8220;4_4&#8243; _builder_version=&#8220;4.9.3&#8243; _module_preset=&#8220;default&#8220;][et_pb_text _builder_version=&#8220;4.9.3&#8243; _module_preset=&#8220;default&#8220; background_layout=&#8220;dark&#8220;]<\/p>\n<h1 style=\"text-align: center;\"><strong>\u00d6KUMENISCHER GOTTESDIENST IM ST. VEITS-DOM IN PRAG<\/strong><strong><\/strong><\/h1>\n<p>[\/et_pb_text][\/et_pb_column][\/et_pb_row][et_pb_row _builder_version=&#8220;4.9.3&#8243; _module_preset=&#8220;default&#8220;][et_pb_column type=&#8220;4_4&#8243; _builder_version=&#8220;4.9.3&#8243; _module_preset=&#8220;default&#8220;][et_pb_text _builder_version=&#8220;4.9.3&#8243; _module_preset=&#8220;default&#8220; background_layout=&#8220;dark&#8220;]<\/p>\n<h3 style=\"text-align: center;\"><strong>27. April 2022<\/strong><\/h3>\n<p>[\/et_pb_text][\/et_pb_column][\/et_pb_row][\/et_pb_section][et_pb_section fb_built=&#8220;1&#8243; _builder_version=&#8220;4.9.3&#8243; _module_preset=&#8220;default&#8220; custom_padding=&#8220;25px|||||&#8220;][et_pb_row _builder_version=&#8220;4.9.3&#8243; _module_preset=&#8220;default&#8220; custom_padding=&#8220;0px|||||&#8220;][et_pb_column type=&#8220;4_4&#8243; _builder_version=&#8220;4.9.3&#8243; _module_preset=&#8220;default&#8220;][et_pb_text _builder_version=&#8220;4.9.3&#8243; _module_preset=&#8220;default&#8220;]<\/p>\n<h3 style=\"text-align: center;\"><strong>Ehrenschutz<\/strong><\/h3>\n<h5 style=\"text-align: center;\"><strong><\/strong><span>Dr. Michael Ludwig, B\u00fcrgermeister und Landeshauptmann der Stadt Wien<\/span><\/h5>\n<p>[\/et_pb_text][\/et_pb_column][\/et_pb_row][et_pb_row column_structure=&#8220;1_3,2_3&#8243; _builder_version=&#8220;4.9.3&#8243; _module_preset=&#8220;default&#8220; width=&#8220;78.9%&#8220; custom_margin=&#8220;-24px|auto||auto||&#8220;][et_pb_column type=&#8220;1_3&#8243; _builder_version=&#8220;4.9.3&#8243; _module_preset=&#8220;default&#8220;][et_pb_text _builder_version=&#8220;4.9.3&#8243; _module_preset=&#8220;default&#8220;]<\/p>\n<h3 class=\"wnd-align-right\" id=\"wnd_TextBlock_483074_inner_0\" data-wnd_is_separable=\"1\" data-wnd_separable_index=\"0\" data-wnd_separable_id=\"wnd_TextBlock_483074\"><strong>ORT<\/strong><\/h3>\n<div class=\"wnd-align-right\">St. Veits-Dom<\/div>\n<div class=\"wnd-align-right\"><span>Hradschin, III. Burghof<\/span><\/div>\n<div class=\"wnd-align-right\"><span> 119 01 Prag<\/span><\/div>\n<h3 class=\"wnd-align-right\" id=\"wnd_TextBlock_483074_inner_2\" data-wnd_is_separable=\"1\" data-wnd_separable_index=\"2\" data-wnd_separable_id=\"wnd_TextBlock_483074\"><span class=\"wnd-font-size-70\"><strong>DATUM<\/strong><\/span><\/h3>\n<p class=\"wnd-align-right\" id=\"wnd_TextBlock_483074_inner_3\" data-wnd_is_separable=\"1\" data-wnd_separable_index=\"3\" data-wnd_separable_id=\"wnd_TextBlock_483074\">27. 4. 2022<\/p>\n<h3 class=\"wnd-align-right\" id=\"wnd_TextBlock_483074_inner_4\" data-wnd_is_separable=\"1\" data-wnd_separable_index=\"4\" data-wnd_separable_id=\"wnd_TextBlock_483074\"><span><strong>BEGINN GOTTESDIENST<\/strong><\/span><\/h3>\n<p class=\"wnd-align-right\" id=\"wnd_TextBlock_483074_inner_5\" data-wnd_is_separable=\"1\" data-wnd_separable_index=\"5\" data-wnd_separable_id=\"wnd_TextBlock_483074\">10:00<\/p>\n<h3 class=\"wnd-align-right\" id=\"wnd_TextBlock_483074_inner_6\" data-wnd_is_separable=\"1\" data-wnd_separable_index=\"6\" data-wnd_separable_id=\"wnd_TextBlock_483074\"><span class=\"wnd-font-size-70\"><strong>DOM GE\u00d6FFNET<\/strong><\/span><\/h3>\n<p class=\"wnd-align-right\" id=\"wnd_TextBlock_483074_inner_7\" data-wnd_is_separable=\"1\" data-wnd_separable_index=\"7\" data-wnd_separable_id=\"wnd_TextBlock_483074\">9:30<\/p>\n<h3 class=\"wnd-align-right\" data-wnd_is_separable=\"1\" data-wnd_separable_index=\"11\" data-wnd_separable_id=\"wnd_TextBlock_483074\"><strong>PARTNER<\/strong><\/h3>\n<p><strong><img decoding=\"async\" loading=\"lazy\" src=\"http:\/\/wien-cz-sk.at\/wp-content\/uploads\/2022\/01\/cropped-logo_150let_nove2022-300x137.png\" width=\"241\" height=\"110\" alt=\"\" class=\"wp-image-13 alignnone size-medium\" srcset=\"https:\/\/wien-cz-sk.at\/wp-content\/uploads\/2022\/01\/cropped-logo_150let_nove2022-300x137.png 300w, https:\/\/wien-cz-sk.at\/wp-content\/uploads\/2022\/01\/cropped-logo_150let_nove2022-517x235.png 517w, https:\/\/wien-cz-sk.at\/wp-content\/uploads\/2022\/01\/cropped-logo_150let_nove2022.png 671w\" sizes=\"(max-width: 241px) 100vw, 241px\" \/><\/strong><\/p>\n<p>[\/et_pb_text][\/et_pb_column][et_pb_column type=&#8220;2_3&#8243; _builder_version=&#8220;4.9.3&#8243; _module_preset=&#8220;default&#8220;][et_pb_image src=&#8220;http:\/\/wien-cz-sk.at\/wp-content\/uploads\/2022\/01\/1745809-1666096-f201309030854801_0.jpeg&#8220; title_text=&#8220;1745809-1666096-f201309030854801_0&#8243; src_tablet=&#8220;&#8220; src_phone=&#8220;&#8220; src_last_edited=&#8220;on|phone&#8220; _builder_version=&#8220;4.9.3&#8243; _module_preset=&#8220;default&#8220; custom_margin=&#8220;-5px|||||&#8220; custom_padding=&#8220;8px|||||&#8220;][\/et_pb_image][et_pb_text _builder_version=&#8220;4.9.3&#8243; _module_preset=&#8220;default&#8220; custom_margin=&#8220;-4px|||||&#8220; hover_enabled=&#8220;0&#8243; sticky_enabled=&#8220;0&#8243;]<\/p>\n<h3 id=\"wnd_TextBlock_26143_inner_0\" data-wnd_is_separable=\"1\" data-wnd_separable_index=\"0\" data-wnd_separable_id=\"wnd_TextBlock_26143\"><strong>INFORMATIONEN\u00a0<\/strong><\/h3>\n<p>Vom Herzen Wiens ins Herz von Prag<\/p>\n<p>Im Rahmen des Jubil\u00e4umsjahres der Wiener Tschechen und Slowaken besuchten Sch\u00fclerInnen, LehrerInnen und Eltern den Senat des tschechischen Parlaments sowie den St. Veits-Dom in Prag<\/p>\n<p>Stellen Sie sich drei Hundert Menschen vor \u2013 kleine, gro\u00dfe, organisationserprobte und nerv\u00f6se, wie sie vor sechs Uhr morgens auf dem Wiener Hauptbahnhof zusammenkommen. Jeder bekommt eine Akkreditierung auf einem Halsband, auch Lanyard genannt, h\u00e4ngt es sich um, und die meisten verlieren es tats\u00e4chlich nicht. Sie melden sich zu den vorher festgelegten Gruppen, die Letzten treffen ein und wir machen uns auf den Weg zum richtigen Gleis. Die Rolltreppe entpuppt sich als Engstelle \u2013 wird der Zug nicht l\u00e4ngst weg sein, bis 300 Leute mit Koffern hinaufgefahren sind? Wir bew\u00e4ltigen noch eine Angstsituation, nachdem es die Bahngesellschaft verabs\u00e4umt hatte, einen f\u00fcr uns vorgesehenen Waggon aufzusperren, und 30 Menschen bis kurz vor Abfahrt auf dem Bahnsteig stehen. Gemeistert, wir kommen in Prag an. Der n\u00e4chste Flaschenhals ist das Hotel in Prag, das durch eine einzige Dreht\u00fcr zu erreichen ist, und es gibt 300 Sch\u00fclerInnen, LehrerInnen und Eltern unterzubringen, bevor wir zum n\u00e4chsten Programmpunkt aufbrechen. Das Check-In funktioniert erstaunlich gut und schnell und wir kommen rechtzeitig im Senat des Parlaments der Tschechischen Republik an. Unser offizieller Gastgeber Tom\u00e1\u0161 Czernin (\u00fcbrigens Gast des Gespr\u00e4chsabends Na kus \u0159e\u010di, der am 14. Mai von V\u00edde\u0148sk\u00e9 svobodn\u00e9 listy in Wien veranstaltet wird) ist der Vorsitzende der St\u00e4ndigen Kommission f\u00fcr AuslandstschechInnen und hei\u00dft uns im wundersch\u00f6nen Barockgarten des Wallenstein-Palais willkommen, nachdem das Parlamentsgeb\u00e4ude \u00fcber keinen Saal verf\u00fcgt, der f\u00fcr unsere 300k\u00f6pfige Delegation gro\u00df genug gewesen w\u00e4re. An dem Nachmittagsempfang nahm die \u00f6sterreichische Botschafterin in Prag, stellvertretende Minister f\u00fcr Unterricht und Ausw\u00e4rtiges, der Vorsitzende sowie VertreterInnen des Tschechoslowakischen Auslandsinstituts in Prag sowie die Direktorin des Nationalen p\u00e4dagogischen Museums und Bibliothek Jan Amos Komensk\u00fds teil. Alle FestrednerInnen betonten die herausragende Bedeutung des Schulvereins Komensk\u00fd nicht nur f\u00fcr \u00d6sterreich, sondern in weltweiter Dimension: Wien und die kroatische Stadt Daruvar sind die einzigen zwei Orte auf der Welt, wo man die Schullaufbahn vom Kindergarten bis zur Reifepr\u00fcfung auf Tschechisch absolvieren kann. In seiner Rede appellierte Karl Hanzl, Obmann des Schulvereins Komensk\u00fd, an alle Spender und F\u00f6rderer des Schulvereins und sprach einen Wunsch aus, den man als Mission verstehen kann: die Kinder und Jugendlichen, die hier und jetzt in der Sala Terrena des Prager Wallenstein-Palais Freude und das Gef\u00fchl der Zugeh\u00f6rigkeit erleben, m\u00f6gen eines Tages ihren Kindern dasselbe Erlebnis g\u00f6nnen und sich deshalb f\u00fcr den Kindergarten, die Volksschule oder das Gymnasium Komensk\u00fd in Wien entscheiden.\nWas w\u00e4re es f\u00fcr eine Feier ohne den Schulchor und das Schulorchester Komensk\u00fd! Ohne ihren sch\u00f6nen musikalischen Vortrag voller ansteckender Freude h\u00e4tten die Kinder aus dem Kindergarten und der Volksschule wohl kaum allen Reden bis zum Ende gelauscht. Yvona Friedlov\u00e1, Christa Cernajsek und Johannes Langer kamen \u00fcberein, dass sich die Leistung von Mal zu Mal steigert, was gleich am n\u00e4chsten Tag im Prager Sankt Veits-Dom best\u00e4tigt wurde: Das Orchester und der Chor gl\u00e4nzten mit ihrem Auftritt. Ihre musikalische Darbietung war jenes Bindeglied, das aus dem \u00f6kumenischen Gottesdienst ein geistliches und feierliches Erlebnis mit all der jugendlichen Begeisterung und Freude an der Harmonie machte, obwohl der Chor den ganzen Gottesdienst sowie den anschlie\u00dfenden Vortrag \u00fcber die Geschichte des St. Veits-Domes stehend absolvieren musste, da wir die Bestuhlung des Domes bis zum letzten St\u00fcck aufgebraucht hatten. Auf dem R\u00fcckweg haben wir erfragt, was von den TeilnehmerInnen als gelungen empfunden wurde und was man beim n\u00e4chsten Mal verbessern kann; quer durch alle Jahrg\u00e4nge kamen positive bis begeisterte R\u00fcckmeldungen, und die Kinder beklagten sich, dass sie schon nach Hause m\u00fcssen. Die Reise und der Aufenthalt wurde f\u00fcr Schul- und Kindergartenkinder, begleitende Eltern und LehrerInnen vom Schulverein Komensk\u00fd finanziert. Fotos und Videos unter http:\/\/wien-cz-sk.at\/de\/videa_foto<\/p>\n<p>&nbsp;<\/p>\n<p id=\"wnd_TextBlock_35068_inner_1\" data-wnd_is_separable=\"1\" data-wnd_separable_index=\"1\" data-wnd_separable_id=\"wnd_TextBlock_35068\">\n<p>[\/et_pb_text][\/et_pb_column][\/et_pb_row][et_pb_row _builder_version=&#8220;4.9.3&#8243; _module_preset=&#8220;default&#8220; min_height=&#8220;19px&#8220;][et_pb_column type=&#8220;4_4&#8243; _builder_version=&#8220;4.9.3&#8243; _module_preset=&#8220;default&#8220;][et_pb_text _builder_version=&#8220;4.9.3&#8243; _module_preset=&#8220;default&#8220; min_height=&#8220;6px&#8220;]<\/p>\n<h3><strong>FOTOS AUS DEM SENAT DES TSCHECHISCHEN PARLAMENTS<\/strong><\/h3>\n<p>[\/et_pb_text][\/et_pb_column][\/et_pb_row][et_pb_row _builder_version=&#8220;4.9.3&#8243; _module_preset=&#8220;default&#8220; min_height=&#8220;19px&#8220;][et_pb_column type=&#8220;4_4&#8243; _builder_version=&#8220;4.9.3&#8243; _module_preset=&#8220;default&#8220;][\/et_pb_column][\/et_pb_row][et_pb_row _builder_version=&#8220;4.9.3&#8243; _module_preset=&#8220;default&#8220; min_height=&#8220;271.5px&#8220;][et_pb_column type=&#8220;4_4&#8243; _builder_version=&#8220;4.9.3&#8243; _module_preset=&#8220;default&#8220;][et_pb_gallery gallery_ids=&#8220;793,786,780,779,781,777,782,778,783,784,785,787,788,789,790,791,792,794,795,796&#8243; show_title_and_caption=&#8220;off&#8220; _builder_version=&#8220;4.9.3&#8243; _module_preset=&#8220;default&#8220; min_height=&#8220;158.5px&#8220;][\/et_pb_gallery][et_pb_text _builder_version=&#8220;4.9.3&#8243; _module_preset=&#8220;default&#8220; min_height=&#8220;6px&#8220;]<\/p>\n<h3><strong>FOTOGALERIE DES \u00d6KUMENISCHEN GOTTESDIENSTES IM ST. VEITS-DOM<\/strong><\/h3>\n<p>[\/et_pb_text][et_pb_gallery gallery_ids=&#8220;801,806,798,807,799,800,802,803,804,805&#8243; show_title_and_caption=&#8220;off&#8220; _builder_version=&#8220;4.9.3&#8243; _module_preset=&#8220;default&#8220; min_height=&#8220;158.5px&#8220;][\/et_pb_gallery][\/et_pb_column][\/et_pb_row][\/et_pb_section]<\/p>","protected":false},"excerpt":{"rendered":"<p>[et_pb_section fb_built=&#8220;1&#8243; _builder_version=&#8220;4.9.3&#8243; _module_preset=&#8220;default&#8220; background_image=&#8220;http:\/\/wien-cz-sk.at\/wp-content\/uploads\/2022\/01\/background.png&#8220; custom_padding=&#8220;||0px|||&#8220;][et_pb_row _builder_version=&#8220;4.9.3&#8243; _module_preset=&#8220;default&#8220; custom_padding=&#8220;0px|||||&#8220;][et_pb_column type=&#8220;4_4&#8243; _builder_version=&#8220;4.9.3&#8243; _module_preset=&#8220;default&#8220;][et_pb_text _builder_version=&#8220;4.9.3&#8243; _module_preset=&#8220;default&#8220; background_layout=&#8220;dark&#8220;] EKUMENICK\u00c1 BOHOSLU\u017dBA V KATEDR\u00c1LE SV. V\u00cdTA V PRAZE [\/et_pb_text][\/et_pb_column][\/et_pb_row][et_pb_row _builder_version=&#8220;4.9.3&#8243; _module_preset=&#8220;default&#8220;][et_pb_column type=&#8220;4_4&#8243; _builder_version=&#8220;4.9.3&#8243; _module_preset=&#8220;default&#8220;][et_pb_text _builder_version=&#8220;4.9.3&#8243; [&hellip;]<\/p>","protected":false},"author":1,"featured_media":0,"parent":0,"menu_order":0,"comment_status":"closed","ping_status":"closed","template":"","meta":{"_et_pb_use_builder":"on","_et_pb_old_content":"","_et_gb_content_width":"","om_disable_all_campaigns":false,"_mi_skip_tracking":false},"aioseo_notices":[],"_links":{"self":[{"href":"https:\/\/wien-cz-sk.at\/de\/wp-json\/wp\/v2\/pages\/110"}],"collection":[{"href":"https:\/\/wien-cz-sk.at\/de\/wp-json\/wp\/v2\/pages"}],"about":[{"href":"https:\/\/wien-cz-sk.at\/de\/wp-json\/wp\/v2\/types\/page"}],"author":[{"embeddable":true,"href":"https:\/\/wien-cz-sk.at\/de\/wp-json\/wp\/v2\/users\/1"}],"replies":[{"embeddable":true,"href":"https:\/\/wien-cz-sk.at\/de\/wp-json\/wp\/v2\/comments?post=110"}],"version-history":[{"count":9,"href":"https:\/\/wien-cz-sk.at\/de\/wp-json\/wp\/v2\/pages\/110\/revisions"}],"predecessor-version":[{"id":818,"href":"https:\/\/wien-cz-sk.at\/de\/wp-json\/wp\/v2\/pages\/110\/revisions\/818"}],"wp:attachment":[{"href":"https:\/\/wien-cz-sk.at\/de\/wp-json\/wp\/v2\/media?parent=110"}],"curies":[{"name":"wp","href":"https:\/\/api.w.org\/{rel}","templated":true}]}}