{"id":1127,"date":"2022-10-06T13:07:38","date_gmt":"2022-10-06T13:07:38","guid":{"rendered":"https:\/\/wien-cz-sk.at\/?page_id=1127"},"modified":"2022-10-06T13:11:04","modified_gmt":"2022-10-06T13:11:04","slug":"2-hudebni-vecer-komornich-pisni-k-pocte-hany-hegerove","status":"publish","type":"page","link":"https:\/\/wien-cz-sk.at\/de\/2-hudebni-vecer-komornich-pisni-k-pocte-hany-hegerove","title":{"rendered":"2. HUDEBN\u00cd VE\u010cER KOMORN\u00cdCH P\u00cdSN\u00cd K POCT\u011a HANY HEGEROV\u00c9"},"content":{"rendered":"<p>[et_pb_section fb_built=&#8220;1&#8243; _builder_version=&#8220;4.9.3&#8243; _module_preset=&#8220;default&#8220; background_image=&#8220;http:\/\/wien-cz-sk.at\/wp-content\/uploads\/2022\/01\/background.png&#8220; custom_padding=&#8220;||0px|||&#8220;][et_pb_row _builder_version=&#8220;4.9.3&#8243; _module_preset=&#8220;default&#8220; custom_padding=&#8220;0px|||||&#8220;][et_pb_column type=&#8220;4_4&#8243; _builder_version=&#8220;4.9.3&#8243; _module_preset=&#8220;default&#8220;][et_pb_text _builder_version=&#8220;4.9.3&#8243; _module_preset=&#8220;default&#8220; background_layout=&#8220;dark&#8220; hover_enabled=&#8220;0&#8243; sticky_enabled=&#8220;0&#8243;]<\/p>\n<h1 style=\"text-align: center;\"><strong>2. HUDEBN\u00cd VE\u010cER KOMORN\u00cdCH P\u00cdSN\u00cd K POCT\u011a HANY HEGEROV\u00c9<\/strong><\/h1>\n<p>[\/et_pb_text][\/et_pb_column][\/et_pb_row][et_pb_row _builder_version=&#8220;4.9.3&#8243; _module_preset=&#8220;default&#8220;][et_pb_column type=&#8220;4_4&#8243; _builder_version=&#8220;4.9.3&#8243; _module_preset=&#8220;default&#8220;][et_pb_text _builder_version=&#8220;4.9.3&#8243; _module_preset=&#8220;default&#8220; background_layout=&#8220;dark&#8220; hover_enabled=&#8220;0&#8243; sticky_enabled=&#8220;0&#8243;]<\/p>\n<h3 style=\"text-align: center;\"><strong>13. \u0159\u00edjna 2022\u00a0<\/strong><\/h3>\n<p>[\/et_pb_text][\/et_pb_column][\/et_pb_row][\/et_pb_section][et_pb_section fb_built=&#8220;1&#8243; _builder_version=&#8220;4.9.3&#8243; _module_preset=&#8220;default&#8220; custom_padding=&#8220;25px|||||&#8220;][et_pb_row _builder_version=&#8220;4.9.3&#8243; _module_preset=&#8220;default&#8220; custom_padding=&#8220;0px|||||&#8220;][et_pb_column type=&#8220;4_4&#8243; _builder_version=&#8220;4.9.3&#8243; _module_preset=&#8220;default&#8220;][et_pb_text _builder_version=&#8220;4.9.3&#8243; _module_preset=&#8220;default&#8220;]<\/p>\n<h3 style=\"text-align: center;\"><strong>Veranstalter<\/strong><\/h3>\n<h5 style=\"text-align: center;\"><strong><\/strong><span>Klub der Freunde der Komensk\u00fd-Schule<\/span><\/h5>\n<p>[\/et_pb_text][\/et_pb_column][\/et_pb_row][et_pb_row column_structure=&#8220;1_3,2_3&#8243; _builder_version=&#8220;4.9.3&#8243; _module_preset=&#8220;default&#8220; width=&#8220;78.9%&#8220; custom_margin=&#8220;-24px|auto||auto||&#8220;][et_pb_column type=&#8220;1_3&#8243; _builder_version=&#8220;4.9.3&#8243; _module_preset=&#8220;default&#8220;][et_pb_text _builder_version=&#8220;4.9.3&#8243; _module_preset=&#8220;default&#8220; hover_enabled=&#8220;0&#8243; sticky_enabled=&#8220;0&#8243;]<\/p>\n<h3 class=\"wnd-align-right\" id=\"wnd_TextBlock_483074_inner_0\" data-wnd_is_separable=\"1\" data-wnd_separable_index=\"0\" data-wnd_separable_id=\"wnd_TextBlock_483074\"><strong>ORT<\/strong><\/h3>\n<div class=\"wnd-align-right\"><span>Sebastianplatz 3, <\/span><\/div>\n<div class=\"wnd-align-right\"><span>1030 Wien<\/span><\/div>\n<div class=\"wnd-align-right\"><span><\/span><\/div>\n<div class=\"wnd-align-right\"><span><\/span><\/div>\n<div class=\"wnd-align-right\"><span><\/span><\/div>\n<h3 class=\"wnd-align-right\" id=\"wnd_TextBlock_483074_inner_2\" data-wnd_is_separable=\"1\" data-wnd_separable_index=\"2\" data-wnd_separable_id=\"wnd_TextBlock_483074\"><span class=\"wnd-font-size-70\"><strong>DATUM<\/strong><\/span><\/h3>\n<p class=\"wnd-align-right\" id=\"wnd_TextBlock_483074_inner_3\" data-wnd_is_separable=\"1\" data-wnd_separable_index=\"3\" data-wnd_separable_id=\"wnd_TextBlock_483074\">13. 10. 2022<\/p>\n<h3 class=\"wnd-align-right\" id=\"wnd_TextBlock_483074_inner_4\" data-wnd_is_separable=\"1\" data-wnd_separable_index=\"4\" data-wnd_separable_id=\"wnd_TextBlock_483074\"><span><strong>BEGINN\u00a0<\/strong><\/span><\/h3>\n<p class=\"wnd-align-right\" id=\"wnd_TextBlock_483074_inner_5\" data-wnd_is_separable=\"1\" data-wnd_separable_index=\"5\" data-wnd_separable_id=\"wnd_TextBlock_483074\">19:00<\/p>\n<p>&nbsp;<\/p>\n<h3 class=\"wnd-align-right\" data-wnd_is_separable=\"1\" data-wnd_separable_index=\"11\" data-wnd_separable_id=\"wnd_TextBlock_483074\"><strong>PARTNER<\/strong><\/h3>\n<p>&nbsp;<\/p>\n<p><strong><img decoding=\"async\" loading=\"lazy\" src=\"http:\/\/wien-cz-sk.at\/wp-content\/uploads\/2022\/01\/cropped-logo_150let_nove2022-300x137.png\" width=\"241\" height=\"110\" alt=\"\" class=\"wp-image-13 alignnone size-medium\" srcset=\"https:\/\/wien-cz-sk.at\/wp-content\/uploads\/2022\/01\/cropped-logo_150let_nove2022-300x137.png 300w, https:\/\/wien-cz-sk.at\/wp-content\/uploads\/2022\/01\/cropped-logo_150let_nove2022-517x235.png 517w, https:\/\/wien-cz-sk.at\/wp-content\/uploads\/2022\/01\/cropped-logo_150let_nove2022.png 671w\" sizes=\"(max-width: 241px) 100vw, 241px\" \/><\/strong><\/p>\n<p>[\/et_pb_text][et_pb_button button_url=&#8220;https:\/\/kontaktforum-cs.at\/&#8220; url_new_window=&#8220;on&#8220; button_text=&#8220;M\u00e1m z\u00e1jem&#8220; button_alignment=&#8220;left&#8220; _builder_version=&#8220;4.9.3&#8243; _module_preset=&#8220;default&#8220;][\/et_pb_button][\/et_pb_column][et_pb_column type=&#8220;2_3&#8243; _builder_version=&#8220;4.9.3&#8243; _module_preset=&#8220;default&#8220;][et_pb_image src=&#8220;https:\/\/wien-cz-sk.at\/wp-content\/uploads\/2022\/10\/thumbnail_image001-3.png&#8220; title_text=&#8220;thumbnail_image001 (3)&#8220; src_tablet=&#8220;&#8220; src_phone=&#8220;&#8220; src_last_edited=&#8220;on|phone&#8220; _builder_version=&#8220;4.9.3&#8243; _module_preset=&#8220;default&#8220; custom_margin=&#8220;-5px|||||&#8220; custom_padding=&#8220;8px|||||&#8220; hover_enabled=&#8220;0&#8243; sticky_enabled=&#8220;0&#8243;][\/et_pb_image][\/et_pb_column][\/et_pb_row][\/et_pb_section]<\/p>","protected":false},"excerpt":{"rendered":"<p>[et_pb_section fb_built=&#8220;1&#8243; _builder_version=&#8220;4.9.3&#8243; _module_preset=&#8220;default&#8220; background_image=&#8220;http:\/\/wien-cz-sk.at\/wp-content\/uploads\/2022\/01\/background.png&#8220; custom_padding=&#8220;||0px|||&#8220;][et_pb_row _builder_version=&#8220;4.9.3&#8243; _module_preset=&#8220;default&#8220; custom_padding=&#8220;0px|||||&#8220;][et_pb_column type=&#8220;4_4&#8243; _builder_version=&#8220;4.9.3&#8243; _module_preset=&#8220;default&#8220;][et_pb_text _builder_version=&#8220;4.9.3&#8243; _module_preset=&#8220;default&#8220; background_layout=&#8220;dark&#8220; hover_enabled=&#8220;0&#8243; sticky_enabled=&#8220;0&#8243;] 2. HUDEBN\u00cd VE\u010cER KOMORN\u00cdCH P\u00cdSN\u00cd K POCT\u011a HANY HEGEROV\u00c9 [\/et_pb_text][\/et_pb_column][\/et_pb_row][et_pb_row _builder_version=&#8220;4.9.3&#8243; _module_preset=&#8220;default&#8220;][et_pb_column type=&#8220;4_4&#8243; [&hellip;]<\/p>","protected":false},"author":1,"featured_media":0,"parent":0,"menu_order":0,"comment_status":"closed","ping_status":"closed","template":"","meta":{"_et_pb_use_builder":"on","_et_pb_old_content":"","_et_gb_content_width":"","om_disable_all_campaigns":false,"_mi_skip_tracking":false},"aioseo_notices":[],"_links":{"self":[{"href":"https:\/\/wien-cz-sk.at\/de\/wp-json\/wp\/v2\/pages\/1127"}],"collection":[{"href":"https:\/\/wien-cz-sk.at\/de\/wp-json\/wp\/v2\/pages"}],"about":[{"href":"https:\/\/wien-cz-sk.at\/de\/wp-json\/wp\/v2\/types\/page"}],"author":[{"embeddable":true,"href":"https:\/\/wien-cz-sk.at\/de\/wp-json\/wp\/v2\/users\/1"}],"replies":[{"embeddable":true,"href":"https:\/\/wien-cz-sk.at\/de\/wp-json\/wp\/v2\/comments?post=1127"}],"version-history":[{"count":3,"href":"https:\/\/wien-cz-sk.at\/de\/wp-json\/wp\/v2\/pages\/1127\/revisions"}],"predecessor-version":[{"id":1131,"href":"https:\/\/wien-cz-sk.at\/de\/wp-json\/wp\/v2\/pages\/1127\/revisions\/1131"}],"wp:attachment":[{"href":"https:\/\/wien-cz-sk.at\/de\/wp-json\/wp\/v2\/media?parent=1127"}],"curies":[{"name":"wp","href":"https:\/\/api.w.org\/{rel}","templated":true}]}}