{"id":1161,"date":"2022-11-11T12:45:49","date_gmt":"2022-11-11T12:45:49","guid":{"rendered":"https:\/\/wien-cz-sk.at\/?page_id=1161"},"modified":"2022-11-11T14:55:30","modified_gmt":"2022-11-11T14:55:30","slug":"autorske-cteni-ceskych-a-slovenskych-literatu-dvojjazycnost","status":"publish","type":"page","link":"https:\/\/wien-cz-sk.at\/de\/autorske-cteni-ceskych-a-slovenskych-literatu-dvojjazycnost","title":{"rendered":"Autorsk\u00e9 \u010dten\u00ed \u010desk\u00fdch a slovensk\u00fdch liter\u00e1t\u016f &#8211; Dvojjazy\u010dnost"},"content":{"rendered":"<p>[et_pb_section fb_built=&#8220;1&#8243; _builder_version=&#8220;4.9.3&#8243; _module_preset=&#8220;default&#8220; background_image=&#8220;http:\/\/wien-cz-sk.at\/wp-content\/uploads\/2022\/01\/background.png&#8220; custom_padding=&#8220;||0px|||&#8220;][et_pb_row _builder_version=&#8220;4.9.3&#8243; _module_preset=&#8220;default&#8220; custom_padding=&#8220;0px|||||&#8220;][et_pb_column type=&#8220;4_4&#8243; _builder_version=&#8220;4.9.3&#8243; _module_preset=&#8220;default&#8220;][et_pb_text _builder_version=&#8220;4.9.3&#8243; _module_preset=&#8220;default&#8220; background_layout=&#8220;dark&#8220;]<\/p>\n<h1 style=\"text-align: center;\"><strong>ZWEISPRACHIGKEIT - IM WERK, IM LEBEN UND IN DEN VERSUCHEN, DIE MISSLUNGEN SIND<\/strong><\/h1>\n<p>[\/et_pb_text][\/et_pb_column][\/et_pb_row][et_pb_row _builder_version=&#8220;4.9.3&#8243; _module_preset=&#8220;default&#8220;][et_pb_column type=&#8220;4_4&#8243; _builder_version=&#8220;4.9.3&#8243; _module_preset=&#8220;default&#8220;][et_pb_text _builder_version=&#8220;4.9.3&#8243; _module_preset=&#8220;default&#8220; background_layout=&#8220;dark&#8220;]<\/p>\n<h3 style=\"text-align: center;\"><strong>29. November 2022\u00a0<\/strong><\/h3>\n<p>[\/et_pb_text][\/et_pb_column][\/et_pb_row][\/et_pb_section][et_pb_section fb_built=&#8220;1&#8243; _builder_version=&#8220;4.9.3&#8243; _module_preset=&#8220;default&#8220; custom_padding=&#8220;25px|||||&#8220;][et_pb_row _builder_version=&#8220;4.9.3&#8243; _module_preset=&#8220;default&#8220; custom_padding=&#8220;0px|||||&#8220;][et_pb_column type=&#8220;4_4&#8243; _builder_version=&#8220;4.9.3&#8243; _module_preset=&#8220;default&#8220;][et_pb_text _builder_version=&#8220;4.9.3&#8243; _module_preset=&#8220;default&#8220; hover_enabled=&#8220;0&#8243; sticky_enabled=&#8220;0&#8243;]<\/p>\n<h3 style=\"text-align: center;\"><strong>Veranstalter<\/strong><\/h3>\n<h5 style=\"text-align: center;\"><strong><\/strong>Tschechisches Zentrum Wien<\/h5>\n<p style=\"text-align: center;\">Schulverein Komensk\u00fd<\/p>\n<p style=\"text-align: center;\">Botschaft der Tschechischen Republik<\/p>\n<p>&nbsp;<\/p>\n<p>[\/et_pb_text][\/et_pb_column][\/et_pb_row][et_pb_row column_structure=&#8220;1_3,2_3&#8243; _builder_version=&#8220;4.9.3&#8243; _module_preset=&#8220;default&#8220; width=&#8220;78.9%&#8220; custom_margin=&#8220;-24px|auto||auto||&#8220;][et_pb_column type=&#8220;1_3&#8243; _builder_version=&#8220;4.9.3&#8243; _module_preset=&#8220;default&#8220;][et_pb_text _builder_version=&#8220;4.9.3&#8243; _module_preset=&#8220;default&#8220;]<\/p>\n<h3 class=\"wnd-align-right\" id=\"wnd_TextBlock_483074_inner_0\" data-wnd_is_separable=\"1\" data-wnd_separable_index=\"0\" data-wnd_separable_id=\"wnd_TextBlock_483074\"><strong>ORT<\/strong><\/h3>\n<div class=\"wnd-align-right\"><span>Tschechisches Zentrum Wien, Herrengasse 17, 1010 Wien<\/span><\/div>\n<h3 class=\"wnd-align-right\" id=\"wnd_TextBlock_483074_inner_2\" data-wnd_is_separable=\"1\" data-wnd_separable_index=\"2\" data-wnd_separable_id=\"wnd_TextBlock_483074\"><span class=\"wnd-font-size-70\"><strong>DATUM<\/strong><\/span><\/h3>\n<p class=\"wnd-align-right\" id=\"wnd_TextBlock_483074_inner_3\" data-wnd_is_separable=\"1\" data-wnd_separable_index=\"3\" data-wnd_separable_id=\"wnd_TextBlock_483074\">29. 11. 2022<\/p>\n<h3 class=\"wnd-align-right\" id=\"wnd_TextBlock_483074_inner_4\" data-wnd_is_separable=\"1\" data-wnd_separable_index=\"4\" data-wnd_separable_id=\"wnd_TextBlock_483074\"><span><strong>BEGINN\u00a0<\/strong><\/span><\/h3>\n<p class=\"wnd-align-right\" id=\"wnd_TextBlock_483074_inner_5\" data-wnd_is_separable=\"1\" data-wnd_separable_index=\"5\" data-wnd_separable_id=\"wnd_TextBlock_483074\">18:30<\/p>\n<h3><strong>ANMELDUNG ZUR VERANSTALTUNG<\/strong><\/h3>\n<p>bis 28.11. \u00fcber e-mail: ccwien@czech.cz<\/p>\n<h3 class=\"wnd-align-right\" data-wnd_is_separable=\"1\" data-wnd_separable_index=\"11\" data-wnd_separable_id=\"wnd_TextBlock_483074\"><\/h3>\n<p>[\/et_pb_text][\/et_pb_column][et_pb_column type=&#8220;2_3&#8243; _builder_version=&#8220;4.9.3&#8243; _module_preset=&#8220;default&#8220;][et_pb_image src=&#8220;https:\/\/wien-cz-sk.at\/wp-content\/uploads\/2022\/11\/Einladung-Zweisprachigkeit-1.jpg&#8220; title_text=&#8220;Einladung Zweisprachigkeit-1&#8243; src_tablet=&#8220;&#8220; src_phone=&#8220;&#8220; src_last_edited=&#8220;on|phone&#8220; _builder_version=&#8220;4.9.3&#8243; _module_preset=&#8220;default&#8220; custom_margin=&#8220;-5px|||||&#8220; custom_padding=&#8220;8px|||||&#8220;][\/et_pb_image][et_pb_text _builder_version=&#8220;4.9.3&#8243; _module_preset=&#8220;default&#8220; custom_margin=&#8220;-4px|||||&#8220;]<\/p>\n<h3 id=\"wnd_TextBlock_26143_inner_0\" data-wnd_is_separable=\"1\" data-wnd_separable_index=\"0\" data-wnd_separable_id=\"wnd_TextBlock_26143\"><strong>INFORMATIONEN<\/strong><\/h3>\n<ul><\/ul>\n<div><\/div>\n<div>\n<div class=\"event-detail__date\"><strong>DI<span>\u00a0<\/span>29. 11. 2022 18:30 <\/strong><span>Tschechisches Zentrum Wien<\/span><\/div>\n<div class=\"event-detail__content\">\n<p class=\"p-intro\">Das Tschechische Zentrum Wien l\u00e4dt alle Interessent*innen zu einem Abend mit dem Thema \u201eZweisprachigkeit \u2013 im Werk, im Leben und in den Versuchen, die misslungen sind\u201c ein. Die Teilnehmenden k\u00f6nnen sich auf Lesungen und Gespr\u00e4che mit in Wien lebenden Autor*innen freuen, die tschechische Wurzeln haben. Die Veranstaltung, die anl\u00e4sslich des \u201eJahres der Wiener Tschechen und Slowaken\u201c organisiert wird, findet in deutscher Sprache statt.<\/p>\n<div class=\"container\">\n<p><b>Moderation: Anatol Vitouch<\/b>: Anatol Vitouch<\/p>\n<h4><b>AUTOR*INNEN:<\/b><\/h4>\n<ul>\n<li><b>Ond\u0159ej Cik\u00e1n<\/b>\u00a0wurde 1985 geboren. Er studierte Latein und Altgriechisch. Er ist als Autor, \u00dcbersetzer und Verleger t\u00e4tig, er schreibt auf Deutsch und auf Tschechisch. Er hat zahlreiche tschechische Klassiker ins Deutsche \u00fcbersetzt, unter anderem das Liebesepos<span>\u00a0<\/span><i>M\u00e1j<\/i><span>\u00a0<\/span>Karl Hynek M\u00e1cha oder<span>\u00a0<\/span><i>Krvav\u00fd rom\u00e1n<\/i><span>\u00a0<\/span>Josef V\u00e1chal. Nezvals<span>\u00a0<\/span><i>Edison<\/i><span>\u00a0<\/span>und<span>\u00a0<\/span><i>Noci<\/i><span>\u00a0<\/span>haben Cik\u00e1n zu eigenen \u201eZonengedichten\u201c inspiriert, die im Band<span>\u00a0<\/span><i>Mein Liebling ist Gew\u00f6lk<\/i>. Seine \u00dcbersetzungen wurden durch \u00f6sterreichische Pr\u00e4mien und tschechische F\u00f6rderungen ausgezeichnet. Sein erster Roman<span>\u00a0<\/span><i>Menandros und Tha\u00efs<\/i>\u00a0 erschien im Jahr 2011 und wurde 2016 abendf\u00fcllend verfilmt.<\/li>\n<li><b>Rhea Kr\u010dm\u00e1\u0159ov\u00e1<span>\u00a0<\/span><\/b>wurde 1975 geboren. Sie ist Autorin und transmediale Textk\u00fcnstlerin. Sie ist Absolventin des Instituts f\u00fcr Sprachkunst an der Uni f\u00fcr Angewandte Kunst. Sie erhielt zahlreiche Preise und Stipendien, u. a. den Literaturpreis Wartholz, das Projektstipendium Literatur des BKA, das Literar-Mechana Jubil\u00e4umsstipendium und die Buchpr\u00e4mie der Stadt Wien f\u00fcr den Erz\u00e4hlband B\u00f6hmen ist der Ozean.<span>\u00a0<\/span><i>B\u00f6hmen ist der Ozean<\/i><span>\u00a0<\/span>Sie ist auch Stipendiatin der wiener wortstaetten und der Theaterbiennale Wiesbaden. Sie schreibt Romane, Erz\u00e4hlungen, Theatertexte, Libretti, Essays und Lyrik (unter anderem auf instagram.com\/rhea_krcmarova) und experimentiert mit transmedialer Kunst \u2013 Video, Stickerei, Performance (u. a. mit dem Visual Arts Duo 4youreye) \u2013 und Buchkunst.<\/li>\n<li><b>Milan R\u00e1\u010dek<\/b><span>\u00a0<\/span>wurde 1943 in Zl\u00edn geboren. Er absolvierte die H\u00f6here technische Lehranstalt f\u00fcr Flugzeugbau in Uhersk\u00e9 Hradi\u0161t\u011b und sp\u00e4ter die Fachschule f\u00fcr Museumskunde im Nationalmuseum Prag. Nach einem einj\u00e4hrigen Aufenthalt an der Biologischen Station Serrahn in Mecklenburg folgten k\u00fcrzere Arbeitsaufenthalte in Olm\u00fctz und \u0160umperk (M\u00e4hrisch Sch\u00f6nberg). Als Folge des Einmarsches der Truppen des Warschauer Paktes in die Tschechoslowakei emigrierte er nach \u00d6sterreich. In Abwesenheit wurde er wegen \u201esubversiver T\u00e4tigkeit\u201c und \u201eunerlaubten Aufenthalt im Ausland\u201c zu 10 Monaten Gef\u00e4ngnis verurteilt. Seit 1969 war er Mitarbeiter des N\u00d6 Landesmuseums in Wien und St. P\u00f6lten. Von 2001 bis 2007 war er als Leiter der Galerie f\u00fcr zeitgen\u00f6ssische Kunst \u201eAusstellungsbr\u00fccke\u201c im Regierungsviertel St. P\u00f6lten t\u00e4tig. Er ist Mitglied des \u00d6sterreichischen P.E.N.-Klubs und der Autorenvereinigung PODIUM. Zuerst verfasste er mehrere Fach- und Sachb\u00fccher, bis er sich zur G\u00e4nze dem belletristischen Schaffen verschrieb. Es wurden bislang 16 B\u00fccher ver\u00f6ffentlicht, davon sechs im Verlag Edition Roesner.<\/li>\n<li><b>Michael Stavari\u010d<\/b><span>\u00a0<\/span>wurde 1972 in Br\u00fcnn geboren Er lebt heute als freier Schriftsteller, \u00dcbersetzer und Dozent in Wien. Er studierte Bohemistik, Publizistik und Kommunikationswissenschaft. Er leitete Literaturseminare an den Universit\u00e4ten Bamberg, Wien, M\u00fcnchen, Prag, Olm\u00fctz, Ostrau, Br\u00fcnn, Braunschweig, W\u00fcrzburg, New York u. a. Er erhielt zahlreiche Preise: das Wissenschaftsbuch des Jahres 2022, den \u00d6sterreichischen Staatspreis f\u00fcr Kinder- und Jugendliteratur, den Hohenemser Literaturpreis, den Literaturpreis Wartholz, den Adelbert-von-Chamisso-Preis u. a.<\/li>\n<li><b>Stanislav Struhar<\/b>\u00a0wurde 1964 in Gottwaldov (heute Zl\u00edn) geboren. Aufgrund der staatlichen Repressionen floh er 1988 mit seiner Frau nach \u00d6sterreich und wurde als Fl\u00fcchtling anerkannt. 1994 erhielt er die \u00f6sterreichische Staatsb\u00fcrgerschaft. Er schreibt Prosa und Lyrik, ver\u00f6ffentlicht seine B\u00fccher in \u00f6sterreichischen und ausl\u00e4ndischen Verlagen; seine Beitr\u00e4ge erscheinen in Literaturzeitschriften, Anthologien, Rundfunk- und Fernsehsendungen. Vergleichende Sprach- und Literaturwissenschaft und Germanistik setzen sich mit seinem Werk auseinander \u2013 eine wissenschaftliche Arbeit an der Monografie \u00fcber sein Leben und Werk wurde durch das Programm AKTION \u00d6sterreich \u2013 Tschechische Republik gef\u00f6rdert. Er erhielt zahlreiche Stipendien, zuletzt das Projektstipendium 2022\/23 des BMKOES. Seit 1989 lebt er mit seiner Familie in Wien.<\/li>\n<\/ul>\n<p>Die Lesungen und Gespr\u00e4che k\u00f6nnen Sie live auf\u00a0<a href=\"https:\/\/www.youtube.com\/user\/ccviden\" target=\"_blank\" rel=\"noopener\">Youtube\u00a0<\/a>und\u00a0<a href=\"https:\/\/www.facebook.com\/TschechischesZentrumWien\" target=\"_blank\" rel=\"noopener\">Facebook<\/a>\u00a0des Tschechischen Zentrums Wien verfolgen.<\/p>\n<\/div>\n<\/div>\n<\/div>\n<p>[\/et_pb_text][\/et_pb_column][\/et_pb_row][et_pb_row _builder_version=&#8220;4.9.3&#8243; _module_preset=&#8220;default&#8220;][et_pb_column type=&#8220;4_4&#8243; _builder_version=&#8220;4.9.3&#8243; _module_preset=&#8220;default&#8220;][\/et_pb_column][\/et_pb_row][\/et_pb_section]<\/p>","protected":false},"excerpt":{"rendered":"<p>[et_pb_section fb_built=&#8220;1&#8243; _builder_version=&#8220;4.9.3&#8243; _module_preset=&#8220;default&#8220; background_image=&#8220;http:\/\/wien-cz-sk.at\/wp-content\/uploads\/2022\/01\/background.png&#8220; custom_padding=&#8220;||0px|||&#8220;][et_pb_row _builder_version=&#8220;4.9.3&#8243; _module_preset=&#8220;default&#8220; custom_padding=&#8220;0px|||||&#8220;][et_pb_column type=&#8220;4_4&#8243; _builder_version=&#8220;4.9.3&#8243; _module_preset=&#8220;default&#8220;][et_pb_text _builder_version=&#8220;4.9.3&#8243; _module_preset=&#8220;default&#8220; background_layout=&#8220;dark&#8220;] DVOJJAZY\u010cNOST &#8211; V D\u00cdLE, V \u017dIVOT\u011a A POKUSECH, KTER\u00c9 SE NEZDA\u0158ILY [\/et_pb_text][\/et_pb_column][\/et_pb_row][et_pb_row _builder_version=&#8220;4.9.3&#8243; _module_preset=&#8220;default&#8220;][et_pb_column type=&#8220;4_4&#8243; [&hellip;]<\/p>","protected":false},"author":1,"featured_media":0,"parent":0,"menu_order":0,"comment_status":"closed","ping_status":"closed","template":"","meta":{"_et_pb_use_builder":"on","_et_pb_old_content":"","_et_gb_content_width":"","om_disable_all_campaigns":false,"_mi_skip_tracking":false},"aioseo_notices":[],"_links":{"self":[{"href":"https:\/\/wien-cz-sk.at\/de\/wp-json\/wp\/v2\/pages\/1161"}],"collection":[{"href":"https:\/\/wien-cz-sk.at\/de\/wp-json\/wp\/v2\/pages"}],"about":[{"href":"https:\/\/wien-cz-sk.at\/de\/wp-json\/wp\/v2\/types\/page"}],"author":[{"embeddable":true,"href":"https:\/\/wien-cz-sk.at\/de\/wp-json\/wp\/v2\/users\/1"}],"replies":[{"embeddable":true,"href":"https:\/\/wien-cz-sk.at\/de\/wp-json\/wp\/v2\/comments?post=1161"}],"version-history":[{"count":4,"href":"https:\/\/wien-cz-sk.at\/de\/wp-json\/wp\/v2\/pages\/1161\/revisions"}],"predecessor-version":[{"id":1171,"href":"https:\/\/wien-cz-sk.at\/de\/wp-json\/wp\/v2\/pages\/1161\/revisions\/1171"}],"wp:attachment":[{"href":"https:\/\/wien-cz-sk.at\/de\/wp-json\/wp\/v2\/media?parent=1161"}],"curies":[{"name":"wp","href":"https:\/\/api.w.org\/{rel}","templated":true}]}}