{"id":118,"date":"2022-01-03T22:11:19","date_gmt":"2022-01-03T22:11:19","guid":{"rendered":"http:\/\/wien-cz-sk.at\/?page_id=118"},"modified":"2022-12-02T08:20:00","modified_gmt":"2022-12-02T08:20:00","slug":"slavnostni-zaverecna-akademie-a-predavani-medaili-za-zasluhy","status":"publish","type":"page","link":"https:\/\/wien-cz-sk.at\/de\/slavnostni-zaverecna-akademie-a-predavani-medaili-za-zasluhy","title":{"rendered":"Feierliche Abschlussveranstaltung und \u00dcberreichung der Medaillen f\u00fcr Verdienste"},"content":{"rendered":"<p>[et_pb_section fb_built=&#8220;1&#8243; _builder_version=&#8220;4.9.3&#8243; _module_preset=&#8220;default&#8220; background_image=&#8220;http:\/\/wien-cz-sk.at\/wp-content\/uploads\/2022\/01\/background.png&#8220; custom_padding=&#8220;||0px|||&#8220;][et_pb_row _builder_version=&#8220;4.9.3&#8243; _module_preset=&#8220;default&#8220; custom_padding=&#8220;0px|||||&#8220;][et_pb_column type=&#8220;4_4&#8243; _builder_version=&#8220;4.9.3&#8243; _module_preset=&#8220;default&#8220;][et_pb_text _builder_version=&#8220;4.9.3&#8243; _module_preset=&#8220;default&#8220; background_layout=&#8220;dark&#8220; hover_enabled=&#8220;0&#8243; sticky_enabled=&#8220;0&#8243;]<\/p>\n<h1 style=\"text-align: center;\"><strong>SLAVNOSTN\u00cd Z\u00c1V\u011aRE\u010cN\u00c1 AKADEMIE A P\u0158ED\u00c1V\u00c1N\u00cd MEDAIL\u00cd ZA Z\u00c1SLUHY<\/strong><\/h1>\n<p>[\/et_pb_text][\/et_pb_column][\/et_pb_row][et_pb_row _builder_version=&#8220;4.9.3&#8243; _module_preset=&#8220;default&#8220;][et_pb_column type=&#8220;4_4&#8243; _builder_version=&#8220;4.9.3&#8243; _module_preset=&#8220;default&#8220;][et_pb_text _builder_version=&#8220;4.9.3&#8243; _module_preset=&#8220;default&#8220; background_layout=&#8220;dark&#8220; hover_enabled=&#8220;0&#8243; sticky_enabled=&#8220;0&#8243;]<\/p>\n<h3 style=\"text-align: center;\"><strong>8. listopadu 2022\u00a0<\/strong><\/h3>\n<p>[\/et_pb_text][\/et_pb_column][\/et_pb_row][\/et_pb_section][et_pb_section fb_built=&#8220;1&#8243; _builder_version=&#8220;4.9.3&#8243; _module_preset=&#8220;default&#8220; custom_padding=&#8220;25px|||||&#8220;][et_pb_row _builder_version=&#8220;4.9.3&#8243; _module_preset=&#8220;default&#8220; custom_padding=&#8220;0px|||||&#8220;][et_pb_column type=&#8220;4_4&#8243; _builder_version=&#8220;4.9.3&#8243; _module_preset=&#8220;default&#8220;][et_pb_text _builder_version=&#8220;4.9.3&#8243; _module_preset=&#8220;default&#8220;]<\/p>\n<h3 style=\"text-align: center;\"><strong>Veranstalter<\/strong><\/h3>\n<h5 style=\"text-align: center;\">Schulverein Komensk\u00fd<\/h5>\n<p>[\/et_pb_text][\/et_pb_column][\/et_pb_row][et_pb_row column_structure=&#8220;1_3,2_3&#8243; _builder_version=&#8220;4.9.3&#8243; _module_preset=&#8220;default&#8220; width=&#8220;78.9%&#8220; custom_margin=&#8220;-24px|auto||auto||&#8220;][et_pb_column type=&#8220;1_3&#8243; _builder_version=&#8220;4.9.3&#8243; _module_preset=&#8220;default&#8220;][et_pb_text _builder_version=&#8220;4.9.3&#8243; _module_preset=&#8220;default&#8220; hover_enabled=&#8220;0&#8243; sticky_enabled=&#8220;0&#8243;]<\/p>\n<h3 id=\"wnd_TextBlock_483074_inner_0\" class=\"wnd-align-right\" data-wnd_is_separable=\"1\" data-wnd_separable_index=\"0\" data-wnd_separable_id=\"wnd_TextBlock_483074\"><strong>ORT<\/strong><\/h3>\n<div class=\"wnd-align-right\">Sebastianplatz 3<\/div>\n<div class=\"wnd-align-right\">1030 Wien<\/div>\n<div class=\"wnd-align-right\"><\/div>\n<h3 id=\"wnd_TextBlock_483074_inner_2\" class=\"wnd-align-right\" data-wnd_is_separable=\"1\" data-wnd_separable_index=\"2\" data-wnd_separable_id=\"wnd_TextBlock_483074\"><span class=\"wnd-font-size-70\"><strong>DATUM<\/strong><\/span><\/h3>\n<p id=\"wnd_TextBlock_483074_inner_3\" class=\"wnd-align-right\" data-wnd_is_separable=\"1\" data-wnd_separable_index=\"3\" data-wnd_separable_id=\"wnd_TextBlock_483074\">8. 11. 2022<\/p>\n<h3 id=\"wnd_TextBlock_483074_inner_4\" class=\"wnd-align-right\" data-wnd_is_separable=\"1\" data-wnd_separable_index=\"4\" data-wnd_separable_id=\"wnd_TextBlock_483074\"><strong>BEGINN\u00a0<\/strong><\/h3>\n<p id=\"wnd_TextBlock_483074_inner_5\" class=\"wnd-align-right\" data-wnd_is_separable=\"1\" data-wnd_separable_index=\"5\" data-wnd_separable_id=\"wnd_TextBlock_483074\">10:00<\/p>\n<h3 class=\"wnd-align-right\" data-wnd_is_separable=\"1\" data-wnd_separable_index=\"11\" data-wnd_separable_id=\"wnd_TextBlock_483074\"><strong>PARTNER<\/strong><\/h3>\n<p><strong><img decoding=\"async\" loading=\"lazy\" class=\"wp-image-13 alignnone size-medium\" src=\"http:\/\/wien-cz-sk.at\/wp-content\/uploads\/2022\/01\/cropped-logo_150let_nove2022-300x137.png\" alt=\"\" width=\"241\" height=\"110\" srcset=\"https:\/\/wien-cz-sk.at\/wp-content\/uploads\/2022\/01\/cropped-logo_150let_nove2022-300x137.png 300w, https:\/\/wien-cz-sk.at\/wp-content\/uploads\/2022\/01\/cropped-logo_150let_nove2022-517x235.png 517w, https:\/\/wien-cz-sk.at\/wp-content\/uploads\/2022\/01\/cropped-logo_150let_nove2022.png 671w\" sizes=\"(max-width: 241px) 100vw, 241px\" \/><\/strong><\/p>\n<p>[\/et_pb_text][\/et_pb_column][et_pb_column type=&#8220;2_3&#8243; _builder_version=&#8220;4.9.3&#8243; _module_preset=&#8220;default&#8220;][et_pb_video src=&#8220;https:\/\/youtu.be\/p0rBN2fHGxc&#8220; _builder_version=&#8220;4.9.3&#8243; _module_preset=&#8220;default&#8220;][\/et_pb_video][et_pb_text _builder_version=&#8220;4.9.3&#8243; _module_preset=&#8220;default&#8220; custom_margin=&#8220;-4px|||||&#8220; hover_enabled=&#8220;0&#8243; sticky_enabled=&#8220;0&#8243;]<\/p>\n<h3 id=\"wnd_TextBlock_26143_inner_0\" data-wnd_is_separable=\"1\" data-wnd_separable_index=\"0\" data-wnd_separable_id=\"wnd_TextBlock_26143\"><strong>INFORMATIONEN<\/strong><\/h3>\n<p>[\/et_pb_text][\/et_pb_column][\/et_pb_row][et_pb_row _builder_version=&#8220;4.9.3&#8243; _module_preset=&#8220;default&#8220; custom_padding=&#8220;||0px|||&#8220;][et_pb_column type=&#8220;4_4&#8243; _builder_version=&#8220;4.9.3&#8243; _module_preset=&#8220;default&#8220;][et_pb_text _builder_version=&#8220;4.9.3&#8243; _module_preset=&#8220;default&#8220;]<\/p>\n<h3><strong>FOTOGALERIE<\/strong><\/h3>\n<p>[\/et_pb_text][\/et_pb_column][\/et_pb_row][et_pb_row _builder_version=&#8220;4.9.3&#8243; _module_preset=&#8220;default&#8220;][et_pb_column type=&#8220;4_4&#8243; _builder_version=&#8220;4.9.3&#8243; _module_preset=&#8220;default&#8220;][et_pb_gallery gallery_ids=&#8220;930,924,926,927,928,932,931&#8243; show_title_and_caption=&#8220;off&#8220; _builder_version=&#8220;4.9.3&#8243; _module_preset=&#8220;default&#8220;][\/et_pb_gallery][\/et_pb_column][\/et_pb_row][\/et_pb_section]<\/p>","protected":false},"excerpt":{"rendered":"<p>[et_pb_section fb_built=&#8220;1&#8243; _builder_version=&#8220;4.9.3&#8243; _module_preset=&#8220;default&#8220; background_image=&#8220;http:\/\/wien-cz-sk.at\/wp-content\/uploads\/2022\/01\/background.png&#8220; custom_padding=&#8220;||0px|||&#8220;][et_pb_row _builder_version=&#8220;4.9.3&#8243; _module_preset=&#8220;default&#8220; custom_padding=&#8220;0px|||||&#8220;][et_pb_column type=&#8220;4_4&#8243; _builder_version=&#8220;4.9.3&#8243; _module_preset=&#8220;default&#8220;][et_pb_text _builder_version=&#8220;4.9.3&#8243; _module_preset=&#8220;default&#8220; background_layout=&#8220;dark&#8220; hover_enabled=&#8220;0&#8243; sticky_enabled=&#8220;0&#8243;] SLAVNOSTN\u00cd Z\u00c1V\u011aRE\u010cN\u00c1 AKADEMIE A P\u0158ED\u00c1V\u00c1N\u00cd MEDAIL\u00cd ZA Z\u00c1SLUHY [\/et_pb_text][\/et_pb_column][\/et_pb_row][et_pb_row _builder_version=&#8220;4.9.3&#8243; _module_preset=&#8220;default&#8220;][et_pb_column type=&#8220;4_4&#8243; _builder_version=&#8220;4.9.3&#8243; [&hellip;]<\/p>","protected":false},"author":1,"featured_media":0,"parent":0,"menu_order":0,"comment_status":"closed","ping_status":"closed","template":"","meta":{"_et_pb_use_builder":"on","_et_pb_old_content":"","_et_gb_content_width":"","om_disable_all_campaigns":false,"_mi_skip_tracking":false},"aioseo_notices":[],"_links":{"self":[{"href":"https:\/\/wien-cz-sk.at\/de\/wp-json\/wp\/v2\/pages\/118"}],"collection":[{"href":"https:\/\/wien-cz-sk.at\/de\/wp-json\/wp\/v2\/pages"}],"about":[{"href":"https:\/\/wien-cz-sk.at\/de\/wp-json\/wp\/v2\/types\/page"}],"author":[{"embeddable":true,"href":"https:\/\/wien-cz-sk.at\/de\/wp-json\/wp\/v2\/users\/1"}],"replies":[{"embeddable":true,"href":"https:\/\/wien-cz-sk.at\/de\/wp-json\/wp\/v2\/comments?post=118"}],"version-history":[{"count":3,"href":"https:\/\/wien-cz-sk.at\/de\/wp-json\/wp\/v2\/pages\/118\/revisions"}],"predecessor-version":[{"id":1190,"href":"https:\/\/wien-cz-sk.at\/de\/wp-json\/wp\/v2\/pages\/118\/revisions\/1190"}],"wp:attachment":[{"href":"https:\/\/wien-cz-sk.at\/de\/wp-json\/wp\/v2\/media?parent=118"}],"curies":[{"name":"wp","href":"https:\/\/api.w.org\/{rel}","templated":true}]}}