{"id":21,"date":"2022-01-01T19:50:57","date_gmt":"2022-01-01T19:50:57","guid":{"rendered":"http:\/\/wien-cz-sk.at\/?page_id=21"},"modified":"2022-08-11T18:44:00","modified_gmt":"2022-08-11T18:44:00","slug":"kontakt","status":"publish","type":"page","link":"https:\/\/wien-cz-sk.at\/de\/kontakt","title":{"rendered":"KONTAKT"},"content":{"rendered":"<p>[et_pb_section fb_built=&#8220;1&#8243; _builder_version=&#8220;4.9.3&#8243; _module_preset=&#8220;default&#8220; background_image=&#8220;http:\/\/wien-cz-sk.at\/wp-content\/uploads\/2022\/01\/background.png&#8220;][et_pb_row _builder_version=&#8220;4.9.3&#8243; _module_preset=&#8220;default&#8220;][et_pb_column type=&#8220;4_4&#8243; _builder_version=&#8220;4.9.3&#8243; _module_preset=&#8220;default&#8220;][et_pb_text _builder_version=&#8220;4.9.3&#8243; _module_preset=&#8220;default&#8220; background_layout=&#8220;dark&#8220;]<\/p>\n<h1 style=\"text-align: center;\"><strong>KONTAKT<\/strong><\/h1>\n<p>[\/et_pb_text][\/et_pb_column][\/et_pb_row][\/et_pb_section][et_pb_section fb_built=&#8220;1&#8243; _builder_version=&#8220;4.9.3&#8243; _module_preset=&#8220;default&#8220; custom_padding=&#8220;4px|||||&#8220;][et_pb_row _builder_version=&#8220;4.9.3&#8243; _module_preset=&#8220;default&#8220;][et_pb_column type=&#8220;4_4&#8243; _builder_version=&#8220;4.9.3&#8243; _module_preset=&#8220;default&#8220;][wpforms_selector form_id=&#8220;129&#8243; _builder_version=&#8220;4.9.3&#8243; _module_preset=&#8220;default&#8220;][\/wpforms_selector][\/et_pb_column][\/et_pb_row][et_pb_row _builder_version=&#8220;4.9.3&#8243; _module_preset=&#8220;default&#8220;][et_pb_column _builder_version=&#8220;4.9.3&#8243; _module_preset=&#8220;default&#8220; type=&#8220;4_4&#8243;][et_pb_text _builder_version=&#8220;4.9.3&#8243; _module_preset=&#8220;default&#8220; hover_enabled=&#8220;0&#8243; sticky_enabled=&#8220;0&#8243;]<\/p>\n<table border=\"1\" style=\"border-collapse: collapse; width: 100%;\">\n<tbody>\n<tr>\n<td width=\"302\" style=\"width: 50%;\">\n<p>F\u00fcr den Inhalt verantwortlich<\/p>\n<\/td>\n<td width=\"302\" style=\"width: 50%;\">\n<p>Schulverein Komensk\u00fd<\/p>\n<p>Sebastianplatz 3<\/p>\n<p>1030 Wien<\/p>\n<p><span><a href=\"mailto:+43%201%20713%20318%20820\">+43 1 713 318 820<\/a><\/span> <span>office@komensky.at<\/span><\/p>\n<\/td>\n<\/tr>\n<tr>\n<td width=\"302\" style=\"width: 50%;\">\n<p>Contentmanagement<\/p>\n<\/td>\n<td width=\"302\" style=\"width: 50%;\">\n<p>Ladislava Baxant-Cejnar, Margita Jonas<\/p>\n<\/td>\n<\/tr>\n<tr>\n<td width=\"302\" style=\"width: 50%;\">\n<p>Webmaster &amp; Support<\/p>\n<\/td>\n<td width=\"302\" style=\"width: 50%;\">\n<p>Dominik Duch\u00e1\u010d<\/p>\n<\/td>\n<\/tr>\n<tr>\n<td width=\"302\" style=\"width: 50%;\">\n<p>Texte &amp; \u00dcbersetzungen<\/p>\n<\/td>\n<td width=\"302\" style=\"width: 50%;\">\n<p>Ingrid \u017dalneva, Dominik Duch\u00e1\u010d, Ladislava Baxant-Cejnar<\/p>\n<\/td>\n<\/tr>\n<tr>\n<td width=\"302\" style=\"width: 50%;\">\n<p>Fotos &amp; Videos<\/p>\n<\/td>\n<td width=\"302\" style=\"width: 50%;\">\n<p>Melanie Juriga, Roman Fr<span>\u00fchauf, Dominik Duch\u00e1\u010d<\/span><\/p>\n<\/td>\n<\/tr>\n<tr>\n<td width=\"302\" style=\"width: 50%;\">\n<p>Grafik<\/p>\n<\/td>\n<td width=\"302\" style=\"width: 50%;\">\n<p>Andrea Hanzl<\/p>\n<\/td>\n<\/tr>\n<\/tbody>\n<\/table>\n<p>[\/et_pb_text][\/et_pb_column][\/et_pb_row][\/et_pb_section]<\/p>","protected":false},"excerpt":{"rendered":"<p>[et_pb_section fb_built=&#8220;1&#8243; _builder_version=&#8220;4.9.3&#8243; _module_preset=&#8220;default&#8220; background_image=&#8220;http:\/\/wien-cz-sk.at\/wp-content\/uploads\/2022\/01\/background.png&#8220;][et_pb_row _builder_version=&#8220;4.9.3&#8243; _module_preset=&#8220;default&#8220;][et_pb_column type=&#8220;4_4&#8243; _builder_version=&#8220;4.9.3&#8243; _module_preset=&#8220;default&#8220;][et_pb_text _builder_version=&#8220;4.9.3&#8243; _module_preset=&#8220;default&#8220; background_layout=&#8220;dark&#8220;] KONTAKTN\u00cd FORMUL\u00c1\u0158 [\/et_pb_text][\/et_pb_column][\/et_pb_row][\/et_pb_section][et_pb_section fb_built=&#8220;1&#8243; _builder_version=&#8220;4.9.3&#8243; _module_preset=&#8220;default&#8220; custom_padding=&#8220;4px|||||&#8220;][et_pb_row _builder_version=&#8220;4.9.3&#8243; _module_preset=&#8220;default&#8220;][et_pb_column type=&#8220;4_4&#8243; _builder_version=&#8220;4.9.3&#8243; _module_preset=&#8220;default&#8220;][wpforms_selector form_id=&#8220;129&#8243; _builder_version=&#8220;4.9.3&#8243; _module_preset=&#8220;default&#8220;][\/wpforms_selector][\/et_pb_column][\/et_pb_row][et_pb_row _builder_version=&#8220;4.9.3&#8243; _module_preset=&#8220;default&#8220;][et_pb_column [&hellip;]<\/p>","protected":false},"author":1,"featured_media":0,"parent":0,"menu_order":0,"comment_status":"closed","ping_status":"closed","template":"","meta":{"_et_pb_use_builder":"on","_et_pb_old_content":"<!-- wp:wpforms\/form-selector {\"formId\":\"129\"} \/-->","_et_gb_content_width":"1080","om_disable_all_campaigns":false,"_mi_skip_tracking":false},"aioseo_notices":[],"_links":{"self":[{"href":"https:\/\/wien-cz-sk.at\/de\/wp-json\/wp\/v2\/pages\/21"}],"collection":[{"href":"https:\/\/wien-cz-sk.at\/de\/wp-json\/wp\/v2\/pages"}],"about":[{"href":"https:\/\/wien-cz-sk.at\/de\/wp-json\/wp\/v2\/types\/page"}],"author":[{"embeddable":true,"href":"https:\/\/wien-cz-sk.at\/de\/wp-json\/wp\/v2\/users\/1"}],"replies":[{"embeddable":true,"href":"https:\/\/wien-cz-sk.at\/de\/wp-json\/wp\/v2\/comments?post=21"}],"version-history":[{"count":10,"href":"https:\/\/wien-cz-sk.at\/de\/wp-json\/wp\/v2\/pages\/21\/revisions"}],"predecessor-version":[{"id":983,"href":"https:\/\/wien-cz-sk.at\/de\/wp-json\/wp\/v2\/pages\/21\/revisions\/983"}],"wp:attachment":[{"href":"https:\/\/wien-cz-sk.at\/de\/wp-json\/wp\/v2\/media?parent=21"}],"curies":[{"name":"wp","href":"https:\/\/api.w.org\/{rel}","templated":true}]}}