{"id":316,"date":"2022-01-21T11:02:29","date_gmt":"2022-01-21T11:02:29","guid":{"rendered":"http:\/\/wien-cz-sk.at\/?page_id=316"},"modified":"2022-09-02T11:28:08","modified_gmt":"2022-09-02T11:28:08","slug":"projekt-digitalizace","status":"publish","type":"page","link":"https:\/\/wien-cz-sk.at\/de\/projekt-digitalizace","title":{"rendered":"Projekt digitalizace"},"content":{"rendered":"<p>[et_pb_section fb_built=&#8220;1&#8243; _builder_version=&#8220;4.9.3&#8243; _module_preset=&#8220;default&#8220; background_image=&#8220;http:\/\/wien-cz-sk.at\/wp-content\/uploads\/2022\/01\/background.png&#8220;][et_pb_row _builder_version=&#8220;4.9.3&#8243; _module_preset=&#8220;default&#8220;][et_pb_column type=&#8220;4_4&#8243; _builder_version=&#8220;4.9.3&#8243; _module_preset=&#8220;default&#8220;][et_pb_text _builder_version=&#8220;4.9.3&#8243; _module_preset=&#8220;default&#8220; background_layout=&#8220;dark&#8220;]<\/p>\n<h1 style=\"text-align: center;\"><strong>PROJEKT DIGITALISIERUNG AUDIOVISUELLER GESCHICHTE 2022<\/strong><\/h1>\n<p>[\/et_pb_text][\/et_pb_column][\/et_pb_row][\/et_pb_section][et_pb_section fb_built=&#8220;1&#8243; _builder_version=&#8220;4.9.3&#8243; _module_preset=&#8220;default&#8220;][et_pb_row _builder_version=&#8220;4.9.3&#8243; _module_preset=&#8220;default&#8220;][et_pb_column type=&#8220;4_4&#8243; _builder_version=&#8220;4.9.3&#8243; _module_preset=&#8220;default&#8220;][et_pb_cta title=&#8220;Pot\u0159ebujeme va\u0161e vzpom\u00ednky!&#8220; button_url=&#8220;@ET-DC@eyJkeW5hbWljIjp0cnVlLCJjb250ZW50IjoicG9zdF9saW5rX3VybF9wYWdlIiwic2V0dGluZ3MiOnsicG9zdF9pZCI6IjIxIn19@&#8220; button_text=&#8220;KONTAKTUJTE N\u00c1S ZDE&#8220; _builder_version=&#8220;4.9.3&#8243; _dynamic_attributes=&#8220;button_url&#8220; _module_preset=&#8220;default&#8220;]V r\u00e1mci jubilejn\u00edho roku v\u00edde\u0148sk\u00fdch \u010cech\u016f a Slov\u00e1k\u016f popt\u00e1v\u00e1me fotografie, amat\u00e9rsk\u00e9 filmy a videa, ale i p\u00edsemnosti jako pohlednice a dopisy.<\/p>\n<p>In der ersten Jahresh\u00e4lfte 2022 soll ein m\u00f6glichst umfassendes Archiv entstehen, in dem Erinnerungsst\u00fccke aus der Geschichte der Wiener Tschechen und Slowaken digitalisiert und systematisiert werden.<\/p>\n<p>Vom massiven Zuzug in der zweiten H\u00e4lfte des 19. Jahrhunderts an wollen wir historische Ereignisse nachzeichnen, wie etwa die Reemigration nach dem 2. Weltkrieg (gr\u00fcne Karte), die Umbruchsjahre 1968 bzw. 1989 sowie die anschlie\u00dfende Entwicklung bis zur Gegenwart.<\/p>\n<p>Das Projekt hat sich zum Ziel gesetzt, historische Dokumente zu sammeln, zu digitalisieren und zu archivieren, um sie im kollektiven Ged\u00e4chtnis der Wiener Tschechen und Slowaken zu verankern. Nach wie vor gibt es zahlreiche audiovisuelle Nachweise wie Fotos, Amateurfilme und andere historische Dokumente, die wir f\u00fcr unsere gemeinsame Geschichte festhalten wollen.<\/p>\n<p><img decoding=\"async\" loading=\"lazy\" class=\"wp-image-320 alignnone size-full\" style=\"display: block; margin-left: auto; margin-right: auto;\" src=\"http:\/\/wien-cz-sk.at\/wp-content\/uploads\/2022\/01\/02_robota.jpg\" alt=\"\" width=\"300\" height=\"200\" srcset=\"https:\/\/wien-cz-sk.at\/wp-content\/uploads\/2022\/01\/02_robota.jpg 300w, https:\/\/wien-cz-sk.at\/wp-content\/uploads\/2022\/01\/02_robota-18x12.jpg 18w\" sizes=\"(max-width: 300px) 100vw, 300px\" \/><\/p>\n<p>Wir ersuchen Sie, Ihre Aufnahmen und damit einen Teil Ihrer Familiengeschichte mit uns zu teilen. Kontaktieren Sie uns bitte telefonisch oder schriftlich und wir holen Ihre wertvollen Dokumente bei Ihnen ab, digitalisieren sie und bringen sie wieder zur\u00fcck. Sie k\u00f6nnen uns die Aufnahmen auch vorbeibringen oder schicken. Als Dankesch\u00f6n erstellen wir eine elektronische Version Ihrer Materialien und \u00fcberreichen sie Ihnen zusammen mit den Originalen.<\/p>\n<p>Sie k\u00f6nnen sich darauf verlassen, dass mit Ihren Dokumenten mit h\u00f6chstem Respekt und wissenschaftlichem Ernst verfahren wird. Ihre Aufzeichnungen dienen ausschlie\u00dflich geschichtswissenschaftlichen Zwecken; selbstverst\u00e4ndlich werden dabei Datenschutz und Grunds\u00e4tze guter journalistischer Arbeit beachtet.<\/p>\n<p>Wir freuen uns auf ein umfangreiches audiovisuelles Archiv der Wiener Tschechen und Slowaken.<\/p>\n<p><span style=\"text-decoration: underline;\"><span style=\"color: #e02b20; text-decoration: underline;\"><a style=\"color: #e02b20; text-decoration: underline;\" href=\"https:\/\/wien-cz-sk.at\/wp-content\/uploads\/2022\/01\/Zapujcni-list.docx\"><strong>Z\u00c1P\u016eJ\u010cN\u00cd LIST PROJEKTU DIGITALIZACE<\/strong><\/a><\/span>\u00a0<\/span>[\/et_pb_cta][\/et_pb_column][\/et_pb_row][et_pb_row column_structure=&#8220;1_4,1_4,1_4,1_4&#8243; _builder_version=&#8220;4.9.3&#8243; _module_preset=&#8220;default&#8220;][et_pb_column type=&#8220;1_4&#8243; _builder_version=&#8220;4.9.3&#8243; _module_preset=&#8220;default&#8220;][et_pb_video src=&#8220;https:\/\/www.youtube.com\/watch?v=X6N-tEyvgBU&#8220; _builder_version=&#8220;4.9.3&#8243; _module_preset=&#8220;default&#8220;][\/et_pb_video][\/et_pb_column][et_pb_column type=&#8220;1_4&#8243; _builder_version=&#8220;4.9.3&#8243; _module_preset=&#8220;default&#8220;][\/et_pb_column][et_pb_column type=&#8220;1_4&#8243; _builder_version=&#8220;4.9.3&#8243; _module_preset=&#8220;default&#8220;][\/et_pb_column][et_pb_column type=&#8220;1_4&#8243; _builder_version=&#8220;4.9.3&#8243; _module_preset=&#8220;default&#8220;][\/et_pb_column][\/et_pb_row][et_pb_row _builder_version=&#8220;4.9.3&#8243; _module_preset=&#8220;default&#8220; column_structure=&#8220;1_4,1_4,1_4,1_4&#8243;][et_pb_column _builder_version=&#8220;4.9.3&#8243; _module_preset=&#8220;default&#8220; type=&#8220;1_4&#8243;][et_pb_text _builder_version=&#8220;4.9.3&#8243; _module_preset=&#8220;default&#8220; hover_enabled=&#8220;0&#8243; sticky_enabled=&#8220;0&#8243;]<\/p>\n<p><strong>INTERVIEW | Dr. Karl Brousek zum Projekt: Digitalisierung der audiovisuellen Geschichte<\/strong><\/p>\n<p>[\/et_pb_text][\/et_pb_column][et_pb_column _builder_version=&#8220;4.9.3&#8243; _module_preset=&#8220;default&#8220; type=&#8220;1_4&#8243;][\/et_pb_column][et_pb_column _builder_version=&#8220;4.9.3&#8243; _module_preset=&#8220;default&#8220; type=&#8220;1_4&#8243;][\/et_pb_column][et_pb_column _builder_version=&#8220;4.9.3&#8243; _module_preset=&#8220;default&#8220; type=&#8220;1_4&#8243;][\/et_pb_column][\/et_pb_row][\/et_pb_section]<\/p>","protected":false},"excerpt":{"rendered":"<p>[et_pb_section fb_built=&#8220;1&#8243; _builder_version=&#8220;4.9.3&#8243; _module_preset=&#8220;default&#8220; background_image=&#8220;http:\/\/wien-cz-sk.at\/wp-content\/uploads\/2022\/01\/background.png&#8220;][et_pb_row _builder_version=&#8220;4.9.3&#8243; _module_preset=&#8220;default&#8220;][et_pb_column type=&#8220;4_4&#8243; _builder_version=&#8220;4.9.3&#8243; _module_preset=&#8220;default&#8220;][et_pb_text _builder_version=&#8220;4.9.3&#8243; _module_preset=&#8220;default&#8220; background_layout=&#8220;dark&#8220;] PROJEKT DIGITALIZACE AUDIOVIZU\u00c1LN\u00cd HISTORIE [\/et_pb_text][\/et_pb_column][\/et_pb_row][\/et_pb_section][et_pb_section fb_built=&#8220;1&#8243; _builder_version=&#8220;4.9.3&#8243; _module_preset=&#8220;default&#8220;][et_pb_row _builder_version=&#8220;4.9.3&#8243; _module_preset=&#8220;default&#8220;][et_pb_column type=&#8220;4_4&#8243; _builder_version=&#8220;4.9.3&#8243; _module_preset=&#8220;default&#8220;][et_pb_cta title=&#8220;Pot\u0159ebujeme va\u0161e vzpom\u00ednky!&#8220; button_url=&#8220;@ET-DC@eyJkeW5hbWljIjp0cnVlLCJjb250ZW50IjoicG9zdF9saW5rX3VybF9wYWdlIiwic2V0dGluZ3MiOnsicG9zdF9pZCI6IjIxIn19@&#8220; [&hellip;]<\/p>","protected":false},"author":1,"featured_media":0,"parent":0,"menu_order":0,"comment_status":"closed","ping_status":"closed","template":"","meta":{"_et_pb_use_builder":"on","_et_pb_old_content":"","_et_gb_content_width":"","om_disable_all_campaigns":false,"_mi_skip_tracking":false},"aioseo_notices":[],"_links":{"self":[{"href":"https:\/\/wien-cz-sk.at\/de\/wp-json\/wp\/v2\/pages\/316"}],"collection":[{"href":"https:\/\/wien-cz-sk.at\/de\/wp-json\/wp\/v2\/pages"}],"about":[{"href":"https:\/\/wien-cz-sk.at\/de\/wp-json\/wp\/v2\/types\/page"}],"author":[{"embeddable":true,"href":"https:\/\/wien-cz-sk.at\/de\/wp-json\/wp\/v2\/users\/1"}],"replies":[{"embeddable":true,"href":"https:\/\/wien-cz-sk.at\/de\/wp-json\/wp\/v2\/comments?post=316"}],"version-history":[{"count":6,"href":"https:\/\/wien-cz-sk.at\/de\/wp-json\/wp\/v2\/pages\/316\/revisions"}],"predecessor-version":[{"id":1030,"href":"https:\/\/wien-cz-sk.at\/de\/wp-json\/wp\/v2\/pages\/316\/revisions\/1030"}],"wp:attachment":[{"href":"https:\/\/wien-cz-sk.at\/de\/wp-json\/wp\/v2\/media?parent=316"}],"curies":[{"name":"wp","href":"https:\/\/api.w.org\/{rel}","templated":true}]}}