{"id":352,"date":"2022-01-23T16:16:40","date_gmt":"2022-01-23T16:16:40","guid":{"rendered":"http:\/\/wien-cz-sk.at\/?page_id=352"},"modified":"2022-03-29T20:19:37","modified_gmt":"2022-03-29T20:19:37","slug":"recital-cimbalistky-lenky-blahove-a-jejich-hostu","status":"publish","type":"page","link":"https:\/\/wien-cz-sk.at\/de\/recital-cimbalistky-lenky-blahove-a-jejich-hostu","title":{"rendered":"Konzert: Zymbalistin Lenka Blahov\u00e1 mit G\u00e4sten"},"content":{"rendered":"<p>[et_pb_section fb_built=&#8220;1&#8243; _builder_version=&#8220;4.9.3&#8243; _module_preset=&#8220;default&#8220; background_image=&#8220;http:\/\/wien-cz-sk.at\/wp-content\/uploads\/2022\/01\/background.png&#8220; custom_padding=&#8220;||0px|||&#8220;][et_pb_row _builder_version=&#8220;4.9.3&#8243; _module_preset=&#8220;default&#8220; custom_padding=&#8220;0px|||||&#8220;][et_pb_column type=&#8220;4_4&#8243; _builder_version=&#8220;4.9.3&#8243; _module_preset=&#8220;default&#8220;][et_pb_text _builder_version=&#8220;4.9.3&#8243; _module_preset=&#8220;default&#8220; background_layout=&#8220;dark&#8220;]<\/p>\n<h1 style=\"text-align: center;\"><strong>KONZERT: ZYMBALISTIN LENKA BLAHOV\u00c1 UND IHRE G\u00c4STE<\/strong><strong><\/strong><\/h1>\n<p>[\/et_pb_text][\/et_pb_column][\/et_pb_row][et_pb_row _builder_version=&#8220;4.9.3&#8243; _module_preset=&#8220;default&#8220;][et_pb_column type=&#8220;4_4&#8243; _builder_version=&#8220;4.9.3&#8243; _module_preset=&#8220;default&#8220;][et_pb_text _builder_version=&#8220;4.9.3&#8243; _module_preset=&#8220;default&#8220; background_layout=&#8220;dark&#8220;]<\/p>\n<h3 style=\"text-align: center;\"><strong>5. M\u00e4rz 2022\u00a0<\/strong><\/h3>\n<p>[\/et_pb_text][\/et_pb_column][\/et_pb_row][\/et_pb_section][et_pb_section fb_built=&#8220;1&#8243; _builder_version=&#8220;4.9.3&#8243; _module_preset=&#8220;default&#8220; custom_padding=&#8220;25px|||||&#8220;][et_pb_row _builder_version=&#8220;4.9.3&#8243; _module_preset=&#8220;default&#8220; custom_padding=&#8220;0px|||||&#8220;][et_pb_column type=&#8220;4_4&#8243; _builder_version=&#8220;4.9.3&#8243; _module_preset=&#8220;default&#8220;][et_pb_text _builder_version=&#8220;4.9.3&#8243; _module_preset=&#8220;default&#8220;]<\/p>\n<h3 style=\"text-align: center;\"><strong>Veranstalter<\/strong><\/h3>\n<h5 style=\"text-align: center;\"><strong><\/strong><span>Tanz-, Musik- und Sprachverein Marj\u00e1nka<\/span><\/h5>\n<p>[\/et_pb_text][\/et_pb_column][\/et_pb_row][et_pb_row column_structure=&#8220;1_3,2_3&#8243; _builder_version=&#8220;4.9.3&#8243; _module_preset=&#8220;default&#8220; width=&#8220;78.9%&#8220; custom_margin=&#8220;-24px|auto||auto||&#8220;][et_pb_column type=&#8220;1_3&#8243; _builder_version=&#8220;4.9.3&#8243; _module_preset=&#8220;default&#8220;][et_pb_text _builder_version=&#8220;4.9.3&#8243; _module_preset=&#8220;default&#8220;]<\/p>\n<h3 class=\"wnd-align-right\" id=\"wnd_TextBlock_483074_inner_0\" data-wnd_is_separable=\"1\" data-wnd_separable_index=\"0\" data-wnd_separable_id=\"wnd_TextBlock_483074\"><strong>ORT<\/strong><\/h3>\n<div class=\"wnd-align-right\"><span>Drachengasse 3, <\/span><\/div>\n<div class=\"wnd-align-right\"><span>1010 Wien<\/span><\/div>\n<h3 class=\"wnd-align-right\" id=\"wnd_TextBlock_483074_inner_2\" data-wnd_is_separable=\"1\" data-wnd_separable_index=\"2\" data-wnd_separable_id=\"wnd_TextBlock_483074\"><span class=\"wnd-font-size-70\"><strong>DATUM<\/strong><\/span><\/h3>\n<p class=\"wnd-align-right\" id=\"wnd_TextBlock_483074_inner_3\" data-wnd_is_separable=\"1\" data-wnd_separable_index=\"3\" data-wnd_separable_id=\"wnd_TextBlock_483074\">05. 03. 2022<\/p>\n<p class=\"wnd-align-right\" data-wnd_is_separable=\"1\" data-wnd_separable_index=\"3\" data-wnd_separable_id=\"wnd_TextBlock_483074\">(AUSGEBUCHT)<\/p>\n<h3 class=\"wnd-align-right\" id=\"wnd_TextBlock_483074_inner_4\" data-wnd_is_separable=\"1\" data-wnd_separable_index=\"4\" data-wnd_separable_id=\"wnd_TextBlock_483074\"><span><strong>BEGINN\u00a0<\/strong><\/span><\/h3>\n<p class=\"wnd-align-right\" id=\"wnd_TextBlock_483074_inner_5\" data-wnd_is_separable=\"1\" data-wnd_separable_index=\"5\" data-wnd_separable_id=\"wnd_TextBlock_483074\">18:00<\/p>\n<h3 class=\"wnd-align-right\" data-wnd_is_separable=\"1\" data-wnd_separable_index=\"11\" data-wnd_separable_id=\"wnd_TextBlock_483074\"><strong>G\u00c4STE<\/strong><\/h3>\n<p>Lenka Blahov\u00e1<\/p>\n<p>Eckhard M\u00fctzner<\/p>\n<p>Monika Caudr<\/p>\n<h3 class=\"wnd-align-right\" data-wnd_is_separable=\"1\" data-wnd_separable_index=\"11\" data-wnd_separable_id=\"wnd_TextBlock_483074\"><strong>PARTNER<\/strong><\/h3>\n<p><img decoding=\"async\" loading=\"lazy\" src=\"http:\/\/wien-cz-sk.at\/wp-content\/uploads\/2022\/02\/marjanka-300x181.png\" width=\"232\" height=\"140\" alt=\"\" class=\"wp-image-499 alignnone size-medium\" srcset=\"https:\/\/wien-cz-sk.at\/wp-content\/uploads\/2022\/02\/marjanka-300x181.png 300w, https:\/\/wien-cz-sk.at\/wp-content\/uploads\/2022\/02\/marjanka-18x12.png 18w, https:\/\/wien-cz-sk.at\/wp-content\/uploads\/2022\/02\/marjanka.png 452w\" sizes=\"(max-width: 232px) 100vw, 232px\" \/><\/p>\n<p>[\/et_pb_text][\/et_pb_column][et_pb_column type=&#8220;2_3&#8243; _builder_version=&#8220;4.9.3&#8243; _module_preset=&#8220;default&#8220;][et_pb_image src=&#8220;http:\/\/wien-cz-sk.at\/wp-content\/uploads\/2022\/02\/thumbnail_Plakat2.png&#8220; title_text=&#8220;thumbnail_Plakat2&#8243; src_tablet=&#8220;&#8220; src_phone=&#8220;&#8220; src_last_edited=&#8220;on|phone&#8220; _builder_version=&#8220;4.9.3&#8243; _module_preset=&#8220;default&#8220; custom_margin=&#8220;-5px|||||&#8220; custom_padding=&#8220;8px|||||&#8220;][\/et_pb_image][\/et_pb_column][\/et_pb_row][et_pb_row column_structure=&#8220;1_3,2_3&#8243; _builder_version=&#8220;4.9.3&#8243; _module_preset=&#8220;default&#8220;][et_pb_column type=&#8220;1_3&#8243; _builder_version=&#8220;4.9.3&#8243; _module_preset=&#8220;default&#8220;][\/et_pb_column][et_pb_column type=&#8220;2_3&#8243; _builder_version=&#8220;4.9.3&#8243; _module_preset=&#8220;default&#8220;][et_pb_text _builder_version=&#8220;4.9.3&#8243; _module_preset=&#8220;default&#8220;]<\/p>\n<h3 class=\"story-lead-headline\"><strong>Lenka Blahov\u00e1s \u201eRezital\u201c | \u201eIn der Zimbalmusik entstehen Freundschaften f\u00fcrs ganze Leben\u201c<\/strong><\/h3>\n<p class=\"story-lead-text\"><strong>Die tschecho-slowakische Tanz- und Folkloregruppe Marj\u00e1nka lud Anfang M\u00e4rz zum Kulturabend der Musikerin Lenka Blahov\u00e1 ein. Von der B\u00fchne in der Slovansk\u00e1 beseda in der Drachengasse flossen wundersch\u00f6ne Melodien, und das nicht nur der Zimbalmusik.<\/strong><\/p>\n<p>Weiters sorgten die kleinen und die gro\u00dfen Marj\u00e1nka-Mitglieder f\u00fcr das unvergessliche Kulturerlebnis. Unter den G\u00e4sten des Abends tauchten sogar Namen wie Eckhard M\u00fctzner, Franti\u0161ek J\u00e1no\u0161ka oder Libor Meisl auf.<\/p>\n<p>Schon in ihrer Kindheit in der M\u00e4hrischen Walachei nahe der slowakischen Grenze verliebte sie sich in das Instrument, und ihre musikalische Leidenschaft f\u00fchrte sie bis zum Universit\u00e4tsstudium f\u00fcr Zimbalmusik in Budapest. Um in Wien nicht an Heimweh zu leiden, begann sie, in Marj\u00e1nka zu spielen.<\/p>\n<p>\"Das sind wir. Die Volksmusik ist etwas ureigenes, und wenn man in Wien das ber\u00fchmte Volkslied \u00fcber den m\u00e4hrischen Wein, oder ein anderes singen kann, dann ist es egal, ob man gerade in Wien, Prag oder in Budapest ist - man ist zu Hause, in einem zweiten Zuhause,\" erz\u00e4hlt Lenka Blahov\u00e1 in Mikrofon des Radio Dr\u00e1\u0165\u00e1k.<\/p>\n<p>Letzten September konnte sich Lenka einen Lebenstraum erf\u00fcllen: gemeinsam mit der Gruppe Marj\u00e1nka gr\u00fcndete sie die erste Wiener Zimbalgruppe f\u00fcr Kinder. Zimbalgruppe hei\u00dft f\u00fcr sie Kindheit, sie selbst fand dort seinerzeit ihre ersten wirklichen Freunde, mit denen sie bis heute in Kontakt ist.<\/p>\n<p>\"Ich hoffe, dass es die Kinder auch m\u00f6gen und dass sie dabei bleiben. In zehn, zwanzig Jahren werden sie wahrscheinlich auseinandegehen, wegen Studium und so, aber vielleicht treffen sie sich eines Tages hier im Hotel Post und spielen eines der Volkslieder gemeinsam - das w\u00e4re wunderbar. In der Zimbalgruppe entstehen Freundschaften f\u00fcrs ganze Leben,\" erg\u00e4nzt die Ausnahmemusikerin Lenka Blahov\u00e1, die nicht nur die Wiener Tschechen und Slowaken anspricht.<\/p>\n<p>F\u00fcr alle, die das Konzert nicht miterlebt haben, bieten wir im heutigen Radio Dr\u00e1\u0165\u00e1k kurze musikalische Kostproben sowie Gespr\u00e4che mit Mitgliedern der Gruppe Marj\u00e1nka sowie mit ihren G\u00e4sten.<\/p>\n<p>Text: Pavla Ra\u0161nerov\u00e1, ORF Volksgruppen<\/p>\n<p>Quelle: <a href=\"https:\/\/volksgruppen.orf.at\/cesi\/radiotelevize\/stories\/3147618\/?fbclid=IwAR1eUr5fIRnN7qlRJcRslpuyCUyXJWURFp4fTkuyoXGcBdCVvvMI-iENh_E\">https:\/\/volksgruppen.orf.at\/cesi\/radiotelevize\/stories\/3147618\/?fbclid=IwAR1eUr5fIRnN7qlRJcRslpuyCUyXJWURFp4fTkuyoXGcBdCVvvMI-iENh_E<\/a><\/p>\n<p>[\/et_pb_text][\/et_pb_column][\/et_pb_row][et_pb_row _builder_version=&#8220;4.9.3&#8243; _module_preset=&#8220;default&#8220;][et_pb_column _builder_version=&#8220;4.9.3&#8243; _module_preset=&#8220;default&#8220; type=&#8220;4_4&#8243;][et_pb_text _builder_version=&#8220;4.9.3&#8243; _module_preset=&#8220;default&#8220; hover_enabled=&#8220;0&#8243; sticky_enabled=&#8220;0&#8243;]<\/p>\n<h3><strong>FOTOGALERIE<\/strong><\/h3>\n<p>[\/et_pb_text][\/et_pb_column][\/et_pb_row][et_pb_row _builder_version=&#8220;4.9.3&#8243; _module_preset=&#8220;default&#8220;][et_pb_column _builder_version=&#8220;4.9.3&#8243; _module_preset=&#8220;default&#8220; type=&#8220;4_4&#8243;][et_pb_gallery _builder_version=&#8220;4.9.3&#8243; _module_preset=&#8220;default&#8220; gallery_ids=&#8220;699,700,701,702,703,704,705,706,707,708,709,710,711,712,713,714,715,716,717,718,719,720,721,722,723,724,725,726,727,728,729,730,731,732,733&#8243; show_title_and_caption=&#8220;off&#8220; hover_enabled=&#8220;0&#8243; sticky_enabled=&#8220;0&#8243;][\/et_pb_gallery][\/et_pb_column][\/et_pb_row][\/et_pb_section]<\/p>","protected":false},"excerpt":{"rendered":"<p>[et_pb_section fb_built=&#8220;1&#8243; _builder_version=&#8220;4.9.3&#8243; _module_preset=&#8220;default&#8220; background_image=&#8220;http:\/\/wien-cz-sk.at\/wp-content\/uploads\/2022\/01\/background.png&#8220; custom_padding=&#8220;||0px|||&#8220;][et_pb_row _builder_version=&#8220;4.9.3&#8243; _module_preset=&#8220;default&#8220; custom_padding=&#8220;0px|||||&#8220;][et_pb_column type=&#8220;4_4&#8243; _builder_version=&#8220;4.9.3&#8243; _module_preset=&#8220;default&#8220;][et_pb_text _builder_version=&#8220;4.9.3&#8243; _module_preset=&#8220;default&#8220; background_layout=&#8220;dark&#8220;] RECIT\u00c1L CIMBALISTKY LENKY BL\u00c1HOV\u00c9 A JEJ\u00cdCH HOST\u016e [\/et_pb_text][\/et_pb_column][\/et_pb_row][et_pb_row _builder_version=&#8220;4.9.3&#8243; _module_preset=&#8220;default&#8220;][et_pb_column type=&#8220;4_4&#8243; _builder_version=&#8220;4.9.3&#8243; _module_preset=&#8220;default&#8220;][et_pb_text _builder_version=&#8220;4.9.3&#8243; _module_preset=&#8220;default&#8220; [&hellip;]<\/p>","protected":false},"author":1,"featured_media":0,"parent":0,"menu_order":0,"comment_status":"closed","ping_status":"closed","template":"","meta":{"_et_pb_use_builder":"on","_et_pb_old_content":"<!-- wp:divi\/placeholder \/-->","_et_gb_content_width":"","om_disable_all_campaigns":false,"_mi_skip_tracking":false},"aioseo_notices":[],"_links":{"self":[{"href":"https:\/\/wien-cz-sk.at\/de\/wp-json\/wp\/v2\/pages\/352"}],"collection":[{"href":"https:\/\/wien-cz-sk.at\/de\/wp-json\/wp\/v2\/pages"}],"about":[{"href":"https:\/\/wien-cz-sk.at\/de\/wp-json\/wp\/v2\/types\/page"}],"author":[{"embeddable":true,"href":"https:\/\/wien-cz-sk.at\/de\/wp-json\/wp\/v2\/users\/1"}],"replies":[{"embeddable":true,"href":"https:\/\/wien-cz-sk.at\/de\/wp-json\/wp\/v2\/comments?post=352"}],"version-history":[{"count":9,"href":"https:\/\/wien-cz-sk.at\/de\/wp-json\/wp\/v2\/pages\/352\/revisions"}],"predecessor-version":[{"id":734,"href":"https:\/\/wien-cz-sk.at\/de\/wp-json\/wp\/v2\/pages\/352\/revisions\/734"}],"wp:attachment":[{"href":"https:\/\/wien-cz-sk.at\/de\/wp-json\/wp\/v2\/media?parent=352"}],"curies":[{"name":"wp","href":"https:\/\/api.w.org\/{rel}","templated":true}]}}