{"id":41,"date":"2022-01-02T14:16:39","date_gmt":"2022-01-02T14:16:39","guid":{"rendered":"http:\/\/wien-cz-sk.at\/?page_id=41"},"modified":"2022-08-08T06:24:47","modified_gmt":"2022-08-08T06:24:47","slug":"home","status":"publish","type":"page","link":"https:\/\/wien-cz-sk.at\/de\/","title":{"rendered":"Home"},"content":{"rendered":"<p>[et_pb_section fb_built=&#8220;1&#8243; _builder_version=&#8220;4.9.3&#8243; _module_preset=&#8220;default&#8220; background_image=&#8220;http:\/\/wien-cz-sk.at\/wp-content\/uploads\/2022\/01\/background.png&#8220; parallax=&#8220;on&#8220; min_height=&#8220;705px&#8220; custom_margin=&#8220;||-2px|||&#8220; custom_padding=&#8220;104px||102px|||&#8220;][et_pb_row _builder_version=&#8220;4.9.3&#8243; _module_preset=&#8220;default&#8220; min_height=&#8220;129px&#8220; custom_margin=&#8220;-61px|auto||auto||&#8220; custom_padding=&#8220;0px||0px|||&#8220;][et_pb_column type=&#8220;4_4&#8243; _builder_version=&#8220;4.9.3&#8243; _module_preset=&#8220;default&#8220;][et_pb_image src=&#8220;http:\/\/wien-cz-sk.at\/wp-content\/uploads\/2022\/01\/logo.png&#8220; title_text=&#8220;logo&#8220; align=&#8220;center&#8220; src_tablet=&#8220;&#8220; src_phone=&#8220;&#8220; src_last_edited=&#8220;on|phone&#8220; _builder_version=&#8220;4.9.3&#8243; _module_preset=&#8220;default&#8220; width=&#8220;19%&#8220; width_tablet=&#8220;&#8220; width_phone=&#8220;&#8220; width_last_edited=&#8220;on|phone&#8220; custom_margin=&#8220;||9px|||&#8220;][\/et_pb_image][\/et_pb_column][\/et_pb_row][et_pb_row column_structure=&#8220;1_5,1_5,1_5,1_5,1_5&#8243; _builder_version=&#8220;4.9.3&#8243; _module_preset=&#8220;default&#8220; min_height=&#8220;110px&#8220; custom_margin=&#8220;-21px|auto|33px|auto||&#8220; custom_padding=&#8220;48px||17px|||&#8220;][et_pb_column type=&#8220;1_5&#8243; _builder_version=&#8220;4.9.3&#8243; _module_preset=&#8220;default&#8220;][et_pb_button button_url=&#8220;http:\/\/wien-cz-sk.at\/kalendar-akci&#8220; button_text=&#8220;KALEND\u00c1\u0158 &#8220; button_alignment=&#8220;center&#8220; _builder_version=&#8220;4.9.3&#8243; _module_preset=&#8220;default&#8220; background_layout=&#8220;dark&#8220;][\/et_pb_button][\/et_pb_column][et_pb_column type=&#8220;1_5&#8243; _builder_version=&#8220;4.9.3&#8243; _module_preset=&#8220;default&#8220;][et_pb_button button_url=&#8220;http:\/\/wien-cz-sk.at\/videa&#8220; button_text=&#8220;                           GALERIE                    &#8220; button_alignment=&#8220;center&#8220; _builder_version=&#8220;4.9.3&#8243; _module_preset=&#8220;default&#8220; background_layout=&#8220;dark&#8220;][\/et_pb_button][\/et_pb_column][et_pb_column type=&#8220;1_5&#8243; _builder_version=&#8220;4.9.3&#8243; _module_preset=&#8220;default&#8220;][et_pb_button button_url=&#8220;https:\/\/wien-cz-sk.at\/projekt-digitalizace&#8220; button_text=&#8220;DIGITALIZACE&#8220; button_alignment=&#8220;center&#8220; _builder_version=&#8220;4.9.3&#8243; _module_preset=&#8220;default&#8220; background_layout=&#8220;dark&#8220; hover_enabled=&#8220;0&#8243; sticky_enabled=&#8220;0&#8243;][\/et_pb_button][\/et_pb_column][et_pb_column _builder_version=&#8220;4.9.3&#8243; _module_preset=&#8220;default&#8220; type=&#8220;1_5&#8243;][et_pb_button button_url=&#8220;http:\/\/wien-cz-sk.at\/partneri&#8220; button_text=&#8220;PARTNE\u0158I &#8220; button_alignment=&#8220;center&#8220; _builder_version=&#8220;4.9.3&#8243; _module_preset=&#8220;default&#8220; background_layout=&#8220;dark&#8220;][\/et_pb_button][\/et_pb_column][et_pb_column type=&#8220;1_5&#8243; _builder_version=&#8220;4.9.3&#8243; _module_preset=&#8220;default&#8220;][et_pb_button button_url=&#8220;http:\/\/wien-cz-sk.at\/kontakt&#8220; button_text=&#8220;KONTAKT&#8220; button_alignment=&#8220;center&#8220; _builder_version=&#8220;4.9.3&#8243; _module_preset=&#8220;default&#8220; background_layout=&#8220;dark&#8220;][\/et_pb_button][\/et_pb_column][\/et_pb_row][et_pb_row column_structure=&#8220;1_3,1_3,1_3&#8243; _builder_version=&#8220;4.9.3&#8243; _module_preset=&#8220;default&#8220; custom_margin=&#8220;5px|auto|-4px|auto||&#8220; custom_padding=&#8220;0px||6px|||&#8220;][et_pb_column type=&#8220;1_3&#8243; _builder_version=&#8220;4.9.3&#8243; _module_preset=&#8220;default&#8220;][et_pb_text _builder_version=&#8220;4.9.3&#8243; _module_preset=&#8220;default&#8220; text_text_color=&#8220;#FFFFFF&#8220; background_layout=&#8220;dark&#8220; module_alignment=&#8220;center&#8220; custom_margin=&#8220;||16px|||&#8220;]<\/p>\n<h1 style=\"text-align: center;\"><strong>ROK <\/strong><\/h1>\n<h1 style=\"text-align: center;\"><strong>VIEDENSK\u00ddCH <\/strong><\/h1>\n<h1 style=\"text-align: center;\"><strong>\u010cECHOV <\/strong><\/h1>\n<h1 style=\"text-align: center;\"><strong>A SLOV\u00c1KOV<\/strong><\/h1>\n<p>[\/et_pb_text][\/et_pb_column][et_pb_column type=&#8220;1_3&#8243; _builder_version=&#8220;4.9.3&#8243; _module_preset=&#8220;default&#8220;][et_pb_text _builder_version=&#8220;4.9.3&#8243; _module_preset=&#8220;default&#8220; text_text_color=&#8220;#FFFFFF&#8220; background_layout=&#8220;dark&#8220; module_alignment=&#8220;center&#8220; custom_margin=&#8220;||20px|||&#8220;]<\/p>\n<h1 style=\"text-align: center;\"><strong>ROK <\/strong><\/h1>\n<h1 style=\"text-align: center;\"><strong>V\u00cdDE\u0147SK\u00ddCH <\/strong><\/h1>\n<h1 style=\"text-align: center;\"><strong>\u010cECH\u016e<\/strong><\/h1>\n<h1 style=\"text-align: center;\"><strong>A SLOV\u00c1K\u016e<\/strong><strong><\/strong><\/h1>\n<h1 style=\"text-align: center;\"><strong>2022<\/strong><\/h1>\n<p>&nbsp;<\/p>\n<p>[\/et_pb_text][\/et_pb_column][et_pb_column type=&#8220;1_3&#8243; _builder_version=&#8220;4.9.3&#8243; _module_preset=&#8220;default&#8220;][et_pb_text _builder_version=&#8220;4.9.3&#8243; _module_preset=&#8220;default&#8220; text_text_color=&#8220;#FFFFFF&#8220; background_layout=&#8220;dark&#8220; module_alignment=&#8220;center&#8220; custom_margin=&#8220;||12px|||&#8220;]<\/p>\n<h1 style=\"text-align: center;\"><strong>DAS JAHR<\/strong><\/h1>\n<h1 style=\"text-align: center;\"><strong>DER WIENER<\/strong><\/h1>\n<h1 style=\"text-align: center;\"><strong>TSCHECHEN<\/strong><\/h1>\n<h1 style=\"text-align: center;\"><strong>UND SLOWAKEN<\/strong><\/h1>\n<p>[\/et_pb_text][\/et_pb_column][\/et_pb_row][et_pb_row _builder_version=&#8220;4.9.3&#8243; _module_preset=&#8220;default&#8220;][et_pb_column type=&#8220;4_4&#8243; _builder_version=&#8220;4.9.3&#8243; _module_preset=&#8220;default&#8220;][et_pb_text _builder_version=&#8220;4.9.3&#8243; _module_preset=&#8220;default&#8220; background_layout=&#8220;dark&#8220;]<\/p>\n<h5 style=\"text-align: center;\"><strong>EHRENSCHUTZ WIENER B\u00dcRGERMEISTER DR. MICHAEL LUDWIG<\/strong><\/h5>\n<p>[\/et_pb_text][\/et_pb_column][\/et_pb_row][\/et_pb_section][et_pb_section fb_built=&#8220;1&#8243; _builder_version=&#8220;4.9.3&#8243; _module_preset=&#8220;default&#8220; background_color=&#8220;#222222&#8243; custom_padding=&#8220;||0px|||&#8220;][et_pb_row _builder_version=&#8220;4.9.3&#8243; _module_preset=&#8220;default&#8220; custom_margin=&#8220;-17px|auto||auto||&#8220;][et_pb_column type=&#8220;4_4&#8243; _builder_version=&#8220;4.9.3&#8243; _module_preset=&#8220;default&#8220;][wdcl_logo_carousel slide_count=&#8220;5&#8243; logo_height=&#8220;131px&#8220; logo_width=&#8220;186px&#8220; _builder_version=&#8220;4.9.3&#8243; _module_preset=&#8220;default&#8220; background_enable_color=&#8220;off&#8220;][wdcl_logo_carousel_child logo=&#8220;http:\/\/wien-cz-sk.at\/wp-content\/uploads\/2022\/01\/komensky-1.png&#8220; is_link=&#8220;on&#8220; link_url=&#8220;https:\/\/www.komensky-vienna.at\/&#8220; link_options=&#8220;on|off&#8220; _builder_version=&#8220;4.9.3&#8243; _module_preset=&#8220;default&#8220;][\/wdcl_logo_carousel_child][wdcl_logo_carousel_child logo=&#8220;http:\/\/wien-cz-sk.at\/wp-content\/uploads\/2022\/01\/post-1.png&#8220; is_link=&#8220;on&#8220; link_url=&#8220;https:\/\/www.hotel-post-wien.at\/&#8220; link_options=&#8220;on|off&#8220; _builder_version=&#8220;4.9.3&#8243; _module_preset=&#8220;default&#8220;][\/wdcl_logo_carousel_child][wdcl_logo_carousel_child logo=&#8220;http:\/\/wien-cz-sk.at\/wp-content\/uploads\/2022\/01\/schweizerhaus-1.png&#8220; is_link=&#8220;on&#8220; link_url=&#8220;https:\/\/schweizerhaus.at\/&#8220; link_options=&#8220;on|off&#8220; _builder_version=&#8220;4.9.3&#8243; _module_preset=&#8220;default&#8220;][\/wdcl_logo_carousel_child][wdcl_logo_carousel_child logo=&#8220;http:\/\/wien-cz-sk.at\/wp-content\/uploads\/2022\/01\/luftburg.png&#8220; is_link=&#8220;on&#8220; link_url=&#8220;https:\/\/kolarik.at\/luftburg\/&#8220; link_options=&#8220;on|off&#8220; _builder_version=&#8220;4.9.3&#8243; _module_preset=&#8220;default&#8220;][\/wdcl_logo_carousel_child][wdcl_logo_carousel_child logo=&#8220;http:\/\/wien-cz-sk.at\/wp-content\/uploads\/2022\/01\/rohr-mertl.png&#8220; is_link=&#8220;on&#8220; link_url=&#8220;https:\/\/www.mertl.com\/&#8220; link_options=&#8220;on|off&#8220; _builder_version=&#8220;4.9.3&#8243; _module_preset=&#8220;default&#8220;][\/wdcl_logo_carousel_child][wdcl_logo_carousel_child logo=&#8220;http:\/\/wien-cz-sk.at\/wp-content\/uploads\/2022\/01\/kolar.png&#8220; is_link=&#8220;on&#8220; link_url=&#8220;https:\/\/www.kolar.at\/&#8220; link_options=&#8220;on|off&#8220; _builder_version=&#8220;4.9.3&#8243; _module_preset=&#8220;default&#8220;][\/wdcl_logo_carousel_child][wdcl_logo_carousel_child logo=&#8220;http:\/\/wien-cz-sk.at\/wp-content\/uploads\/2022\/01\/csuz.png&#8220; is_link=&#8220;on&#8220; link_url=&#8220;https:\/\/www.csuz.cz\/&#8220; link_options=&#8220;on|off&#8220; _builder_version=&#8220;4.9.3&#8243; _module_preset=&#8220;default&#8220;][\/wdcl_logo_carousel_child][wdcl_logo_carousel_child logo=&#8220;http:\/\/wien-cz-sk.at\/wp-content\/uploads\/2022\/01\/bundeskanzleramt.png&#8220; is_link=&#8220;on&#8220; link_url=&#8220;https:\/\/www.bundeskanzleramt.gv.at\/&#8220; link_options=&#8220;on|off&#8220; _builder_version=&#8220;4.9.3&#8243; _module_preset=&#8220;default&#8220;][\/wdcl_logo_carousel_child][wdcl_logo_carousel_child logo=&#8220;http:\/\/wien-cz-sk.at\/wp-content\/uploads\/2022\/01\/orf.png&#8220; is_link=&#8220;on&#8220; link_url=&#8220;https:\/\/orf.at\/&#8220; link_options=&#8220;on|off&#8220; _builder_version=&#8220;4.9.3&#8243; _module_preset=&#8220;default&#8220;][\/wdcl_logo_carousel_child][wdcl_logo_carousel_child logo=&#8220;http:\/\/wien-cz-sk.at\/wp-content\/uploads\/2022\/01\/jihomoravskykraj.png&#8220; is_link=&#8220;on&#8220; link_url=&#8220;https:\/\/www.jmk.cz\/&#8220; link_options=&#8220;on|off&#8220; _builder_version=&#8220;4.9.3&#8243; _module_preset=&#8220;default&#8220;][\/wdcl_logo_carousel_child][wdcl_logo_carousel_child logo=&#8220;http:\/\/wien-cz-sk.at\/wp-content\/uploads\/2022\/01\/stadt_wien.png&#8220; is_link=&#8220;on&#8220; link_url=&#8220;https:\/\/www.wien.gv.at\/&#8220; link_options=&#8220;on|off&#8220; _builder_version=&#8220;4.9.3&#8243; _module_preset=&#8220;default&#8220;][\/wdcl_logo_carousel_child][wdcl_logo_carousel_child logo=&#8220;http:\/\/wien-cz-sk.at\/wp-content\/uploads\/2022\/01\/czech_republic.png&#8220; _builder_version=&#8220;4.9.3&#8243; _module_preset=&#8220;default&#8220;][\/wdcl_logo_carousel_child][wdcl_logo_carousel_child logo=&#8220;http:\/\/wien-cz-sk.at\/wp-content\/uploads\/2022\/01\/panorama-1.png&#8220; is_link=&#8220;on&#8220; link_url=&#8220;https:\/\/www.panoramahotelprague.com\/cs\/dom&#8220; link_options=&#8220;on|off&#8220; _builder_version=&#8220;4.9.3&#8243; _module_preset=&#8220;default&#8220; link_option_url=&#8220;https:\/\/www.panoramahotelprague.com\/cs\/dom&#8220; link_option_url_new_window=&#8220;on&#8220;][\/wdcl_logo_carousel_child][\/wdcl_logo_carousel][\/et_pb_column][\/et_pb_row][\/et_pb_section]<\/p>","protected":false},"excerpt":{"rendered":"<p>[et_pb_section fb_built=&#8220;1&#8243; _builder_version=&#8220;4.9.3&#8243; _module_preset=&#8220;default&#8220; background_image=&#8220;http:\/\/wien-cz-sk.at\/wp-content\/uploads\/2022\/01\/background.png&#8220; parallax=&#8220;on&#8220; min_height=&#8220;705px&#8220; custom_margin=&#8220;||-2px|||&#8220; custom_padding=&#8220;104px||102px|||&#8220;][et_pb_row _builder_version=&#8220;4.9.3&#8243; _module_preset=&#8220;default&#8220; min_height=&#8220;129px&#8220; custom_margin=&#8220;-61px|auto||auto||&#8220; custom_padding=&#8220;0px||0px|||&#8220;][et_pb_column type=&#8220;4_4&#8243; _builder_version=&#8220;4.9.3&#8243; _module_preset=&#8220;default&#8220;][et_pb_image src=&#8220;http:\/\/wien-cz-sk.at\/wp-content\/uploads\/2022\/01\/logo.png&#8220; title_text=&#8220;logo&#8220; align=&#8220;center&#8220; src_tablet=&#8220;&#8220; src_phone=&#8220;&#8220; src_last_edited=&#8220;on|phone&#8220; _builder_version=&#8220;4.9.3&#8243; _module_preset=&#8220;default&#8220; width=&#8220;19%&#8220; width_tablet=&#8220;&#8220; width_phone=&#8220;&#8220; width_last_edited=&#8220;on|phone&#8220; custom_margin=&#8220;||9px|||&#8220;][\/et_pb_image][\/et_pb_column][\/et_pb_row][et_pb_row [&hellip;]<\/p>","protected":false},"author":1,"featured_media":0,"parent":0,"menu_order":0,"comment_status":"closed","ping_status":"closed","template":"","meta":{"_et_pb_use_builder":"on","_et_pb_old_content":"<!-- wp:divi\/placeholder \/-->","_et_gb_content_width":"","om_disable_all_campaigns":false,"_mi_skip_tracking":false},"aioseo_notices":[],"_links":{"self":[{"href":"https:\/\/wien-cz-sk.at\/de\/wp-json\/wp\/v2\/pages\/41"}],"collection":[{"href":"https:\/\/wien-cz-sk.at\/de\/wp-json\/wp\/v2\/pages"}],"about":[{"href":"https:\/\/wien-cz-sk.at\/de\/wp-json\/wp\/v2\/types\/page"}],"author":[{"embeddable":true,"href":"https:\/\/wien-cz-sk.at\/de\/wp-json\/wp\/v2\/users\/1"}],"replies":[{"embeddable":true,"href":"https:\/\/wien-cz-sk.at\/de\/wp-json\/wp\/v2\/comments?post=41"}],"version-history":[{"count":22,"href":"https:\/\/wien-cz-sk.at\/de\/wp-json\/wp\/v2\/pages\/41\/revisions"}],"predecessor-version":[{"id":1038,"href":"https:\/\/wien-cz-sk.at\/de\/wp-json\/wp\/v2\/pages\/41\/revisions\/1038"}],"wp:attachment":[{"href":"https:\/\/wien-cz-sk.at\/de\/wp-json\/wp\/v2\/media?parent=41"}],"curies":[{"name":"wp","href":"https:\/\/api.w.org\/{rel}","templated":true}]}}