{"id":433,"date":"2022-02-01T16:14:03","date_gmt":"2022-02-01T16:14:03","guid":{"rendered":"http:\/\/wien-cz-sk.at\/?page_id=433"},"modified":"2022-03-20T15:52:51","modified_gmt":"2022-03-20T15:52:51","slug":"divadelni-predstaveni-medved-muzikal-vlastenecke-omladiny","status":"publish","type":"page","link":"https:\/\/wien-cz-sk.at\/de\/divadelni-predstaveni-medved-muzikal-vlastenecke-omladiny","title":{"rendered":"Divadeln\u00ed p\u0159edstaven\u00ed &#8211; Medv\u011bd &#038; Muzik\u00e1l Vlasteneck\u00e9 omladiny"},"content":{"rendered":"<p>[et_pb_section fb_built=&#8220;1&#8243; _builder_version=&#8220;4.9.3&#8243; _module_preset=&#8220;default&#8220; background_image=&#8220;http:\/\/wien-cz-sk.at\/wp-content\/uploads\/2022\/01\/background.png&#8220; custom_padding=&#8220;||0px|||&#8220;][et_pb_row _builder_version=&#8220;4.9.3&#8243; _module_preset=&#8220;default&#8220; custom_padding=&#8220;0px|||||&#8220;][et_pb_column type=&#8220;4_4&#8243; _builder_version=&#8220;4.9.3&#8243; _module_preset=&#8220;default&#8220;][et_pb_text _builder_version=&#8220;4.9.3&#8243; _module_preset=&#8220;default&#8220; background_layout=&#8220;dark&#8220;]<\/p>\n<h1 style=\"text-align: center;\"><strong>THEATERVORSTELLUNG \u2013 MEDV\u011aD A MUZIK\u00c1L<\/strong><\/h1>\n<p>[\/et_pb_text][\/et_pb_column][\/et_pb_row][et_pb_row _builder_version=&#8220;4.9.3&#8243; _module_preset=&#8220;default&#8220;][et_pb_column type=&#8220;4_4&#8243; _builder_version=&#8220;4.9.3&#8243; _module_preset=&#8220;default&#8220;][et_pb_text _builder_version=&#8220;4.9.3&#8243; _module_preset=&#8220;default&#8220; background_layout=&#8220;dark&#8220;]<\/p>\n<h3 style=\"text-align: center;\"><strong>26. M\u00e4rz 2022\u00a0<\/strong><\/h3>\n<p>[\/et_pb_text][\/et_pb_column][\/et_pb_row][\/et_pb_section][et_pb_section fb_built=&#8220;1&#8243; _builder_version=&#8220;4.9.3&#8243; _module_preset=&#8220;default&#8220; custom_padding=&#8220;25px|||||&#8220;][et_pb_row _builder_version=&#8220;4.9.3&#8243; _module_preset=&#8220;default&#8220; custom_padding=&#8220;0px|||||&#8220;][et_pb_column type=&#8220;4_4&#8243; _builder_version=&#8220;4.9.3&#8243; _module_preset=&#8220;default&#8220;][et_pb_text _builder_version=&#8220;4.9.3&#8243; _module_preset=&#8220;default&#8220;]<\/p>\n<h3 style=\"text-align: center;\"><strong>Veranstalter<\/strong><\/h3>\n<h5 style=\"text-align: center;\"><strong><\/strong><span>Vlasteneck\u00e1 Omladina<\/span><\/h5>\n<p>[\/et_pb_text][\/et_pb_column][\/et_pb_row][et_pb_row column_structure=&#8220;1_3,2_3&#8243; _builder_version=&#8220;4.9.3&#8243; _module_preset=&#8220;default&#8220; width=&#8220;78.9%&#8220; custom_margin=&#8220;-24px|auto||auto||&#8220;][et_pb_column type=&#8220;1_3&#8243; _builder_version=&#8220;4.9.3&#8243; _module_preset=&#8220;default&#8220;][et_pb_text _builder_version=&#8220;4.9.3&#8243; _module_preset=&#8220;default&#8220;]<\/p>\n<h3 class=\"wnd-align-right\" id=\"wnd_TextBlock_483074_inner_0\" data-wnd_is_separable=\"1\" data-wnd_separable_index=\"0\" data-wnd_separable_id=\"wnd_TextBlock_483074\"><strong>ORT<\/strong><\/h3>\n<div class=\"wnd-align-right\"><span>Sebastianplatz 3, <\/span><\/div>\n<div class=\"wnd-align-right\"><span>1030 Wien<\/span><\/div>\n<div class=\"wnd-align-right\"><span><\/span><\/div>\n<div class=\"wnd-align-right\"><span><\/span><\/div>\n<div class=\"wnd-align-right\"><span><\/span><\/div>\n<h3 class=\"wnd-align-right\" id=\"wnd_TextBlock_483074_inner_2\" data-wnd_is_separable=\"1\" data-wnd_separable_index=\"2\" data-wnd_separable_id=\"wnd_TextBlock_483074\"><span class=\"wnd-font-size-70\"><strong>DATUM<\/strong><\/span><\/h3>\n<p class=\"wnd-align-right\" id=\"wnd_TextBlock_483074_inner_3\" data-wnd_is_separable=\"1\" data-wnd_separable_index=\"3\" data-wnd_separable_id=\"wnd_TextBlock_483074\">26. 03. 2022<\/p>\n<h3 class=\"wnd-align-right\" id=\"wnd_TextBlock_483074_inner_4\" data-wnd_is_separable=\"1\" data-wnd_separable_index=\"4\" data-wnd_separable_id=\"wnd_TextBlock_483074\"><span><strong>BEGINN\u00a0<\/strong><\/span><\/h3>\n<p class=\"wnd-align-right\" id=\"wnd_TextBlock_483074_inner_5\" data-wnd_is_separable=\"1\" data-wnd_separable_index=\"5\" data-wnd_separable_id=\"wnd_TextBlock_483074\">17:00 Uhr<\/p>\n<h3 class=\"wnd-align-right\" data-wnd_is_separable=\"1\" data-wnd_separable_index=\"11\" data-wnd_separable_id=\"wnd_TextBlock_483074\"><strong>EINTRITTSKARTEN<\/strong><\/h3>\n<p>http:\/\/www.omladina.at\/ticket-bestellen\/<\/p>\n<h3 class=\"wnd-align-right\" data-wnd_is_separable=\"1\" data-wnd_separable_index=\"11\" data-wnd_separable_id=\"wnd_TextBlock_483074\"><strong>PARTNER<\/strong><\/h3>\n<p><a href=\"http:\/\/www.omladina.at\/\"><img decoding=\"async\" loading=\"lazy\" src=\"http:\/\/wien-cz-sk.at\/wp-content\/uploads\/2022\/01\/vomladina-300x181.png\" width=\"300\" height=\"181\" alt=\"\" class=\"wp-image-259 alignnone size-medium\" srcset=\"https:\/\/wien-cz-sk.at\/wp-content\/uploads\/2022\/01\/vomladina-300x181.png 300w, https:\/\/wien-cz-sk.at\/wp-content\/uploads\/2022\/01\/vomladina-18x12.png 18w, https:\/\/wien-cz-sk.at\/wp-content\/uploads\/2022\/01\/vomladina.png 452w\" sizes=\"(max-width: 300px) 100vw, 300px\" \/><\/a><\/p>\n<p><strong><img decoding=\"async\" loading=\"lazy\" src=\"http:\/\/wien-cz-sk.at\/wp-content\/uploads\/2022\/01\/cropped-logo_150let_nove2022-300x137.png\" width=\"241\" height=\"110\" alt=\"\" class=\"wp-image-13 alignnone size-medium\" srcset=\"https:\/\/wien-cz-sk.at\/wp-content\/uploads\/2022\/01\/cropped-logo_150let_nove2022-300x137.png 300w, https:\/\/wien-cz-sk.at\/wp-content\/uploads\/2022\/01\/cropped-logo_150let_nove2022-517x235.png 517w, https:\/\/wien-cz-sk.at\/wp-content\/uploads\/2022\/01\/cropped-logo_150let_nove2022.png 671w\" sizes=\"(max-width: 241px) 100vw, 241px\" \/><\/strong><\/p>\n<p>[\/et_pb_text][et_pb_button button_url=&#8220;https:\/\/kontaktforum-cs.at\/&#8220; url_new_window=&#8220;on&#8220; button_text=&#8220;M\u00e1m z\u00e1jem&#8220; button_alignment=&#8220;left&#8220; _builder_version=&#8220;4.9.3&#8243; _module_preset=&#8220;default&#8220;][\/et_pb_button][\/et_pb_column][et_pb_column type=&#8220;2_3&#8243; _builder_version=&#8220;4.9.3&#8243; _module_preset=&#8220;default&#8220;][et_pb_image src=&#8220;https:\/\/wien-cz-sk.at\/wp-content\/uploads\/2022\/03\/275058707_4945191952191192_1435582850130559900_n-e1647791511325.jpg&#8220; title_text=&#8220;275058707_4945191952191192_1435582850130559900_n&#8220; src_tablet=&#8220;&#8220; src_phone=&#8220;&#8220; src_last_edited=&#8220;on|phone&#8220; _builder_version=&#8220;4.9.3&#8243; _module_preset=&#8220;default&#8220; custom_margin=&#8220;-5px|||||&#8220; custom_padding=&#8220;8px|||||&#8220; hover_enabled=&#8220;0&#8243; sticky_enabled=&#8220;0&#8243;][\/et_pb_image][et_pb_text _builder_version=&#8220;4.9.3&#8243; _module_preset=&#8220;default&#8220; custom_margin=&#8220;-4px|||||&#8220; hover_enabled=&#8220;0&#8243; sticky_enabled=&#8220;0&#8243;]<\/p>\n<h3 id=\"wnd_TextBlock_26143_inner_0\" data-wnd_is_separable=\"1\" data-wnd_separable_index=\"0\" data-wnd_separable_id=\"wnd_TextBlock_26143\"><strong>PROGRAMM<\/strong><\/h3>\n<ul><\/ul>\n<p id=\"wnd_TextBlock_26143_inner_0\" data-wnd_is_separable=\"1\" data-wnd_separable_index=\"0\" data-wnd_separable_id=\"wnd_TextBlock_26143\"><span>Na p\u0159ipravovan\u00e9 benefi\u010dn\u00ed p\u0159edstaven\u00ed v sobotu 26.3. od 17:00 hodin p\u0159ijal na\u0161e pozv\u00e1n\u00ed pan <strong>PETR GAZD\u00cdK<\/strong>, \u0161\u00e9f muzik\u00e1lov\u00e9ho souboru M\u011bstsk\u00e9ho divadla Brno, dr\u017eitel ceny Th\u00e1lie za ztv\u00e1rn\u011bn\u00ed hlavn\u00ed role Jeana Valjeana v muzik\u00e1lu Les Mis\u00e9rables (B\u00eddn\u00edci).<\/span><\/p>\n<p>[\/et_pb_text][\/et_pb_column][\/et_pb_row][\/et_pb_section]<\/p>","protected":false},"excerpt":{"rendered":"<p>[et_pb_section fb_built=&#8220;1&#8243; _builder_version=&#8220;4.9.3&#8243; _module_preset=&#8220;default&#8220; background_image=&#8220;http:\/\/wien-cz-sk.at\/wp-content\/uploads\/2022\/01\/background.png&#8220; custom_padding=&#8220;||0px|||&#8220;][et_pb_row _builder_version=&#8220;4.9.3&#8243; _module_preset=&#8220;default&#8220; custom_padding=&#8220;0px|||||&#8220;][et_pb_column type=&#8220;4_4&#8243; _builder_version=&#8220;4.9.3&#8243; _module_preset=&#8220;default&#8220;][et_pb_text _builder_version=&#8220;4.9.3&#8243; _module_preset=&#8220;default&#8220; background_layout=&#8220;dark&#8220;] DIVADELN\u00cd P\u0158EDSTAVEN\u00cd &#8211; MEDV\u011aD A MUZIK\u00c1L [\/et_pb_text][\/et_pb_column][\/et_pb_row][et_pb_row _builder_version=&#8220;4.9.3&#8243; _module_preset=&#8220;default&#8220;][et_pb_column type=&#8220;4_4&#8243; _builder_version=&#8220;4.9.3&#8243; _module_preset=&#8220;default&#8220;][et_pb_text _builder_version=&#8220;4.9.3&#8243; _module_preset=&#8220;default&#8220; background_layout=&#8220;dark&#8220;] [&hellip;]<\/p>","protected":false},"author":1,"featured_media":0,"parent":0,"menu_order":0,"comment_status":"closed","ping_status":"closed","template":"","meta":{"_et_pb_use_builder":"on","_et_pb_old_content":"","_et_gb_content_width":"","om_disable_all_campaigns":false,"_mi_skip_tracking":false},"aioseo_notices":[],"_links":{"self":[{"href":"https:\/\/wien-cz-sk.at\/de\/wp-json\/wp\/v2\/pages\/433"}],"collection":[{"href":"https:\/\/wien-cz-sk.at\/de\/wp-json\/wp\/v2\/pages"}],"about":[{"href":"https:\/\/wien-cz-sk.at\/de\/wp-json\/wp\/v2\/types\/page"}],"author":[{"embeddable":true,"href":"https:\/\/wien-cz-sk.at\/de\/wp-json\/wp\/v2\/users\/1"}],"replies":[{"embeddable":true,"href":"https:\/\/wien-cz-sk.at\/de\/wp-json\/wp\/v2\/comments?post=433"}],"version-history":[{"count":4,"href":"https:\/\/wien-cz-sk.at\/de\/wp-json\/wp\/v2\/pages\/433\/revisions"}],"predecessor-version":[{"id":661,"href":"https:\/\/wien-cz-sk.at\/de\/wp-json\/wp\/v2\/pages\/433\/revisions\/661"}],"wp:attachment":[{"href":"https:\/\/wien-cz-sk.at\/de\/wp-json\/wp\/v2\/media?parent=433"}],"curies":[{"name":"wp","href":"https:\/\/api.w.org\/{rel}","templated":true}]}}