{"id":538,"date":"2022-02-28T10:24:25","date_gmt":"2022-02-28T10:24:25","guid":{"rendered":"http:\/\/wien-cz-sk.at\/?page_id=538"},"modified":"2022-03-22T12:08:01","modified_gmt":"2022-03-22T12:08:01","slug":"beseda-o-lidskem-stesti","status":"publish","type":"page","link":"https:\/\/wien-cz-sk.at\/de\/beseda-o-lidskem-stesti","title":{"rendered":"Beseda &#8222;O lidsk\u00e9m \u0161t\u011bst\u00ed&#8220;"},"content":{"rendered":"<p>[et_pb_section fb_built=&#8220;1&#8243; _builder_version=&#8220;4.9.3&#8243; _module_preset=&#8220;default&#8220; background_image=&#8220;http:\/\/wien-cz-sk.at\/wp-content\/uploads\/2022\/01\/background.png&#8220; custom_padding=&#8220;||0px|||&#8220;][et_pb_row _builder_version=&#8220;4.9.3&#8243; _module_preset=&#8220;default&#8220; custom_padding=&#8220;0px|||||&#8220;][et_pb_column type=&#8220;4_4&#8243; _builder_version=&#8220;4.9.3&#8243; _module_preset=&#8220;default&#8220;][et_pb_text _builder_version=&#8220;4.9.3&#8243; _module_preset=&#8220;default&#8220; background_layout=&#8220;dark&#8220;]<\/p>\n<h1 style=\"text-align: center;\"><strong>GESPR\u00c4CHSABEND \"\u00dcBER DAS GL\u00dcCK DES MENSCHEN\" MIT DEM HERAUSRAGEDEN CHIRURGEN PROF. PAVEL PAFKO\u00a0<\/strong><\/h1>\n<p>[\/et_pb_text][\/et_pb_column][\/et_pb_row][et_pb_row _builder_version=&#8220;4.9.3&#8243; _module_preset=&#8220;default&#8220;][et_pb_column type=&#8220;4_4&#8243; _builder_version=&#8220;4.9.3&#8243; _module_preset=&#8220;default&#8220;][et_pb_text _builder_version=&#8220;4.9.3&#8243; _module_preset=&#8220;default&#8220; background_layout=&#8220;dark&#8220;]<\/p>\n<h3 style=\"text-align: center;\"><strong>13. \u010dervna 2022\u00a0<\/strong><\/h3>\n<p>[\/et_pb_text][\/et_pb_column][\/et_pb_row][\/et_pb_section][et_pb_section fb_built=&#8220;1&#8243; _builder_version=&#8220;4.9.3&#8243; _module_preset=&#8220;default&#8220; custom_padding=&#8220;25px|||||&#8220;][et_pb_row _builder_version=&#8220;4.9.3&#8243; _module_preset=&#8220;default&#8220; custom_padding=&#8220;0px|||||&#8220;][et_pb_column type=&#8220;4_4&#8243; _builder_version=&#8220;4.9.3&#8243; _module_preset=&#8220;default&#8220;][et_pb_text _builder_version=&#8220;4.9.3&#8243; _module_preset=&#8220;default&#8220;]<\/p>\n<h3 style=\"text-align: center;\"><strong>Veranstalter<\/strong><\/h3>\n<h5 style=\"text-align: center;\"><strong><\/strong>ALUMNI CZ AUSTRIA in Zusammenarbeit mit der Botschaft der Tschechischen Republik in Wien<\/h5>\n<p style=\"text-align: center;\"><span>Verein tschechischer HochschulabsolventInnen in \u00d6sterreich<\/span><\/p>\n<p>[\/et_pb_text][\/et_pb_column][\/et_pb_row][et_pb_row column_structure=&#8220;1_3,2_3&#8243; _builder_version=&#8220;4.9.3&#8243; _module_preset=&#8220;default&#8220; width=&#8220;78.9%&#8220; custom_margin=&#8220;-24px|auto||auto||&#8220;][et_pb_column type=&#8220;1_3&#8243; _builder_version=&#8220;4.9.3&#8243; _module_preset=&#8220;default&#8220;][et_pb_text _builder_version=&#8220;4.9.3&#8243; _module_preset=&#8220;default&#8220;]<\/p>\n<h3 class=\"wnd-align-right\" id=\"wnd_TextBlock_483074_inner_0\" data-wnd_is_separable=\"1\" data-wnd_separable_index=\"0\" data-wnd_separable_id=\"wnd_TextBlock_483074\"><strong>ORT<\/strong><\/h3>\n<div class=\"wnd-align-right\"><span>Botschaft der Tschechischen Republik, \nPenzinger Stra\u00dfe 11-13, 1140 Wien<\/span><\/div>\n<h3 class=\"wnd-align-right\" id=\"wnd_TextBlock_483074_inner_2\" data-wnd_is_separable=\"1\" data-wnd_separable_index=\"2\" data-wnd_separable_id=\"wnd_TextBlock_483074\"><span class=\"wnd-font-size-70\"><strong>DATUM<\/strong><\/span><\/h3>\n<p class=\"wnd-align-right\" id=\"wnd_TextBlock_483074_inner_3\" data-wnd_is_separable=\"1\" data-wnd_separable_index=\"3\" data-wnd_separable_id=\"wnd_TextBlock_483074\">18. 03. 2022<\/p>\n<h3 class=\"wnd-align-right\" id=\"wnd_TextBlock_483074_inner_4\" data-wnd_is_separable=\"1\" data-wnd_separable_index=\"4\" data-wnd_separable_id=\"wnd_TextBlock_483074\"><span><strong>BEGINN\u00a0<\/strong><\/span><\/h3>\n<p class=\"wnd-align-right\" id=\"wnd_TextBlock_483074_inner_5\" data-wnd_is_separable=\"1\" data-wnd_separable_index=\"5\" data-wnd_separable_id=\"wnd_TextBlock_483074\">18:00<\/p>\n<h3><strong>ANMELDUNG ZUR VERANSTALTUNG<\/strong><\/h3>\n<p><a href=\"mailto:alumniczaustria@gmail.com\" target=\"_blank\" rel=\"noopener noreferrer\" data-auth=\"NotApplicable\" data-linkindex=\"4\">alumniczaustria@gmail.com<\/a><\/p>\n<h3 class=\"wnd-align-right\" data-wnd_is_separable=\"1\" data-wnd_separable_index=\"11\" data-wnd_separable_id=\"wnd_TextBlock_483074\"><strong>PARTNER<\/strong><\/h3>\n<p><img decoding=\"async\" loading=\"lazy\" src=\"http:\/\/wien-cz-sk.at\/wp-content\/uploads\/2022\/02\/alumnicz-300x181.png\" width=\"242\" height=\"147\" alt=\"\" class=\"wp-image-503 alignnone size-medium\" srcset=\"https:\/\/wien-cz-sk.at\/wp-content\/uploads\/2022\/02\/alumnicz-300x181.png 300w, https:\/\/wien-cz-sk.at\/wp-content\/uploads\/2022\/02\/alumnicz-18x12.png 18w, https:\/\/wien-cz-sk.at\/wp-content\/uploads\/2022\/02\/alumnicz.png 452w\" sizes=\"(max-width: 242px) 100vw, 242px\" \/><\/p>\n<p>[\/et_pb_text][\/et_pb_column][et_pb_column type=&#8220;2_3&#8243; _builder_version=&#8220;4.9.3&#8243; _module_preset=&#8220;default&#8220;][et_pb_image src=&#8220;https:\/\/wien-cz-sk.at\/wp-content\/uploads\/2022\/03\/276135417_1037819143481805_5519966347584149373_n.jpg&#8220; title_text=&#8220;276135417_1037819143481805_5519966347584149373_n&#8220; src_tablet=&#8220;&#8220; src_phone=&#8220;&#8220; src_last_edited=&#8220;on|phone&#8220; _builder_version=&#8220;4.9.3&#8243; _module_preset=&#8220;default&#8220; custom_margin=&#8220;-5px|||||&#8220; custom_padding=&#8220;8px|||||&#8220; hover_enabled=&#8220;0&#8243; sticky_enabled=&#8220;0&#8243;][\/et_pb_image][et_pb_text _builder_version=&#8220;4.9.3&#8243; _module_preset=&#8220;default&#8220; custom_margin=&#8220;-4px|||||&#8220; hover_enabled=&#8220;0&#8243; sticky_enabled=&#8220;0&#8243;]<\/p>\n<h3 id=\"wnd_TextBlock_26143_inner_0\" data-wnd_is_separable=\"1\" data-wnd_separable_index=\"0\" data-wnd_separable_id=\"wnd_TextBlock_26143\"><strong>INFORMATIONEN<\/strong><\/h3>\n<ul><\/ul>\n<div>\n<div dir=\"auto\">Der Gespr\u00e4chsabend mit dem medienbekannten tschechischen Chirurgen Prof. Dr. PAVEL PAFKO, DrSc., fand in der Botschaft der Tschechischen Republik in Wien am Abend des 18. M\u00e4rz 2022 als Beitrag unseres Vereines zum Jubil\u00e4umsjahr der Wiener Tschechen und Slowaken statt. Die knapp hundert Zuh\u00f6rerInnen aus tschechischen und slowakischen Wiener Kreisen wurden vom Gesch\u00e4ftstr\u00e4ger der tschechischen Botschaft Dr. Jakub Nov\u00e1k sowie vom Ing. Pavel Pachta, CSc., im Namen von Alumni-CZ-Austria begr\u00fc\u00dft.<\/div>\n<div dir=\"auto\">Die Wiener slowakische Folkloregruppe ROZMAR\u00cdN hat mit ihrer herausragenden Darbietung den Abend stimmig eingeleitet, bevor Professor Pafko das Mikrofon \u00fcbernahm, um \u00fcber das Gl\u00fcck des Menschen zu sprechen. Die weisen Worte des ber\u00fchmten Arztes f\u00fchlten sich wie eine heilende Ber\u00fchrung an. Er erinnerte uns daran, was Gl\u00fcck sein kann aber nicht sein muss, verwies auf die Relativit\u00e4t des Begriffes und beschrieb, wie sich das Verst\u00e4ndnis von Gl\u00fcck mit den Lebensjahren \u00e4ndert. Das alles mit Humor und begleitet mit unterhaltsamen Folien. Der Vortrag war ausgesprochen kurzweilig, anschlie\u00dfend beantwortete Prof. Pafko Fragen aus dem Publikum. Der lange Applaus und unser aufrichtiger Dank waren verdient!<\/div>\n<div dir=\"auto\">Wie bei allen unseren Veranstaltungen folgte der Networking-Teil des Abends, der Gespr\u00e4chen unter den TeilnehmerInnen und neuen Kontaktaufnahmen gewidmet war.<\/div>\n<div dir=\"auto\">Wir bedanken uns herzlich bei der Botschaft der Tschechischen Republik f\u00fcr die Mithilfe an der Veranstaltung, ebenso bei der Gruppe Rozmar\u00edn f\u00fcr ihren gro\u00dfartigen Auftritt. Es ist nicht einfach, einen derart namhaften Vortragenden wie Prof. Pavel Pafko f\u00fcr unsere Veranstaltung zu gewinnen, und unser aufrichtiger Dank gilt Frau Ing. Olga Hron\u00edkov\u00e1, Mitglied von Alumni-CZ-Austria, f\u00fcr all ihre M\u00fche! Falls Sie eine interessante Pers\u00f6nlichkeit kennen, die bereit w\u00e4re, nach Wien zu kommen und ihre Kenntnisse mit uns zu teilen, lassen Sie es uns bitte wissen!<\/div>\n<div dir=\"auto\">Foto: Ing. Marie Pachtov\u00e1, CSc. und Petr R. Mauthner.<\/div>\n<\/div>\n<div><\/div>\n<p>[\/et_pb_text][\/et_pb_column][\/et_pb_row][et_pb_row _builder_version=&#8220;4.9.3&#8243; _module_preset=&#8220;default&#8220;][et_pb_column _builder_version=&#8220;4.9.3&#8243; _module_preset=&#8220;default&#8220; type=&#8220;4_4&#8243;][et_pb_gallery _builder_version=&#8220;4.9.3&#8243; _module_preset=&#8220;default&#8220; gallery_ids=&#8220;675,672,676,673,674&#8243; hover_enabled=&#8220;0&#8243; sticky_enabled=&#8220;0&#8243; show_title_and_caption=&#8220;off&#8220; show_pagination=&#8220;off&#8220;][\/et_pb_gallery][\/et_pb_column][\/et_pb_row][\/et_pb_section]<\/p>","protected":false},"excerpt":{"rendered":"<p>[et_pb_section fb_built=&#8220;1&#8243; _builder_version=&#8220;4.9.3&#8243; _module_preset=&#8220;default&#8220; background_image=&#8220;http:\/\/wien-cz-sk.at\/wp-content\/uploads\/2022\/01\/background.png&#8220; custom_padding=&#8220;||0px|||&#8220;][et_pb_row _builder_version=&#8220;4.9.3&#8243; _module_preset=&#8220;default&#8220; custom_padding=&#8220;0px|||||&#8220;][et_pb_column type=&#8220;4_4&#8243; _builder_version=&#8220;4.9.3&#8243; _module_preset=&#8220;default&#8220;][et_pb_text _builder_version=&#8220;4.9.3&#8243; _module_preset=&#8220;default&#8220; background_layout=&#8220;dark&#8220;] BESEDA \u201eO LIDSK\u00c9M \u0160T\u011aST\u00cd\u201c\u00a0 S MEDI\u00c1LN\u011a ZN\u00c1M\u00ddM CHIRURGEM PROFESOREM PAVLEM PAFKEM\u00a0 [\/et_pb_text][\/et_pb_column][\/et_pb_row][et_pb_row _builder_version=&#8220;4.9.3&#8243; _module_preset=&#8220;default&#8220;][et_pb_column type=&#8220;4_4&#8243; [&hellip;]<\/p>","protected":false},"author":1,"featured_media":0,"parent":0,"menu_order":0,"comment_status":"closed","ping_status":"closed","template":"","meta":{"_et_pb_use_builder":"on","_et_pb_old_content":"","_et_gb_content_width":"","om_disable_all_campaigns":false,"_mi_skip_tracking":false},"aioseo_notices":[],"_links":{"self":[{"href":"https:\/\/wien-cz-sk.at\/de\/wp-json\/wp\/v2\/pages\/538"}],"collection":[{"href":"https:\/\/wien-cz-sk.at\/de\/wp-json\/wp\/v2\/pages"}],"about":[{"href":"https:\/\/wien-cz-sk.at\/de\/wp-json\/wp\/v2\/types\/page"}],"author":[{"embeddable":true,"href":"https:\/\/wien-cz-sk.at\/de\/wp-json\/wp\/v2\/users\/1"}],"replies":[{"embeddable":true,"href":"https:\/\/wien-cz-sk.at\/de\/wp-json\/wp\/v2\/comments?post=538"}],"version-history":[{"count":4,"href":"https:\/\/wien-cz-sk.at\/de\/wp-json\/wp\/v2\/pages\/538\/revisions"}],"predecessor-version":[{"id":677,"href":"https:\/\/wien-cz-sk.at\/de\/wp-json\/wp\/v2\/pages\/538\/revisions\/677"}],"wp:attachment":[{"href":"https:\/\/wien-cz-sk.at\/de\/wp-json\/wp\/v2\/media?parent=538"}],"curies":[{"name":"wp","href":"https:\/\/api.w.org\/{rel}","templated":true}]}}