{"id":831,"date":"2022-05-03T14:01:12","date_gmt":"2022-05-03T14:01:12","guid":{"rendered":"https:\/\/wien-cz-sk.at\/?page_id=831"},"modified":"2022-05-03T14:04:45","modified_gmt":"2022-05-03T14:04:45","slug":"divadelni-hra-elegance-molekuly","status":"publish","type":"page","link":"https:\/\/wien-cz-sk.at\/de\/divadelni-hra-elegance-molekuly","title":{"rendered":"THEATERAUFF\u00dcHRUNG - DIE ELEGANZ DES MOLEK\u00dcLS"},"content":{"rendered":"<p>[et_pb_section fb_built=&#8220;1&#8243; _builder_version=&#8220;4.9.3&#8243; _module_preset=&#8220;default&#8220; background_image=&#8220;http:\/\/wien-cz-sk.at\/wp-content\/uploads\/2022\/01\/background.png&#8220; custom_padding=&#8220;||0px|||&#8220;][et_pb_row _builder_version=&#8220;4.9.3&#8243; _module_preset=&#8220;default&#8220; custom_padding=&#8220;0px|||||&#8220;][et_pb_column type=&#8220;4_4&#8243; _builder_version=&#8220;4.9.3&#8243; _module_preset=&#8220;default&#8220;][et_pb_text _builder_version=&#8220;4.9.3&#8243; _module_preset=&#8220;default&#8220; background_layout=&#8220;dark&#8220; hover_enabled=&#8220;0&#8243; sticky_enabled=&#8220;0&#8243;]<\/p>\n<h1 style=\"text-align: center;\"><strong>THEATERAUFF\u00dcHRUNG - DIE ELEGANZ DES MOLEK\u00dcLS<\/strong><\/h1>\n<p>[\/et_pb_text][\/et_pb_column][\/et_pb_row][et_pb_row _builder_version=&#8220;4.9.3&#8243; _module_preset=&#8220;default&#8220;][et_pb_column type=&#8220;4_4&#8243; _builder_version=&#8220;4.9.3&#8243; _module_preset=&#8220;default&#8220;][et_pb_text _builder_version=&#8220;4.9.3&#8243; _module_preset=&#8220;default&#8220; background_layout=&#8220;dark&#8220; hover_enabled=&#8220;0&#8243; sticky_enabled=&#8220;0&#8243;]<\/p>\n<h3 style=\"text-align: center;\"><strong>17. Mai 2022<\/strong><\/h3>\n<p>[\/et_pb_text][\/et_pb_column][\/et_pb_row][\/et_pb_section][et_pb_section fb_built=&#8220;1&#8243; _builder_version=&#8220;4.9.3&#8243; _module_preset=&#8220;default&#8220; custom_padding=&#8220;25px|||||&#8220;][et_pb_row _builder_version=&#8220;4.9.3&#8243; _module_preset=&#8220;default&#8220; custom_padding=&#8220;0px|||||&#8220;][et_pb_column type=&#8220;4_4&#8243; _builder_version=&#8220;4.9.3&#8243; _module_preset=&#8220;default&#8220;][et_pb_text _builder_version=&#8220;4.9.3&#8243; _module_preset=&#8220;default&#8220;]<\/p>\n<h3 style=\"text-align: center;\"><strong>Veranstalter<\/strong><\/h3>\n<h5 style=\"text-align: center;\"><strong><\/strong><span>KONTAKTFORUM<\/span><\/h5>\n<p>[\/et_pb_text][\/et_pb_column][\/et_pb_row][et_pb_row column_structure=&#8220;1_3,2_3&#8243; _builder_version=&#8220;4.9.3&#8243; _module_preset=&#8220;default&#8220; width=&#8220;78.9%&#8220; custom_margin=&#8220;-24px|auto||auto||&#8220;][et_pb_column type=&#8220;1_3&#8243; _builder_version=&#8220;4.9.3&#8243; _module_preset=&#8220;default&#8220;][et_pb_text _builder_version=&#8220;4.9.3&#8243; _module_preset=&#8220;default&#8220; hover_enabled=&#8220;0&#8243; sticky_enabled=&#8220;0&#8243;]<\/p>\n<h3 class=\"wnd-align-right\" id=\"wnd_TextBlock_483074_inner_0\" data-wnd_is_separable=\"1\" data-wnd_separable_index=\"0\" data-wnd_separable_id=\"wnd_TextBlock_483074\"><strong>ORT<\/strong><\/h3>\n<div class=\"wnd-align-right\"><span>Sebastianplatz 3, <\/span><\/div>\n<div class=\"wnd-align-right\"><span>1030 Wien<\/span><\/div>\n<div class=\"wnd-align-right\"><span><\/span><\/div>\n<div class=\"wnd-align-right\"><span><\/span><\/div>\n<div class=\"wnd-align-right\"><span><\/span><\/div>\n<h3 class=\"wnd-align-right\" id=\"wnd_TextBlock_483074_inner_2\" data-wnd_is_separable=\"1\" data-wnd_separable_index=\"2\" data-wnd_separable_id=\"wnd_TextBlock_483074\"><span class=\"wnd-font-size-70\"><strong>DATUM<\/strong><\/span><\/h3>\n<p class=\"wnd-align-right\" id=\"wnd_TextBlock_483074_inner_3\" data-wnd_is_separable=\"1\" data-wnd_separable_index=\"3\" data-wnd_separable_id=\"wnd_TextBlock_483074\">17. 05. 2022<\/p>\n<h3 class=\"wnd-align-right\" id=\"wnd_TextBlock_483074_inner_4\" data-wnd_is_separable=\"1\" data-wnd_separable_index=\"4\" data-wnd_separable_id=\"wnd_TextBlock_483074\"><span><strong>BEGINN\u00a0<\/strong><\/span><\/h3>\n<p class=\"wnd-align-right\" id=\"wnd_TextBlock_483074_inner_5\" data-wnd_is_separable=\"1\" data-wnd_separable_index=\"5\" data-wnd_separable_id=\"wnd_TextBlock_483074\">19:00<\/p>\n<h3 class=\"wnd-align-right\" data-wnd_is_separable=\"1\" data-wnd_separable_index=\"11\" data-wnd_separable_id=\"wnd_TextBlock_483074\"><strong>EINTRITTSKARTEN<\/strong><\/h3>\n<blockquote hcb-fetch-image-from=\"https:\/\/kontaktforum-cs.at\/\" class=\"wp-embedded-content\" data-secret=\"d6sBQyKKgz\"><p><a href=\"https:\/\/kontaktforum-cs.at\/\">HOME<\/a><\/p><\/blockquote>\n<p><iframe class=\"wp-embedded-content\" sandbox=\"allow-scripts\" security=\"restricted\" style=\"position: absolute; clip: rect(1px, 1px, 1px, 1px);\" title=\"&#8222;HOME&#8220; &#8212; KONTAKTFORUM\" src=\"https:\/\/kontaktforum-cs.at\/embed\/#?secret=d6sBQyKKgz\" data-secret=\"d6sBQyKKgz\" width=\"600\" height=\"338\" frameborder=\"0\" marginwidth=\"0\" marginheight=\"0\" scrolling=\"no\"><\/iframe><\/p>\n<h3 class=\"wnd-align-right\" data-wnd_is_separable=\"1\" data-wnd_separable_index=\"11\" data-wnd_separable_id=\"wnd_TextBlock_483074\"><strong>PARTNER<\/strong><\/h3>\n<p><a href=\"https:\/\/kontaktforum-cs.at\/\" target=\"_blank\" rel=\"noopener\"><strong><img decoding=\"async\" loading=\"lazy\" src=\"http:\/\/wien-cz-sk.at\/wp-content\/uploads\/2022\/01\/kontaktforum-300x181.png\" width=\"300\" height=\"181\" alt=\"\" class=\"wp-image-285 alignnone size-medium\" srcset=\"https:\/\/wien-cz-sk.at\/wp-content\/uploads\/2022\/01\/kontaktforum-300x181.png 300w, https:\/\/wien-cz-sk.at\/wp-content\/uploads\/2022\/01\/kontaktforum-18x12.png 18w, https:\/\/wien-cz-sk.at\/wp-content\/uploads\/2022\/01\/kontaktforum.png 452w\" sizes=\"(max-width: 300px) 100vw, 300px\" \/><\/strong><\/a><\/p>\n<p><strong><img decoding=\"async\" loading=\"lazy\" src=\"http:\/\/wien-cz-sk.at\/wp-content\/uploads\/2022\/01\/cropped-logo_150let_nove2022-300x137.png\" width=\"241\" height=\"110\" alt=\"\" class=\"wp-image-13 alignnone size-medium\" srcset=\"https:\/\/wien-cz-sk.at\/wp-content\/uploads\/2022\/01\/cropped-logo_150let_nove2022-300x137.png 300w, https:\/\/wien-cz-sk.at\/wp-content\/uploads\/2022\/01\/cropped-logo_150let_nove2022-517x235.png 517w, https:\/\/wien-cz-sk.at\/wp-content\/uploads\/2022\/01\/cropped-logo_150let_nove2022.png 671w\" sizes=\"(max-width: 241px) 100vw, 241px\" \/><\/strong><\/p>\n<p>[\/et_pb_text][et_pb_button button_url=&#8220;https:\/\/kontaktforum-cs.at\/&#8220; url_new_window=&#8220;on&#8220; button_text=&#8220;M\u00e1m z\u00e1jem&#8220; button_alignment=&#8220;left&#8220; _builder_version=&#8220;4.9.3&#8243; _module_preset=&#8220;default&#8220;][\/et_pb_button][\/et_pb_column][et_pb_column type=&#8220;2_3&#8243; _builder_version=&#8220;4.9.3&#8243; _module_preset=&#8220;default&#8220;][et_pb_image src=&#8220;https:\/\/wien-cz-sk.at\/wp-content\/uploads\/2022\/05\/elegance-molekuly_1080x608.jpg&#8220; title_text=&#8220;elegance-molekuly_1080x608&#8243; src_tablet=&#8220;&#8220; src_phone=&#8220;&#8220; src_last_edited=&#8220;on|phone&#8220; _builder_version=&#8220;4.9.3&#8243; _module_preset=&#8220;default&#8220; custom_margin=&#8220;-5px|||||&#8220; custom_padding=&#8220;8px|||||&#8220; hover_enabled=&#8220;0&#8243; sticky_enabled=&#8220;0&#8243;][\/et_pb_image][et_pb_text _builder_version=&#8220;4.9.3&#8243; _module_preset=&#8220;default&#8220; custom_margin=&#8220;-4px|||||&#8220; hover_enabled=&#8220;0&#8243; sticky_enabled=&#8220;0&#8243;]<\/p>\n<h3><strong>INFORMATIONEN<\/strong><\/h3>\n<div id=\"eventtitel\" class=\"et_pb_module et_pb_text et_pb_text_0  et_pb_text_align_left et_pb_bg_layout_light\">\n<div class=\"et_pb_text_inner\">\n<p><strong>DIE ELEGANZ DES MOLEK\u00dcLS - Petr Zelenka<\/strong><\/p>\n<\/div>\n<\/div>\n<div class=\"et_pb_module et_pb_text et_pb_text_1  et_pb_text_align_left et_pb_bg_layout_light\">\n<div class=\"et_pb_text_inner\">\n<p>Regie: Petr Zelenka<br \/>mit: Ivan Trojan, Veronika Khek Kuba\u0159ov\u00e1, Martin My\u0161i\u010dka, Pavel \u0160im\u010d\u00edk, Petr Vr\u0161ek, Zde\u0148ka \u017d\u00e1dn\u00edkov\u00e1, Vladim\u00edr Pol\u00edvka, V\u00e1clav Jir\u00e1\u010dek, Elizaveta Maximov\u00e1, Lada Jel\u00ednkov\u00e1<\/p>\n<p>Petr Zelenka geh\u00f6rt zu den interessantesten Autoren und Regisseuren des tschechischen Films und Theaters. \"Die Eleganz des Molek\u00fcls\" thematisiert das Leben und die Entdeckungen eines der gr\u00f6\u00dften tschechischen Naturwissenschaftler, Professor Anton\u00edn Hol\u00fd, der sich auf Virusforschung spezialisierte. Er gilt als Entdecker des Wirkstoffs Tenofovir, der als Mono- und Kombinationspr\u00e4parat zum wichtigsten Arzneimittel in der HIV-Behandlung und -Prophylaxe wurde. Das Theater Dejvice hat sich in den letzten Jahren zum wahrscheinlich besten Theater Prags entwickelt und ist heillos ausverkauft. Der langj\u00e4hrigen Zusammenarbeit von Kontaktforum und dem Theater Dejvice ist es zu verdanken, dass uns das Ensemble in Wien beehrt. Das St\u00fcck handelt nicht nur vom Leben des Wissenschaftlers, es geht auch um den genauen Blick auf die Welt der Wissenschaft und um den Zusammenprall von wissenschaftlicher Arbeit und kommerziellem Denken. Der Verein Kontaktforum freut sich, dem tschechischsprachigen Publikum diesen Theater-H\u00f6hepunkt pr\u00e4sentieren zu k\u00f6nnen.<\/p>\n<p>Bitte beachten Sie die aktuell in Wien geltende 3G (eventuell 2G) Regeln, FFP2 Maskenpflicht usw.<\/p>\n<p>Eintrittskarten:\u00a0<strong>mirka.snasel@chello.at<\/strong>\u00a0bzw. 069919762371<\/p>\n<\/div>\n<\/div>\n<p>[\/et_pb_text][\/et_pb_column][\/et_pb_row][\/et_pb_section]<\/p>","protected":false},"excerpt":{"rendered":"<p>[et_pb_section fb_built=&#8220;1&#8243; _builder_version=&#8220;4.9.3&#8243; _module_preset=&#8220;default&#8220; background_image=&#8220;http:\/\/wien-cz-sk.at\/wp-content\/uploads\/2022\/01\/background.png&#8220; custom_padding=&#8220;||0px|||&#8220;][et_pb_row _builder_version=&#8220;4.9.3&#8243; _module_preset=&#8220;default&#8220; custom_padding=&#8220;0px|||||&#8220;][et_pb_column type=&#8220;4_4&#8243; _builder_version=&#8220;4.9.3&#8243; _module_preset=&#8220;default&#8220;][et_pb_text _builder_version=&#8220;4.9.3&#8243; _module_preset=&#8220;default&#8220; background_layout=&#8220;dark&#8220; hover_enabled=&#8220;0&#8243; sticky_enabled=&#8220;0&#8243;] DIVADELN\u00cd HRA &#8211; ELEGANCE MOLEKULY [\/et_pb_text][\/et_pb_column][\/et_pb_row][et_pb_row _builder_version=&#8220;4.9.3&#8243; _module_preset=&#8220;default&#8220;][et_pb_column type=&#8220;4_4&#8243; _builder_version=&#8220;4.9.3&#8243; _module_preset=&#8220;default&#8220;][et_pb_text _builder_version=&#8220;4.9.3&#8243; _module_preset=&#8220;default&#8220; [&hellip;]<\/p>","protected":false},"author":1,"featured_media":0,"parent":0,"menu_order":0,"comment_status":"closed","ping_status":"closed","template":"","meta":{"_et_pb_use_builder":"on","_et_pb_old_content":"","_et_gb_content_width":"","om_disable_all_campaigns":false,"_mi_skip_tracking":false},"aioseo_notices":[],"_links":{"self":[{"href":"https:\/\/wien-cz-sk.at\/de\/wp-json\/wp\/v2\/pages\/831"}],"collection":[{"href":"https:\/\/wien-cz-sk.at\/de\/wp-json\/wp\/v2\/pages"}],"about":[{"href":"https:\/\/wien-cz-sk.at\/de\/wp-json\/wp\/v2\/types\/page"}],"author":[{"embeddable":true,"href":"https:\/\/wien-cz-sk.at\/de\/wp-json\/wp\/v2\/users\/1"}],"replies":[{"embeddable":true,"href":"https:\/\/wien-cz-sk.at\/de\/wp-json\/wp\/v2\/comments?post=831"}],"version-history":[{"count":3,"href":"https:\/\/wien-cz-sk.at\/de\/wp-json\/wp\/v2\/pages\/831\/revisions"}],"predecessor-version":[{"id":836,"href":"https:\/\/wien-cz-sk.at\/de\/wp-json\/wp\/v2\/pages\/831\/revisions\/836"}],"wp:attachment":[{"href":"https:\/\/wien-cz-sk.at\/de\/wp-json\/wp\/v2\/media?parent=831"}],"curies":[{"name":"wp","href":"https:\/\/api.w.org\/{rel}","templated":true}]}}