{"id":108,"date":"2022-01-03T22:08:01","date_gmt":"2022-01-03T22:08:01","guid":{"rendered":"http:\/\/wien-cz-sk.at\/?page_id=108"},"modified":"2022-04-07T09:24:02","modified_gmt":"2022-04-07T09:24:02","slug":"ekumenicka-bohosluzba-v-katedrale-svateho-stepana-ve-vidni","status":"publish","type":"page","link":"https:\/\/wien-cz-sk.at\/sk\/ekumenicka-bohosluzba-v-katedrale-svateho-stepana-ve-vidni","title":{"rendered":"Ekumenick\u00e1 bohoslu\u017eba v Katedr\u00e1le sv\u00e4t\u00e9ho \u0160tefana"},"content":{"rendered":"<p>[et_pb_section fb_built=&#8220;1&#8243; _builder_version=&#8220;4.9.3&#8243; _module_preset=&#8220;default&#8220; background_image=&#8220;http:\/\/wien-cz-sk.at\/wp-content\/uploads\/2022\/01\/background.png&#8220; custom_padding=&#8220;||0px|||&#8220;][et_pb_row _builder_version=&#8220;4.9.3&#8243; _module_preset=&#8220;default&#8220; custom_padding=&#8220;0px|||||&#8220;][et_pb_column type=&#8220;4_4&#8243; _builder_version=&#8220;4.9.3&#8243; _module_preset=&#8220;default&#8220;][et_pb_text _builder_version=&#8220;4.9.3&#8243; _module_preset=&#8220;default&#8220; background_layout=&#8220;dark&#8220;]<\/p>\n<h1 style=\"text-align: center;\"><strong>EKUMENICK\u00c1 BOHOSLU\u017dBA V KATEDR\u00c1LE SV. \u0160TEFANA VO VIEDNI<\/strong><\/h1>\n<p>[\/et_pb_text][\/et_pb_column][\/et_pb_row][et_pb_row _builder_version=&#8220;4.9.3&#8243; _module_preset=&#8220;default&#8220;][et_pb_column type=&#8220;4_4&#8243; _builder_version=&#8220;4.9.3&#8243; _module_preset=&#8220;default&#8220;][et_pb_text _builder_version=&#8220;4.9.3&#8243; _module_preset=&#8220;default&#8220; background_layout=&#8220;dark&#8220;]<\/p>\n<h3 style=\"text-align: center;\"><strong>10. marca 2022<\/strong><\/h3>\n<p>[\/et_pb_text][\/et_pb_column][\/et_pb_row][\/et_pb_section][et_pb_section fb_built=&#8220;1&#8243; _builder_version=&#8220;4.9.3&#8243; _module_preset=&#8220;default&#8220; custom_padding=&#8220;25px|||||&#8220;][et_pb_row _builder_version=&#8220;4.9.3&#8243; _module_preset=&#8220;default&#8220; custom_padding=&#8220;0px|||||&#8220;][et_pb_column type=&#8220;4_4&#8243; _builder_version=&#8220;4.9.3&#8243; _module_preset=&#8220;default&#8220;][et_pb_text _builder_version=&#8220;4.9.3&#8243; _module_preset=&#8220;default&#8220;]<\/p>\n<h3 style=\"text-align: center;\"><strong>Z\u00e1\u0161tita<\/strong><\/h3>\n<h5 style=\"text-align: center;\">Dr. Michael Ludwig, starosta a hajtman Viedne<\/h5>\n<p>[\/et_pb_text][\/et_pb_column][\/et_pb_row][et_pb_row column_structure=&#8220;1_3,2_3&#8243; _builder_version=&#8220;4.9.3&#8243; _module_preset=&#8220;default&#8220; width=&#8220;78.9%&#8220; min_height=&#8220;1435px&#8220; custom_margin=&#8220;-24px|auto||auto||&#8220;][et_pb_column type=&#8220;1_3&#8243; _builder_version=&#8220;4.9.3&#8243; _module_preset=&#8220;default&#8220;][et_pb_text _builder_version=&#8220;4.9.3&#8243; _module_preset=&#8220;default&#8220;]<\/p>\n<h3 id=\"wnd_TextBlock_483074_inner_0\" class=\"wnd-align-right\" data-wnd_is_separable=\"1\" data-wnd_separable_index=\"0\" data-wnd_separable_id=\"wnd_TextBlock_483074\"><strong>MIESTO KONANIA<\/strong><\/h3>\n<div class=\"wnd-align-right\">Stephansdom<\/div>\n<div class=\"wnd-align-right\">Stephansplatz 3<\/div>\n<div class=\"wnd-align-right\">1010 Wien<\/div>\n<h3 id=\"wnd_TextBlock_483074_inner_2\" class=\"wnd-align-right\" data-wnd_is_separable=\"1\" data-wnd_separable_index=\"2\" data-wnd_separable_id=\"wnd_TextBlock_483074\"><span class=\"wnd-font-size-70\"><strong>D\u00c1TUM<\/strong><\/span><\/h3>\n<p id=\"wnd_TextBlock_483074_inner_3\" class=\"wnd-align-right\" data-wnd_is_separable=\"1\" data-wnd_separable_index=\"3\" data-wnd_separable_id=\"wnd_TextBlock_483074\">10. 3. 2022<\/p>\n<h3 id=\"wnd_TextBlock_483074_inner_4\" class=\"wnd-align-right\" data-wnd_is_separable=\"1\" data-wnd_separable_index=\"4\" data-wnd_separable_id=\"wnd_TextBlock_483074\"><strong>ZA\u010cIATOK BOHOSLU\u017dBY<\/strong><\/h3>\n<p id=\"wnd_TextBlock_483074_inner_5\" class=\"wnd-align-right\" data-wnd_is_separable=\"1\" data-wnd_separable_index=\"5\" data-wnd_separable_id=\"wnd_TextBlock_483074\">10:00 hod<\/p>\n<h3 id=\"wnd_TextBlock_483074_inner_6\" class=\"wnd-align-right\" data-wnd_is_separable=\"1\" data-wnd_separable_index=\"6\" data-wnd_separable_id=\"wnd_TextBlock_483074\"><span class=\"wnd-font-size-70\"><strong>OTVORENIE KATEDR\u00c1LY<\/strong><\/span><\/h3>\n<p id=\"wnd_TextBlock_483074_inner_7\" class=\"wnd-align-right\" data-wnd_is_separable=\"1\" data-wnd_separable_index=\"7\" data-wnd_separable_id=\"wnd_TextBlock_483074\">8:40 hod<\/p>\n<h3 class=\"wnd-align-right\" data-wnd_is_separable=\"1\" data-wnd_separable_index=\"11\" data-wnd_separable_id=\"wnd_TextBlock_483074\"><strong>PARTNERI<\/strong><\/h3>\n<p><strong><img decoding=\"async\" loading=\"lazy\" class=\"wp-image-13 alignnone size-medium\" src=\"http:\/\/wien-cz-sk.at\/wp-content\/uploads\/2022\/01\/cropped-logo_150let_nove2022-300x137.png\" alt=\"\" width=\"241\" height=\"110\" srcset=\"https:\/\/wien-cz-sk.at\/wp-content\/uploads\/2022\/01\/cropped-logo_150let_nove2022-300x137.png 300w, https:\/\/wien-cz-sk.at\/wp-content\/uploads\/2022\/01\/cropped-logo_150let_nove2022-517x235.png 517w, https:\/\/wien-cz-sk.at\/wp-content\/uploads\/2022\/01\/cropped-logo_150let_nove2022.png 671w\" sizes=\"(max-width: 241px) 100vw, 241px\" \/><\/strong>[\/et_pb_text][et_pb_button button_url=&#8220;http:\/\/wien-cz-sk.at\/kontakt&#8220; button_text=&#8220;M\u00e1m z\u00e1jem&#8220; button_alignment=&#8220;left&#8220; _builder_version=&#8220;4.9.3&#8243; _module_preset=&#8220;default&#8220;][\/et_pb_button][et_pb_text _builder_version=&#8220;4.9.3&#8243; _module_preset=&#8220;default&#8220; custom_margin=&#8220;||17px|||&#8220;]<\/p>\n<h3><strong>UK\u00c1\u017dKY PIESN\u00cd<\/strong><\/h3>\n<p>[\/et_pb_text][et_pb_audio audio=&#8220;http:\/\/wien-cz-sk.at\/wp-content\/uploads\/2022\/02\/Laudate-omnes-gentes.mp3&#8243; title=&#8220;Laudate omnes gentes&#8220; _builder_version=&#8220;4.9.3&#8243; _module_preset=&#8220;default&#8220;][\/et_pb_audio][et_pb_audio audio=&#8220;http:\/\/wien-cz-sk.at\/wp-content\/uploads\/2022\/02\/Ubi-caritas.mp3&#8243; title=&#8220;Ubi caritas&#8220; _builder_version=&#8220;4.9.3&#8243; _module_preset=&#8220;default&#8220;][\/et_pb_audio][et_pb_text _builder_version=&#8220;4.9.3&#8243; _module_preset=&#8220;default&#8220;]<\/p>\n<h3><strong>VIDE\u00c1 Z PR\u00cdPRAV<\/strong><\/h3>\n<p>[\/et_pb_text][et_pb_video src=&#8220;https:\/\/youtu.be\/hpE2kE59FsY&#8220; _builder_version=&#8220;4.9.3&#8243; _module_preset=&#8220;default&#8220;][\/et_pb_video][et_pb_video src=&#8220;https:\/\/youtu.be\/6FmwR7i89I4&#8243; _builder_version=&#8220;4.9.3&#8243; _module_preset=&#8220;default&#8220;][\/et_pb_video][\/et_pb_column][et_pb_column type=&#8220;2_3&#8243; _builder_version=&#8220;4.9.3&#8243; _module_preset=&#8220;default&#8220;][et_pb_video src=&#8220;https:\/\/youtu.be\/sbgI0tXpxks&#8220; _builder_version=&#8220;4.9.3&#8243; _module_preset=&#8220;default&#8220; title_text=&#8220;R57_2950&#8243; image_src=&#8220;https:\/\/wien-cz-sk.at\/wp-content\/uploads\/2022\/03\/R57_2950-scaled.jpg&#8220; hover_enabled=&#8220;0&#8243; sticky_enabled=&#8220;0&#8243;][\/et_pb_video][et_pb_text _builder_version=&#8220;4.9.3&#8243; _module_preset=&#8220;default&#8220; custom_margin=&#8220;-4px|||||&#8220;]<\/p>\n<p><strong>INFORM\u00c1CIE<\/strong><\/p>\n<p><strong>\u017div\u00faca \u010desko-slovensk\u00e1 komunita rozozvu\u010dala chr\u00e1m sv. \u0160tefana vo Viedni<\/strong><\/p>\n<p>Prv\u00e1 k\u013e\u00fa\u010dov\u00e1 akcia Jubilejn\u00e9ho roku bola ve\u013ekolepou prezent\u00e1ciou \u010desk\u00e9ho a slovensk\u00e9ho \u017eivota vo Viedni. Z\u00fa\u010dastnilo sa jej viac ako <strong>700 host\u00ed<\/strong>.<\/p>\n<p>Vo \u0161tvrtok 10. marca o 10. hodine sa rozozneli zvony vo viedenskom chr\u00e1me sv. \u0160tefana a zah\u00e1jili tak sl\u00e1vnu trojjazy\u010dn\u00fa ekumenick\u00fa bohoslu\u017ebu. U\u017e vstup duchovenstva bol impozantn\u00fd: \u0161palierom krojovan\u00fdch det\u00ed medzi \u00faplne zaplnen\u00fdmi lavicami najprv pre\u0161li vlajkonosi\u010di s historick\u00fdmi vy\u0161\u00edvan\u00fdmi vlajkami a za nimi kr\u00e1\u010dalo p\u00e4\u0165 duchovn\u00fdch. Sl\u00e1vnostn\u00fa bohoslu\u017ebu sprev\u00e1dzal \u0161kolsk\u00fd orchester so zborom, a hudba sa niesla plne obsaden\u00fdm chr\u00e1mom a\u017e k najposlednej\u0161\u00edm radom. Hostite\u013eom akcie a z\u00e1rove\u0148 reprezentantom chr\u00e1mu sv. \u0160tefana bol gener\u00e1lny vik\u00e1r Krasa, ktor\u00e9ho priezvisko nie n\u00e1hodou p\u00f4sob\u00ed \u010desk\u00fdm dojmom: priv\u00edtal v\u0161etk\u00fdch starostlivo pripravenou zdravicou v \u010de\u0161tine, zmienil svoje rodinn\u00e9 korene siahaj\u00face do vtedaj\u0161ieho \u010ceskoslovenska a vyjadril rados\u0165, \u017ee sa t\u00e1to bohoslu\u017eba kon\u00e1 v najv\u00fdznamnej\u0161om chr\u00e1me Rak\u00faska. Po\u010das piesne laudato si deti priniesli k olt\u00e1ru kvety, ktor\u00e9 potom v pestrej kytici \u017eiarili pred ambonom. To u\u017e do olt\u00e1rneho priestoru vstupovali \u017eiaci a \u017eia\u010dky, aby striedavo v \u010de\u0161tine, sloven\u010dine a nem\u010dine predn\u00e1\u0161ali cit\u00e1ty Jana Amosa Komensk\u00e9ho. Pri olt\u00e1ri \u0161kolu vidite\u013ene reprezentovala aj mozaika, ktor\u00e1 z dia\u013eky pripom\u00ednala pestr\u00fa a vesel\u00fa mantru: v skuto\u010dnosti pozost\u00e1va z nespo\u010detn\u00fdch kreslen\u00fdch a ma\u013eovan\u00fdch v\u00fdtvorov \u017eiakov Komensk\u00e9ho \u0161k\u00f4l. \u017dalm aj \u010d\u00edtanie zazneli vo v\u0161etk\u00fdch troch jazykoch z \u00fast u\u010diteliek n\u00e1bo\u017eenstva, a medzispevom bola \u010fal\u0161ia piese\u0148 z Taiz\u00e9, ku ktorej sa pripojil cel\u00fd kostol. Nasledoval neb\u00fdval\u00fd obraz: Evanjelick\u00e1 far\u00e1rka Anna Kampl prich\u00e1dza s pastierskou palicou a prihov\u00e1ra sa po \u010desky. Potom si nasadzuje velik\u00e1nske modr\u00e9 okuliare a gener\u00e1lny vik\u00e1r Nikolaus Krasa jej kladie ot\u00e1zku, \u010do cez tieto okuliare vid\u00ed. Odpove\u010f mu nepripad\u00e1 vy\u010derp\u00e1vaj\u00faca, a tak si s\u00e1m nasadzuje nemenej prehnan\u00e9 \u017elt\u00e9 okuliare a oznamuje, \u010do vid\u00ed on. Op\u00e4\u0165 sa jedn\u00e1 o ne\u00fapln\u00fd obraz, a tak Anna Kampl dop\u013a\u0148a poh\u013ead na \u010fal\u0161\u00ed uhol. Nakoniec sa zhodn\u00fa na tom, \u017ee vn\u00edmaj\u00fa nie gotick\u00fa stavbu a z\u00e1stupy respir\u00e1torov, ale jednotliv\u00e9 \u013eudsk\u00e9 bytosti so v\u0161etk\u00fdmi ich pohn\u00fatkami, t\u00fa\u017ebami a obavami. Tento ekumenick\u00fd dial\u00f3g, ktor\u00ed mo\u017eno nie v\u0161etci rozpoznali ako k\u00e1ze\u0148, uzatv\u00e1ra Lum\u00edr kr\u00e1sne prednesenou skladbou Petra Ebena. Premyslen\u00e9 pr\u00edhovory predn\u00e1\u0161ali op\u00e4\u0165 \u017eiaci \u0161koly Komensk\u00e9ho a nasledoval Ot\u010den\u00e1\u0161 celebrovan\u00fd v \u010de\u0161tine p\u00e1terom V\u00e1clavom Sl\u00e1dkom. Spolo\u010denstvo pozdravili \u201ez vy\u0161\u0161\u00edch miest\u201c za katol\u00edcku cirkev sv\u00e4tiaci biskup Franz Scharl a za evanjelick\u00fa cirkev najvy\u0161\u0161\u00ed predstavite\u013e viedenskej diec\u00e9zy superintendent Matthias Geist. Po\u010fakovanie menom \u0160kolsk\u00e9ho spolku Komensk\u00fd najsk\u00f4r po \u010desky a potom po nemecky s neprepo\u010dute\u013en\u00fdm dojat\u00edm predniesol Karel Hanzl a odovzdal zodpovedn\u00fdm akt\u00e9rom \u010fakovn\u00e9 listiny; t\u00fa najzasl\u00fa\u017eenej\u0161iu si odniesol Erwin Boff, ktor\u00fd po\u010das pr\u00edprav aj pri bohoslu\u017ebe dirigoval \u201en\u00e1s v\u0161etk\u00fdch amat\u00e9rov\u201c, ako sa vyjadril Karel Hanzl, spo\u013eahlivo a nen\u00e1padne, ako sa na hlavn\u00e9ho ceremoni\u00e1ra patr\u00ed. Chr\u00e1m sv\u00e4t\u00e9ho \u0160tefana len zriedka za\u017e\u00edva om\u0161e, pri ktor\u00fdch by sa to\u013eko a tak nad\u0161ene tlieskalo ako pri trojjazy\u010dnej ekumenickej bohoslu\u017ebe v r\u00e1mci Jubilejn\u00e9ho roka viedensk\u00fdch \u010cechov a Slov\u00e1kov.<\/p>\n<p><span style=\"text-decoration: underline;\"><strong><a href=\"http:\/\/wien-cz-sk.at\/wp-content\/uploads\/2022\/02\/Program-s-pisnemi.pdf\" rel=\"attachment wp-att-475\">Program s pies\u0148ami a notami k stiahnutiu TU<\/a>\u00a0<\/strong><\/span><\/p>\n<p>[\/et_pb_text][\/et_pb_column][\/et_pb_row][et_pb_row _builder_version=&#8220;4.9.3&#8243; _module_preset=&#8220;default&#8220; min_height=&#8220;54px&#8220;][et_pb_column type=&#8220;4_4&#8243; _builder_version=&#8220;4.9.3&#8243; _module_preset=&#8220;default&#8220;][et_pb_text _builder_version=&#8220;4.9.3&#8243; _module_preset=&#8220;default&#8220; min_height=&#8220;14px&#8220;]<\/p>\n<h3><strong>FOTOGAL\u00c9RIA<\/strong><\/h3>\n<p>[\/et_pb_text][\/et_pb_column][\/et_pb_row][et_pb_row _builder_version=&#8220;4.9.3&#8243; _module_preset=&#8220;default&#8220;][et_pb_column type=&#8220;4_4&#8243; _builder_version=&#8220;4.9.3&#8243; _module_preset=&#8220;default&#8220;][et_pb_gallery gallery_ids=&#8220;579,580,581,582,583,584,585,586,587,588,589,590,591,592,593,594,595,596,597,598,599,600,601,602,603,604,605,606,607,608,609,610,611,612,613,614,615,616,617,618,619,620,621,622,623,624,625,626,627,628,629,630,631,632,633,634,635,636,637,638,639,640,641,642,643,644,645,646,647,648,649,650&#8243; posts_number=&#8220;8&#8243; show_title_and_caption=&#8220;off&#8220; _builder_version=&#8220;4.9.3&#8243; _module_preset=&#8220;default&#8220;][\/et_pb_gallery][\/et_pb_column][\/et_pb_row][\/et_pb_section]<\/p>","protected":false},"excerpt":{"rendered":"<p>[et_pb_section fb_built=&#8220;1&#8243; _builder_version=&#8220;4.9.3&#8243; _module_preset=&#8220;default&#8220; background_image=&#8220;http:\/\/wien-cz-sk.at\/wp-content\/uploads\/2022\/01\/background.png&#8220; custom_padding=&#8220;||0px|||&#8220;][et_pb_row _builder_version=&#8220;4.9.3&#8243; _module_preset=&#8220;default&#8220; custom_padding=&#8220;0px|||||&#8220;][et_pb_column type=&#8220;4_4&#8243; _builder_version=&#8220;4.9.3&#8243; _module_preset=&#8220;default&#8220;][et_pb_text _builder_version=&#8220;4.9.3&#8243; _module_preset=&#8220;default&#8220; background_layout=&#8220;dark&#8220;] EKUMENICK\u00c1 BOHOSLU\u017dBA V KATEDR\u00c1LE SV. \u0160T\u011aP\u00c1NA VE V\u00cdDNI [\/et_pb_text][\/et_pb_column][\/et_pb_row][et_pb_row _builder_version=&#8220;4.9.3&#8243; _module_preset=&#8220;default&#8220;][et_pb_column type=&#8220;4_4&#8243; _builder_version=&#8220;4.9.3&#8243; _module_preset=&#8220;default&#8220;][et_pb_text _builder_version=&#8220;4.9.3&#8243; [&hellip;]<\/p>","protected":false},"author":1,"featured_media":0,"parent":0,"menu_order":0,"comment_status":"closed","ping_status":"closed","template":"","meta":{"_et_pb_use_builder":"on","_et_pb_old_content":"","_et_gb_content_width":"","om_disable_all_campaigns":false,"_mi_skip_tracking":false},"aioseo_notices":[],"_links":{"self":[{"href":"https:\/\/wien-cz-sk.at\/sk\/wp-json\/wp\/v2\/pages\/108"}],"collection":[{"href":"https:\/\/wien-cz-sk.at\/sk\/wp-json\/wp\/v2\/pages"}],"about":[{"href":"https:\/\/wien-cz-sk.at\/sk\/wp-json\/wp\/v2\/types\/page"}],"author":[{"embeddable":true,"href":"https:\/\/wien-cz-sk.at\/sk\/wp-json\/wp\/v2\/users\/1"}],"replies":[{"embeddable":true,"href":"https:\/\/wien-cz-sk.at\/sk\/wp-json\/wp\/v2\/comments?post=108"}],"version-history":[{"count":22,"href":"https:\/\/wien-cz-sk.at\/sk\/wp-json\/wp\/v2\/pages\/108\/revisions"}],"predecessor-version":[{"id":746,"href":"https:\/\/wien-cz-sk.at\/sk\/wp-json\/wp\/v2\/pages\/108\/revisions\/746"}],"wp:attachment":[{"href":"https:\/\/wien-cz-sk.at\/sk\/wp-json\/wp\/v2\/media?parent=108"}],"curies":[{"name":"wp","href":"https:\/\/api.w.org\/{rel}","templated":true}]}}