{"id":110,"date":"2022-01-03T22:08:41","date_gmt":"2022-01-03T22:08:41","guid":{"rendered":"http:\/\/wien-cz-sk.at\/?page_id=110"},"modified":"2022-05-03T06:48:34","modified_gmt":"2022-05-03T06:48:34","slug":"ekumenicka-bohosluzba-v-katedrale-svateho-vita-v-praze","status":"publish","type":"page","link":"https:\/\/wien-cz-sk.at\/sk\/ekumenicka-bohosluzba-v-katedrale-svateho-vita-v-praze","title":{"rendered":"Ekumenick\u00e1 bohoslu\u017eba v katedr\u00e1le svat\u00e9ho V\u00edta v Praze"},"content":{"rendered":"<p>[et_pb_section fb_built=&#8220;1&#8243; _builder_version=&#8220;4.9.3&#8243; _module_preset=&#8220;default&#8220; background_image=&#8220;http:\/\/wien-cz-sk.at\/wp-content\/uploads\/2022\/01\/background.png&#8220; custom_padding=&#8220;||0px|||&#8220;][et_pb_row _builder_version=&#8220;4.9.3&#8243; _module_preset=&#8220;default&#8220; custom_padding=&#8220;0px|||||&#8220;][et_pb_column type=&#8220;4_4&#8243; _builder_version=&#8220;4.9.3&#8243; _module_preset=&#8220;default&#8220;][et_pb_text _builder_version=&#8220;4.9.3&#8243; _module_preset=&#8220;default&#8220; background_layout=&#8220;dark&#8220;]<\/p>\n<h1 style=\"text-align: center;\"><strong>EKUMENICK\u00c1 BOHOSLU\u017dBA V KATEDR\u00c1LE SV. V\u00cdTA V PRAHE<\/strong><strong><\/strong><\/h1>\n<p>[\/et_pb_text][\/et_pb_column][\/et_pb_row][et_pb_row _builder_version=&#8220;4.9.3&#8243; _module_preset=&#8220;default&#8220;][et_pb_column type=&#8220;4_4&#8243; _builder_version=&#8220;4.9.3&#8243; _module_preset=&#8220;default&#8220;][et_pb_text _builder_version=&#8220;4.9.3&#8243; _module_preset=&#8220;default&#8220; background_layout=&#8220;dark&#8220;]<\/p>\n<h3 style=\"text-align: center;\"><strong>27. apr\u00edla 2022<\/strong><\/h3>\n<p>[\/et_pb_text][\/et_pb_column][\/et_pb_row][\/et_pb_section][et_pb_section fb_built=&#8220;1&#8243; _builder_version=&#8220;4.9.3&#8243; _module_preset=&#8220;default&#8220; custom_padding=&#8220;25px|||||&#8220;][et_pb_row _builder_version=&#8220;4.9.3&#8243; _module_preset=&#8220;default&#8220; custom_padding=&#8220;0px|||||&#8220;][et_pb_column type=&#8220;4_4&#8243; _builder_version=&#8220;4.9.3&#8243; _module_preset=&#8220;default&#8220;][et_pb_text _builder_version=&#8220;4.9.3&#8243; _module_preset=&#8220;default&#8220;]<\/p>\n<h3 style=\"text-align: center;\"><strong>Z\u00e1\u0161tita<\/strong><\/h3>\n<h5 style=\"text-align: center;\"><strong><\/strong><span>Dr. Michael Ludwig, starosta a hajtman Viedne<\/span><\/h5>\n<p>[\/et_pb_text][\/et_pb_column][\/et_pb_row][et_pb_row column_structure=&#8220;1_3,2_3&#8243; _builder_version=&#8220;4.9.3&#8243; _module_preset=&#8220;default&#8220; width=&#8220;78.9%&#8220; custom_margin=&#8220;-24px|auto||auto||&#8220;][et_pb_column type=&#8220;1_3&#8243; _builder_version=&#8220;4.9.3&#8243; _module_preset=&#8220;default&#8220;][et_pb_text _builder_version=&#8220;4.9.3&#8243; _module_preset=&#8220;default&#8220;]<\/p>\n<h3 class=\"wnd-align-right\" id=\"wnd_TextBlock_483074_inner_0\" data-wnd_is_separable=\"1\" data-wnd_separable_index=\"0\" data-wnd_separable_id=\"wnd_TextBlock_483074\"><strong>MIESTO KONANIA<\/strong><\/h3>\n<div class=\"wnd-align-right\">Katedr\u00e1la sv. V\u00edta<\/div>\n<div class=\"wnd-align-right\"><span>III. n\u00e1dvorie 48\/2,<\/span><\/div>\n<div class=\"wnd-align-right\"><span> 119 01 Praha<\/span><\/div>\n<h3 class=\"wnd-align-right\" id=\"wnd_TextBlock_483074_inner_2\" data-wnd_is_separable=\"1\" data-wnd_separable_index=\"2\" data-wnd_separable_id=\"wnd_TextBlock_483074\"><span class=\"wnd-font-size-70\"><strong>D\u00c1TUM<\/strong><\/span><\/h3>\n<p class=\"wnd-align-right\" id=\"wnd_TextBlock_483074_inner_3\" data-wnd_is_separable=\"1\" data-wnd_separable_index=\"3\" data-wnd_separable_id=\"wnd_TextBlock_483074\">27. 4. 2022<\/p>\n<h3 class=\"wnd-align-right\" id=\"wnd_TextBlock_483074_inner_4\" data-wnd_is_separable=\"1\" data-wnd_separable_index=\"4\" data-wnd_separable_id=\"wnd_TextBlock_483074\"><span><strong>ZA\u010cIATOK BOHOSLU\u017dBY<\/strong><\/span><\/h3>\n<p class=\"wnd-align-right\" id=\"wnd_TextBlock_483074_inner_5\" data-wnd_is_separable=\"1\" data-wnd_separable_index=\"5\" data-wnd_separable_id=\"wnd_TextBlock_483074\">10:00 hod<\/p>\n<h3 class=\"wnd-align-right\" id=\"wnd_TextBlock_483074_inner_6\" data-wnd_is_separable=\"1\" data-wnd_separable_index=\"6\" data-wnd_separable_id=\"wnd_TextBlock_483074\"><span class=\"wnd-font-size-70\"><strong>OTVORENIE KATEDR\u00c1LY<\/strong><\/span><\/h3>\n<p class=\"wnd-align-right\" id=\"wnd_TextBlock_483074_inner_7\" data-wnd_is_separable=\"1\" data-wnd_separable_index=\"7\" data-wnd_separable_id=\"wnd_TextBlock_483074\">9:30 hod<\/p>\n<h3 class=\"wnd-align-right\" data-wnd_is_separable=\"1\" data-wnd_separable_index=\"11\" data-wnd_separable_id=\"wnd_TextBlock_483074\"><strong>PARTNERI<\/strong><\/h3>\n<p><strong><img decoding=\"async\" loading=\"lazy\" src=\"http:\/\/wien-cz-sk.at\/wp-content\/uploads\/2022\/01\/cropped-logo_150let_nove2022-300x137.png\" width=\"241\" height=\"110\" alt=\"\" class=\"wp-image-13 alignnone size-medium\" srcset=\"https:\/\/wien-cz-sk.at\/wp-content\/uploads\/2022\/01\/cropped-logo_150let_nove2022-300x137.png 300w, https:\/\/wien-cz-sk.at\/wp-content\/uploads\/2022\/01\/cropped-logo_150let_nove2022-517x235.png 517w, https:\/\/wien-cz-sk.at\/wp-content\/uploads\/2022\/01\/cropped-logo_150let_nove2022.png 671w\" sizes=\"(max-width: 241px) 100vw, 241px\" \/><\/strong><\/p>\n<p>[\/et_pb_text][\/et_pb_column][et_pb_column type=&#8220;2_3&#8243; _builder_version=&#8220;4.9.3&#8243; _module_preset=&#8220;default&#8220;][et_pb_image src=&#8220;http:\/\/wien-cz-sk.at\/wp-content\/uploads\/2022\/01\/1745809-1666096-f201309030854801_0.jpeg&#8220; title_text=&#8220;1745809-1666096-f201309030854801_0&#8243; src_tablet=&#8220;&#8220; src_phone=&#8220;&#8220; src_last_edited=&#8220;on|phone&#8220; _builder_version=&#8220;4.9.3&#8243; _module_preset=&#8220;default&#8220; custom_margin=&#8220;-5px|||||&#8220; custom_padding=&#8220;8px|||||&#8220;][\/et_pb_image][et_pb_text _builder_version=&#8220;4.9.3&#8243; _module_preset=&#8220;default&#8220; custom_margin=&#8220;-4px|||||&#8220; hover_enabled=&#8220;0&#8243; sticky_enabled=&#8220;0&#8243;]<\/p>\n<h3 id=\"wnd_TextBlock_26143_inner_0\" data-wnd_is_separable=\"1\" data-wnd_separable_index=\"0\" data-wnd_separable_id=\"wnd_TextBlock_26143\"><strong>INFORM\u00c1CIE\u00a0<\/strong><\/h3>\n<p>Zo srdca Viedne do srdca Prahy<\/p>\n<p>V r\u00e1mci Jubilejn\u00e9ho roku viedensk\u00fdch \u010cechov a Slov\u00e1kov nav\u0161t\u00edvili \u017eiaci, rodi\u010dia a u\u010ditelia \u0160kolsk\u00e9ho spolku Komensk\u00fd Sen\u00e1t Parlamentu \u010ceskej republiky a chr\u00e1m sv\u00e4t\u00e9ho V\u00edta v Prahe<\/p>\n<p>Predstavte si tristo \u013eud\u00ed \u2013 mal\u00fdch, ve\u013ek\u00fdch, organiza\u010dne zdatn\u00fdch i nerv\u00f3znych, ako sa pred \u0161iestou hodinou r\u00e1no sch\u00e1dzaj\u00fa na viedenskej hlavnej stanici. Ka\u017ed\u00fd dostane akredit\u00e1ciu vo farb\u00e1ch Jubilejn\u00e9ho roku 2022 na \u0161n\u00farke \u010di\u017ee lanyard, ktor\u00fa si zaves\u00ed okolo krku a v\u00e4\u010d\u0161ina ju skuto\u010dne nestrat\u00ed. Prihlasuj\u00fa sa do skup\u00edn, ku ktor\u00fdm boli vopred priraden\u00ed, prich\u00e1dzaj\u00fa posledn\u00ed a v\u0161etci sa vyd\u00e1vame k vlaku. Ako \u00fazke hrdlo p\u00f4sobia pohybliv\u00e9 schody - ne\u017e to\u013eko \u013eud\u00ed s kuframi vyjde na n\u00e1stupi\u0161te, nebude vlak pre\u010d? Nebol. Dokonca sme zvl\u00e1dli aj situ\u00e1ciu, \u017ee \u017eelezni\u010dn\u00e1 spolo\u010dnos\u0165 zabudla odomkn\u00fa\u0165 jeden z vag\u00f3nov ur\u010den\u00fd pre n\u00e1s. Teraz si predstavte 300 \u013eud\u00ed pred hotelom, do ktor\u00e9ho sa vstupuje jedn\u00fdmi oto\u010dn\u00fdmi dverami, a potrebuj\u00fa sa ubytova\u0165. \u00da\u010dastn\u00edci potvrdia, \u017ee v\u0161etko fungovalo nad o\u010dak\u00e1vania dobre a r\u00fdchlo, a tak sme sa mohli zav\u010das vyda\u0165 do Sen\u00e1tu. Na\u0161\u00edm ofici\u00e1lnym hostite\u013eom bol predseda St\u00e1lej komisie pre krajanov \u017eij\u00facich v zahrani\u010d\u00ed Tom\u00e1\u0161 Czernin (ktor\u00fd bude vo Viedni hos\u0165om besedy Na kus re\u010di, ktor\u00fa 14. m\u00e1ja organizuj\u00fa Viedensk\u00e9 slobodn\u00e9 listy), popolud\u0148aj\u0161ieho sl\u00e1vnostn\u00e9ho stretnutia sa z\u00fa\u010dastnila rak\u00faska ve\u013evyslanky\u0148a v \u010cR, , predseda a z\u00e1stupcovia \u010ceskoslovensk\u00e9ho \u00fastavu zahrani\u010dn\u00e9ho a riadite\u013eka N\u00e1rodn\u00e9ho pedagogick\u00e9ho m\u00fazea a kni\u017enice J. A. Komensk\u00e9ho. Spolo\u010densk\u00e1 akcia sa konala v sen\u00e1tnej z\u00e1hrade u\u017e len preto, \u017ee vo Vald\u0161tejnskom pal\u00e1ci nemaj\u00fa miestnos\u0165, ktor\u00e1 by takto ve\u013ek\u00fa skupinu pojala. V prejavoch a zdraviciach re\u010dn\u00edci zd\u00f4raz\u0148ovali v\u00fdznam \u0160kolsk\u00e9ho spolku Komensk\u00fd nielen v rak\u00faskej dimenzii, ale aj celosvetovo: Viede\u0148 je spolu s chorv\u00e1tskym Daruvarom jedin\u00fdm miestom na svete, kde je mo\u017en\u00e9 absolvova\u0165 vzdelanie v \u010de\u0161tine od materskej \u0161koly po maturitu. V z\u00e1vere\u010dnom prejave apeloval starosta \u0160kolsk\u00e9ho spolku Komensk\u00fd Karel Hanzl na v\u0161etk\u00fdch darcov a podporovate\u013eov a vyslovil priania, ktor\u00e9 mo\u017eno vn\u00edma\u0165 ako poslanie: aby deti a mladistv\u00ed, ktor\u00ed teraz a tu stoja v sale terrene Vald\u0161tejnsk\u00e9ho pal\u00e1ca a za\u017e\u00edvaj\u00fa rados\u0165 a pocit spolupatri\u010dnosti, chceli rovnak\u00e9 z\u00e1\u017eitky dopria\u0165 svojim de\u0165om a preto sa raz rozhodn\u00fa pre \u0161k\u00f4lku, obecn\u00fa \u0161kolu \u010di gymn\u00e1zium Komensk\u00e9ho vo Viedni. Ak\u00e1 by to bola sl\u00e1vnos\u0165, keby nezaznela hudba a piesne v podan\u00ed \u0161kolsk\u00e9ho orchestra a zboru! Bez ich kr\u00e1sneho a n\u00e1kazlivo radostn\u00e9ho prejavu by deti z materskej \u0161k\u00f4lky a \u017eiaci obecnej \u0161koly asi \u0165a\u017eko vydr\u017eali po\u010d\u00fava\u0165 v\u0161etky prejavy. Yvona Friedlov\u00e1, Christa Cernajsek a Johannes Langer sa zhodli, \u017ee hudobn\u00e9 v\u00fdkony sa od vyst\u00fapenia k vyst\u00fapeniu zlep\u0161uj\u00fa, \u010do sa potvrdilo hne\u010f na druh\u00fd de\u0148 na ekumenickej bohoslu\u017ebe v chr\u00e1me sv. V\u00edta, kde orchester a zbor \u017eiarili ako klenot. Podarilo sa im vytvori\u0165 z\u00e1\u017eitok, ktor\u00fd prep\u00e1jal duchovn\u00fa a sl\u00e1vnostn\u00fa udalos\u0165 s mladistv\u00fdm nad\u0161en\u00edm a rados\u0165ou z harm\u00f3nie, a to napriek tomu, \u017ee zbor cel\u00fa bohoslu\u017ebu i n\u00e1sledn\u00fa predn\u00e1\u0161ku o chr\u00e1me sv\u00e4t\u00e9ho V\u00edta prest\u00e1l, preto\u017ee n\u00e1s bolo to\u013eko, \u017ee sme spotrebovali v\u0161etky stoli\u010dky, ktor\u00fdmi chr\u00e1m sv\u00e4t\u00e9ho V\u00edta disponuje. Na spiato\u010dnej ceste sme zis\u0165ovali, \u010do \u00fa\u010dastn\u00edci vn\u00edmali ako pr\u00ednos a \u010do je odteraz potrebn\u00e9 zlep\u0161i\u0165; ohlasy \u017eiakov naprie\u010d v\u0161etk\u00fdmi ro\u010dn\u00edkmi boli pozit\u00edvne a\u017e nad\u0161en\u00e9, deti \u013eutovali, \u017ee u\u017e musia domov. Cel\u00fd z\u00e1jazd pre deti, sprev\u00e1dzaj\u00facich rodi\u010dov a u\u010dite\u013eov hradil \u0160kolsk\u00fd spolok Komensk\u00fd.<\/p>\n<p>&nbsp;<\/p>\n<p id=\"wnd_TextBlock_35068_inner_1\" data-wnd_is_separable=\"1\" data-wnd_separable_index=\"1\" data-wnd_separable_id=\"wnd_TextBlock_35068\">\n<p>[\/et_pb_text][\/et_pb_column][\/et_pb_row][et_pb_row _builder_version=&#8220;4.9.3&#8243; _module_preset=&#8220;default&#8220; min_height=&#8220;19px&#8220;][et_pb_column type=&#8220;4_4&#8243; _builder_version=&#8220;4.9.3&#8243; _module_preset=&#8220;default&#8220;][et_pb_text _builder_version=&#8220;4.9.3&#8243; _module_preset=&#8220;default&#8220; min_height=&#8220;6px&#8220;]<\/p>\n<h3><strong>FOTOGAL\u00c9RIA Z N\u00c1V\u0160TEVY SEN\u00c1TU<\/strong><\/h3>\n<p>[\/et_pb_text][\/et_pb_column][\/et_pb_row][et_pb_row _builder_version=&#8220;4.9.3&#8243; _module_preset=&#8220;default&#8220; min_height=&#8220;19px&#8220;][et_pb_column type=&#8220;4_4&#8243; _builder_version=&#8220;4.9.3&#8243; _module_preset=&#8220;default&#8220;][\/et_pb_column][\/et_pb_row][et_pb_row _builder_version=&#8220;4.9.3&#8243; _module_preset=&#8220;default&#8220; min_height=&#8220;271.5px&#8220;][et_pb_column type=&#8220;4_4&#8243; _builder_version=&#8220;4.9.3&#8243; _module_preset=&#8220;default&#8220;][et_pb_gallery gallery_ids=&#8220;793,786,780,779,781,777,782,778,783,784,785,787,788,789,790,791,792,794,795,796&#8243; show_title_and_caption=&#8220;off&#8220; _builder_version=&#8220;4.9.3&#8243; _module_preset=&#8220;default&#8220; min_height=&#8220;158.5px&#8220;][\/et_pb_gallery][et_pb_text _builder_version=&#8220;4.9.3&#8243; _module_preset=&#8220;default&#8220; min_height=&#8220;6px&#8220;]<\/p>\n<h3><strong>FOTOGAL\u00c9RIA Z EKUMENICKEJ BOHOSLU\u017dBY<\/strong><\/h3>\n<p>[\/et_pb_text][et_pb_gallery gallery_ids=&#8220;801,806,798,807,799,800,802,803,804,805&#8243; show_title_and_caption=&#8220;off&#8220; _builder_version=&#8220;4.9.3&#8243; _module_preset=&#8220;default&#8220; min_height=&#8220;158.5px&#8220;][\/et_pb_gallery][\/et_pb_column][\/et_pb_row][\/et_pb_section]<\/p>","protected":false},"excerpt":{"rendered":"<p>[et_pb_section fb_built=&#8220;1&#8243; _builder_version=&#8220;4.9.3&#8243; _module_preset=&#8220;default&#8220; background_image=&#8220;http:\/\/wien-cz-sk.at\/wp-content\/uploads\/2022\/01\/background.png&#8220; custom_padding=&#8220;||0px|||&#8220;][et_pb_row _builder_version=&#8220;4.9.3&#8243; _module_preset=&#8220;default&#8220; custom_padding=&#8220;0px|||||&#8220;][et_pb_column type=&#8220;4_4&#8243; _builder_version=&#8220;4.9.3&#8243; _module_preset=&#8220;default&#8220;][et_pb_text _builder_version=&#8220;4.9.3&#8243; _module_preset=&#8220;default&#8220; background_layout=&#8220;dark&#8220;] EKUMENICK\u00c1 BOHOSLU\u017dBA V KATEDR\u00c1LE SV. V\u00cdTA V PRAZE [\/et_pb_text][\/et_pb_column][\/et_pb_row][et_pb_row _builder_version=&#8220;4.9.3&#8243; _module_preset=&#8220;default&#8220;][et_pb_column type=&#8220;4_4&#8243; _builder_version=&#8220;4.9.3&#8243; _module_preset=&#8220;default&#8220;][et_pb_text _builder_version=&#8220;4.9.3&#8243; [&hellip;]<\/p>","protected":false},"author":1,"featured_media":0,"parent":0,"menu_order":0,"comment_status":"closed","ping_status":"closed","template":"","meta":{"_et_pb_use_builder":"on","_et_pb_old_content":"","_et_gb_content_width":"","om_disable_all_campaigns":false,"_mi_skip_tracking":false},"aioseo_notices":[],"_links":{"self":[{"href":"https:\/\/wien-cz-sk.at\/sk\/wp-json\/wp\/v2\/pages\/110"}],"collection":[{"href":"https:\/\/wien-cz-sk.at\/sk\/wp-json\/wp\/v2\/pages"}],"about":[{"href":"https:\/\/wien-cz-sk.at\/sk\/wp-json\/wp\/v2\/types\/page"}],"author":[{"embeddable":true,"href":"https:\/\/wien-cz-sk.at\/sk\/wp-json\/wp\/v2\/users\/1"}],"replies":[{"embeddable":true,"href":"https:\/\/wien-cz-sk.at\/sk\/wp-json\/wp\/v2\/comments?post=110"}],"version-history":[{"count":9,"href":"https:\/\/wien-cz-sk.at\/sk\/wp-json\/wp\/v2\/pages\/110\/revisions"}],"predecessor-version":[{"id":818,"href":"https:\/\/wien-cz-sk.at\/sk\/wp-json\/wp\/v2\/pages\/110\/revisions\/818"}],"wp:attachment":[{"href":"https:\/\/wien-cz-sk.at\/sk\/wp-json\/wp\/v2\/media?parent=110"}],"curies":[{"name":"wp","href":"https:\/\/api.w.org\/{rel}","templated":true}]}}