{"id":223,"date":"2022-01-17T20:19:29","date_gmt":"2022-01-17T20:19:29","guid":{"rendered":"http:\/\/wien-cz-sk.at\/?page_id=223"},"modified":"2022-02-28T11:18:18","modified_gmt":"2022-02-28T11:18:18","slug":"final-four-mevza","status":"publish","type":"page","link":"https:\/\/wien-cz-sk.at\/sk\/final-four-mevza","title":{"rendered":"Final four MEVZA"},"content":{"rendered":"<p>[et_pb_section fb_built=&#8220;1&#8243; _builder_version=&#8220;4.9.3&#8243; _module_preset=&#8220;default&#8220; background_image=&#8220;http:\/\/wien-cz-sk.at\/wp-content\/uploads\/2022\/01\/background.png&#8220; custom_padding=&#8220;||0px|||&#8220;][et_pb_row _builder_version=&#8220;4.9.3&#8243; _module_preset=&#8220;default&#8220; custom_padding=&#8220;0px|||||&#8220;][et_pb_column type=&#8220;4_4&#8243; _builder_version=&#8220;4.9.3&#8243; _module_preset=&#8220;default&#8220;][et_pb_text _builder_version=&#8220;4.9.3&#8243; _module_preset=&#8220;default&#8220; background_layout=&#8220;dark&#8220;]<\/p>\n<h1 style=\"text-align: center;\"><strong>FINAL FOUR MEVZA LEAGUE \u017dENY<\/strong><\/h1>\n<p>[\/et_pb_text][\/et_pb_column][\/et_pb_row][et_pb_row _builder_version=&#8220;4.9.3&#8243; _module_preset=&#8220;default&#8220;][et_pb_column type=&#8220;4_4&#8243; _builder_version=&#8220;4.9.3&#8243; _module_preset=&#8220;default&#8220;][et_pb_text _builder_version=&#8220;4.9.3&#8243; _module_preset=&#8220;default&#8220; background_layout=&#8220;dark&#8220;]<\/p>\n<h3 style=\"text-align: center;\"><strong>23.-24. \u00fanora 2022<\/strong><\/h3>\n<p>[\/et_pb_text][\/et_pb_column][\/et_pb_row][\/et_pb_section][et_pb_section fb_built=&#8220;1&#8243; _builder_version=&#8220;4.9.3&#8243; _module_preset=&#8220;default&#8220; custom_padding=&#8220;25px|||||&#8220;][et_pb_row _builder_version=&#8220;4.9.3&#8243; _module_preset=&#8220;default&#8220; custom_padding=&#8220;0px|||||&#8220;][et_pb_column type=&#8220;4_4&#8243; _builder_version=&#8220;4.9.3&#8243; _module_preset=&#8220;default&#8220;][et_pb_text _builder_version=&#8220;4.9.3&#8243; _module_preset=&#8220;default&#8220;]<\/p>\n<h3 style=\"text-align: center;\"><strong>VOLEJBAL<\/strong><\/h3>\n<h5 style=\"text-align: center;\">Fin\u00e1lov\u00fd turnaj \u201eFINAL FOUR\u201c <a href=\"http:\/\/mevza.org\/live\/wp-content\/uploads\/2022\/01\/MEVZA-Statutes_Approved_191115.pdf\">MEVZA volejbalovej stredoeur\u00f3pskej ligy \u017eien<\/a><\/h5>\n<p>[\/et_pb_text][\/et_pb_column][\/et_pb_row][et_pb_row column_structure=&#8220;1_3,2_3&#8243; _builder_version=&#8220;4.9.3&#8243; _module_preset=&#8220;default&#8220; width=&#8220;78.9%&#8220; custom_margin=&#8220;-24px|auto||auto||&#8220;][et_pb_column type=&#8220;1_3&#8243; _builder_version=&#8220;4.9.3&#8243; _module_preset=&#8220;default&#8220;][et_pb_text _builder_version=&#8220;4.9.3&#8243; _module_preset=&#8220;default&#8220;]<\/p>\n<h3 id=\"wnd_TextBlock_483074_inner_0\" class=\"wnd-align-right\" data-wnd_is_separable=\"1\" data-wnd_separable_index=\"0\" data-wnd_separable_id=\"wnd_TextBlock_483074\"><strong>MIESTO KONANIA<\/strong><\/h3>\n<div class=\"wnd-align-right\"><span id=\"ctl00_Content_Main_RLV_TeamStadium_ctrl0_StadiumName\">Posthalle {WIEN}<\/span><br \/>\n<span id=\"ctl00_Content_Main_RLV_TeamStadium_ctrl0_Address1Label\">Schumanngasse 101<br \/>\n<\/span><span id=\"ctl00_Content_Main_RLV_TeamStadium_ctrl0_Address2Label\"><\/span><span id=\"ctl00_Content_Main_RLV_TeamStadium_ctrl0_ZIPLabel\">1170 &#8211;\u00a0<\/span><span id=\"ctl00_Content_Main_RLV_TeamStadium_ctrl0_CityLabel\">Wien<\/span><\/div>\n<h3 id=\"wnd_TextBlock_483074_inner_2\" class=\"wnd-align-right\" data-wnd_is_separable=\"1\" data-wnd_separable_index=\"2\" data-wnd_separable_id=\"wnd_TextBlock_483074\"><span class=\"wnd-font-size-70\"><strong>D\u00c1TUM<\/strong><\/span><\/h3>\n<p id=\"wnd_TextBlock_483074_inner_3\" class=\"wnd-align-right\" data-wnd_is_separable=\"1\" data-wnd_separable_index=\"3\" data-wnd_separable_id=\"wnd_TextBlock_483074\">23.-24. 2. 2022<\/p>\n<h3 id=\"wnd_TextBlock_483074_inner_4\" class=\"wnd-align-right\" data-wnd_is_separable=\"1\" data-wnd_separable_index=\"4\" data-wnd_separable_id=\"wnd_TextBlock_483074\"><strong>SL\u00c1VNOSTN\u00c9 ZAH\u00c1JENIE<\/strong><\/h3>\n<p id=\"wnd_TextBlock_483074_inner_5\" class=\"wnd-align-right\" data-wnd_is_separable=\"1\" data-wnd_separable_index=\"5\" data-wnd_separable_id=\"wnd_TextBlock_483074\">23. 02. 2022 | 16:30 hod<\/p>\n<h3 id=\"wnd_TextBlock_483074_inner_6\" class=\"wnd-align-right\" data-wnd_is_separable=\"1\" data-wnd_separable_index=\"6\" data-wnd_separable_id=\"wnd_TextBlock_483074\"><span class=\"wnd-font-size-70\"><strong>Z\u00c1VERE\u010cN\u00dd CEREMONI\u00c1L<\/strong><\/span><\/h3>\n<p id=\"wnd_TextBlock_483074_inner_7\" class=\"wnd-align-right\" data-wnd_is_separable=\"1\" data-wnd_separable_index=\"7\" data-wnd_separable_id=\"wnd_TextBlock_483074\">24. 02. 2022 | 14:30 hod<\/p>\n<h3 class=\"wnd-align-right\" data-wnd_is_separable=\"1\" data-wnd_separable_index=\"11\" data-wnd_separable_id=\"wnd_TextBlock_483074\"><strong>PARTNERI<\/strong><\/h3>\n<p><strong><img decoding=\"async\" loading=\"lazy\" class=\"wp-image-13 alignnone size-medium\" src=\"http:\/\/wien-cz-sk.at\/wp-content\/uploads\/2022\/01\/cropped-logo_150let_nove2022-300x137.png\" alt=\"\" width=\"241\" height=\"110\" srcset=\"https:\/\/wien-cz-sk.at\/wp-content\/uploads\/2022\/01\/cropped-logo_150let_nove2022-300x137.png 300w, https:\/\/wien-cz-sk.at\/wp-content\/uploads\/2022\/01\/cropped-logo_150let_nove2022-517x235.png 517w, https:\/\/wien-cz-sk.at\/wp-content\/uploads\/2022\/01\/cropped-logo_150let_nove2022.png 671w\" sizes=\"(max-width: 241px) 100vw, 241px\" \/><\/strong>[\/et_pb_text][\/et_pb_column][et_pb_column type=&#8220;2_3&#8243; _builder_version=&#8220;4.9.3&#8243; _module_preset=&#8220;default&#8220;][et_pb_video src=&#8220;https:\/\/www.youtube.com\/watch?v=O7s0LLFYIfg&#8220; _builder_version=&#8220;4.9.3&#8243; _module_preset=&#8220;default&#8220; hover_enabled=&#8220;0&#8243; title_text=&#8220;20220224_123333&#8243; image_src=&#8220;http:\/\/wien-cz-sk.at\/wp-content\/uploads\/2022\/02\/20220224_123333-scaled.jpg&#8220; sticky_enabled=&#8220;0&#8243;][\/et_pb_video][et_pb_text _builder_version=&#8220;4.9.3&#8243; _module_preset=&#8220;default&#8220; custom_margin=&#8220;-4px|||||&#8220;]<\/p>\n<h3 id=\"wnd_TextBlock_26143_inner_0\" data-wnd_is_separable=\"1\" data-wnd_separable_index=\"0\" data-wnd_separable_id=\"wnd_TextBlock_26143\"><strong>INFORM\u00c1CIE<\/strong><\/h3>\n<div dir=\"auto\">Najlep\u0161ie 4 t\u00edmy z tohtoro\u010dnej MEVZA stredoeur\u00f3pskej volejbalovej ligy \u017eien sa postupne stretli v boji o titul \u0161ampi\u00f3nok. Z\u00fa\u010dastnili sa ho aj \u017eeny\u00a0<b>VB N\u00d6 Sokol\/Post SCHWECHAT (AUT)<\/b>, ktor\u00e9 maj\u00fa vo svojich radoch hne\u010f nieko\u013ekon\u00e1sobn\u00e9 zast\u00fapenie \u010deskej a slovenskej n\u00e1rodnosti.<\/div>\n<div dir=\"auto\">Menovite:<\/div>\n<div dir=\"auto\">\n<p>Zuzana Pecha-Tlstovi\u010dov\u00e1 (SVK \u2013 tr\u00e9nerka)<\/p>\n<div>Tereza Soukup-St\u0159\u00edbrn\u00e1 (CZE \u2013 tr\u00e9nerka)<\/div>\n<div>Lucia Mik\u0161\u00edkov\u00e1 &#8211; (SVK &#8211; hr\u00e1\u010dka)<\/div>\n<div>Silvie Pavlov\u00e1 &#8211; (CZE &#8211; hr\u00e1\u010dka)<\/div>\n<div>Diana Mitrengov\u00e1 &#8211; (SVK &#8211; hr\u00e1\u010dka)<\/div>\n<p>Monika Chrtiansk\u00e1 \u2013 (slovensk\u00e9 korene \u2013 hr\u00e1\u010dka)<\/p>\n<\/div>\n<div dir=\"auto\"><\/div>\n<div dir=\"auto\">V semifin\u00e1lovej dr\u00e1me so slovinsk\u00fdm favoritom Calcitom Kamnikom sa po dorovnan\u00ed stavu sk\u00f3re z 0:2 na 2:2 Sokolk\u00e1m bohu\u017eia\u013e nepodarilo dosta\u0165 do fin\u00e1le a zostal im \u201elen\u201c boj o tretie miesto. Takzvan\u00e9 mal\u00e9 fin\u00e1le sa konalo v dopolud\u0148aj\u0161\u00edch hodin\u00e1ch, kedy za bur\u00e1cania \u017eiakov v\u0161eobecnej \u0161koly a \u0161tudentov gymn\u00e1zia, d\u00e1my bojovali s \u010fal\u0161\u00edmi siln\u00fdmi Slovinkami, tentoraz z Mariboru. Bohu\u017eia\u013e aj tieto s\u00faperky boli nad sily inak v\u00fdborne hraj\u00faceho Sokola, ktor\u00fd je \u010derstv\u00fdm v\u00ed\u0165azom rak\u00faskeho poh\u00e1ra \u017eien.<\/div>\n<div dir=\"auto\"><\/div>\n<div dir=\"auto\">Akcia sa konala v r\u00e1mci Jubilejn\u00e9ho roku viedensk\u00fdch \u010cechov a Slov\u00e1kov a za podpory \u0160kolsk\u00e9ho spolku Komensk\u00fd.<\/div>\n<div dir=\"auto\">\n<div>23.02.: Vasas \u00d3buda BUDAPEST (HUN) vs. Nova KBM Branik MARIBOR (SLO) 3-1 (21-25, 25-19, 25-13, 28-26)<\/div>\n<div>23.02.: OK Calcit KAMNIK (SLO) vs.\u00a0<b>VB N\u00d6 Sokol\/Post SCHWECHAT (AUT)<\/b>\u00a03-2 (25-22, 25-7, 23-25, 20-25, 15-11)<\/div>\n<div><\/div>\n<div>24.02.:\u00a0<b>VB N\u00d6 Sokol\/Post SCHWECHAT (AUT)<\/b>\u00a0vs. Nova KBM Branik MARIBOR (SLO) 1-3 (21-25, 25-23, 21-25, 14-25)<\/div>\n<p>24.02.: OK Calcit KAMNIK (SLO) vs. Vasas \u00d3buda BUDAPEST (HUN) 0-3 (22-25, 16-25, 19-25)<\/p>\n<\/div>\n<div dir=\"auto\"><\/div>\n<div dir=\"auto\">Kone\u010dn\u00e9 umiestnenie:<\/div>\n<div dir=\"auto\">\n<ol>\n<li>miesto Vasas \u00d3buda BUDAPEST (HUN)<\/li>\n<li>miesto OK Calcit KAMNIK (SLO)<\/li>\n<li>miesto Nova KBM Branik MARIBOR (SLO)<\/li>\n<li>miesto\u00a0<b>VB N\u00d6 Sokol\/Post SCHWECHAT (AUT)<\/b><\/li>\n<\/ol>\n<\/div>\n<div dir=\"auto\"><\/div>\n<div class=\"teamBlock\"><\/div>\n<p>[\/et_pb_text][\/et_pb_column][\/et_pb_row][et_pb_row _builder_version=&#8220;4.9.3&#8243; _module_preset=&#8220;default&#8220; column_structure=&#8220;1_4,1_4,1_4,1_4&#8243;][et_pb_column _builder_version=&#8220;4.9.3&#8243; _module_preset=&#8220;default&#8220; type=&#8220;1_4&#8243;][et_pb_image src=&#8220;http:\/\/wien-cz-sk.at\/wp-content\/uploads\/2022\/02\/DSF5754-scaled.jpg&#8220; _builder_version=&#8220;4.9.3&#8243; _module_preset=&#8220;default&#8220; title_text=&#8220;_DSF5754&#8243; hover_enabled=&#8220;0&#8243; sticky_enabled=&#8220;0&#8243;][\/et_pb_image][\/et_pb_column][et_pb_column _builder_version=&#8220;4.9.3&#8243; _module_preset=&#8220;default&#8220; type=&#8220;1_4&#8243;][et_pb_image src=&#8220;http:\/\/wien-cz-sk.at\/wp-content\/uploads\/2022\/02\/DSF6895-scaled.jpg&#8220; _builder_version=&#8220;4.9.3&#8243; _module_preset=&#8220;default&#8220; title_text=&#8220;_DSF6895&#8243; hover_enabled=&#8220;0&#8243; sticky_enabled=&#8220;0&#8243;][\/et_pb_image][\/et_pb_column][et_pb_column _builder_version=&#8220;4.9.3&#8243; _module_preset=&#8220;default&#8220; type=&#8220;1_4&#8243;][et_pb_image src=&#8220;http:\/\/wien-cz-sk.at\/wp-content\/uploads\/2022\/02\/20220224_120820-scaled.jpg&#8220; _builder_version=&#8220;4.9.3&#8243; _module_preset=&#8220;default&#8220; title_text=&#8220;20220224_120820&#8243; hover_enabled=&#8220;0&#8243; sticky_enabled=&#8220;0&#8243;][\/et_pb_image][\/et_pb_column][et_pb_column _builder_version=&#8220;4.9.3&#8243; _module_preset=&#8220;default&#8220; type=&#8220;1_4&#8243;][et_pb_image src=&#8220;http:\/\/wien-cz-sk.at\/wp-content\/uploads\/2022\/02\/DSF6381-scaled.jpg&#8220; _builder_version=&#8220;4.9.3&#8243; _module_preset=&#8220;default&#8220; title_text=&#8220;_DSF6381&#8243; hover_enabled=&#8220;0&#8243; sticky_enabled=&#8220;0&#8243;][\/et_pb_image][\/et_pb_column][\/et_pb_row][\/et_pb_section]<\/p>","protected":false},"excerpt":{"rendered":"<p>[et_pb_section fb_built=&#8220;1&#8243; _builder_version=&#8220;4.9.3&#8243; _module_preset=&#8220;default&#8220; background_image=&#8220;http:\/\/wien-cz-sk.at\/wp-content\/uploads\/2022\/01\/background.png&#8220; custom_padding=&#8220;||0px|||&#8220;][et_pb_row _builder_version=&#8220;4.9.3&#8243; _module_preset=&#8220;default&#8220; custom_padding=&#8220;0px|||||&#8220;][et_pb_column type=&#8220;4_4&#8243; _builder_version=&#8220;4.9.3&#8243; _module_preset=&#8220;default&#8220;][et_pb_text _builder_version=&#8220;4.9.3&#8243; _module_preset=&#8220;default&#8220; background_layout=&#8220;dark&#8220;] FINAL FOUR MEVZA LEAGUE \u017dENY [\/et_pb_text][\/et_pb_column][\/et_pb_row][et_pb_row _builder_version=&#8220;4.9.3&#8243; _module_preset=&#8220;default&#8220;][et_pb_column type=&#8220;4_4&#8243; _builder_version=&#8220;4.9.3&#8243; _module_preset=&#8220;default&#8220;][et_pb_text _builder_version=&#8220;4.9.3&#8243; _module_preset=&#8220;default&#8220; background_layout=&#8220;dark&#8220;] 23.-24. [&hellip;]<\/p>","protected":false},"author":1,"featured_media":0,"parent":0,"menu_order":0,"comment_status":"closed","ping_status":"closed","template":"","meta":{"_et_pb_use_builder":"on","_et_pb_old_content":"","_et_gb_content_width":"","om_disable_all_campaigns":false,"_mi_skip_tracking":false},"aioseo_notices":[],"_links":{"self":[{"href":"https:\/\/wien-cz-sk.at\/sk\/wp-json\/wp\/v2\/pages\/223"}],"collection":[{"href":"https:\/\/wien-cz-sk.at\/sk\/wp-json\/wp\/v2\/pages"}],"about":[{"href":"https:\/\/wien-cz-sk.at\/sk\/wp-json\/wp\/v2\/types\/page"}],"author":[{"embeddable":true,"href":"https:\/\/wien-cz-sk.at\/sk\/wp-json\/wp\/v2\/users\/1"}],"replies":[{"embeddable":true,"href":"https:\/\/wien-cz-sk.at\/sk\/wp-json\/wp\/v2\/comments?post=223"}],"version-history":[{"count":8,"href":"https:\/\/wien-cz-sk.at\/sk\/wp-json\/wp\/v2\/pages\/223\/revisions"}],"predecessor-version":[{"id":555,"href":"https:\/\/wien-cz-sk.at\/sk\/wp-json\/wp\/v2\/pages\/223\/revisions\/555"}],"wp:attachment":[{"href":"https:\/\/wien-cz-sk.at\/sk\/wp-json\/wp\/v2\/media?parent=223"}],"curies":[{"name":"wp","href":"https:\/\/api.w.org\/{rel}","templated":true}]}}