{"id":23,"date":"2022-01-01T19:51:31","date_gmt":"2022-01-01T19:51:31","guid":{"rendered":"http:\/\/wien-cz-sk.at\/?page_id=23"},"modified":"2022-05-09T13:01:02","modified_gmt":"2022-05-09T13:01:02","slug":"info","status":"publish","type":"page","link":"https:\/\/wien-cz-sk.at\/sk\/info","title":{"rendered":"INFORM\u00c1CIE"},"content":{"rendered":"<p>[et_pb_section fb_built=&#8220;1&#8243; _builder_version=&#8220;4.9.3&#8243; _module_preset=&#8220;default&#8220; background_image=&#8220;http:\/\/wien-cz-sk.at\/wp-content\/uploads\/2022\/01\/background.png&#8220;][et_pb_row _builder_version=&#8220;4.9.3&#8243; _module_preset=&#8220;default&#8220;][et_pb_column type=&#8220;4_4&#8243; _builder_version=&#8220;4.9.3&#8243; _module_preset=&#8220;default&#8220;][et_pb_text _builder_version=&#8220;4.9.3&#8243; _module_preset=&#8220;default&#8220; background_layout=&#8220;dark&#8220;]<\/p>\n<h1 style=\"text-align: center;\"><strong>INFORM\u00c1CIE<\/strong><\/h1>\n<p>[\/et_pb_text][\/et_pb_column][\/et_pb_row][\/et_pb_section][et_pb_section fb_built=&#8220;1&#8243; _builder_version=&#8220;4.9.3&#8243; _module_preset=&#8220;default&#8220;][et_pb_row column_structure=&#8220;1_4,1_4,1_4,1_4&#8243; _builder_version=&#8220;4.9.3&#8243; _module_preset=&#8220;default&#8220; custom_margin=&#8220;-26px|auto||auto||&#8220;][et_pb_column type=&#8220;1_4&#8243; _builder_version=&#8220;4.9.3&#8243; _module_preset=&#8220;default&#8220;][et_pb_button button_url=&#8220;http:\/\/wien-cz-sk.at\/osobnosti&#8220; button_text=&#8220;OSOBNOSTI&#8220; button_alignment=&#8220;center&#8220; _builder_version=&#8220;4.9.3&#8243; _module_preset=&#8220;default&#8220;][\/et_pb_button][\/et_pb_column][et_pb_column type=&#8220;1_4&#8243; _builder_version=&#8220;4.9.3&#8243; _module_preset=&#8220;default&#8220;][et_pb_button button_text=&#8220;HISTORIE&#8220; button_alignment=&#8220;center&#8220; _builder_version=&#8220;4.9.3&#8243; _module_preset=&#8220;default&#8220;][\/et_pb_button][\/et_pb_column][et_pb_column type=&#8220;1_4&#8243; _builder_version=&#8220;4.9.3&#8243; _module_preset=&#8220;default&#8220;][et_pb_button button_url=&#8220;http:\/\/wien-cz-sk.at\/dokumenty&#8220; button_text=&#8220;DOKUMENTY&#8220; button_alignment=&#8220;center&#8220; _builder_version=&#8220;4.9.3&#8243; _module_preset=&#8220;default&#8220;][\/et_pb_button][\/et_pb_column][et_pb_column type=&#8220;1_4&#8243; _builder_version=&#8220;4.9.3&#8243; _module_preset=&#8220;default&#8220;][et_pb_button button_url=&#8220;http:\/\/wien-cz-sk.at\/projekt-digitalizace&#8220; button_text=&#8220;DIGITALIZACE&#8220; button_alignment=&#8220;center&#8220; _builder_version=&#8220;4.9.3&#8243; _module_preset=&#8220;default&#8220;][\/et_pb_button][\/et_pb_column][\/et_pb_row][et_pb_row _builder_version=&#8220;4.9.3&#8243; _module_preset=&#8220;default&#8220;][et_pb_column type=&#8220;4_4&#8243; _builder_version=&#8220;4.9.3&#8243; _module_preset=&#8220;default&#8220;][et_pb_accordion _builder_version=&#8220;4.9.3&#8243; _module_preset=&#8220;default&#8220; hover_enabled=&#8220;0&#8243; sticky_enabled=&#8220;0&#8243;][et_pb_accordion_item title=&#8220;O jubilejn\u00edm roce 2022&#8243; open=&#8220;on&#8220; _builder_version=&#8220;4.9.3&#8243; _module_preset=&#8220;default&#8220; hover_enabled=&#8220;0&#8243; toggle_level=&#8220;h1&#8243; toggle_font=&#8220;|700|||||||&#8220; sticky_enabled=&#8220;0&#8243;]<\/p>\n<p>Rok 2022 je jubilejn\u00fdm rokom viedensk\u00fdch \u010cechov a Slov\u00e1kov. Nadv\u00e4zuje na 150. v\u00fdro\u010die \u0160kolsk\u00e9ho spolku Komensk\u00fd, prev\u00e1dzkovate\u013ea vzdel\u00e1vac\u00edch in\u0161tit\u00faci\u00ed vo Viedni so zameran\u00edm na \u010de\u0161tinu a sloven\u010dinu. Pri pr\u00edle\u017eitosti tohto jubilea vy\u0161la obsiahla dvojjazy\u010dn\u00e1 publik\u00e1cia, ktor\u00e1 mapuje v\u00fdvoj \u010desk\u00e9ho \u0161kolstva vo Viedni od po\u010diatkov a\u017e do druhej polovice 20. storo\u010dia. My\u0161lienkov\u00fdm pokra\u010dovan\u00edm knihy je <strong>projekt digitaliz\u00e1cie audiovizu\u00e1lnej hist\u00f3rie<\/strong>, ktor\u00e9ho z\u00e1merom je pozbiera\u0165, digitalizova\u0165 a roztriedi\u0165 fotografie a amat\u00e9rske filmy z viedensk\u00fdch, resp. rak\u00faskych s\u00fakromn\u00fdch arch\u00edvov.<\/p>\n<p><img decoding=\"async\" loading=\"lazy\" src=\"http:\/\/wien-cz-sk.at\/wp-content\/uploads\/2022\/01\/fDatovy-zdroj-4-e1642692501158-300x80.png\" width=\"371\" height=\"99\" alt=\"\" class=\"wp-image-307 alignnone size-medium\" style=\"display: block; margin-left: auto; margin-right: auto;\" srcset=\"https:\/\/wien-cz-sk.at\/wp-content\/uploads\/2022\/01\/fDatovy-zdroj-4-e1642692501158-300x80.png 300w, https:\/\/wien-cz-sk.at\/wp-content\/uploads\/2022\/01\/fDatovy-zdroj-4-e1642692501158-18x5.png 18w, https:\/\/wien-cz-sk.at\/wp-content\/uploads\/2022\/01\/fDatovy-zdroj-4-e1642692501158.png 538w\" sizes=\"(max-width: 371px) 100vw, 371px\" \/><\/p>\n<p>Najd\u00f4le\u017eitej\u0161ou s\u00fa\u010das\u0165ou jubilejn\u00e9ho roka je mno\u017estvo kult\u00farnych, \u0161portov\u00fdch, n\u00e1bo\u017eensk\u00fdch a spolo\u010densk\u00fdch podujat\u00ed. Tak ako sa prel\u00ednaj\u00fa farby na jubilejnom plag\u00e1te, mali by sa prel\u00edna\u0165 aj z\u00e1ujmov\u00e9 skupiny, ktor\u00e9 s\u00fa tradi\u010dne zameran\u00e9 napr\u00edklad na \u0161port, na kult\u00farne podujatia, na z\u00e1ujmov\u00e9 \u010dinnosti pre deti. Jubilejn\u00fd rok budeme pova\u017eova\u0165 za \u00faspe\u0161n\u00fd, ak v roku 2022 ka\u017ed\u00fd aspo\u0148 raz nav\u0161t\u00edvi nejak\u00fa akciu prv\u00fdkr\u00e1t v \u017eivote.<\/p>\n<p>Jubilejn\u00fdm rokom si pripom\u00edname, \u017ee \u010cesi a Slov\u00e1ci vo Viedni predstavuj\u00fa v\u00fdznamn\u00fa komunitu, ktor\u00e1 sa obzer\u00e1 za pozoruhodnou minulos\u0165ou a m\u00f4\u017ee sa radova\u0165 z \u010dinorodej mladej gener\u00e1cie.<\/p>\n<p><img decoding=\"async\" loading=\"lazy\" src=\"https:\/\/wien-cz-sk.at\/wp-content\/uploads\/2022\/05\/IMG_1014-300x225.png\" width=\"300\" height=\"225\" alt=\"\" class=\"wp-image-861 alignnone size-medium\" style=\"display: block; margin-left: auto; margin-right: auto;\" \/><\/p>\n<p><em>Obr\u00e1zok: Prv\u00fdkr\u00e1t v hist\u00f3rii vy\u0161li v\u0161etky troje \u010desk\u00e9 a jedny slovensk\u00e9 viedensk\u00e9 noviny so zhodnou titulnou str\u00e1nkou<\/em><\/p>\n<p>[\/et_pb_accordion_item][et_pb_accordion_item title=&#8220;O \u0160kolsk\u00e9m spolku Komensk\u00fd&#8220; _builder_version=&#8220;4.9.3&#8243; _module_preset=&#8220;default&#8220; toggle_font=&#8220;|700|||||||&#8220; open=&#8220;off&#8220;]<\/p>\n<div class=\"wnd-align-justify\">U\u017e od roku 1872 je t\u00e1to dobrovo\u013en\u00e1 organiz\u00e1cia neodmyslite\u013enou s\u00fa\u010das\u0165ou \u010deskej viedenskej men\u0161iny.<\/div>\n<div class=\"wnd-align-justify\">\u0160koly Komensk\u00fd u\u017e dlh\u00e9 desa\u0165ro\u010dia pon\u00fakaj\u00fa de\u0165om \u017eij\u00facim vo Viedni v\u00fdu\u010dbu nielen v nemeckom, ale aj v \u010deskom, a od roku 2004 aj v slovenskom jazyku. Za 150 rokov pre\u0161li \u0161kolami Komensk\u00fd desa\u0165tis\u00edce \u017eiakov a na v\u00fdu\u010dbe a v\u00fdchove sa podie\u013eali tis\u00edce u\u010dite\u013eov a vychov\u00e1vate\u013eov. Zmyslom n\u00e1\u0161ho sna\u017eenia je uchovanie tohto vz\u00e1cneho pokladu aj pre bud\u00face gener\u00e1cie.<\/div>\n<div class=\"wnd-align-justify\"><img decoding=\"async\" loading=\"lazy\" src=\"http:\/\/wien-cz-sk.at\/wp-content\/uploads\/2022\/01\/cropped-logo_150let_nove2022-300x137.png\" width=\"300\" height=\"137\" alt=\"\" class=\"wp-image-13 alignnone size-medium\" style=\"display: block; margin-left: auto; margin-right: auto;\" srcset=\"https:\/\/wien-cz-sk.at\/wp-content\/uploads\/2022\/01\/cropped-logo_150let_nove2022-300x137.png 300w, https:\/\/wien-cz-sk.at\/wp-content\/uploads\/2022\/01\/cropped-logo_150let_nove2022-517x235.png 517w, https:\/\/wien-cz-sk.at\/wp-content\/uploads\/2022\/01\/cropped-logo_150let_nove2022.png 671w\" sizes=\"(max-width: 300px) 100vw, 300px\" \/><\/div>\n<p>[\/et_pb_accordion_item][\/et_pb_accordion][\/et_pb_column][\/et_pb_row][\/et_pb_section]<\/p>","protected":false},"excerpt":{"rendered":"<p>[et_pb_section fb_built=&#8220;1&#8243; _builder_version=&#8220;4.9.3&#8243; _module_preset=&#8220;default&#8220; background_image=&#8220;http:\/\/wien-cz-sk.at\/wp-content\/uploads\/2022\/01\/background.png&#8220;][et_pb_row _builder_version=&#8220;4.9.3&#8243; _module_preset=&#8220;default&#8220;][et_pb_column type=&#8220;4_4&#8243; _builder_version=&#8220;4.9.3&#8243; _module_preset=&#8220;default&#8220;][et_pb_text _builder_version=&#8220;4.9.3&#8243; _module_preset=&#8220;default&#8220; background_layout=&#8220;dark&#8220;] INFORMACE [\/et_pb_text][\/et_pb_column][\/et_pb_row][\/et_pb_section][et_pb_section fb_built=&#8220;1&#8243; _builder_version=&#8220;4.9.3&#8243; _module_preset=&#8220;default&#8220;][et_pb_row column_structure=&#8220;1_4,1_4,1_4,1_4&#8243; _builder_version=&#8220;4.9.3&#8243; _module_preset=&#8220;default&#8220; custom_margin=&#8220;-26px|auto||auto||&#8220;][et_pb_column type=&#8220;1_4&#8243; _builder_version=&#8220;4.9.3&#8243; _module_preset=&#8220;default&#8220;][et_pb_button button_url=&#8220;http:\/\/wien-cz-sk.at\/osobnosti&#8220; button_text=&#8220;OSOBNOSTI&#8220; button_alignment=&#8220;center&#8220; _builder_version=&#8220;4.9.3&#8243; _module_preset=&#8220;default&#8220;][\/et_pb_button][\/et_pb_column][et_pb_column [&hellip;]<\/p>","protected":false},"author":1,"featured_media":0,"parent":0,"menu_order":0,"comment_status":"closed","ping_status":"closed","template":"","meta":{"_et_pb_use_builder":"on","_et_pb_old_content":"","_et_gb_content_width":"","om_disable_all_campaigns":false,"_mi_skip_tracking":false},"aioseo_notices":[],"_links":{"self":[{"href":"https:\/\/wien-cz-sk.at\/sk\/wp-json\/wp\/v2\/pages\/23"}],"collection":[{"href":"https:\/\/wien-cz-sk.at\/sk\/wp-json\/wp\/v2\/pages"}],"about":[{"href":"https:\/\/wien-cz-sk.at\/sk\/wp-json\/wp\/v2\/types\/page"}],"author":[{"embeddable":true,"href":"https:\/\/wien-cz-sk.at\/sk\/wp-json\/wp\/v2\/users\/1"}],"replies":[{"embeddable":true,"href":"https:\/\/wien-cz-sk.at\/sk\/wp-json\/wp\/v2\/comments?post=23"}],"version-history":[{"count":17,"href":"https:\/\/wien-cz-sk.at\/sk\/wp-json\/wp\/v2\/pages\/23\/revisions"}],"predecessor-version":[{"id":862,"href":"https:\/\/wien-cz-sk.at\/sk\/wp-json\/wp\/v2\/pages\/23\/revisions\/862"}],"wp:attachment":[{"href":"https:\/\/wien-cz-sk.at\/sk\/wp-json\/wp\/v2\/media?parent=23"}],"curies":[{"name":"wp","href":"https:\/\/api.w.org\/{rel}","templated":true}]}}