{"id":316,"date":"2022-01-21T11:02:29","date_gmt":"2022-01-21T11:02:29","guid":{"rendered":"http:\/\/wien-cz-sk.at\/?page_id=316"},"modified":"2022-09-02T11:28:08","modified_gmt":"2022-09-02T11:28:08","slug":"projekt-digitalizace","status":"publish","type":"page","link":"https:\/\/wien-cz-sk.at\/sk\/projekt-digitalizace","title":{"rendered":"Projekt digitalizace"},"content":{"rendered":"<p>[et_pb_section fb_built=&#8220;1&#8243; _builder_version=&#8220;4.9.3&#8243; _module_preset=&#8220;default&#8220; background_image=&#8220;http:\/\/wien-cz-sk.at\/wp-content\/uploads\/2022\/01\/background.png&#8220;][et_pb_row _builder_version=&#8220;4.9.3&#8243; _module_preset=&#8220;default&#8220;][et_pb_column type=&#8220;4_4&#8243; _builder_version=&#8220;4.9.3&#8243; _module_preset=&#8220;default&#8220;][et_pb_text _builder_version=&#8220;4.9.3&#8243; _module_preset=&#8220;default&#8220; background_layout=&#8220;dark&#8220;]<\/p>\n<h1 style=\"text-align: center;\"><strong>PROJEKT DIGITALIZ\u00c1CIE AUDIOVIZU\u00c1LNEJ HIST\u00d3RIE<\/strong><\/h1>\n<p>[\/et_pb_text][\/et_pb_column][\/et_pb_row][\/et_pb_section][et_pb_section fb_built=&#8220;1&#8243; _builder_version=&#8220;4.9.3&#8243; _module_preset=&#8220;default&#8220;][et_pb_row _builder_version=&#8220;4.9.3&#8243; _module_preset=&#8220;default&#8220;][et_pb_column type=&#8220;4_4&#8243; _builder_version=&#8220;4.9.3&#8243; _module_preset=&#8220;default&#8220;][et_pb_cta title=&#8220;Pot\u0159ebujeme va\u0161e vzpom\u00ednky!&#8220; button_url=&#8220;@ET-DC@eyJkeW5hbWljIjp0cnVlLCJjb250ZW50IjoicG9zdF9saW5rX3VybF9wYWdlIiwic2V0dGluZ3MiOnsicG9zdF9pZCI6IjIxIn19@&#8220; button_text=&#8220;KONTAKTUJTE N\u00c1S ZDE&#8220; _builder_version=&#8220;4.9.3&#8243; _dynamic_attributes=&#8220;button_url&#8220; _module_preset=&#8220;default&#8220;]V r\u00e1mci jubilejn\u00edho roku v\u00edde\u0148sk\u00fdch \u010cech\u016f a Slov\u00e1k\u016f popt\u00e1v\u00e1me fotografie, amat\u00e9rsk\u00e9 filmy a videa, ale i p\u00edsemnosti jako pohlednice a dopisy.<\/p>\n<p>V prvej polovici roku 2022 chceme zostavi\u0165 \u010do najbohat\u0161\u00ed arch\u00edv, kde v digitalizovanej podobe usporiadame v\u0161etko, \u010do pripom\u00edna hist\u00f3riu \u010cechov a Slov\u00e1kov vo Viedni.<\/p>\n<p>Po\u010dn\u00fac vlnou, ktor\u00e1 do centra monarchie pri\u0161la v druhej polovici 19. storo\u010dia, si budeme v\u0161\u00edma\u0165 historick\u00e9 udalosti ako reemigr\u00e1cia po druhej svetovej vojne (zelen\u00e1 karta), zlomov\u00e9 roky 1968 a 1989 a n\u00e1sledn\u00fd v\u00fdvoj a\u017e po s\u00fa\u010dasnos\u0165.<\/p>\n<p>Cie\u013eom projektu je zhroma\u017edi\u0165 dobov\u00e9 dokumenty, digitalizova\u0165 ich a archivova\u0165, a t\u00fdm ich ukotvi\u0165 v kolekt\u00edvnej pam\u00e4ti viedensk\u00fdch \u010cechov a Slov\u00e1kov. St\u00e1le existuje mnoho cenn\u00fdch audiovizu\u00e1lnych d\u00f4kazov, ako s\u00fa fotografie, amat\u00e9rske filmy a \u010fal\u0161ie dobov\u00e9 dokumenty, ktor\u00e9 by sme radi uchovali pre na\u0161u spolo\u010dn\u00fa hist\u00f3riu.<\/p>\n<p><img decoding=\"async\" loading=\"lazy\" class=\"wp-image-320 alignnone size-full\" style=\"display: block; margin-left: auto; margin-right: auto;\" src=\"http:\/\/wien-cz-sk.at\/wp-content\/uploads\/2022\/01\/02_robota.jpg\" alt=\"\" width=\"300\" height=\"200\" srcset=\"https:\/\/wien-cz-sk.at\/wp-content\/uploads\/2022\/01\/02_robota.jpg 300w, https:\/\/wien-cz-sk.at\/wp-content\/uploads\/2022\/01\/02_robota-18x12.jpg 18w\" sizes=\"(max-width: 300px) 100vw, 300px\" \/><\/p>\n<p>Poskytnite n\u00e1m pros\u00edm svoje materi\u00e1ly a t\u00fdm aj \u010das\u0165 svojej rodinnej hist\u00f3rie. Zavolajte alebo nap\u00ed\u0161te n\u00e1m \u010do najsk\u00f4r a my Va\u0161e cenn\u00e9 dokumenty u V\u00e1s vyzdvihneme a po digitaliz\u00e1cii V\u00e1m ich privezieme sp\u00e4\u0165. M\u00f4\u017eete n\u00e1m ich tie\u017e prinies\u0165 alebo posla\u0165. Ako po\u010fakovanie pre V\u00e1s vytvor\u00edme elektronick\u00fa verziu Va\u0161ich materi\u00e1lov a odovzd\u00e1me V\u00e1m ju spolu s origin\u00e1lmi.<\/p>\n<p>S va\u0161imi dokumentmi budeme zaobch\u00e1dza\u0165 so v\u0161etkou \u00factou a vedeckou v\u00e1\u017enos\u0165ou. Materi\u00e1ly bud\u00fa sl\u00fa\u017ei\u0165 v\u00fdhradne na \u00fa\u010dely odbornej historickej pr\u00e1ce, samozrejme v s\u00falade s predpismi o ochrane osobn\u00fdch \u00fadajov a \u00e9tosom novin\u00e1rskej pr\u00e1ce.<\/p>\n<p>Te\u0161\u00edme sa na rozsiahly audiovizu\u00e1lny arch\u00edv viedensk\u00fdch \u010cechov a Slov\u00e1kov.<\/p>\n<p><span style=\"text-decoration: underline;\"><span style=\"color: #e02b20; text-decoration: underline;\"><a style=\"color: #e02b20; text-decoration: underline;\" href=\"https:\/\/wien-cz-sk.at\/wp-content\/uploads\/2022\/01\/Zapujcni-list.docx\"><strong>Z\u00c1P\u016eJ\u010cN\u00cd LIST PROJEKTU DIGITALIZACE<\/strong><\/a><\/span>\u00a0<\/span>[\/et_pb_cta][\/et_pb_column][\/et_pb_row][et_pb_row column_structure=&#8220;1_4,1_4,1_4,1_4&#8243; _builder_version=&#8220;4.9.3&#8243; _module_preset=&#8220;default&#8220;][et_pb_column type=&#8220;1_4&#8243; _builder_version=&#8220;4.9.3&#8243; _module_preset=&#8220;default&#8220;][et_pb_video src=&#8220;https:\/\/www.youtube.com\/watch?v=X6N-tEyvgBU&#8220; _builder_version=&#8220;4.9.3&#8243; _module_preset=&#8220;default&#8220;][\/et_pb_video][\/et_pb_column][et_pb_column type=&#8220;1_4&#8243; _builder_version=&#8220;4.9.3&#8243; _module_preset=&#8220;default&#8220;][\/et_pb_column][et_pb_column type=&#8220;1_4&#8243; _builder_version=&#8220;4.9.3&#8243; _module_preset=&#8220;default&#8220;][\/et_pb_column][et_pb_column type=&#8220;1_4&#8243; _builder_version=&#8220;4.9.3&#8243; _module_preset=&#8220;default&#8220;][\/et_pb_column][\/et_pb_row][et_pb_row _builder_version=&#8220;4.9.3&#8243; _module_preset=&#8220;default&#8220; column_structure=&#8220;1_4,1_4,1_4,1_4&#8243;][et_pb_column _builder_version=&#8220;4.9.3&#8243; _module_preset=&#8220;default&#8220; type=&#8220;1_4&#8243;][et_pb_text _builder_version=&#8220;4.9.3&#8243; _module_preset=&#8220;default&#8220; hover_enabled=&#8220;0&#8243; sticky_enabled=&#8220;0&#8243;]<\/p>\n<p><strong>INTERVIEW | Dr. Karl Brousek o projekte digitaliz\u00e1cie audiovizu\u00e1lnej hist\u00f3rie<\/strong><\/p>\n<p>[\/et_pb_text][\/et_pb_column][et_pb_column _builder_version=&#8220;4.9.3&#8243; _module_preset=&#8220;default&#8220; type=&#8220;1_4&#8243;][\/et_pb_column][et_pb_column _builder_version=&#8220;4.9.3&#8243; _module_preset=&#8220;default&#8220; type=&#8220;1_4&#8243;][\/et_pb_column][et_pb_column _builder_version=&#8220;4.9.3&#8243; _module_preset=&#8220;default&#8220; type=&#8220;1_4&#8243;][\/et_pb_column][\/et_pb_row][\/et_pb_section]<\/p>","protected":false},"excerpt":{"rendered":"<p>[et_pb_section fb_built=&#8220;1&#8243; _builder_version=&#8220;4.9.3&#8243; _module_preset=&#8220;default&#8220; background_image=&#8220;http:\/\/wien-cz-sk.at\/wp-content\/uploads\/2022\/01\/background.png&#8220;][et_pb_row _builder_version=&#8220;4.9.3&#8243; _module_preset=&#8220;default&#8220;][et_pb_column type=&#8220;4_4&#8243; _builder_version=&#8220;4.9.3&#8243; _module_preset=&#8220;default&#8220;][et_pb_text _builder_version=&#8220;4.9.3&#8243; _module_preset=&#8220;default&#8220; background_layout=&#8220;dark&#8220;] PROJEKT DIGITALIZACE AUDIOVIZU\u00c1LN\u00cd HISTORIE [\/et_pb_text][\/et_pb_column][\/et_pb_row][\/et_pb_section][et_pb_section fb_built=&#8220;1&#8243; _builder_version=&#8220;4.9.3&#8243; _module_preset=&#8220;default&#8220;][et_pb_row _builder_version=&#8220;4.9.3&#8243; _module_preset=&#8220;default&#8220;][et_pb_column type=&#8220;4_4&#8243; _builder_version=&#8220;4.9.3&#8243; _module_preset=&#8220;default&#8220;][et_pb_cta title=&#8220;Pot\u0159ebujeme va\u0161e vzpom\u00ednky!&#8220; button_url=&#8220;@ET-DC@eyJkeW5hbWljIjp0cnVlLCJjb250ZW50IjoicG9zdF9saW5rX3VybF9wYWdlIiwic2V0dGluZ3MiOnsicG9zdF9pZCI6IjIxIn19@&#8220; [&hellip;]<\/p>","protected":false},"author":1,"featured_media":0,"parent":0,"menu_order":0,"comment_status":"closed","ping_status":"closed","template":"","meta":{"_et_pb_use_builder":"on","_et_pb_old_content":"","_et_gb_content_width":"","om_disable_all_campaigns":false,"_mi_skip_tracking":false},"aioseo_notices":[],"_links":{"self":[{"href":"https:\/\/wien-cz-sk.at\/sk\/wp-json\/wp\/v2\/pages\/316"}],"collection":[{"href":"https:\/\/wien-cz-sk.at\/sk\/wp-json\/wp\/v2\/pages"}],"about":[{"href":"https:\/\/wien-cz-sk.at\/sk\/wp-json\/wp\/v2\/types\/page"}],"author":[{"embeddable":true,"href":"https:\/\/wien-cz-sk.at\/sk\/wp-json\/wp\/v2\/users\/1"}],"replies":[{"embeddable":true,"href":"https:\/\/wien-cz-sk.at\/sk\/wp-json\/wp\/v2\/comments?post=316"}],"version-history":[{"count":6,"href":"https:\/\/wien-cz-sk.at\/sk\/wp-json\/wp\/v2\/pages\/316\/revisions"}],"predecessor-version":[{"id":1030,"href":"https:\/\/wien-cz-sk.at\/sk\/wp-json\/wp\/v2\/pages\/316\/revisions\/1030"}],"wp:attachment":[{"href":"https:\/\/wien-cz-sk.at\/sk\/wp-json\/wp\/v2\/media?parent=316"}],"curies":[{"name":"wp","href":"https:\/\/api.w.org\/{rel}","templated":true}]}}