{"id":328,"date":"2022-01-21T12:34:27","date_gmt":"2022-01-21T12:34:27","guid":{"rendered":"http:\/\/wien-cz-sk.at\/?page_id=328"},"modified":"2022-05-09T13:21:23","modified_gmt":"2022-05-09T13:21:23","slug":"dokumenty","status":"publish","type":"page","link":"https:\/\/wien-cz-sk.at\/sk\/dokumenty","title":{"rendered":"Dokumenty"},"content":{"rendered":"<p>[et_pb_section fb_built=&#8220;1&#8243; _builder_version=&#8220;4.9.3&#8243; _module_preset=&#8220;default&#8220; background_image=&#8220;http:\/\/wien-cz-sk.at\/wp-content\/uploads\/2022\/01\/background.png&#8220;][et_pb_row _builder_version=&#8220;4.9.3&#8243; _module_preset=&#8220;default&#8220;][et_pb_column type=&#8220;4_4&#8243; _builder_version=&#8220;4.9.3&#8243; _module_preset=&#8220;default&#8220;][et_pb_text _builder_version=&#8220;4.9.3&#8243; _module_preset=&#8220;default&#8220; background_layout=&#8220;dark&#8220;]<\/p>\n<h1 style=\"text-align: center;\"><strong>DOKUMENTY NA STIAHNUTIE<\/strong><\/h1>\n<p>[\/et_pb_text][\/et_pb_column][\/et_pb_row][\/et_pb_section][et_pb_section fb_built=&#8220;1&#8243; _builder_version=&#8220;4.9.3&#8243; _module_preset=&#8220;default&#8220;][et_pb_row _builder_version=&#8220;4.9.3&#8243; _module_preset=&#8220;default&#8220; custom_margin=&#8220;-35px|auto||auto||&#8220; custom_padding=&#8220;18px|||||&#8220;][et_pb_column type=&#8220;4_4&#8243; _builder_version=&#8220;4.9.3&#8243; _module_preset=&#8220;default&#8220;][et_pb_text _builder_version=&#8220;4.9.3&#8243; _module_preset=&#8220;default&#8220;]<\/p>\n<h4><strong>D\u00d4LE\u017dIT\u00c9 DOKUMENTY<\/strong><\/h4>\n<p>[\/et_pb_text][\/et_pb_column][\/et_pb_row][et_pb_row column_structure=&#8220;1_4,1_4,1_4,1_4&#8243; _builder_version=&#8220;4.9.3&#8243; _module_preset=&#8220;default&#8220; custom_margin=&#8220;-26px|auto||auto||&#8220; custom_padding=&#8220;4px||0px|||&#8220;][et_pb_column type=&#8220;1_4&#8243; _builder_version=&#8220;4.9.3&#8243; _module_preset=&#8220;default&#8220;][et_pb_text _builder_version=&#8220;4.9.3&#8243; _module_preset=&#8220;default&#8220;]<\/p>\n<p><strong><a href=\"http:\/\/wien-cz-sk.at\/wp-content\/uploads\/2022\/01\/Zapujcni-list.docx\" rel=\"attachment wp-att-335\">V\u00fdpo\u017ei\u010dn\u00fd list projektu digitalit\u00e1cie<\/a><\/strong><\/p>\n<p>[\/et_pb_text][\/et_pb_column][et_pb_column type=&#8220;1_4&#8243; _builder_version=&#8220;4.9.3&#8243; _module_preset=&#8220;default&#8220;][et_pb_text _builder_version=&#8220;4.9.3&#8243; _module_preset=&#8220;default&#8220;]<\/p>\n<p><strong><a href=\"http:\/\/wien-cz-sk.at\/wp-content\/uploads\/2022\/02\/Program-s-pisnemi.pdf\" rel=\"attachment wp-att-475\">Program s pies\u0148ami a notami Stephansdom 10.03.2022<\/a><\/strong><\/p>\n<p>[\/et_pb_text][\/et_pb_column][et_pb_column type=&#8220;1_4&#8243; _builder_version=&#8220;4.9.3&#8243; _module_preset=&#8220;default&#8220;][\/et_pb_column][et_pb_column type=&#8220;1_4&#8243; _builder_version=&#8220;4.9.3&#8243; _module_preset=&#8220;default&#8220;][\/et_pb_column][\/et_pb_row][et_pb_row _builder_version=&#8220;4.9.3&#8243; _module_preset=&#8220;default&#8220; custom_padding=&#8220;39px|||||&#8220;][et_pb_column type=&#8220;4_4&#8243; _builder_version=&#8220;4.9.3&#8243; _module_preset=&#8220;default&#8220;][et_pb_text _builder_version=&#8220;4.9.3&#8243; _module_preset=&#8220;default&#8220; custom_margin=&#8220;-22px|||||&#8220;]<\/p>\n<h4><strong>TLA\u010cOV\u00c9 SPR\u00c1VY<\/strong><\/h4>\n<p>[\/et_pb_text][\/et_pb_column][\/et_pb_row][et_pb_row column_structure=&#8220;1_4,1_4,1_4,1_4&#8243; _builder_version=&#8220;4.9.3&#8243; _module_preset=&#8220;default&#8220; custom_margin=&#8220;-22px|auto||auto||&#8220; custom_padding=&#8220;5px|||||&#8220;][et_pb_column type=&#8220;1_4&#8243; _builder_version=&#8220;4.9.3&#8243; _module_preset=&#8220;default&#8220;][et_pb_text _builder_version=&#8220;4.9.3&#8243; _module_preset=&#8220;default&#8220; hover_enabled=&#8220;0&#8243; sticky_enabled=&#8220;0&#8243;]<\/p>\n<p><a href=\"https:\/\/wien-cz-sk.at\/wp-content\/uploads\/2022\/05\/Popis-Prahy.docx\" rel=\"attachment wp-att-866\">Ze srdce V\u00eddn\u011b do srdce Prahy 26.-27.4.2022 (CZ)<\/a><\/p>\n<p>[\/et_pb_text][\/et_pb_column][et_pb_column type=&#8220;1_4&#8243; _builder_version=&#8220;4.9.3&#8243; _module_preset=&#8220;default&#8220;][et_pb_text _builder_version=&#8220;4.9.3&#8243; _module_preset=&#8220;default&#8220; hover_enabled=&#8220;0&#8243; sticky_enabled=&#8220;0&#8243;]<\/p>\n<p><a href=\"https:\/\/wien-cz-sk.at\/wp-content\/uploads\/2022\/05\/Popis-Prahy-DE.docx\" rel=\"attachment wp-att-867\"><span>Vom Herzen Wiens ins Herz von Prag<\/span>\u00a0<\/a><a href=\"https:\/\/wien-cz-sk.at\/wp-content\/uploads\/2022\/05\/Popis-Prahy.docx\" rel=\"attachment wp-att-866\">26.-27.4.2022 (<\/a><a href=\"https:\/\/wien-cz-sk.at\/wp-content\/uploads\/2022\/05\/Popis-Prahy-DE.docx\" rel=\"attachment wp-att-867\">DE)<\/a><\/p>\n<p>[\/et_pb_text][\/et_pb_column][et_pb_column type=&#8220;1_4&#8243; _builder_version=&#8220;4.9.3&#8243; _module_preset=&#8220;default&#8220;][et_pb_text _builder_version=&#8220;4.9.3&#8243; _module_preset=&#8220;default&#8220; hover_enabled=&#8220;0&#8243; sticky_enabled=&#8220;0&#8243;]<\/p>\n<p><a href=\"http:\/\/wien-cz-sk.at\/wp-content\/uploads\/2022\/02\/Jubilejni-rok-videnskych-Cechu-a-Slovaku-zahajen-upr.docx\">Jubilejn\u00fd rok viedensk\u00fdch \u010cechov a Slov\u00e1kov u\u017e za\u010dal 26.01.2022 (CZ)<\/a><\/p>\n<p>[\/et_pb_text][\/et_pb_column][et_pb_column type=&#8220;1_4&#8243; _builder_version=&#8220;4.9.3&#8243; _module_preset=&#8220;default&#8220;][et_pb_text _builder_version=&#8220;4.9.3&#8243; _module_preset=&#8220;default&#8220;]<\/p>\n<p><a href=\"http:\/\/wien-cz-sk.at\/wp-content\/uploads\/2022\/02\/Jubilejny-rok-viedenskych-Cechov-a-Slovakov-uz-zacal.docx\">Jubilejn\u00fd rok viedensk\u00fdch \u010cechov a Slov\u00e1kov u\u017e za\u010dal 26.01.2022<\/a><\/p>\n<p>[\/et_pb_text][\/et_pb_column][\/et_pb_row][et_pb_row _builder_version=&#8220;4.9.3&#8243; _module_preset=&#8220;default&#8220;][et_pb_column type=&#8220;4_4&#8243; _builder_version=&#8220;4.9.3&#8243; _module_preset=&#8220;default&#8220;][et_pb_text _builder_version=&#8220;4.9.3&#8243; _module_preset=&#8220;default&#8220; custom_margin=&#8220;2px|||||&#8220; custom_padding=&#8220;||1px|||&#8220;]<\/p>\n<h4><strong>LOGO<\/strong><\/h4>\n<p>[\/et_pb_text][et_pb_image src=&#8220;http:\/\/wien-cz-sk.at\/wp-content\/uploads\/2022\/01\/logo2022_velke-e1642768693216.png&#8220; title_text=&#8220;logo2022_velke&#8220; align=&#8220;center&#8220; _builder_version=&#8220;4.9.3&#8243; _module_preset=&#8220;default&#8220; custom_margin=&#8220;-32px|||||&#8220; custom_padding=&#8220;0px|||||&#8220;][\/et_pb_image][et_pb_image src=&#8220;http:\/\/wien-cz-sk.at\/wp-content\/uploads\/2022\/01\/cropped-logo_150let_nove2022.png&#8220; title_text=&#8220;cropped-logo_150let_nove2022.png&#8220; align=&#8220;center&#8220; _builder_version=&#8220;4.9.3&#8243; _module_preset=&#8220;default&#8220;][\/et_pb_image][\/et_pb_column][\/et_pb_row][\/et_pb_section]<\/p>","protected":false},"excerpt":{"rendered":"<p>[et_pb_section fb_built=&#8220;1&#8243; _builder_version=&#8220;4.9.3&#8243; _module_preset=&#8220;default&#8220; background_image=&#8220;http:\/\/wien-cz-sk.at\/wp-content\/uploads\/2022\/01\/background.png&#8220;][et_pb_row _builder_version=&#8220;4.9.3&#8243; _module_preset=&#8220;default&#8220;][et_pb_column type=&#8220;4_4&#8243; _builder_version=&#8220;4.9.3&#8243; _module_preset=&#8220;default&#8220;][et_pb_text _builder_version=&#8220;4.9.3&#8243; _module_preset=&#8220;default&#8220; background_layout=&#8220;dark&#8220;] DOKUMENTY KE STA\u017dEN\u00cd [\/et_pb_text][\/et_pb_column][\/et_pb_row][\/et_pb_section][et_pb_section fb_built=&#8220;1&#8243; _builder_version=&#8220;4.9.3&#8243; _module_preset=&#8220;default&#8220;][et_pb_row _builder_version=&#8220;4.9.3&#8243; _module_preset=&#8220;default&#8220; custom_margin=&#8220;-35px|auto||auto||&#8220; custom_padding=&#8220;18px|||||&#8220;][et_pb_column type=&#8220;4_4&#8243; _builder_version=&#8220;4.9.3&#8243; _module_preset=&#8220;default&#8220;][et_pb_text _builder_version=&#8220;4.9.3&#8243; _module_preset=&#8220;default&#8220;] D\u016eLE\u017dIT\u00c9 [&hellip;]<\/p>","protected":false},"author":1,"featured_media":0,"parent":0,"menu_order":0,"comment_status":"closed","ping_status":"closed","template":"","meta":{"_et_pb_use_builder":"on","_et_pb_old_content":"","_et_gb_content_width":"","om_disable_all_campaigns":false,"_mi_skip_tracking":false},"aioseo_notices":[],"_links":{"self":[{"href":"https:\/\/wien-cz-sk.at\/sk\/wp-json\/wp\/v2\/pages\/328"}],"collection":[{"href":"https:\/\/wien-cz-sk.at\/sk\/wp-json\/wp\/v2\/pages"}],"about":[{"href":"https:\/\/wien-cz-sk.at\/sk\/wp-json\/wp\/v2\/types\/page"}],"author":[{"embeddable":true,"href":"https:\/\/wien-cz-sk.at\/sk\/wp-json\/wp\/v2\/users\/1"}],"replies":[{"embeddable":true,"href":"https:\/\/wien-cz-sk.at\/sk\/wp-json\/wp\/v2\/comments?post=328"}],"version-history":[{"count":12,"href":"https:\/\/wien-cz-sk.at\/sk\/wp-json\/wp\/v2\/pages\/328\/revisions"}],"predecessor-version":[{"id":869,"href":"https:\/\/wien-cz-sk.at\/sk\/wp-json\/wp\/v2\/pages\/328\/revisions\/869"}],"wp:attachment":[{"href":"https:\/\/wien-cz-sk.at\/sk\/wp-json\/wp\/v2\/media?parent=328"}],"curies":[{"name":"wp","href":"https:\/\/api.w.org\/{rel}","templated":true}]}}