{"id":352,"date":"2022-01-23T16:16:40","date_gmt":"2022-01-23T16:16:40","guid":{"rendered":"http:\/\/wien-cz-sk.at\/?page_id=352"},"modified":"2022-03-29T20:19:37","modified_gmt":"2022-03-29T20:19:37","slug":"recital-cimbalistky-lenky-blahove-a-jejich-hostu","status":"publish","type":"page","link":"https:\/\/wien-cz-sk.at\/sk\/recital-cimbalistky-lenky-blahove-a-jejich-hostu","title":{"rendered":"Recit\u00e1l cimbalistky Lenky Blahovej a jej host\u00ed"},"content":{"rendered":"<p>[et_pb_section fb_built=&#8220;1&#8243; _builder_version=&#8220;4.9.3&#8243; _module_preset=&#8220;default&#8220; background_image=&#8220;http:\/\/wien-cz-sk.at\/wp-content\/uploads\/2022\/01\/background.png&#8220; custom_padding=&#8220;||0px|||&#8220;][et_pb_row _builder_version=&#8220;4.9.3&#8243; _module_preset=&#8220;default&#8220; custom_padding=&#8220;0px|||||&#8220;][et_pb_column type=&#8220;4_4&#8243; _builder_version=&#8220;4.9.3&#8243; _module_preset=&#8220;default&#8220;][et_pb_text _builder_version=&#8220;4.9.3&#8243; _module_preset=&#8220;default&#8220; background_layout=&#8220;dark&#8220;]<\/p>\n<h1 style=\"text-align: center;\"><strong>RECIT\u00c1L CIMBALISTKY LENKY BL\u00c1HOVEJ A JEJ HOST\u00cd<\/strong><strong><\/strong><\/h1>\n<p>[\/et_pb_text][\/et_pb_column][\/et_pb_row][et_pb_row _builder_version=&#8220;4.9.3&#8243; _module_preset=&#8220;default&#8220;][et_pb_column type=&#8220;4_4&#8243; _builder_version=&#8220;4.9.3&#8243; _module_preset=&#8220;default&#8220;][et_pb_text _builder_version=&#8220;4.9.3&#8243; _module_preset=&#8220;default&#8220; background_layout=&#8220;dark&#8220;]<\/p>\n<h3 style=\"text-align: center;\"><strong>5. marca 2022\u00a0<\/strong><\/h3>\n<p>[\/et_pb_text][\/et_pb_column][\/et_pb_row][\/et_pb_section][et_pb_section fb_built=&#8220;1&#8243; _builder_version=&#8220;4.9.3&#8243; _module_preset=&#8220;default&#8220; custom_padding=&#8220;25px|||||&#8220;][et_pb_row _builder_version=&#8220;4.9.3&#8243; _module_preset=&#8220;default&#8220; custom_padding=&#8220;0px|||||&#8220;][et_pb_column type=&#8220;4_4&#8243; _builder_version=&#8220;4.9.3&#8243; _module_preset=&#8220;default&#8220;][et_pb_text _builder_version=&#8220;4.9.3&#8243; _module_preset=&#8220;default&#8220;]<\/p>\n<h3 style=\"text-align: center;\"><strong>Usporiadate\u013e<\/strong><\/h3>\n<h5 style=\"text-align: center;\"><strong><\/strong><span>Tane\u010dn\u00fd, hudobn\u00fd a jazykov\u00fd spolok Marj\u00e1nka<\/span><\/h5>\n<p>[\/et_pb_text][\/et_pb_column][\/et_pb_row][et_pb_row column_structure=&#8220;1_3,2_3&#8243; _builder_version=&#8220;4.9.3&#8243; _module_preset=&#8220;default&#8220; width=&#8220;78.9%&#8220; custom_margin=&#8220;-24px|auto||auto||&#8220;][et_pb_column type=&#8220;1_3&#8243; _builder_version=&#8220;4.9.3&#8243; _module_preset=&#8220;default&#8220;][et_pb_text _builder_version=&#8220;4.9.3&#8243; _module_preset=&#8220;default&#8220;]<\/p>\n<h3 class=\"wnd-align-right\" id=\"wnd_TextBlock_483074_inner_0\" data-wnd_is_separable=\"1\" data-wnd_separable_index=\"0\" data-wnd_separable_id=\"wnd_TextBlock_483074\"><strong>MIESTO KONANIA<\/strong><\/h3>\n<div class=\"wnd-align-right\"><span>Drachengasse 3, <\/span><\/div>\n<div class=\"wnd-align-right\"><span>1010 Wien<\/span><\/div>\n<h3 class=\"wnd-align-right\" id=\"wnd_TextBlock_483074_inner_2\" data-wnd_is_separable=\"1\" data-wnd_separable_index=\"2\" data-wnd_separable_id=\"wnd_TextBlock_483074\"><span class=\"wnd-font-size-70\"><strong>D\u00c1TUM<\/strong><\/span><\/h3>\n<p class=\"wnd-align-right\" id=\"wnd_TextBlock_483074_inner_3\" data-wnd_is_separable=\"1\" data-wnd_separable_index=\"3\" data-wnd_separable_id=\"wnd_TextBlock_483074\">05. 03. 2022<\/p>\n<p class=\"wnd-align-right\" data-wnd_is_separable=\"1\" data-wnd_separable_index=\"3\" data-wnd_separable_id=\"wnd_TextBlock_483074\">(OBSADEN\u00c9)<\/p>\n<h3 class=\"wnd-align-right\" id=\"wnd_TextBlock_483074_inner_4\" data-wnd_is_separable=\"1\" data-wnd_separable_index=\"4\" data-wnd_separable_id=\"wnd_TextBlock_483074\"><span><strong>ZA\u010cIATOK\u00a0<\/strong><\/span><\/h3>\n<p class=\"wnd-align-right\" id=\"wnd_TextBlock_483074_inner_5\" data-wnd_is_separable=\"1\" data-wnd_separable_index=\"5\" data-wnd_separable_id=\"wnd_TextBlock_483074\">18:00 hod<\/p>\n<h3 class=\"wnd-align-right\" data-wnd_is_separable=\"1\" data-wnd_separable_index=\"11\" data-wnd_separable_id=\"wnd_TextBlock_483074\"><strong>HOSTIA<\/strong><\/h3>\n<p>Lenka Blahov\u00e1<\/p>\n<p>Eckhard M\u00fctzner<\/p>\n<p>Monika Caudr<\/p>\n<h3 class=\"wnd-align-right\" data-wnd_is_separable=\"1\" data-wnd_separable_index=\"11\" data-wnd_separable_id=\"wnd_TextBlock_483074\"><strong>PARTNERI<\/strong><\/h3>\n<p><img decoding=\"async\" loading=\"lazy\" src=\"http:\/\/wien-cz-sk.at\/wp-content\/uploads\/2022\/02\/marjanka-300x181.png\" width=\"232\" height=\"140\" alt=\"\" class=\"wp-image-499 alignnone size-medium\" srcset=\"https:\/\/wien-cz-sk.at\/wp-content\/uploads\/2022\/02\/marjanka-300x181.png 300w, https:\/\/wien-cz-sk.at\/wp-content\/uploads\/2022\/02\/marjanka-18x12.png 18w, https:\/\/wien-cz-sk.at\/wp-content\/uploads\/2022\/02\/marjanka.png 452w\" sizes=\"(max-width: 232px) 100vw, 232px\" \/><\/p>\n<p>[\/et_pb_text][\/et_pb_column][et_pb_column type=&#8220;2_3&#8243; _builder_version=&#8220;4.9.3&#8243; _module_preset=&#8220;default&#8220;][et_pb_image src=&#8220;http:\/\/wien-cz-sk.at\/wp-content\/uploads\/2022\/02\/thumbnail_Plakat2.png&#8220; title_text=&#8220;thumbnail_Plakat2&#8243; src_tablet=&#8220;&#8220; src_phone=&#8220;&#8220; src_last_edited=&#8220;on|phone&#8220; _builder_version=&#8220;4.9.3&#8243; _module_preset=&#8220;default&#8220; custom_margin=&#8220;-5px|||||&#8220; custom_padding=&#8220;8px|||||&#8220;][\/et_pb_image][\/et_pb_column][\/et_pb_row][et_pb_row column_structure=&#8220;1_3,2_3&#8243; _builder_version=&#8220;4.9.3&#8243; _module_preset=&#8220;default&#8220;][et_pb_column type=&#8220;1_3&#8243; _builder_version=&#8220;4.9.3&#8243; _module_preset=&#8220;default&#8220;][\/et_pb_column][et_pb_column type=&#8220;2_3&#8243; _builder_version=&#8220;4.9.3&#8243; _module_preset=&#8220;default&#8220;][et_pb_text _builder_version=&#8220;4.9.3&#8243; _module_preset=&#8220;default&#8220;]<\/p>\n<h3 class=\"story-lead-headline\"><strong>Recit\u00e1l Lenky Blahovej | \u201eV cimbalovke vznikaj\u00fa priate\u013estv\u00e1 na cel\u00fd \u017eivot\u201c<\/strong><\/h3>\n<p class=\"story-lead-text\"><strong>\u010cesko-slovensk\u00fd folkl\u00f3rny s\u00fabor Marj\u00e1nka za\u010diatkom marca pozval na recit\u00e1l hudobn\u00ed\u010dky Lenky Blahovej. Z p\u00f3dia v Slovanskej besede v Drachengasse sa linuli prekr\u00e1sne mel\u00f3die, a to nielen cimbalovej hudby.<\/strong><\/p>\n<p>\u010ealej sa o nezabudnute\u013en\u00fd kult\u00farny z\u00e1\u017eitok postarali ako mal\u00ed, tak aj ve\u013ek\u00ed z Marj\u00e1nky. Medzi hos\u0165ami ve\u010dera sa objavili aj tak\u00e9 men\u00e1 ako napr\u00edklad Eckhard M\u00fctzner, Franti\u0161ek J\u00e1no\u0161ka alebo Libor Meisl.<\/p>\n<p>Do tohto hudobn\u00e9ho n\u00e1stroja sa zamilovala u\u017e v detstve na Vala\u0161sku. Jej v\u00e1\u0161e\u0148 priviedla Lenku Blahov\u00fa a\u017e k \u0161t\u00fadiu hry na cimbal na univerzite v Budape\u0161ti. Aby jej vo Viedni nech\u00fdbal domov, za\u010dala hra\u0165 v Marj\u00e1nke.<\/p>\n<p>\u201eTo sme my. T\u00e1 \u013eudov\u00e1 hudba, to je nie\u010do na\u0161e a ke\u010f si vo Viedni \u010dlovek m\u00f4\u017ee zaspieva\u0165 pesni\u010dku V\u00edne\u010dko b\u00edl\u00e9 alebo ak\u00fako\u013evek in\u00fa, tak je to jedno, \u010di je to Viede\u0148, Praha, Budape\u0161\u0165 \u2013 je to skr\u00e1tka n\u00e1\u0161 domov, druh\u00fd domov,\u201c rozpr\u00e1va do mikrof\u00f3nu R\u00e1dia Dr\u00e1\u0165\u00e1k Lenka Blahov\u00e1.<\/p>\n<p>V septembri minul\u00e9ho roka sa Lenke splnil jeden ve\u013ek\u00fd sen: spolo\u010dne s Marj\u00e1nkou zalo\u017eila vo Viedni prv\u00fa detsk\u00fa cimbalov\u00fa muziku. Cimbalovka jej pripom\u00edna detstvo. Na\u0161la si tam svojich prv\u00fdch skuto\u010dn\u00fdch priate\u013eov, s ktor\u00fdmi je v kontakte dodnes.<\/p>\n<p>\u201eJa d\u00fafam, \u017ee sa deti tie\u017e bud\u00fa ma\u0165 rady a \u017ee pri tom zostan\u00fa a napr\u00edklad za desa\u0165, dvadsa\u0165 rokov ich rozdelia in\u00e9 cesty, univerzity, at\u010f., ale potom sa mo\u017eno stretn\u00fa priamo tu v Hoteli Po\u0161ta a zahraj\u00fa si niektor\u00fa z \u013eudov\u00fdch pesni\u010diek , tak to by bolo \u00fa\u017easn\u00e9. V cimbalovke vznikaj\u00fa priate\u013estv\u00e1 na cel\u00fd \u017eivot,\u201c dod\u00e1va na koniec rozhovoru mimoriadna hudobn\u00ed\u010dka nielen \u010deskej a slovenskej Viedne Lenka Blahov\u00e1.<\/p>\n<p>Ak ste recit\u00e1l nestihli, v dne\u0161nom Dr\u00e1\u0165\u00e1ku budete po\u010du\u0165 kr\u00e1tke hudobn\u00e9 uk\u00e1\u017eky z ve\u010dera a tie\u017e rozhovory ako s \u010dlenkami a \u010dlenmi Marj\u00e1nky, tak aj s jej hos\u0165ami.<\/p>\n<p>Autorka textu: Pavla Ra\u0161nerov\u00e1 ORF Volksgruppen<\/p>\n<p>Zdroj: <a href=\"https:\/\/volksgruppen.orf.at\/cesi\/radiotelevize\/stories\/3147618\/?fbclid=IwAR1eUr5fIRnN7qlRJcRslpuyCUyXJWURFp4fTkuyoXGcBdCVvvMI-iENh_E\">https:\/\/volksgruppen.orf.at\/cesi\/radiotelevize\/stories\/3147618\/?fbclid=IwAR1eUr5fIRnN7qlRJcRslpuyCUyXJWURFp4fTkuyoXGcBdCVvvMI-iENh_E<\/a><\/p>\n<p>[\/et_pb_text][\/et_pb_column][\/et_pb_row][et_pb_row _builder_version=&#8220;4.9.3&#8243; _module_preset=&#8220;default&#8220;][et_pb_column _builder_version=&#8220;4.9.3&#8243; _module_preset=&#8220;default&#8220; type=&#8220;4_4&#8243;][et_pb_text _builder_version=&#8220;4.9.3&#8243; _module_preset=&#8220;default&#8220; hover_enabled=&#8220;0&#8243; sticky_enabled=&#8220;0&#8243;]<\/p>\n<h3><strong>FOTOGAL\u00c9RIA<\/strong><\/h3>\n<p>[\/et_pb_text][\/et_pb_column][\/et_pb_row][et_pb_row _builder_version=&#8220;4.9.3&#8243; _module_preset=&#8220;default&#8220;][et_pb_column _builder_version=&#8220;4.9.3&#8243; _module_preset=&#8220;default&#8220; type=&#8220;4_4&#8243;][et_pb_gallery _builder_version=&#8220;4.9.3&#8243; _module_preset=&#8220;default&#8220; gallery_ids=&#8220;699,700,701,702,703,704,705,706,707,708,709,710,711,712,713,714,715,716,717,718,719,720,721,722,723,724,725,726,727,728,729,730,731,732,733&#8243; show_title_and_caption=&#8220;off&#8220; hover_enabled=&#8220;0&#8243; sticky_enabled=&#8220;0&#8243;][\/et_pb_gallery][\/et_pb_column][\/et_pb_row][\/et_pb_section]<\/p>","protected":false},"excerpt":{"rendered":"<p>[et_pb_section fb_built=&#8220;1&#8243; _builder_version=&#8220;4.9.3&#8243; _module_preset=&#8220;default&#8220; background_image=&#8220;http:\/\/wien-cz-sk.at\/wp-content\/uploads\/2022\/01\/background.png&#8220; custom_padding=&#8220;||0px|||&#8220;][et_pb_row _builder_version=&#8220;4.9.3&#8243; _module_preset=&#8220;default&#8220; custom_padding=&#8220;0px|||||&#8220;][et_pb_column type=&#8220;4_4&#8243; _builder_version=&#8220;4.9.3&#8243; _module_preset=&#8220;default&#8220;][et_pb_text _builder_version=&#8220;4.9.3&#8243; _module_preset=&#8220;default&#8220; background_layout=&#8220;dark&#8220;] RECIT\u00c1L CIMBALISTKY LENKY BL\u00c1HOV\u00c9 A JEJ\u00cdCH HOST\u016e [\/et_pb_text][\/et_pb_column][\/et_pb_row][et_pb_row _builder_version=&#8220;4.9.3&#8243; _module_preset=&#8220;default&#8220;][et_pb_column type=&#8220;4_4&#8243; _builder_version=&#8220;4.9.3&#8243; _module_preset=&#8220;default&#8220;][et_pb_text _builder_version=&#8220;4.9.3&#8243; _module_preset=&#8220;default&#8220; [&hellip;]<\/p>","protected":false},"author":1,"featured_media":0,"parent":0,"menu_order":0,"comment_status":"closed","ping_status":"closed","template":"","meta":{"_et_pb_use_builder":"on","_et_pb_old_content":"<!-- wp:divi\/placeholder \/-->","_et_gb_content_width":"","om_disable_all_campaigns":false,"_mi_skip_tracking":false},"aioseo_notices":[],"_links":{"self":[{"href":"https:\/\/wien-cz-sk.at\/sk\/wp-json\/wp\/v2\/pages\/352"}],"collection":[{"href":"https:\/\/wien-cz-sk.at\/sk\/wp-json\/wp\/v2\/pages"}],"about":[{"href":"https:\/\/wien-cz-sk.at\/sk\/wp-json\/wp\/v2\/types\/page"}],"author":[{"embeddable":true,"href":"https:\/\/wien-cz-sk.at\/sk\/wp-json\/wp\/v2\/users\/1"}],"replies":[{"embeddable":true,"href":"https:\/\/wien-cz-sk.at\/sk\/wp-json\/wp\/v2\/comments?post=352"}],"version-history":[{"count":9,"href":"https:\/\/wien-cz-sk.at\/sk\/wp-json\/wp\/v2\/pages\/352\/revisions"}],"predecessor-version":[{"id":734,"href":"https:\/\/wien-cz-sk.at\/sk\/wp-json\/wp\/v2\/pages\/352\/revisions\/734"}],"wp:attachment":[{"href":"https:\/\/wien-cz-sk.at\/sk\/wp-json\/wp\/v2\/media?parent=352"}],"curies":[{"name":"wp","href":"https:\/\/api.w.org\/{rel}","templated":true}]}}