{"id":389,"date":"2022-01-31T11:52:35","date_gmt":"2022-01-31T11:52:35","guid":{"rendered":"http:\/\/wien-cz-sk.at\/?page_id=389"},"modified":"2022-02-03T11:23:26","modified_gmt":"2022-02-03T11:23:26","slug":"slavnostni-zahajeni","status":"publish","type":"page","link":"https:\/\/wien-cz-sk.at\/sk\/slavnostni-zahajeni","title":{"rendered":"Slavnostn\u00ed zah\u00e1jen\u00ed"},"content":{"rendered":"<p>[et_pb_section fb_built=&#8220;1&#8243; _builder_version=&#8220;4.9.3&#8243; _module_preset=&#8220;default&#8220; background_image=&#8220;http:\/\/wien-cz-sk.at\/wp-content\/uploads\/2022\/01\/background.png&#8220; custom_padding=&#8220;||0px|||&#8220;][et_pb_row _builder_version=&#8220;4.9.3&#8243; _module_preset=&#8220;default&#8220; custom_padding=&#8220;0px|||||&#8220;][et_pb_column type=&#8220;4_4&#8243; _builder_version=&#8220;4.9.3&#8243; _module_preset=&#8220;default&#8220;][et_pb_text _builder_version=&#8220;4.9.3&#8243; _module_preset=&#8220;default&#8220; background_layout=&#8220;dark&#8220;]<\/p>\n<h1 style=\"text-align: center;\"><strong>SL\u00c1VNOSTN\u00c9 ZA\u010cATIE ROKA VIEDENSK\u00ddCH \u010cECHOV A SLOV\u00c1KOV<\/strong><\/h1>\n<p>[\/et_pb_text][\/et_pb_column][\/et_pb_row][et_pb_row _builder_version=&#8220;4.9.3&#8243; _module_preset=&#8220;default&#8220;][et_pb_column type=&#8220;4_4&#8243; _builder_version=&#8220;4.9.3&#8243; _module_preset=&#8220;default&#8220;][et_pb_text _builder_version=&#8220;4.9.3&#8243; _module_preset=&#8220;default&#8220; background_layout=&#8220;dark&#8220;]<\/p>\n<h3 style=\"text-align: center;\"><strong>26. janu\u00e1ra 2022\u00a0<\/strong><\/h3>\n<p>[\/et_pb_text][\/et_pb_column][\/et_pb_row][\/et_pb_section][et_pb_section fb_built=&#8220;1&#8243; _builder_version=&#8220;4.9.3&#8243; _module_preset=&#8220;default&#8220; custom_padding=&#8220;25px|||||&#8220;][et_pb_row _builder_version=&#8220;4.9.3&#8243; _module_preset=&#8220;default&#8220; custom_padding=&#8220;0px|||||&#8220;][et_pb_column type=&#8220;4_4&#8243; _builder_version=&#8220;4.9.3&#8243; _module_preset=&#8220;default&#8220;][et_pb_text _builder_version=&#8220;4.9.3&#8243; _module_preset=&#8220;default&#8220;]<\/p>\n<h3 style=\"text-align: center;\"><strong>Z\u00e1\u0161tita<\/strong><\/h3>\n<h5 style=\"text-align: center;\">Dr. Michael Ludwig, starosta a hajtman Viedne<\/h5>\n<p>[\/et_pb_text][\/et_pb_column][\/et_pb_row][et_pb_row column_structure=&#8220;1_3,2_3&#8243; _builder_version=&#8220;4.9.3&#8243; _module_preset=&#8220;default&#8220; width=&#8220;78.9%&#8220; custom_margin=&#8220;-24px|auto||auto||&#8220;][et_pb_column type=&#8220;1_3&#8243; _builder_version=&#8220;4.9.3&#8243; _module_preset=&#8220;default&#8220;][et_pb_text _builder_version=&#8220;4.9.3&#8243; _module_preset=&#8220;default&#8220;]<\/p>\n<h3 id=\"wnd_TextBlock_483074_inner_0\" class=\"wnd-align-right\" data-wnd_is_separable=\"1\" data-wnd_separable_index=\"0\" data-wnd_separable_id=\"wnd_TextBlock_483074\"><strong>MIESTO KONANIA<\/strong><\/h3>\n<div class=\"wnd-align-right\">Ve\u013ek\u00e1 klubov\u0148a \u0160SK<\/div>\n<div class=\"wnd-align-right\">Sebastianplatz 3<\/div>\n<div class=\"wnd-align-right\">1030 Wien<\/div>\n<h3 id=\"wnd_TextBlock_483074_inner_2\" class=\"wnd-align-right\" data-wnd_is_separable=\"1\" data-wnd_separable_index=\"2\" data-wnd_separable_id=\"wnd_TextBlock_483074\"><span class=\"wnd-font-size-70\"><strong>D\u00c1TUM<\/strong><\/span><\/h3>\n<p id=\"wnd_TextBlock_483074_inner_3\" class=\"wnd-align-right\" data-wnd_is_separable=\"1\" data-wnd_separable_index=\"3\" data-wnd_separable_id=\"wnd_TextBlock_483074\">26. 01. 2022<\/p>\n<h3 id=\"wnd_TextBlock_483074_inner_4\" class=\"wnd-align-right\" data-wnd_is_separable=\"1\" data-wnd_separable_index=\"4\" data-wnd_separable_id=\"wnd_TextBlock_483074\"><strong>ZA\u010cIATOK\u00a0<\/strong><\/h3>\n<p id=\"wnd_TextBlock_483074_inner_5\" class=\"wnd-align-right\" data-wnd_is_separable=\"1\" data-wnd_separable_index=\"5\" data-wnd_separable_id=\"wnd_TextBlock_483074\">17:00 hod<\/p>\n<h3 class=\"wnd-align-right\" data-wnd_is_separable=\"1\" data-wnd_separable_index=\"11\" data-wnd_separable_id=\"wnd_TextBlock_483074\"><strong>RE\u010cN\u00cdCI<\/strong><\/h3>\n<p>Ing. Karel Hanzl<\/p>\n<p>Mag. Pavel Rodt<\/p>\n<p>Dipl. Ing. Vlado Mlyn\u00e1r<\/p>\n<p>Jarom\u00edr \u0160l\u00e1pota<\/p>\n<p>Dr. phil. Jakub Nov\u00e1k<\/p>\n<p>Martin Pangr\u00e1c<\/p>\n<h3 class=\"wnd-align-right\" data-wnd_is_separable=\"1\" data-wnd_separable_index=\"11\" data-wnd_separable_id=\"wnd_TextBlock_483074\"><strong>PARTNERI<\/strong><\/h3>\n<p><strong><img decoding=\"async\" loading=\"lazy\" class=\"wp-image-13 alignnone size-medium\" src=\"http:\/\/wien-cz-sk.at\/wp-content\/uploads\/2022\/01\/cropped-logo_150let_nove2022-300x137.png\" alt=\"\" width=\"241\" height=\"110\" srcset=\"https:\/\/wien-cz-sk.at\/wp-content\/uploads\/2022\/01\/cropped-logo_150let_nove2022-300x137.png 300w, https:\/\/wien-cz-sk.at\/wp-content\/uploads\/2022\/01\/cropped-logo_150let_nove2022-517x235.png 517w, https:\/\/wien-cz-sk.at\/wp-content\/uploads\/2022\/01\/cropped-logo_150let_nove2022.png 671w\" sizes=\"(max-width: 241px) 100vw, 241px\" \/><\/strong><\/p>\n<p>[\/et_pb_text][\/et_pb_column][et_pb_column type=&#8220;2_3&#8243; _builder_version=&#8220;4.9.3&#8243; _module_preset=&#8220;default&#8220;][et_pb_video src=&#8220;https:\/\/youtu.be\/dV2M0Ot0CEc&#8220; image_src=&#8220;http:\/\/wien-cz-sk.at\/wp-content\/uploads\/2022\/02\/20220126_171423-scaled.jpg&#8220; use_icon_font_size=&#8220;on&#8220; icon_font_size=&#8220;47px&#8220; _builder_version=&#8220;4.9.3&#8243; _module_preset=&#8220;default&#8220;][\/et_pb_video][et_pb_text _builder_version=&#8220;4.9.3&#8243; _module_preset=&#8220;default&#8220; custom_margin=&#8220;-4px|||||&#8220; hover_enabled=&#8220;0&#8243; sticky_enabled=&#8220;0&#8243;]<\/p>\n<h3>Jubilejn\u00fd rok viedensk\u00fdch \u010cechov a Slov\u00e1kov u\u017e za\u010dal!<\/h3>\n<p>V stredu 26.1. sa konali dve sl\u00e1vnosti z\u00e1rove\u0148: \u0160kolsk\u00fd spolok Komensk\u00fd osl\u00e1vil na de\u0148 presne 150. v\u00fdro\u010die svojho zalo\u017eenia a z\u00e1rove\u0148 sa za\u010dal Jubilejn\u00fd rok viedensk\u00fdch \u010cechov a Slov\u00e1kov.<\/p>\n<p>Stretnutie za \u00fa\u010dasti predstavite\u013eov spolkov, \u0161k\u00f4l, m\u00e9di\u00ed, \u010desk\u00e9ho i slovensk\u00e9ho ve\u013evyslanectva sa konalo v \u010deskej \u0161kole na Sebastianplatz, \u010do s\u00favis\u00ed aj s t\u00fdm, \u017ee \u0160kolsk\u00fd spolok poskytuje jubilejn\u00e9mu roku organiza\u010dn\u00e9 z\u00e1zemie. V priebehu roka sa bud\u00fa kona\u0165 akcie od \u0161portov\u00fdch a \u0161kolsk\u00fdch cez n\u00e1bo\u017eensk\u00e9 a\u017e po kult\u00farne a spolo\u010densk\u00e9. Z\u00e1klad jubilejn\u00e9ho roku tvor\u00ed sedem hlavn\u00fdch podujat\u00ed, na ktor\u00fdch sa z\u00fa\u010dastn\u00ed nieko\u013eko sto viedensk\u00fdch \u010cechov a Slov\u00e1kov. Ako pri otvoren\u00ed zd\u00f4raznil Karel Hanzl, rok 2022 vytv\u00e1ra jedine\u010dn\u00fa pr\u00edle\u017eitos\u0165 prezentova\u0165 viedensk\u00fdch \u010cechov a Slov\u00e1kov ako po\u010detn\u00fa a pestr\u00fa komunitu, ktor\u00e1 je schopn\u00e1 organizova\u0165 hodnotn\u00e9 akcie na prominentn\u00fdch miestach.<\/p>\n<p>V\u0161etky spolky a organiz\u00e1tori sa m\u00f4\u017eu kedyko\u013evek obr\u00e1ti\u0165 na organiza\u010dn\u00fd t\u00edm \u0160SK a svoju akciu do jubilejn\u00e9ho roka prihl\u00e1si\u0165 (v t\u00fdchto min\u00fatach pr\u00e1ve pribudla letn\u00e1 sl\u00e1vnos\u0165 na z\u00e1ver \u0161kolsk\u00e9ho roka). Najd\u00f4le\u017eitej\u0161ou podmienkou je, aby akcia prezentovala \u010desk\u00fa\/slovensk\u00fa komunitu a v najlep\u0161om pr\u00edpade komunikovala smerom k rak\u00faskej verejnosti. Organizuj\u00face spolky m\u00f4\u017eu vyu\u017ei\u0165 pomoc s propag\u00e1ciou a organizovan\u00edm protiepidemiologick\u00fdch opatren\u00ed, medi\u00e1lni partneri bud\u00fa priebe\u017ene informova\u0165 o akci\u00e1ch a projektoch.<\/p>\n<p>Jedinou udalos\u0165ou, ktor\u00e1 sa nebude kona\u0165 vo Viedni, je ekumenick\u00e1 bohoslu\u017eba v chr\u00e1me sv\u00e4t\u00e9ho V\u00edta v Prahe 27. apr\u00edla. Pre \u017eiakov Komensk\u00e9ho \u0161k\u00f4l, sprievodn\u00e9 osoby pre \u017eiakov materskej a obecnej \u0161koly a pre u\u010dite\u013eov je t\u00e1to akcia zadarmo, ostatn\u00ed bud\u00fa hradi\u0165 organiza\u010dn\u00fd pr\u00edspevok vo v\u00fd\u0161ke 125 eur na osobu, po\u010det miest je obmedzen\u00fd.<\/p>\n<p>Ka\u017ed\u00fdm d\u0148om prib\u00fadaj\u00fa inform\u00e1cie; n\u00e1jdete ich na www.wien-cz-sk.at v troch jazykov\u00fdch mut\u00e1ci\u00e1ch. V neposlednom rade upozor\u0148ujeme firmy na pr\u00edle\u017eitos\u0165 prezentova\u0165 sa na v\u0161etk\u00fdch akci\u00e1ch aj v sprievodn\u00fdch medi\u00e1lnych v\u00fdstupoch; inform\u00e1cie o sponzorskom bal\u00ed\u010dku poskytuje organiza\u010dn\u00fd t\u00edm.\n\nInform\u00e1cie a kontakt: wien-cz-sk.at<\/p>\n<p>Hlavn\u00e9 akcie bud\u00fa medi\u00e1lne najviac sledovan\u00e9. \u010cesk\u00e9 aj slovensk\u00e9 spolky sa dok\u00e1\u017eu na verejnosti p\u00f4sobivo prezentova\u0165; bolo by vynikaj\u00face, keby vlajkonosi\u010di a vlajkonosi\u010dky mohli sprev\u00e1dza\u0165 najd\u00f4le\u017eitej\u0161ie akcie jubilejn\u00e9ho roka. S organiz\u00e1ciou a technick\u00fdmi z\u00e1le\u017eitos\u0165ami radi pom\u00f4\u017eeme. Vyz\u00fdvame spolky, ktor\u00e9 by sa mohli z\u00fa\u010dastni\u0165 s vlajkami, aby n\u00e1s kontaktovali: wien-cz-sk.at\/kontakt<\/p>\n<p>M\u00e1te z\u00e1ujem z\u00fa\u010dastni\u0165 sa niektor\u00fdch z akci\u00ed ako publikum? Na sedem hlavn\u00fdch akci\u00ed je potrebn\u00e9 prihl\u00e1si\u0165 sa vopred; po\u010det miest pre n\u00e1v\u0161tevn\u00edkov je obmedzen\u00fd. Pokia\u013e sa chcete z\u00fa\u010dastni\u0165 napr\u00edklad bohoslu\u017eby vo Viedni \u010di v Prahe, nap\u00ed\u0161te n\u00e1m pros\u00edm na: wien-cz-sk.at\/kontakt<\/p>\n<p>Zoznam akci\u00ed v r\u00e1mci jubilejn\u00e9ho roka bude priebe\u017ene dop\u013a\u0148an\u00fd o hodnotn\u00e9 akcie, ktor\u00e9 spolky \u010di organiz\u00e1tori ozn\u00e1mia organiza\u010dn\u00e9mu t\u00edmu.<\/p>\n<p>[\/et_pb_text][\/et_pb_column][\/et_pb_row][et_pb_row _builder_version=&#8220;4.9.3&#8243; _module_preset=&#8220;default&#8220;][et_pb_column type=&#8220;4_4&#8243; _builder_version=&#8220;4.9.3&#8243; _module_preset=&#8220;default&#8220;][et_pb_gallery gallery_ids=&#8220;385,384,413,412&#8243; _builder_version=&#8220;4.9.3&#8243; _module_preset=&#8220;default&#8220; title_text_color=&#8220;RGBA(0,0,0,0)&#8220; custom_padding=&#8220;||0px|||&#8220;][\/et_pb_gallery][\/et_pb_column][\/et_pb_row][\/et_pb_section]<\/p>","protected":false},"excerpt":{"rendered":"<p>[et_pb_section fb_built=&#8220;1&#8243; _builder_version=&#8220;4.9.3&#8243; _module_preset=&#8220;default&#8220; background_image=&#8220;http:\/\/wien-cz-sk.at\/wp-content\/uploads\/2022\/01\/background.png&#8220; custom_padding=&#8220;||0px|||&#8220;][et_pb_row _builder_version=&#8220;4.9.3&#8243; _module_preset=&#8220;default&#8220; custom_padding=&#8220;0px|||||&#8220;][et_pb_column type=&#8220;4_4&#8243; _builder_version=&#8220;4.9.3&#8243; _module_preset=&#8220;default&#8220;][et_pb_text _builder_version=&#8220;4.9.3&#8243; _module_preset=&#8220;default&#8220; background_layout=&#8220;dark&#8220;] SLAVNOSTN\u00cd ZAH\u00c1JEN\u00cd ROKU V\u00cdDE\u0147SK\u00ddCH \u010cECH\u016e A SLOV\u00c1K\u016e [\/et_pb_text][\/et_pb_column][\/et_pb_row][et_pb_row _builder_version=&#8220;4.9.3&#8243; _module_preset=&#8220;default&#8220;][et_pb_column type=&#8220;4_4&#8243; _builder_version=&#8220;4.9.3&#8243; _module_preset=&#8220;default&#8220;][et_pb_text _builder_version=&#8220;4.9.3&#8243; _module_preset=&#8220;default&#8220; [&hellip;]<\/p>","protected":false},"author":1,"featured_media":0,"parent":0,"menu_order":0,"comment_status":"closed","ping_status":"closed","template":"","meta":{"_et_pb_use_builder":"on","_et_pb_old_content":"","_et_gb_content_width":"","om_disable_all_campaigns":false,"_mi_skip_tracking":false},"aioseo_notices":[],"_links":{"self":[{"href":"https:\/\/wien-cz-sk.at\/sk\/wp-json\/wp\/v2\/pages\/389"}],"collection":[{"href":"https:\/\/wien-cz-sk.at\/sk\/wp-json\/wp\/v2\/pages"}],"about":[{"href":"https:\/\/wien-cz-sk.at\/sk\/wp-json\/wp\/v2\/types\/page"}],"author":[{"embeddable":true,"href":"https:\/\/wien-cz-sk.at\/sk\/wp-json\/wp\/v2\/users\/1"}],"replies":[{"embeddable":true,"href":"https:\/\/wien-cz-sk.at\/sk\/wp-json\/wp\/v2\/comments?post=389"}],"version-history":[{"count":11,"href":"https:\/\/wien-cz-sk.at\/sk\/wp-json\/wp\/v2\/pages\/389\/revisions"}],"predecessor-version":[{"id":458,"href":"https:\/\/wien-cz-sk.at\/sk\/wp-json\/wp\/v2\/pages\/389\/revisions\/458"}],"wp:attachment":[{"href":"https:\/\/wien-cz-sk.at\/sk\/wp-json\/wp\/v2\/media?parent=389"}],"curies":[{"name":"wp","href":"https:\/\/api.w.org\/{rel}","templated":true}]}}