{"id":444,"date":"2022-02-01T16:24:03","date_gmt":"2022-02-01T16:24:03","guid":{"rendered":"http:\/\/wien-cz-sk.at\/?page_id=444"},"modified":"2022-05-17T07:25:51","modified_gmt":"2022-05-17T07:25:51","slug":"slavne-videnske-osobnosti-s-ceskymi-a-slovenskymi-koreny","status":"publish","type":"page","link":"https:\/\/wien-cz-sk.at\/sk\/slavne-videnske-osobnosti-s-ceskymi-a-slovenskymi-koreny","title":{"rendered":"Slavn\u00e9 v\u00edde\u0148sk\u00e9 osobnosti s \u010desk\u00fdmi a slovensk\u00fdmi ko\u0159eny"},"content":{"rendered":"<p>[et_pb_section fb_built=&#8220;1&#8243; _builder_version=&#8220;4.9.3&#8243; _module_preset=&#8220;default&#8220; background_image=&#8220;http:\/\/wien-cz-sk.at\/wp-content\/uploads\/2022\/01\/background.png&#8220; custom_padding=&#8220;||0px|||&#8220;][et_pb_row _builder_version=&#8220;4.9.3&#8243; _module_preset=&#8220;default&#8220; custom_padding=&#8220;0px|||||&#8220;][et_pb_column type=&#8220;4_4&#8243; _builder_version=&#8220;4.9.3&#8243; _module_preset=&#8220;default&#8220;][et_pb_text _builder_version=&#8220;4.9.3&#8243; _module_preset=&#8220;default&#8220; background_layout=&#8220;dark&#8220;]<\/p>\n<h1 style=\"text-align: center;\"><strong>SL\u00c1VNE VIEDENSK\u00c9 OSOBNOSTI S \u010cESK\u00ddMI A SLOVENSK\u00ddMI KORE\u0147MI<\/strong><strong><\/strong><\/h1>\n<p>[\/et_pb_text][\/et_pb_column][\/et_pb_row][et_pb_row _builder_version=&#8220;4.9.3&#8243; _module_preset=&#8220;default&#8220;][et_pb_column type=&#8220;4_4&#8243; _builder_version=&#8220;4.9.3&#8243; _module_preset=&#8220;default&#8220;][et_pb_text _builder_version=&#8220;4.9.3&#8243; _module_preset=&#8220;default&#8220; background_layout=&#8220;dark&#8220;]<\/p>\n<h3 style=\"text-align: center;\"><strong>24. apr\u00edla 2022\u00a0<\/strong><\/h3>\n<p>[\/et_pb_text][\/et_pb_column][\/et_pb_row][\/et_pb_section][et_pb_section fb_built=&#8220;1&#8243; _builder_version=&#8220;4.9.3&#8243; _module_preset=&#8220;default&#8220; custom_padding=&#8220;25px|||||&#8220;][et_pb_row _builder_version=&#8220;4.9.3&#8243; _module_preset=&#8220;default&#8220; custom_padding=&#8220;0px|||||&#8220;][et_pb_column type=&#8220;4_4&#8243; _builder_version=&#8220;4.9.3&#8243; _module_preset=&#8220;default&#8220;][et_pb_text _builder_version=&#8220;4.9.3&#8243; _module_preset=&#8220;default&#8220;]<\/p>\n<h3 style=\"text-align: center;\"><strong>Usporiadate\u013e<\/strong><\/h3>\n<h5 style=\"text-align: center;\"><strong><\/strong>ALUMNI CZ AUSTRIA<\/h5>\n<p style=\"text-align: center;\"><span>Spolok absolvenov \u010desk\u00fdch vysok\u00fdch \u0161k\u00f4l \u017eij\u00facich v Rak\u00fasku<\/span><\/p>\n<p>[\/et_pb_text][\/et_pb_column][\/et_pb_row][et_pb_row column_structure=&#8220;1_3,2_3&#8243; _builder_version=&#8220;4.9.3&#8243; _module_preset=&#8220;default&#8220; width=&#8220;78.9%&#8220; custom_margin=&#8220;-24px|auto||auto||&#8220;][et_pb_column type=&#8220;1_3&#8243; _builder_version=&#8220;4.9.3&#8243; _module_preset=&#8220;default&#8220;][et_pb_text _builder_version=&#8220;4.9.3&#8243; _module_preset=&#8220;default&#8220;]<\/p>\n<h3 class=\"wnd-align-right\" id=\"wnd_TextBlock_483074_inner_0\" data-wnd_is_separable=\"1\" data-wnd_separable_index=\"0\" data-wnd_separable_id=\"wnd_TextBlock_483074\"><strong>MIESTO KONANIA<\/strong><\/h3>\n<div class=\"wnd-align-right\"><span>Simmeringer Hauptstra\u00dfe 234, <\/span><\/div>\n<div class=\"wnd-align-right\"><span>1110 Viede\u0148<\/span><\/div>\n<h3 class=\"wnd-align-right\" id=\"wnd_TextBlock_483074_inner_2\" data-wnd_is_separable=\"1\" data-wnd_separable_index=\"2\" data-wnd_separable_id=\"wnd_TextBlock_483074\"><span class=\"wnd-font-size-70\"><strong>D\u00c1TUM<\/strong><\/span><\/h3>\n<p class=\"wnd-align-right\" id=\"wnd_TextBlock_483074_inner_3\" data-wnd_is_separable=\"1\" data-wnd_separable_index=\"3\" data-wnd_separable_id=\"wnd_TextBlock_483074\">24. 04. 2022<\/p>\n<h3 class=\"wnd-align-right\" id=\"wnd_TextBlock_483074_inner_4\" data-wnd_is_separable=\"1\" data-wnd_separable_index=\"4\" data-wnd_separable_id=\"wnd_TextBlock_483074\"><span><strong>ZA\u010cIATOK\u00a0<\/strong><\/span><\/h3>\n<p class=\"wnd-align-right\" id=\"wnd_TextBlock_483074_inner_5\" data-wnd_is_separable=\"1\" data-wnd_separable_index=\"5\" data-wnd_separable_id=\"wnd_TextBlock_483074\">10:00 hod (nemecky)<\/p>\n<p class=\"wnd-align-right\" data-wnd_is_separable=\"1\" data-wnd_separable_index=\"5\" data-wnd_separable_id=\"wnd_TextBlock_483074\">14:00 hod (\u010desky)<\/p>\n<h3 class=\"wnd-align-right\" data-wnd_is_separable=\"1\" data-wnd_separable_index=\"11\" data-wnd_separable_id=\"wnd_TextBlock_483074\"><strong>MIESTO STRETNUTIA<\/strong><\/h3>\n<p class=\" translation-block\">Zraz pred Hlavn\u00fdm vchodom - br\u00e1na 2<\/p>\n<h3><strong>PRIHLASOVANIE NA PODUJATIE<\/strong><\/h3>\n<p><a href=\"mailto:alumniczaustria@gmail.com\" target=\"_blank\" rel=\"noopener noreferrer\" data-auth=\"NotApplicable\" data-linkindex=\"4\">alumniczaustria@gmail.com<\/a><\/p>\n<h3 class=\"wnd-align-right\" data-wnd_is_separable=\"1\" data-wnd_separable_index=\"11\" data-wnd_separable_id=\"wnd_TextBlock_483074\"><strong>PARTNERI<\/strong><\/h3>\n<p><img decoding=\"async\" loading=\"lazy\" src=\"http:\/\/wien-cz-sk.at\/wp-content\/uploads\/2022\/02\/alumnicz-300x181.png\" width=\"242\" height=\"147\" alt=\"\" class=\"wp-image-503 alignnone size-medium\" srcset=\"https:\/\/wien-cz-sk.at\/wp-content\/uploads\/2022\/02\/alumnicz-300x181.png 300w, https:\/\/wien-cz-sk.at\/wp-content\/uploads\/2022\/02\/alumnicz-18x12.png 18w, https:\/\/wien-cz-sk.at\/wp-content\/uploads\/2022\/02\/alumnicz.png 452w\" sizes=\"(max-width: 242px) 100vw, 242px\" \/><\/p>\n<p>[\/et_pb_text][\/et_pb_column][et_pb_column type=&#8220;2_3&#8243; _builder_version=&#8220;4.9.3&#8243; _module_preset=&#8220;default&#8220;][et_pb_image src=&#8220;http:\/\/wien-cz-sk.at\/wp-content\/uploads\/2022\/02\/Prochazka.jpg&#8220; title_text=&#8220;Proch\u00e1zka&#8220; src_tablet=&#8220;&#8220; src_phone=&#8220;&#8220; src_last_edited=&#8220;on|phone&#8220; _builder_version=&#8220;4.9.3&#8243; _module_preset=&#8220;default&#8220; custom_margin=&#8220;-5px|||||&#8220; custom_padding=&#8220;8px|||||&#8220;][\/et_pb_image][et_pb_text _builder_version=&#8220;4.9.3&#8243; _module_preset=&#8220;default&#8220; custom_margin=&#8220;-4px|||||&#8220;]<\/p>\n<h3 id=\"wnd_TextBlock_26143_inner_0\" data-wnd_is_separable=\"1\" data-wnd_separable_index=\"0\" data-wnd_separable_id=\"wnd_TextBlock_26143\"><strong>INFORM\u00c1CIE<\/strong><\/h3>\n<ul><\/ul>\n<div>\n<p><span>Sl\u00e1vne viedensk\u00e9 osobnosti s \u010desk\u00fdmi a slovensk\u00fdmi kore\u0148mi \u2013 Komentovan\u00e1 prech\u00e1dzka po Centr\u00e1lnom cintor\u00edne vo Viedni<\/span><\/p>\n<\/div>\n<div>\n<p><span>Kedy: nede\u013ea 24.4.2022 o 10.00 hod. v nem\u010dine a o 14.00 hod. v \u010de\u0161tine<\/span><\/p>\n<\/div>\n<div>\n<p><span>Zraz pred Hlavn\u00fdm vchodom \u2013 br\u00e1na 2 (Haupteingang \u2013 Tor 2), Simmeringer Hauptstra\u00dfe 234, 1110 Wien.<\/span><\/p>\n<\/div>\n<div>\n<p><span>Organizuje: Alumni-CZ-Austria<\/span><\/p>\n<\/div>\n<div>\n<p><span>Pozor: Nutn\u00e9 predbe\u017en\u00e9 prih\u00e1senie na adrese:\u00a0<a href=\"mailto:alumniczaustria@gmail.com\" target=\"_blank\" rel=\"noopener noreferrer\" data-auth=\"NotApplicable\" data-linkindex=\"4\">alumniczaustria@gmail.com<\/a><\/span><\/p>\n<\/div>\n<p>[\/et_pb_text][\/et_pb_column][\/et_pb_row][et_pb_row _builder_version=&#8220;4.9.3&#8243; _module_preset=&#8220;default&#8220; min_height=&#8220;59px&#8220; custom_padding=&#8220;3px|||||&#8220;][et_pb_column _builder_version=&#8220;4.9.3&#8243; _module_preset=&#8220;default&#8220; type=&#8220;4_4&#8243;][et_pb_text _builder_version=&#8220;4.9.3&#8243; _module_preset=&#8220;default&#8220; hover_enabled=&#8220;0&#8243; sticky_enabled=&#8220;0&#8243;]<\/p>\n<h3><strong>FOTOGAL\u00c9RIA<\/strong><\/h3>\n<p>[\/et_pb_text][\/et_pb_column][\/et_pb_row][et_pb_row _builder_version=&#8220;4.9.3&#8243; _module_preset=&#8220;default&#8220;][et_pb_column _builder_version=&#8220;4.9.3&#8243; _module_preset=&#8220;default&#8220; type=&#8220;4_4&#8243;][et_pb_gallery _builder_version=&#8220;4.9.3&#8243; _module_preset=&#8220;default&#8220; gallery_ids=&#8220;883,884,885,886,887,888&#8243; hover_enabled=&#8220;0&#8243; sticky_enabled=&#8220;0&#8243; show_title_and_caption=&#8220;off&#8220;][\/et_pb_gallery][\/et_pb_column][\/et_pb_row][\/et_pb_section]<\/p>","protected":false},"excerpt":{"rendered":"<p>[et_pb_section fb_built=&#8220;1&#8243; _builder_version=&#8220;4.9.3&#8243; _module_preset=&#8220;default&#8220; background_image=&#8220;http:\/\/wien-cz-sk.at\/wp-content\/uploads\/2022\/01\/background.png&#8220; custom_padding=&#8220;||0px|||&#8220;][et_pb_row _builder_version=&#8220;4.9.3&#8243; _module_preset=&#8220;default&#8220; custom_padding=&#8220;0px|||||&#8220;][et_pb_column type=&#8220;4_4&#8243; _builder_version=&#8220;4.9.3&#8243; _module_preset=&#8220;default&#8220;][et_pb_text _builder_version=&#8220;4.9.3&#8243; _module_preset=&#8220;default&#8220; background_layout=&#8220;dark&#8220;] SLAVN\u00c9 V\u00cdDE\u0147SK\u00c9 OSOBNOSTI S \u010cESK\u00ddMI A SLOVENSK\u00ddMI KO\u0158ENY [\/et_pb_text][\/et_pb_column][\/et_pb_row][et_pb_row _builder_version=&#8220;4.9.3&#8243; _module_preset=&#8220;default&#8220;][et_pb_column type=&#8220;4_4&#8243; _builder_version=&#8220;4.9.3&#8243; _module_preset=&#8220;default&#8220;][et_pb_text _builder_version=&#8220;4.9.3&#8243; [&hellip;]<\/p>","protected":false},"author":1,"featured_media":0,"parent":0,"menu_order":0,"comment_status":"closed","ping_status":"closed","template":"","meta":{"_et_pb_use_builder":"on","_et_pb_old_content":"","_et_gb_content_width":"","om_disable_all_campaigns":false,"_mi_skip_tracking":false},"aioseo_notices":[],"_links":{"self":[{"href":"https:\/\/wien-cz-sk.at\/sk\/wp-json\/wp\/v2\/pages\/444"}],"collection":[{"href":"https:\/\/wien-cz-sk.at\/sk\/wp-json\/wp\/v2\/pages"}],"about":[{"href":"https:\/\/wien-cz-sk.at\/sk\/wp-json\/wp\/v2\/types\/page"}],"author":[{"embeddable":true,"href":"https:\/\/wien-cz-sk.at\/sk\/wp-json\/wp\/v2\/users\/1"}],"replies":[{"embeddable":true,"href":"https:\/\/wien-cz-sk.at\/sk\/wp-json\/wp\/v2\/comments?post=444"}],"version-history":[{"count":7,"href":"https:\/\/wien-cz-sk.at\/sk\/wp-json\/wp\/v2\/pages\/444\/revisions"}],"predecessor-version":[{"id":889,"href":"https:\/\/wien-cz-sk.at\/sk\/wp-json\/wp\/v2\/pages\/444\/revisions\/889"}],"wp:attachment":[{"href":"https:\/\/wien-cz-sk.at\/sk\/wp-json\/wp\/v2\/media?parent=444"}],"curies":[{"name":"wp","href":"https:\/\/api.w.org\/{rel}","templated":true}]}}