{"id":538,"date":"2022-02-28T10:24:25","date_gmt":"2022-02-28T10:24:25","guid":{"rendered":"http:\/\/wien-cz-sk.at\/?page_id=538"},"modified":"2022-03-22T12:08:01","modified_gmt":"2022-03-22T12:08:01","slug":"beseda-o-lidskem-stesti","status":"publish","type":"page","link":"https:\/\/wien-cz-sk.at\/sk\/beseda-o-lidskem-stesti","title":{"rendered":"Beseda &#8222;O lidsk\u00e9m \u0161t\u011bst\u00ed&#8220;"},"content":{"rendered":"<p>[et_pb_section fb_built=&#8220;1&#8243; _builder_version=&#8220;4.9.3&#8243; _module_preset=&#8220;default&#8220; background_image=&#8220;http:\/\/wien-cz-sk.at\/wp-content\/uploads\/2022\/01\/background.png&#8220; custom_padding=&#8220;||0px|||&#8220;][et_pb_row _builder_version=&#8220;4.9.3&#8243; _module_preset=&#8220;default&#8220; custom_padding=&#8220;0px|||||&#8220;][et_pb_column type=&#8220;4_4&#8243; _builder_version=&#8220;4.9.3&#8243; _module_preset=&#8220;default&#8220;][et_pb_text _builder_version=&#8220;4.9.3&#8243; _module_preset=&#8220;default&#8220; background_layout=&#8220;dark&#8220;]<\/p>\n<h1 style=\"text-align: center;\"><strong>BESEDA \u201eO \u013dUDSKOM \u0160\u0164AST\u00cd\u201c  S MEDI\u00c1LNE ZN\u00c1MYM CHIRURGOM PROFESOROM PAVLOM PAFKOM\u00a0<\/strong><\/h1>\n<p>[\/et_pb_text][\/et_pb_column][\/et_pb_row][et_pb_row _builder_version=&#8220;4.9.3&#8243; _module_preset=&#8220;default&#8220;][et_pb_column type=&#8220;4_4&#8243; _builder_version=&#8220;4.9.3&#8243; _module_preset=&#8220;default&#8220;][et_pb_text _builder_version=&#8220;4.9.3&#8243; _module_preset=&#8220;default&#8220; background_layout=&#8220;dark&#8220;]<\/p>\n<h3 style=\"text-align: center;\"><strong>13. j\u00fana 2022\u00a0<\/strong><\/h3>\n<p>[\/et_pb_text][\/et_pb_column][\/et_pb_row][\/et_pb_section][et_pb_section fb_built=&#8220;1&#8243; _builder_version=&#8220;4.9.3&#8243; _module_preset=&#8220;default&#8220; custom_padding=&#8220;25px|||||&#8220;][et_pb_row _builder_version=&#8220;4.9.3&#8243; _module_preset=&#8220;default&#8220; custom_padding=&#8220;0px|||||&#8220;][et_pb_column type=&#8220;4_4&#8243; _builder_version=&#8220;4.9.3&#8243; _module_preset=&#8220;default&#8220;][et_pb_text _builder_version=&#8220;4.9.3&#8243; _module_preset=&#8220;default&#8220;]<\/p>\n<h3 style=\"text-align: center;\"><strong>Usporiadate\u013e<\/strong><\/h3>\n<h5 style=\"text-align: center;\"><strong><\/strong>ALUMNI CZ AUSTRIA v spolupr\u00e1ci s Ve\u013evyslanectvom \u010ceskej republiky vo Viedni<\/h5>\n<p style=\"text-align: center;\"><span>Spolok absolvenov \u010desk\u00fdch vysok\u00fdch \u0161k\u00f4l \u017eij\u00facich v Rak\u00fasku<\/span><\/p>\n<p>[\/et_pb_text][\/et_pb_column][\/et_pb_row][et_pb_row column_structure=&#8220;1_3,2_3&#8243; _builder_version=&#8220;4.9.3&#8243; _module_preset=&#8220;default&#8220; width=&#8220;78.9%&#8220; custom_margin=&#8220;-24px|auto||auto||&#8220;][et_pb_column type=&#8220;1_3&#8243; _builder_version=&#8220;4.9.3&#8243; _module_preset=&#8220;default&#8220;][et_pb_text _builder_version=&#8220;4.9.3&#8243; _module_preset=&#8220;default&#8220;]<\/p>\n<h3 class=\"wnd-align-right\" id=\"wnd_TextBlock_483074_inner_0\" data-wnd_is_separable=\"1\" data-wnd_separable_index=\"0\" data-wnd_separable_id=\"wnd_TextBlock_483074\"><strong>MIESTO KONANIA<\/strong><\/h3>\n<div class=\"wnd-align-right\"><span>Ve\u013evyslanectvo \u010cR vo Viedni, Penzinger Stra\u00dfe 11-13, 1140 Viede\u0148<\/span><\/div>\n<h3 class=\"wnd-align-right\" id=\"wnd_TextBlock_483074_inner_2\" data-wnd_is_separable=\"1\" data-wnd_separable_index=\"2\" data-wnd_separable_id=\"wnd_TextBlock_483074\"><span class=\"wnd-font-size-70\"><strong>D\u00c1TUM<\/strong><\/span><\/h3>\n<p class=\"wnd-align-right\" id=\"wnd_TextBlock_483074_inner_3\" data-wnd_is_separable=\"1\" data-wnd_separable_index=\"3\" data-wnd_separable_id=\"wnd_TextBlock_483074\">18. 03. 2022<\/p>\n<h3 class=\"wnd-align-right\" id=\"wnd_TextBlock_483074_inner_4\" data-wnd_is_separable=\"1\" data-wnd_separable_index=\"4\" data-wnd_separable_id=\"wnd_TextBlock_483074\"><span><strong>ZA\u010cIATOK\u00a0<\/strong><\/span><\/h3>\n<p class=\"wnd-align-right\" id=\"wnd_TextBlock_483074_inner_5\" data-wnd_is_separable=\"1\" data-wnd_separable_index=\"5\" data-wnd_separable_id=\"wnd_TextBlock_483074\">18:00 hod<\/p>\n<h3><strong>PRIHLASOVANIE NA PODUJATIE<\/strong><\/h3>\n<p><a href=\"mailto:alumniczaustria@gmail.com\" target=\"_blank\" rel=\"noopener noreferrer\" data-auth=\"NotApplicable\" data-linkindex=\"4\">alumniczaustria@gmail.com<\/a><\/p>\n<h3 class=\"wnd-align-right\" data-wnd_is_separable=\"1\" data-wnd_separable_index=\"11\" data-wnd_separable_id=\"wnd_TextBlock_483074\"><strong>PARTNERI<\/strong><\/h3>\n<p><img decoding=\"async\" loading=\"lazy\" src=\"http:\/\/wien-cz-sk.at\/wp-content\/uploads\/2022\/02\/alumnicz-300x181.png\" width=\"242\" height=\"147\" alt=\"\" class=\"wp-image-503 alignnone size-medium\" srcset=\"https:\/\/wien-cz-sk.at\/wp-content\/uploads\/2022\/02\/alumnicz-300x181.png 300w, https:\/\/wien-cz-sk.at\/wp-content\/uploads\/2022\/02\/alumnicz-18x12.png 18w, https:\/\/wien-cz-sk.at\/wp-content\/uploads\/2022\/02\/alumnicz.png 452w\" sizes=\"(max-width: 242px) 100vw, 242px\" \/><\/p>\n<p>[\/et_pb_text][\/et_pb_column][et_pb_column type=&#8220;2_3&#8243; _builder_version=&#8220;4.9.3&#8243; _module_preset=&#8220;default&#8220;][et_pb_image src=&#8220;https:\/\/wien-cz-sk.at\/wp-content\/uploads\/2022\/03\/276135417_1037819143481805_5519966347584149373_n.jpg&#8220; title_text=&#8220;276135417_1037819143481805_5519966347584149373_n&#8220; src_tablet=&#8220;&#8220; src_phone=&#8220;&#8220; src_last_edited=&#8220;on|phone&#8220; _builder_version=&#8220;4.9.3&#8243; _module_preset=&#8220;default&#8220; custom_margin=&#8220;-5px|||||&#8220; custom_padding=&#8220;8px|||||&#8220; hover_enabled=&#8220;0&#8243; sticky_enabled=&#8220;0&#8243;][\/et_pb_image][et_pb_text _builder_version=&#8220;4.9.3&#8243; _module_preset=&#8220;default&#8220; custom_margin=&#8220;-4px|||||&#8220; hover_enabled=&#8220;0&#8243; sticky_enabled=&#8220;0&#8243;]<\/p>\n<h3 id=\"wnd_TextBlock_26143_inner_0\" data-wnd_is_separable=\"1\" data-wnd_separable_index=\"0\" data-wnd_separable_id=\"wnd_TextBlock_26143\"><strong>INFORM\u00c1CIE<\/strong><\/h3>\n<ul><\/ul>\n<div>\n<div dir=\"auto\">Stretnutie so zn\u00e1mym \u010desk\u00fdm chirurgom profesorom MUDr. PAVLOM PAFKOM, DrSc. prebehlo na Ve\u013evyslanectve \u010ceskej republiky vo Viedni ve\u010der 18. marca 2022 ako pr\u00edspevok n\u00e1\u0161ho spolku k tohtoro\u010dn\u00e9mu Roku viedensk\u00fdch \u010cechov a Slov\u00e1kov. Akcie sa z\u00fa\u010dastnilo sto z\u00e1ujemcov z radov \u010deskej a slovenskej krajanskej verejnosti. Za ve\u013evyslanectvo SR ich priv\u00edtal charg\u00e9 d'affaires Dr. phil. Jakub Nov\u00e1k a za Alumni-CZ-Austria jeho predseda Ing. Pavol Pachta, CSc.<\/div>\n<div dir=\"auto\">Sl\u00e1vnostn\u00fa n\u00e1ladu ve\u010dera navodilo v\u00fdborn\u00e9 vyst\u00fapenie viedensk\u00e9ho s\u00faboru slovensk\u00e9ho folkl\u00f3ru ROZMAR\u00cdN. Po \u0148om sa ujal slova profesor Pavel Pafko, ktor\u00fd prehovoril na t\u00e9mu \u201eO \u013eudskom \u0161\u0165ast\u00ed\u201c. M\u00fadre slov\u00e1 sl\u00e1vneho lek\u00e1ra boli pre \u00fa\u010dastn\u00edkov ve\u010dera mil\u00fdm pohladen\u00edm. Pripomenul n\u00e1m, \u010do \u0161\u0165ast\u00edm je a \u010do n\u00edm nie je alebo by\u0165 nemus\u00ed, uk\u00e1zal na relat\u00edvnos\u0165 tohto pojmu a na to, ako sa pre n\u00e1s pojem \u0161\u0165astie men\u00ed s rokmi n\u00e1\u0161ho \u017eivota. To v\u0161etko podal s vtipom a doplnil z\u00e1bavn\u00fdmi slidmi. Predn\u00e1\u0161ka ubehla ako voda a p\u00e1n profesor potom e\u0161te ochotne odpovedal na ot\u00e1zky div\u00e1kov. Vysl\u00fa\u017eil si dlh\u00fd potlesk a na\u0161e ve\u013emi \u00faprimn\u00e9 po\u010fakovanie!<\/div>\n<div dir=\"auto\">Ako v\u017edy pri na\u0161ich akci\u00e1ch nasledovala networkingov\u00e1 \u010das\u0165 ve\u010dera, kde si mohli \u00fa\u010dastn\u00edci  vz\u00e1jomne pohovori\u0165 a t\u00ed, ktor\u00ed sa doteraz nepoznali, aj zozn\u00e1mi\u0165.<\/div>\n<div dir=\"auto\">Ve\u013emi sa chceme po\u010fakova\u0165 Ve\u013evyslanectvu \u010ceskej republiky vo Viedni za spolupr\u00e1cu pri uskuto\u010dnen\u00ed tejto akcie. Rovnako tak \u010fakujeme s\u00faboru Rozmar\u00edn za skvel\u00e9 vyst\u00fapenie. Z\u00edska\u0165 pre na\u0161u akciu tak exkluz\u00edvneho predn\u00e1\u0161aj\u00faceho, ako je profesor Pavel Pafko, nie je jednoduch\u00e9. \u00daprimne \u010fakujeme \u010dlenke n\u00e1\u0161ho spolku Ing. O\u013ege Hron\u00edkovej, ktor\u00e1 sa o to s vynalo\u017een\u00edm nemal\u00e9ho \u00fasilia zasl\u00fa\u017eila! Ak m\u00e1te kontakt na zauj\u00edmav\u00fa osobnos\u0165, ktor\u00e1 by bola tie\u017e ochotn\u00e1 pr\u00eds\u0165 do Viedne a podeli\u0165 sa s nami o svoje znalosti, dajte n\u00e1m vedie\u0165!<\/div>\n<div dir=\"auto\">Foto: Ing. Marie Pachtov\u00e1, CSc. a Petr R. Mauthner.<\/div>\n<\/div>\n<div><\/div>\n<p>[\/et_pb_text][\/et_pb_column][\/et_pb_row][et_pb_row _builder_version=&#8220;4.9.3&#8243; _module_preset=&#8220;default&#8220;][et_pb_column _builder_version=&#8220;4.9.3&#8243; _module_preset=&#8220;default&#8220; type=&#8220;4_4&#8243;][et_pb_gallery _builder_version=&#8220;4.9.3&#8243; _module_preset=&#8220;default&#8220; gallery_ids=&#8220;675,672,676,673,674&#8243; hover_enabled=&#8220;0&#8243; sticky_enabled=&#8220;0&#8243; show_title_and_caption=&#8220;off&#8220; show_pagination=&#8220;off&#8220;][\/et_pb_gallery][\/et_pb_column][\/et_pb_row][\/et_pb_section]<\/p>","protected":false},"excerpt":{"rendered":"<p>[et_pb_section fb_built=&#8220;1&#8243; _builder_version=&#8220;4.9.3&#8243; _module_preset=&#8220;default&#8220; background_image=&#8220;http:\/\/wien-cz-sk.at\/wp-content\/uploads\/2022\/01\/background.png&#8220; custom_padding=&#8220;||0px|||&#8220;][et_pb_row _builder_version=&#8220;4.9.3&#8243; _module_preset=&#8220;default&#8220; custom_padding=&#8220;0px|||||&#8220;][et_pb_column type=&#8220;4_4&#8243; _builder_version=&#8220;4.9.3&#8243; _module_preset=&#8220;default&#8220;][et_pb_text _builder_version=&#8220;4.9.3&#8243; _module_preset=&#8220;default&#8220; background_layout=&#8220;dark&#8220;] BESEDA \u201eO LIDSK\u00c9M \u0160T\u011aST\u00cd\u201c\u00a0 S MEDI\u00c1LN\u011a ZN\u00c1M\u00ddM CHIRURGEM PROFESOREM PAVLEM PAFKEM\u00a0 [\/et_pb_text][\/et_pb_column][\/et_pb_row][et_pb_row _builder_version=&#8220;4.9.3&#8243; _module_preset=&#8220;default&#8220;][et_pb_column type=&#8220;4_4&#8243; [&hellip;]<\/p>","protected":false},"author":1,"featured_media":0,"parent":0,"menu_order":0,"comment_status":"closed","ping_status":"closed","template":"","meta":{"_et_pb_use_builder":"on","_et_pb_old_content":"","_et_gb_content_width":"","om_disable_all_campaigns":false,"_mi_skip_tracking":false},"aioseo_notices":[],"_links":{"self":[{"href":"https:\/\/wien-cz-sk.at\/sk\/wp-json\/wp\/v2\/pages\/538"}],"collection":[{"href":"https:\/\/wien-cz-sk.at\/sk\/wp-json\/wp\/v2\/pages"}],"about":[{"href":"https:\/\/wien-cz-sk.at\/sk\/wp-json\/wp\/v2\/types\/page"}],"author":[{"embeddable":true,"href":"https:\/\/wien-cz-sk.at\/sk\/wp-json\/wp\/v2\/users\/1"}],"replies":[{"embeddable":true,"href":"https:\/\/wien-cz-sk.at\/sk\/wp-json\/wp\/v2\/comments?post=538"}],"version-history":[{"count":4,"href":"https:\/\/wien-cz-sk.at\/sk\/wp-json\/wp\/v2\/pages\/538\/revisions"}],"predecessor-version":[{"id":677,"href":"https:\/\/wien-cz-sk.at\/sk\/wp-json\/wp\/v2\/pages\/538\/revisions\/677"}],"wp:attachment":[{"href":"https:\/\/wien-cz-sk.at\/sk\/wp-json\/wp\/v2\/media?parent=538"}],"curies":[{"name":"wp","href":"https:\/\/api.w.org\/{rel}","templated":true}]}}