{"id":831,"date":"2022-05-03T14:01:12","date_gmt":"2022-05-03T14:01:12","guid":{"rendered":"https:\/\/wien-cz-sk.at\/?page_id=831"},"modified":"2022-05-03T14:04:45","modified_gmt":"2022-05-03T14:04:45","slug":"divadelni-hra-elegance-molekuly","status":"publish","type":"page","link":"https:\/\/wien-cz-sk.at\/sk\/divadelni-hra-elegance-molekuly","title":{"rendered":"DIVADELN\u00c1 HRA \u2013 ELEGANCIA MOLEKULY"},"content":{"rendered":"<p>[et_pb_section fb_built=&#8220;1&#8243; _builder_version=&#8220;4.9.3&#8243; _module_preset=&#8220;default&#8220; background_image=&#8220;http:\/\/wien-cz-sk.at\/wp-content\/uploads\/2022\/01\/background.png&#8220; custom_padding=&#8220;||0px|||&#8220;][et_pb_row _builder_version=&#8220;4.9.3&#8243; _module_preset=&#8220;default&#8220; custom_padding=&#8220;0px|||||&#8220;][et_pb_column type=&#8220;4_4&#8243; _builder_version=&#8220;4.9.3&#8243; _module_preset=&#8220;default&#8220;][et_pb_text _builder_version=&#8220;4.9.3&#8243; _module_preset=&#8220;default&#8220; background_layout=&#8220;dark&#8220; hover_enabled=&#8220;0&#8243; sticky_enabled=&#8220;0&#8243;]<\/p>\n<h1 style=\"text-align: center;\"><strong>DIVADELN\u00c1 HRA \u2013 ELEGANCIA MOLEKULY<\/strong><\/h1>\n<p>[\/et_pb_text][\/et_pb_column][\/et_pb_row][et_pb_row _builder_version=&#8220;4.9.3&#8243; _module_preset=&#8220;default&#8220;][et_pb_column type=&#8220;4_4&#8243; _builder_version=&#8220;4.9.3&#8243; _module_preset=&#8220;default&#8220;][et_pb_text _builder_version=&#8220;4.9.3&#8243; _module_preset=&#8220;default&#8220; background_layout=&#8220;dark&#8220; hover_enabled=&#8220;0&#8243; sticky_enabled=&#8220;0&#8243;]<\/p>\n<h3 style=\"text-align: center;\"><strong>17. m\u00e1ja 2022<\/strong><\/h3>\n<p>[\/et_pb_text][\/et_pb_column][\/et_pb_row][\/et_pb_section][et_pb_section fb_built=&#8220;1&#8243; _builder_version=&#8220;4.9.3&#8243; _module_preset=&#8220;default&#8220; custom_padding=&#8220;25px|||||&#8220;][et_pb_row _builder_version=&#8220;4.9.3&#8243; _module_preset=&#8220;default&#8220; custom_padding=&#8220;0px|||||&#8220;][et_pb_column type=&#8220;4_4&#8243; _builder_version=&#8220;4.9.3&#8243; _module_preset=&#8220;default&#8220;][et_pb_text _builder_version=&#8220;4.9.3&#8243; _module_preset=&#8220;default&#8220;]<\/p>\n<h3 style=\"text-align: center;\"><strong>Usporiadate\u013e<\/strong><\/h3>\n<h5 style=\"text-align: center;\"><strong><\/strong><span>KONTAKTFORUM<\/span><\/h5>\n<p>[\/et_pb_text][\/et_pb_column][\/et_pb_row][et_pb_row column_structure=&#8220;1_3,2_3&#8243; _builder_version=&#8220;4.9.3&#8243; _module_preset=&#8220;default&#8220; width=&#8220;78.9%&#8220; custom_margin=&#8220;-24px|auto||auto||&#8220;][et_pb_column type=&#8220;1_3&#8243; _builder_version=&#8220;4.9.3&#8243; _module_preset=&#8220;default&#8220;][et_pb_text _builder_version=&#8220;4.9.3&#8243; _module_preset=&#8220;default&#8220; hover_enabled=&#8220;0&#8243; sticky_enabled=&#8220;0&#8243;]<\/p>\n<h3 class=\"wnd-align-right\" id=\"wnd_TextBlock_483074_inner_0\" data-wnd_is_separable=\"1\" data-wnd_separable_index=\"0\" data-wnd_separable_id=\"wnd_TextBlock_483074\"><strong>MIESTO KONANIA<\/strong><\/h3>\n<div class=\"wnd-align-right\"><span>Sebastianplatz 3, <\/span><\/div>\n<div class=\"wnd-align-right\"><span>1030 Viede\u0148<\/span><\/div>\n<div class=\"wnd-align-right\"><span><\/span><\/div>\n<div class=\"wnd-align-right\"><span><\/span><\/div>\n<div class=\"wnd-align-right\"><span><\/span><\/div>\n<h3 class=\"wnd-align-right\" id=\"wnd_TextBlock_483074_inner_2\" data-wnd_is_separable=\"1\" data-wnd_separable_index=\"2\" data-wnd_separable_id=\"wnd_TextBlock_483074\"><span class=\"wnd-font-size-70\"><strong>D\u00c1TUM<\/strong><\/span><\/h3>\n<p class=\"wnd-align-right\" id=\"wnd_TextBlock_483074_inner_3\" data-wnd_is_separable=\"1\" data-wnd_separable_index=\"3\" data-wnd_separable_id=\"wnd_TextBlock_483074\">17. 05. 2022<\/p>\n<h3 class=\"wnd-align-right\" id=\"wnd_TextBlock_483074_inner_4\" data-wnd_is_separable=\"1\" data-wnd_separable_index=\"4\" data-wnd_separable_id=\"wnd_TextBlock_483074\"><span><strong>ZA\u010cIATOK\u00a0<\/strong><\/span><\/h3>\n<p class=\"wnd-align-right\" id=\"wnd_TextBlock_483074_inner_5\" data-wnd_is_separable=\"1\" data-wnd_separable_index=\"5\" data-wnd_separable_id=\"wnd_TextBlock_483074\">19:00 hod<\/p>\n<h3 class=\"wnd-align-right\" data-wnd_is_separable=\"1\" data-wnd_separable_index=\"11\" data-wnd_separable_id=\"wnd_TextBlock_483074\"><strong>VSTUPENKY<\/strong><\/h3>\n<blockquote hcb-fetch-image-from=\"https:\/\/kontaktforum-cs.at\/\" class=\"wp-embedded-content\" data-secret=\"d6sBQyKKgz\"><p><a href=\"https:\/\/kontaktforum-cs.at\/\">HOME<\/a><\/p><\/blockquote>\n<p><iframe class=\"wp-embedded-content\" sandbox=\"allow-scripts\" security=\"restricted\" style=\"position: absolute; clip: rect(1px, 1px, 1px, 1px);\" title=\"&#8222;HOME&#8220; &#8212; KONTAKTFORUM\" src=\"https:\/\/kontaktforum-cs.at\/embed\/#?secret=d6sBQyKKgz\" data-secret=\"d6sBQyKKgz\" width=\"600\" height=\"338\" frameborder=\"0\" marginwidth=\"0\" marginheight=\"0\" scrolling=\"no\"><\/iframe><\/p>\n<h3 class=\"wnd-align-right\" data-wnd_is_separable=\"1\" data-wnd_separable_index=\"11\" data-wnd_separable_id=\"wnd_TextBlock_483074\"><strong>PARTNERI<\/strong><\/h3>\n<p><a href=\"https:\/\/kontaktforum-cs.at\/\" target=\"_blank\" rel=\"noopener\"><strong><img decoding=\"async\" loading=\"lazy\" src=\"http:\/\/wien-cz-sk.at\/wp-content\/uploads\/2022\/01\/kontaktforum-300x181.png\" width=\"300\" height=\"181\" alt=\"\" class=\"wp-image-285 alignnone size-medium\" srcset=\"https:\/\/wien-cz-sk.at\/wp-content\/uploads\/2022\/01\/kontaktforum-300x181.png 300w, https:\/\/wien-cz-sk.at\/wp-content\/uploads\/2022\/01\/kontaktforum-18x12.png 18w, https:\/\/wien-cz-sk.at\/wp-content\/uploads\/2022\/01\/kontaktforum.png 452w\" sizes=\"(max-width: 300px) 100vw, 300px\" \/><\/strong><\/a><\/p>\n<p><strong><img decoding=\"async\" loading=\"lazy\" src=\"http:\/\/wien-cz-sk.at\/wp-content\/uploads\/2022\/01\/cropped-logo_150let_nove2022-300x137.png\" width=\"241\" height=\"110\" alt=\"\" class=\"wp-image-13 alignnone size-medium\" srcset=\"https:\/\/wien-cz-sk.at\/wp-content\/uploads\/2022\/01\/cropped-logo_150let_nove2022-300x137.png 300w, https:\/\/wien-cz-sk.at\/wp-content\/uploads\/2022\/01\/cropped-logo_150let_nove2022-517x235.png 517w, https:\/\/wien-cz-sk.at\/wp-content\/uploads\/2022\/01\/cropped-logo_150let_nove2022.png 671w\" sizes=\"(max-width: 241px) 100vw, 241px\" \/><\/strong><\/p>\n<p>[\/et_pb_text][et_pb_button button_url=&#8220;https:\/\/kontaktforum-cs.at\/&#8220; url_new_window=&#8220;on&#8220; button_text=&#8220;M\u00e1m z\u00e1jem&#8220; button_alignment=&#8220;left&#8220; _builder_version=&#8220;4.9.3&#8243; _module_preset=&#8220;default&#8220;][\/et_pb_button][\/et_pb_column][et_pb_column type=&#8220;2_3&#8243; _builder_version=&#8220;4.9.3&#8243; _module_preset=&#8220;default&#8220;][et_pb_image src=&#8220;https:\/\/wien-cz-sk.at\/wp-content\/uploads\/2022\/05\/elegance-molekuly_1080x608.jpg&#8220; title_text=&#8220;elegance-molekuly_1080x608&#8243; src_tablet=&#8220;&#8220; src_phone=&#8220;&#8220; src_last_edited=&#8220;on|phone&#8220; _builder_version=&#8220;4.9.3&#8243; _module_preset=&#8220;default&#8220; custom_margin=&#8220;-5px|||||&#8220; custom_padding=&#8220;8px|||||&#8220; hover_enabled=&#8220;0&#8243; sticky_enabled=&#8220;0&#8243;][\/et_pb_image][et_pb_text _builder_version=&#8220;4.9.3&#8243; _module_preset=&#8220;default&#8220; custom_margin=&#8220;-4px|||||&#8220; hover_enabled=&#8220;0&#8243; sticky_enabled=&#8220;0&#8243;]<\/p>\n<h3><strong>INFORM\u00c1CIE<\/strong><\/h3>\n<div id=\"eventtitel\" class=\"et_pb_module et_pb_text et_pb_text_0  et_pb_text_align_left et_pb_bg_layout_light\">\n<div class=\"et_pb_text_inner\">\n<p><strong>ELEGANCIA MOLEKULY \u2013 PETR ZELENKA<\/strong><\/p>\n<\/div>\n<\/div>\n<div class=\"et_pb_module et_pb_text et_pb_text_1  et_pb_text_align_left et_pb_bg_layout_light\">\n<div class=\"et_pb_text_inner\">\n<p>R\u00e9\u017eia: Petr Zelenka<br \/>Hraj\u00fa: Ivan Trojan, Veronika Khek Kuba\u0159ov\u00e1, Martin My\u0161i\u010dka, Pavel \u0160im\u010d\u00edk, Petr Vr\u0161ek, Zde\u0148ka \u017d\u00e1dn\u00edkov\u00e1, Vladim\u00edr Pol\u00edvka, V\u00e1clav Jir\u00e1\u010dek, Elizaveta Maximov\u00e1, Lada Jel\u00ednkov\u00e1<\/p>\n<p>Z chemick\u00e9ho laborat\u00f3ria do lek\u00e1rne na najbli\u017e\u0161om rohu je to \u010dasto iba p\u00e1r stoviek metrov. Ale molekula lieku na tejto ceste prejde procesom za stovky mili\u00f3nov dol\u00e1rov, na ktorom sa podie\u013eaj\u00fa \u010dasto tis\u00edce \u013eud\u00ed. Teda t\u00e1 molekula, ktor\u00e1 m\u00e1 \u0161\u0165astie a d\u00f4jde do cie\u013ea. Tri tak\u00e9to l\u00e1tky a ich troch \u201eotcov\u201c, z ktor\u00fdch jedn\u00fdm bol aj geni\u00e1lny \u010desk\u00fd chemik profesor Anton\u00edn Hol\u00fd, sleduje hra Elegancia molekuly. Sk\u00fama vznik a ve\u013emi dramatick\u00fd priemyseln\u00fd v\u00fdvoj l\u00e1tok z \u010desk\u00fdch chemick\u00fdch laborat\u00f3ri\u00ed, ktor\u00e9 dnes lie\u010dia AIDS u viac ako osemdesiatich percent pacientov na celom svete. Otto Wichterle mal svoju sl\u00e1vnu historku o tom, ako na stavebnici Merk\u00far zostrojil pr\u00edstroj na odstre\u010fovanie prv\u00fdch kontaktn\u00fdch \u0161o\u0161oviek. Hra Petra Zelenku h\u013ead\u00e1 tak\u00fd \u201eMerk\u00far\u201c v \u017eivote chemika Anton\u00edna Hol\u00e9ho. Pr\u00edbeh o silnej v\u00edzii, predv\u00eddavosti, \u0161\u0165ast\u00ed a odmene, ktor\u00e1 pri\u0161la pr\u00edli\u0161 neskoro. Hra bola ocenen\u00e1 v r\u00e1mci Cien divadelnej kritiky 2018 ako najlep\u0161ia po prv\u00fdkr\u00e1t uveden\u00e1 \u010desk\u00e1 hra roku 2018.<\/p>\n<p>Pred pr\u00edchodom do divadla V\u00e1s pros\u00edme o kontrolu a dodr\u017eanie aktu\u00e1lnych opatren\u00ed a pravidiel platn\u00fdch pre n\u00e1v\u0161tevu divadiel k d\u00e1tumu konania - 3G (pr\u00edpadne 2G), respir\u00e1tory, r\u00fa\u0161ka, apod.<\/p>\n<p>Objedn\u00e1vky vstupeniek:\u00a0<strong>mirka.snasel@chello.at<\/strong>\u00a0alebo tel. 069919762371<\/p>\n<\/div>\n<\/div>\n<p>[\/et_pb_text][\/et_pb_column][\/et_pb_row][\/et_pb_section]<\/p>","protected":false},"excerpt":{"rendered":"<p>[et_pb_section fb_built=&#8220;1&#8243; _builder_version=&#8220;4.9.3&#8243; _module_preset=&#8220;default&#8220; background_image=&#8220;http:\/\/wien-cz-sk.at\/wp-content\/uploads\/2022\/01\/background.png&#8220; custom_padding=&#8220;||0px|||&#8220;][et_pb_row _builder_version=&#8220;4.9.3&#8243; _module_preset=&#8220;default&#8220; custom_padding=&#8220;0px|||||&#8220;][et_pb_column type=&#8220;4_4&#8243; _builder_version=&#8220;4.9.3&#8243; _module_preset=&#8220;default&#8220;][et_pb_text _builder_version=&#8220;4.9.3&#8243; _module_preset=&#8220;default&#8220; background_layout=&#8220;dark&#8220; hover_enabled=&#8220;0&#8243; sticky_enabled=&#8220;0&#8243;] DIVADELN\u00cd HRA &#8211; ELEGANCE MOLEKULY [\/et_pb_text][\/et_pb_column][\/et_pb_row][et_pb_row _builder_version=&#8220;4.9.3&#8243; _module_preset=&#8220;default&#8220;][et_pb_column type=&#8220;4_4&#8243; _builder_version=&#8220;4.9.3&#8243; _module_preset=&#8220;default&#8220;][et_pb_text _builder_version=&#8220;4.9.3&#8243; _module_preset=&#8220;default&#8220; [&hellip;]<\/p>","protected":false},"author":1,"featured_media":0,"parent":0,"menu_order":0,"comment_status":"closed","ping_status":"closed","template":"","meta":{"_et_pb_use_builder":"on","_et_pb_old_content":"","_et_gb_content_width":"","om_disable_all_campaigns":false,"_mi_skip_tracking":false},"aioseo_notices":[],"_links":{"self":[{"href":"https:\/\/wien-cz-sk.at\/sk\/wp-json\/wp\/v2\/pages\/831"}],"collection":[{"href":"https:\/\/wien-cz-sk.at\/sk\/wp-json\/wp\/v2\/pages"}],"about":[{"href":"https:\/\/wien-cz-sk.at\/sk\/wp-json\/wp\/v2\/types\/page"}],"author":[{"embeddable":true,"href":"https:\/\/wien-cz-sk.at\/sk\/wp-json\/wp\/v2\/users\/1"}],"replies":[{"embeddable":true,"href":"https:\/\/wien-cz-sk.at\/sk\/wp-json\/wp\/v2\/comments?post=831"}],"version-history":[{"count":3,"href":"https:\/\/wien-cz-sk.at\/sk\/wp-json\/wp\/v2\/pages\/831\/revisions"}],"predecessor-version":[{"id":836,"href":"https:\/\/wien-cz-sk.at\/sk\/wp-json\/wp\/v2\/pages\/831\/revisions\/836"}],"wp:attachment":[{"href":"https:\/\/wien-cz-sk.at\/sk\/wp-json\/wp\/v2\/media?parent=831"}],"curies":[{"name":"wp","href":"https:\/\/api.w.org\/{rel}","templated":true}]}}