{"id":838,"date":"2022-05-03T14:47:12","date_gmt":"2022-05-03T14:47:12","guid":{"rendered":"https:\/\/wien-cz-sk.at\/?page_id=838"},"modified":"2022-05-30T08:05:57","modified_gmt":"2022-05-30T08:05:57","slug":"slavnostni-obed-na-videnske-radnici-2","status":"publish","type":"page","link":"https:\/\/wien-cz-sk.at\/sk\/slavnostni-obed-na-videnske-radnici-2","title":{"rendered":"Sl\u00e1vnostn\u00fd obed vo viedenskej radnici"},"content":{"rendered":"<p>[et_pb_section fb_built=&#8220;1&#8243; _builder_version=&#8220;4.9.3&#8243; _module_preset=&#8220;default&#8220; background_image=&#8220;http:\/\/wien-cz-sk.at\/wp-content\/uploads\/2022\/01\/background.png&#8220; custom_padding=&#8220;||0px|||&#8220;][et_pb_row _builder_version=&#8220;4.9.3&#8243; _module_preset=&#8220;default&#8220; custom_padding=&#8220;0px|||||&#8220;][et_pb_column type=&#8220;4_4&#8243; _builder_version=&#8220;4.9.3&#8243; _module_preset=&#8220;default&#8220;][et_pb_text _builder_version=&#8220;4.9.3&#8243; _module_preset=&#8220;default&#8220; background_layout=&#8220;dark&#8220;]<\/p>\n<h1 style=\"text-align: center;\"><strong>SL\u00c1VNOSTN\u00dd OBED VO VIEDENSKEJ RADNICI<\/strong><\/h1>\n<p>[\/et_pb_text][\/et_pb_column][\/et_pb_row][et_pb_row _builder_version=&#8220;4.9.3&#8243; _module_preset=&#8220;default&#8220;][et_pb_column type=&#8220;4_4&#8243; _builder_version=&#8220;4.9.3&#8243; _module_preset=&#8220;default&#8220;][et_pb_text _builder_version=&#8220;4.9.3&#8243; _module_preset=&#8220;default&#8220; background_layout=&#8220;dark&#8220;]<\/p>\n<h3 style=\"text-align: center;\"><strong>23. m\u00e1ja 2022<\/strong><\/h3>\n<p>[\/et_pb_text][\/et_pb_column][\/et_pb_row][\/et_pb_section][et_pb_section fb_built=&#8220;1&#8243; _builder_version=&#8220;4.9.3&#8243; _module_preset=&#8220;default&#8220; custom_padding=&#8220;25px|||||&#8220;][et_pb_row _builder_version=&#8220;4.9.3&#8243; _module_preset=&#8220;default&#8220; custom_padding=&#8220;0px|||||&#8220;][et_pb_column type=&#8220;4_4&#8243; _builder_version=&#8220;4.9.3&#8243; _module_preset=&#8220;default&#8220;][et_pb_text _builder_version=&#8220;4.9.3&#8243; _module_preset=&#8220;default&#8220;]<\/p>\n<h3 style=\"text-align: center;\"><strong>Z\u00e1\u0161tita<\/strong><\/h3>\n<h5 style=\"text-align: center;\"><strong>DR. MICHAEL LUDWIG, starosta Viedne<\/strong><\/h5>\n<h5 style=\"text-align: center;\"><\/h5>\n<p>[\/et_pb_text][\/et_pb_column][\/et_pb_row][et_pb_row column_structure=&#8220;1_3,2_3&#8243; _builder_version=&#8220;4.9.3&#8243; _module_preset=&#8220;default&#8220; width=&#8220;78.9%&#8220; custom_margin=&#8220;-24px|auto||auto||&#8220; min_height=&#8220;652.7px&#8220;][et_pb_column type=&#8220;1_3&#8243; _builder_version=&#8220;4.9.3&#8243; _module_preset=&#8220;default&#8220;][et_pb_text _builder_version=&#8220;4.9.3&#8243; _module_preset=&#8220;default&#8220;]<\/p>\n<h3 id=\"wnd_TextBlock_483074_inner_0\" class=\"wnd-align-right\" data-wnd_is_separable=\"1\" data-wnd_separable_index=\"0\" data-wnd_separable_id=\"wnd_TextBlock_483074\"><strong>MIESTO KONANIA<\/strong><\/h3>\n<div class=\"wnd-align-right\">Viedensk\u00e1 radnica<\/div>\n<div class=\"wnd-align-right\">Friedrich-Schmidt-Platz 1<\/div>\n<div class=\"wnd-align-right\">1010 Wien<\/div>\n<h3 id=\"wnd_TextBlock_483074_inner_2\" class=\"wnd-align-right\" data-wnd_is_separable=\"1\" data-wnd_separable_index=\"2\" data-wnd_separable_id=\"wnd_TextBlock_483074\"><span class=\"wnd-font-size-70\"><strong>D\u00c1TUM<\/strong><\/span><\/h3>\n<p id=\"wnd_TextBlock_483074_inner_3\" class=\"wnd-align-right\" data-wnd_is_separable=\"1\" data-wnd_separable_index=\"3\" data-wnd_separable_id=\"wnd_TextBlock_483074\">23. 05. 2022<\/p>\n<h3 id=\"wnd_TextBlock_483074_inner_4\" class=\"wnd-align-right\" data-wnd_is_separable=\"1\" data-wnd_separable_index=\"4\" data-wnd_separable_id=\"wnd_TextBlock_483074\"><strong>ZA\u010cIATOK\u00a0<\/strong><\/h3>\n<p id=\"wnd_TextBlock_483074_inner_5\" class=\"wnd-align-right\" data-wnd_is_separable=\"1\" data-wnd_separable_index=\"5\" data-wnd_separable_id=\"wnd_TextBlock_483074\">11:30<\/p>\n<h3 class=\"wnd-align-right\" data-wnd_is_separable=\"1\" data-wnd_separable_index=\"11\" data-wnd_separable_id=\"wnd_TextBlock_483074\"><strong>PARTNERI<\/strong><\/h3>\n<p><strong><img decoding=\"async\" loading=\"lazy\" class=\"wp-image-13 alignnone size-medium\" src=\"http:\/\/wien-cz-sk.at\/wp-content\/uploads\/2022\/01\/cropped-logo_150let_nove2022-300x137.png\" alt=\"\" width=\"241\" height=\"110\" srcset=\"https:\/\/wien-cz-sk.at\/wp-content\/uploads\/2022\/01\/cropped-logo_150let_nove2022-300x137.png 300w, https:\/\/wien-cz-sk.at\/wp-content\/uploads\/2022\/01\/cropped-logo_150let_nove2022-517x235.png 517w, https:\/\/wien-cz-sk.at\/wp-content\/uploads\/2022\/01\/cropped-logo_150let_nove2022.png 671w\" sizes=\"(max-width: 241px) 100vw, 241px\" \/><\/strong><\/p>\n<p><strong><img decoding=\"async\" loading=\"lazy\" class=\"wp-image-275 alignnone size-medium\" src=\"https:\/\/wien-cz-sk.at\/wp-content\/uploads\/2022\/01\/wien-300x181.png\" alt=\"\" width=\"264\" height=\"159\" srcset=\"https:\/\/wien-cz-sk.at\/wp-content\/uploads\/2022\/01\/wien-300x181.png 300w, https:\/\/wien-cz-sk.at\/wp-content\/uploads\/2022\/01\/wien-18x12.png 18w, https:\/\/wien-cz-sk.at\/wp-content\/uploads\/2022\/01\/wien.png 452w\" sizes=\"(max-width: 264px) 100vw, 264px\" \/><\/strong>[\/et_pb_text][\/et_pb_column][et_pb_column type=&#8220;2_3&#8243; _builder_version=&#8220;4.9.3&#8243; _module_preset=&#8220;default&#8220;][et_pb_video src=&#8220;https:\/\/youtu.be\/dVRXl5VyQGg&#8220; image_src=&#8220;https:\/\/wien-cz-sk.at\/wp-content\/uploads\/2022\/05\/R57_5162.jpg&#8220; _builder_version=&#8220;4.9.3&#8243; _module_preset=&#8220;default&#8220;][\/et_pb_video][et_pb_text _builder_version=&#8220;4.9.3&#8243; _module_preset=&#8220;default&#8220; custom_margin=&#8220;-4px|||||&#8220;]<\/p>\n<h3><strong>D\u00f4le\u017eit\u00e9 inform\u00e1cie<\/strong><\/h3>\n<p><strong>Sl\u00e1vnostn\u00fd obed je ur\u010den\u00fd len pre \u017eiakov a u\u010dite\u013eov \u0161k\u00f4l spolku Komensk\u00fd a pre pozvan\u00fdch host\u00ed<\/strong><\/p>\n<h3 id=\"wnd_TextBlock_26143_inner_0\" data-wnd_is_separable=\"1\" data-wnd_separable_index=\"0\" data-wnd_separable_id=\"wnd_TextBlock_26143\"><strong>PROGRAM<\/strong><\/h3>\n<ul>\n<li>Slavnostn\u00e9 otvorenie \u2013 Ing. Karel Hanzl a Dr. Michael Ludwig<\/li>\n<li>Hudobm\u00e9 vyst\u00fapenie zboru a orchestra<\/li>\n<li>sl\u00e1vnostn\u00fd obed<\/li>\n<\/ul>\n<h3 id=\"wnd_TextBlock_35068_inner_0\" data-wnd_is_separable=\"1\" data-wnd_separable_index=\"0\" data-wnd_separable_id=\"wnd_TextBlock_35068\"><strong>Spolo\u010densk\u00fd odev<\/strong><\/h3>\n<p>[\/et_pb_text][\/et_pb_column][\/et_pb_row][et_pb_row _builder_version=&#8220;4.9.3&#8243; _module_preset=&#8220;default&#8220; min_height=&#8220;45px&#8220;][et_pb_column _builder_version=&#8220;4.9.3&#8243; _module_preset=&#8220;default&#8220; type=&#8220;4_4&#8243;][et_pb_text _builder_version=&#8220;4.9.3&#8243; _module_preset=&#8220;default&#8220; hover_enabled=&#8220;0&#8243; sticky_enabled=&#8220;0&#8243; min_height=&#8220;22px&#8220;]<\/p>\n<h3><strong>FOTOGAL\u00c9RIA<\/strong><\/h3>\n<p>[\/et_pb_text][\/et_pb_column][\/et_pb_row][et_pb_row _builder_version=&#8220;4.9.3&#8243; _module_preset=&#8220;default&#8220;][et_pb_column _builder_version=&#8220;4.9.3&#8243; _module_preset=&#8220;default&#8220; type=&#8220;4_4&#8243;][et_pb_gallery _builder_version=&#8220;4.9.3&#8243; _module_preset=&#8220;default&#8220; gallery_ids=&#8220;908,909,910,911,912,913,914,915,916,917&#8243; show_title_and_caption=&#8220;off&#8220; hover_enabled=&#8220;0&#8243; sticky_enabled=&#8220;0&#8243;][\/et_pb_gallery][\/et_pb_column][\/et_pb_row][\/et_pb_section]<\/p>","protected":false},"excerpt":{"rendered":"<p>[et_pb_section fb_built=&#8220;1&#8243; _builder_version=&#8220;4.9.3&#8243; _module_preset=&#8220;default&#8220; background_image=&#8220;http:\/\/wien-cz-sk.at\/wp-content\/uploads\/2022\/01\/background.png&#8220; custom_padding=&#8220;||0px|||&#8220;][et_pb_row _builder_version=&#8220;4.9.3&#8243; _module_preset=&#8220;default&#8220; custom_padding=&#8220;0px|||||&#8220;][et_pb_column type=&#8220;4_4&#8243; _builder_version=&#8220;4.9.3&#8243; _module_preset=&#8220;default&#8220;][et_pb_text _builder_version=&#8220;4.9.3&#8243; _module_preset=&#8220;default&#8220; background_layout=&#8220;dark&#8220;] SLAVNOSTN\u00cd OB\u011aD NA V\u00cdDE\u0147SK\u00c9 RADNICI [\/et_pb_text][\/et_pb_column][\/et_pb_row][et_pb_row _builder_version=&#8220;4.9.3&#8243; _module_preset=&#8220;default&#8220;][et_pb_column type=&#8220;4_4&#8243; _builder_version=&#8220;4.9.3&#8243; _module_preset=&#8220;default&#8220;][et_pb_text _builder_version=&#8220;4.9.3&#8243; _module_preset=&#8220;default&#8220; background_layout=&#8220;dark&#8220;] 23. [&hellip;]<\/p>","protected":false},"author":1,"featured_media":0,"parent":0,"menu_order":0,"comment_status":"closed","ping_status":"closed","template":"","meta":{"_et_pb_use_builder":"on","_et_pb_old_content":"","_et_gb_content_width":"","om_disable_all_campaigns":false,"_mi_skip_tracking":false},"aioseo_notices":[],"_links":{"self":[{"href":"https:\/\/wien-cz-sk.at\/sk\/wp-json\/wp\/v2\/pages\/838"}],"collection":[{"href":"https:\/\/wien-cz-sk.at\/sk\/wp-json\/wp\/v2\/pages"}],"about":[{"href":"https:\/\/wien-cz-sk.at\/sk\/wp-json\/wp\/v2\/types\/page"}],"author":[{"embeddable":true,"href":"https:\/\/wien-cz-sk.at\/sk\/wp-json\/wp\/v2\/users\/1"}],"replies":[{"embeddable":true,"href":"https:\/\/wien-cz-sk.at\/sk\/wp-json\/wp\/v2\/comments?post=838"}],"version-history":[{"count":8,"href":"https:\/\/wien-cz-sk.at\/sk\/wp-json\/wp\/v2\/pages\/838\/revisions"}],"predecessor-version":[{"id":918,"href":"https:\/\/wien-cz-sk.at\/sk\/wp-json\/wp\/v2\/pages\/838\/revisions\/918"}],"wp:attachment":[{"href":"https:\/\/wien-cz-sk.at\/sk\/wp-json\/wp\/v2\/media?parent=838"}],"curies":[{"name":"wp","href":"https:\/\/api.w.org\/{rel}","templated":true}]}}